{"id":13001,"date":"2023-05-24T19:13:43","date_gmt":"2023-05-24T17:13:43","guid":{"rendered":"https:\/\/pirilana.com\/producto\/sardenya-satin-cotton-sheets\/"},"modified":"2024-01-23T22:34:38","modified_gmt":"2024-01-23T21:34:38","slug":"sardenya-satin-cotton-sheets","status":"publish","type":"product","link":"https:\/\/pirilana.com\/en\/producto\/sardenya-satin-cotton-sheets\/","title":{"rendered":"Sardenya Satin Cotton Sheets"},"content":{"rendered":"<p>100% cotton sheets with satin finish. Extra soft to the touch and light. Its 135 gr\/m and 120 threads make this cotton perfect for offering you a luxurious rest.<\/p>\n<p>Color: Off white<\/p>\n<h3>Washing instructions<\/h3>\n<ul>\n<li>Wash inside out at 40 degrees.<\/li>\n<li>Use a laundry bag to keep the fabric beautiful and protect it from rubbing during washing.<\/li>\n<li>Do not overload the machine.<\/li>\n<li>Use liquid detergent for fine clothes.<\/li>\n<li>Avoid any detergents that contain chlorine, enzymes, bleach, or oxygen bleach as they may damage the fabric.<\/li>\n<li>Use little detergent for optimal color retention.<\/li>\n<li>Choose a short wash program (\u00b11 hour) this washes just as well and is better for the fabric and the environment.<\/li>\n<li>Wash separately from other materials and colors.<\/li>\n<\/ul>\n<h3>Dry off<\/h3>\n<ul>\n<li>We recommend drying bedding naturally, this is better for the fabric and the environment.<\/li>\n<li>Has the fabric become stiff after air drying? then briefly put it in the dryer on low heat with a soft towel, so that your bedding becomes soft again<\/li>\n<\/ul>\n<h3>Planchado y vapor<\/h3>\n<ul>\n<li>Can be ironed at medium temperature<\/li>\n<li>Not ironing and still avoid wrinkles? spin at low speed, do not overfill the machine and hang the bedding well after washing<\/li>\n<\/ul>\n","protected":false},"excerpt":{"rendered":"<p>Experience the luxury of a restful night&#8217;s sleep and the comfort of the finest sateen cotton sheets; 100% organic and certified<br \/>\nGOTS. Your body and mind will thank you every morning when you wake up refreshed and ready to face the day.<\/p>\n<p><strong>Color: Off white<\/strong><\/p>\n","protected":false},"featured_media":12156,"comment_status":"open","ping_status":"closed","template":"","meta":{"_joinchat":[]},"product_brand":[],"product_cat":[126],"product_tag":[273,274,275],"class_list":{"0":"post-13001","1":"product","2":"type-product","3":"status-publish","4":"has-post-thumbnail","6":"product_cat-sheets","7":"product_tag-cotton","8":"product_tag-sardenya-satin-cotton","9":"product_tag-sardenya-satin-cotton-bed-sheets","11":"first","12":"onbackorder","13":"taxable","14":"shipping-taxable","15":"purchasable","16":"product-type-variable"},"bundled_by":[],"bundle_stock_status":"onbackorder","bundle_stock_quantity":null,"bundle_virtual":false,"bundle_layout":"","bundle_add_to_cart_form_location":"","bundle_editable_in_cart":false,"bundle_sold_individually_context":"","bundle_item_grouping":"","bundle_min_size":"","bundle_max_size":"","bundled_items":[],"bundle_sell_ids":[],"yoast_head":"<!-- This site is optimized with the Yoast SEO plugin v27.0 - https:\/\/yoast.com\/product\/yoast-seo-wordpress\/ -->\n<title>Sardenya Satin Cotton Sheets - Pirilana<\/title>\n<meta name=\"description\" content=\"Your body and mind will thank you every morning when you wake up refreshed and ready to face the day.\" \/>\n<meta name=\"robots\" content=\"index, follow, max-snippet:-1, max-image-preview:large, max-video-preview:-1\" \/>\n<link rel=\"canonical\" href=\"https:\/\/pirilana.com\/en\/producto\/sardenya-satin-cotton-sheets\/\" \/>\n<meta property=\"og:locale\" content=\"en_US\" \/>\n<meta property=\"og:type\" content=\"article\" \/>\n<meta property=\"og:title\" content=\"Sardenya Satin Cotton Sheets - Pirilana\" \/>\n<meta property=\"og:description\" content=\"Your body and mind will thank you every morning when you wake up refreshed and ready to face the day.\" \/>\n<meta property=\"og:url\" content=\"https:\/\/pirilana.com\/en\/producto\/sardenya-satin-cotton-sheets\/\" \/>\n<meta property=\"og:site_name\" content=\"Pirilana\" \/>\n<meta property=\"article:modified_time\" content=\"2024-01-23T21:34:38+00:00\" \/>\n<meta property=\"og:image\" content=\"https:\/\/pirilana.com\/wp-content\/uploads\/2023\/05\/Funda-de-algodon-pirilana-Sardenya-04.jpg\" \/>\n\t<meta property=\"og:image:width\" content=\"900\" \/>\n\t<meta property=\"og:image:height\" content=\"900\" \/>\n\t<meta property=\"og:image:type\" content=\"image\/jpeg\" \/>\n<meta name=\"twitter:label1\" content=\"Est. reading time\" \/>\n\t<meta name=\"twitter:data1\" content=\"1 minute\" \/>\n<script type=\"application\/ld+json\" class=\"yoast-schema-graph\">{\"@context\":\"https:\/\/schema.org\",\"@graph\":[{\"@type\":\"WebPage\",\"@id\":\"https:\/\/pirilana.com\/en\/producto\/sardenya-satin-cotton-sheets\/\",\"url\":\"https:\/\/pirilana.com\/en\/producto\/sardenya-satin-cotton-sheets\/\",\"name\":\"Sardenya Satin Cotton Sheets - Pirilana\",\"isPartOf\":{\"@id\":\"https:\/\/pirilana.com\/en\/#website\"},\"primaryImageOfPage\":{\"@id\":\"https:\/\/pirilana.com\/en\/producto\/sardenya-satin-cotton-sheets\/#primaryimage\"},\"image\":{\"@id\":\"https:\/\/pirilana.com\/en\/producto\/sardenya-satin-cotton-sheets\/#primaryimage\"},\"thumbnailUrl\":\"https:\/\/pirilana.com\/wp-content\/uploads\/2023\/05\/Funda-de-algodon-pirilana-Sardenya-04.jpg\",\"datePublished\":\"2023-05-24T17:13:43+00:00\",\"dateModified\":\"2024-01-23T21:34:38+00:00\",\"description\":\"Your body and mind will thank you every morning when you wake up refreshed and ready to face the day.\",\"breadcrumb\":{\"@id\":\"https:\/\/pirilana.com\/en\/producto\/sardenya-satin-cotton-sheets\/#breadcrumb\"},\"inLanguage\":\"en-US\",\"potentialAction\":[{\"@type\":\"ReadAction\",\"target\":[\"https:\/\/pirilana.com\/en\/producto\/sardenya-satin-cotton-sheets\/\"]}]},{\"@type\":\"ImageObject\",\"inLanguage\":\"en-US\",\"@id\":\"https:\/\/pirilana.com\/en\/producto\/sardenya-satin-cotton-sheets\/#primaryimage\",\"url\":\"https:\/\/pirilana.com\/wp-content\/uploads\/2023\/05\/Funda-de-algodon-pirilana-Sardenya-04.jpg\",\"contentUrl\":\"https:\/\/pirilana.com\/wp-content\/uploads\/2023\/05\/Funda-de-algodon-pirilana-Sardenya-04.jpg\",\"width\":900,\"height\":900,\"caption\":\"funda n\u00f3rdica de algod\u00f3n sat\u00e9n\"},{\"@type\":\"BreadcrumbList\",\"@id\":\"https:\/\/pirilana.com\/en\/producto\/sardenya-satin-cotton-sheets\/#breadcrumb\",\"itemListElement\":[{\"@type\":\"ListItem\",\"position\":1,\"name\":\"Home\",\"item\":\"https:\/\/pirilana.com\/en\/\"},{\"@type\":\"ListItem\",\"position\":2,\"name\":\"Products\",\"item\":\"https:\/\/pirilana.com\/en\/products\/\"},{\"@type\":\"ListItem\",\"position\":3,\"name\":\"Sardenya Satin Cotton Sheets\"}]},{\"@type\":\"WebSite\",\"@id\":\"https:\/\/pirilana.com\/en\/#website\",\"url\":\"https:\/\/pirilana.com\/en\/\",\"name\":\"Pirilana\",\"description\":\"La lana de tus sue\u00f1os - Edredones de lana hechos en Espa\u00f1a con materiales naturales que se adaptan a la temperatura de tu cuerpo.\",\"potentialAction\":[{\"@type\":\"SearchAction\",\"target\":{\"@type\":\"EntryPoint\",\"urlTemplate\":\"https:\/\/pirilana.com\/en\/?s={search_term_string}\"},\"query-input\":{\"@type\":\"PropertyValueSpecification\",\"valueRequired\":true,\"valueName\":\"search_term_string\"}}],\"inLanguage\":\"en-US\"}]}<\/script>\n<!-- \/ Yoast SEO plugin. -->","yoast_head_json":{"title":"Sardenya Satin Cotton Sheets - Pirilana","description":"Your body and mind will thank you every morning when you wake up refreshed and ready to face the day.","robots":{"index":"index","follow":"follow","max-snippet":"max-snippet:-1","max-image-preview":"max-image-preview:large","max-video-preview":"max-video-preview:-1"},"canonical":"https:\/\/pirilana.com\/en\/producto\/sardenya-satin-cotton-sheets\/","og_locale":"en_US","og_type":"article","og_title":"Sardenya Satin Cotton Sheets - Pirilana","og_description":"Your body and mind will thank you every morning when you wake up refreshed and ready to face the day.","og_url":"https:\/\/pirilana.com\/en\/producto\/sardenya-satin-cotton-sheets\/","og_site_name":"Pirilana","article_modified_time":"2024-01-23T21:34:38+00:00","og_image":[{"width":900,"height":900,"url":"https:\/\/pirilana.com\/wp-content\/uploads\/2023\/05\/Funda-de-algodon-pirilana-Sardenya-04.jpg","type":"image\/jpeg"}],"twitter_misc":{"Est. reading time":"1 minute"},"schema":{"@context":"https:\/\/schema.org","@graph":[{"@type":"WebPage","@id":"https:\/\/pirilana.com\/en\/producto\/sardenya-satin-cotton-sheets\/","url":"https:\/\/pirilana.com\/en\/producto\/sardenya-satin-cotton-sheets\/","name":"Sardenya Satin Cotton Sheets - Pirilana","isPartOf":{"@id":"https:\/\/pirilana.com\/en\/#website"},"primaryImageOfPage":{"@id":"https:\/\/pirilana.com\/en\/producto\/sardenya-satin-cotton-sheets\/#primaryimage"},"image":{"@id":"https:\/\/pirilana.com\/en\/producto\/sardenya-satin-cotton-sheets\/#primaryimage"},"thumbnailUrl":"https:\/\/pirilana.com\/wp-content\/uploads\/2023\/05\/Funda-de-algodon-pirilana-Sardenya-04.jpg","datePublished":"2023-05-24T17:13:43+00:00","dateModified":"2024-01-23T21:34:38+00:00","description":"Your body and mind will thank you every morning when you wake up refreshed and ready to face the day.","breadcrumb":{"@id":"https:\/\/pirilana.com\/en\/producto\/sardenya-satin-cotton-sheets\/#breadcrumb"},"inLanguage":"en-US","potentialAction":[{"@type":"ReadAction","target":["https:\/\/pirilana.com\/en\/producto\/sardenya-satin-cotton-sheets\/"]}]},{"@type":"ImageObject","inLanguage":"en-US","@id":"https:\/\/pirilana.com\/en\/producto\/sardenya-satin-cotton-sheets\/#primaryimage","url":"https:\/\/pirilana.com\/wp-content\/uploads\/2023\/05\/Funda-de-algodon-pirilana-Sardenya-04.jpg","contentUrl":"https:\/\/pirilana.com\/wp-content\/uploads\/2023\/05\/Funda-de-algodon-pirilana-Sardenya-04.jpg","width":900,"height":900,"caption":"funda n\u00f3rdica de algod\u00f3n sat\u00e9n"},{"@type":"BreadcrumbList","@id":"https:\/\/pirilana.com\/en\/producto\/sardenya-satin-cotton-sheets\/#breadcrumb","itemListElement":[{"@type":"ListItem","position":1,"name":"Home","item":"https:\/\/pirilana.com\/en\/"},{"@type":"ListItem","position":2,"name":"Products","item":"https:\/\/pirilana.com\/en\/products\/"},{"@type":"ListItem","position":3,"name":"Sardenya Satin Cotton Sheets"}]},{"@type":"WebSite","@id":"https:\/\/pirilana.com\/en\/#website","url":"https:\/\/pirilana.com\/en\/","name":"Pirilana","description":"La lana de tus sue\u00f1os - Edredones de lana hechos en Espa\u00f1a con materiales naturales que se adaptan a la temperatura de tu cuerpo.","potentialAction":[{"@type":"SearchAction","target":{"@type":"EntryPoint","urlTemplate":"https:\/\/pirilana.com\/en\/?s={search_term_string}"},"query-input":{"@type":"PropertyValueSpecification","valueRequired":true,"valueName":"search_term_string"}}],"inLanguage":"en-US"}]}},"_links":{"self":[{"href":"https:\/\/pirilana.com\/en\/wp-json\/wp\/v2\/product\/13001","targetHints":{"allow":["GET"]}}],"collection":[{"href":"https:\/\/pirilana.com\/en\/wp-json\/wp\/v2\/product"}],"about":[{"href":"https:\/\/pirilana.com\/en\/wp-json\/wp\/v2\/types\/product"}],"replies":[{"embeddable":true,"href":"https:\/\/pirilana.com\/en\/wp-json\/wp\/v2\/comments?post=13001"}],"version-history":[{"count":0,"href":"https:\/\/pirilana.com\/en\/wp-json\/wp\/v2\/product\/13001\/revisions"}],"wp:featuredmedia":[{"embeddable":true,"href":"https:\/\/pirilana.com\/en\/wp-json\/wp\/v2\/media\/12156"}],"wp:attachment":[{"href":"https:\/\/pirilana.com\/en\/wp-json\/wp\/v2\/media?parent=13001"}],"wp:term":[{"taxonomy":"product_brand","embeddable":true,"href":"https:\/\/pirilana.com\/en\/wp-json\/wp\/v2\/product_brand?post=13001"},{"taxonomy":"product_cat","embeddable":true,"href":"https:\/\/pirilana.com\/en\/wp-json\/wp\/v2\/product_cat?post=13001"},{"taxonomy":"product_tag","embeddable":true,"href":"https:\/\/pirilana.com\/en\/wp-json\/wp\/v2\/product_tag?post=13001"}],"curies":[{"name":"wp","href":"https:\/\/api.w.org\/{rel}","templated":true}]}}