{"id":16528,"date":"2024-08-13T02:03:24","date_gmt":"2024-08-13T00:03:24","guid":{"rendered":"https:\/\/pirilana.com\/?post_type=product&#038;p=16528"},"modified":"2025-10-09T17:41:07","modified_gmt":"2025-10-09T15:41:07","slug":"fundes-per-a-coixins-100-lli-de-sahara","status":"publish","type":"product","link":"https:\/\/pirilana.com\/ca\/producte\/fundes-per-a-coixins-100-lli-de-sahara\/","title":{"rendered":"Fundes per a Coixins 100% Lli de Sahara"},"content":{"rendered":"<p>Aquest teixit lleuger i lliure de borrissol t\u00e9 la capacitat d&#8217;absorbir m\u00e9s humitat que el cot\u00f3 sense que la tela se senti mullada, un avantatge significatiu per als que tendeixen a transpirar molt. Amb una resist\u00e8ncia tres vegades m\u00e9s gran que la del cot\u00f3, el lli mant\u00e9 la seva bellesa al llarg del temps, independentment de la freq\u00fc\u00e8ncia de rentat. La seva ventilaci\u00f3 permet que se senti fresca a l&#8217;estiu i c\u00e0lid a l&#8217;hivern, ajudant a mantenir una temperatura corporal \u00f2ptima per a un descans excepcional.<\/p>\n<p>L&#8217;estructura del lli impedeix la proliferaci\u00f3 d&#8217;\u00e0cars de la pols, cosa que el converteix en una excel\u00b7lent opci\u00f3 per a persones i nens al\u00b7l\u00e8rgics. La seva naturalesa antibacteriana ofereix la sensaci\u00f3 di\u00e0ria d&#8217;estar en un llit acabat de rentar.<\/p>\n<p>Les fundes es confeccionen sota demanda amb un temps de lliurament de 10 dies. La nostra funda de color natural t\u00e9 una densitat de 140 g. La funda de l&#8217;edred\u00f3 t\u00e9 tancament de cintes i la coixinera t\u00e9 tanca de sobre.<br \/>\nNo \u00e9s un producte tintat, per la qual cosa pot presentar difer\u00e8ncies de color segons la fabricaci\u00f3.<\/p>\n<p>Els coixins estan farcits amb llana de merina cardada, proporcionant una textura suau i lleugera per\u00f2 amb la fermesa necess\u00e0ria. Aquesta llana est\u00e0 certificada amb l&#8217;est\u00e0ndard OEKO-TEX 100 i garanteix l&#8217;abs\u00e8ncia de subst\u00e0ncies nocives per a la salut. A m\u00e9s, estan folrades amb cot\u00f3 org\u00e0nic de 400 TC, certificat per GOTS, cosa que assegura que el cot\u00f3 es produeix de manera sostenible, respectuosa amb el medi ambient i lliure de t\u00f2xics. A Pirilana, ens adaptem a les teves necessitats; si requereixes una mida o gruix especial, contacta&#8217;ns i farem tot el possible per oferir-te el producte que necessites.<\/p>\n<p>Descobreix una nova manera de descansar: sense suar, amb un producte 100% natural que mant\u00e9 allunyats a \u00e0cars, bacteris i fongs per a un descans saludable.<\/p>\n","protected":false},"excerpt":{"rendered":"<p>Cada coix\u00ed ha estat confecciona de manera artesanal amb molta cura.<\/p>\n<p>El seu farciment de pura llana de merina ecol\u00f2gica regula la humitat i la temperatura mentre dorms. S\u00b4adapten a totes les estacions de l\u00b4any.<\/p>\n<p>S\u00f3n lleugeres i suaus per\u00f2 amb la fermesa necess\u00e0ria per a un descans profund. A m\u00e9s tenen propietats antibacterianes i hipoalerg\u00e8niques. Recomanades per a persones amb problemes respiratoris i al\u00b7l\u00e8rgies.<\/p>\n<p>Si necessites una mida especial contacta amb nosaltres.<\/p>\n","protected":false},"featured_media":16504,"comment_status":"open","ping_status":"closed","template":"","meta":{"_joinchat":[]},"product_brand":[],"product_cat":[120,281],"product_tag":[286,265],"class_list":{"0":"post-16528","1":"product","2":"type-product","3":"status-publish","4":"has-post-thumbnail","6":"product_cat-coixins","7":"product_cat-fundes-per-a-coixins","8":"product_tag-funda-per-a-coixi","9":"product_tag-lli-sahara","11":"first","12":"onbackorder","13":"taxable","14":"shipping-taxable","15":"purchasable","16":"product-type-variable"},"bundled_by":[],"bundle_stock_status":"onbackorder","bundle_stock_quantity":null,"bundle_virtual":false,"bundle_layout":"","bundle_add_to_cart_form_location":"","bundle_editable_in_cart":false,"bundle_sold_individually_context":"","bundle_item_grouping":"","bundle_min_size":"","bundle_max_size":"","bundled_items":[],"bundle_sell_ids":[],"yoast_head":"<!-- This site is optimized with the Yoast SEO plugin v27.0 - https:\/\/yoast.com\/product\/yoast-seo-wordpress\/ -->\n<title>Coix\u00ed de Lana Merina<\/title>\n<meta name=\"description\" content=\"Coixins de Lana Merina i cot\u00f3 org\u00e0nic. Transpirables amb propietats hipoalerg\u00e8niques i antibacterianes per a un descans saludable i reparador.\" \/>\n<meta name=\"robots\" content=\"index, follow, max-snippet:-1, max-image-preview:large, max-video-preview:-1\" \/>\n<link rel=\"canonical\" href=\"https:\/\/pirilana.com\/ca\/producte\/fundes-per-a-coixins-100-lli-de-sahara\/\" \/>\n<meta property=\"og:locale\" content=\"ca_ES\" \/>\n<meta property=\"og:type\" content=\"article\" \/>\n<meta property=\"og:title\" content=\"Coix\u00ed de Lana Merina\" \/>\n<meta property=\"og:description\" content=\"Coixins de Lana Merina i cot\u00f3 org\u00e0nic. Transpirables amb propietats hipoalerg\u00e8niques i antibacterianes per a un descans saludable i reparador.\" \/>\n<meta property=\"og:url\" content=\"https:\/\/pirilana.com\/ca\/producte\/fundes-per-a-coixins-100-lli-de-sahara\/\" \/>\n<meta property=\"og:site_name\" content=\"Pirilana\" \/>\n<meta property=\"article:modified_time\" content=\"2025-10-09T15:41:07+00:00\" \/>\n<meta property=\"og:image\" content=\"https:\/\/pirilana.com\/wp-content\/uploads\/2023\/05\/sabana-de-lino-Sahara-005-scaled.webp\" \/>\n\t<meta property=\"og:image:width\" content=\"2560\" \/>\n\t<meta property=\"og:image:height\" content=\"2560\" \/>\n\t<meta property=\"og:image:type\" content=\"image\/webp\" \/>\n<meta name=\"twitter:label1\" content=\"Temps estimat de lectura\" \/>\n\t<meta name=\"twitter:data1\" content=\"2 minutes\" \/>\n<script type=\"application\/ld+json\" class=\"yoast-schema-graph\">{\"@context\":\"https:\/\/schema.org\",\"@graph\":[{\"@type\":\"WebPage\",\"@id\":\"https:\/\/pirilana.com\/ca\/producte\/fundes-per-a-coixins-100-lli-de-sahara\/\",\"url\":\"https:\/\/pirilana.com\/ca\/producte\/fundes-per-a-coixins-100-lli-de-sahara\/\",\"name\":\"Coix\u00ed de Lana Merina\",\"isPartOf\":{\"@id\":\"https:\/\/pirilana.com\/ca\/#website\"},\"primaryImageOfPage\":{\"@id\":\"https:\/\/pirilana.com\/ca\/producte\/fundes-per-a-coixins-100-lli-de-sahara\/#primaryimage\"},\"image\":{\"@id\":\"https:\/\/pirilana.com\/ca\/producte\/fundes-per-a-coixins-100-lli-de-sahara\/#primaryimage\"},\"thumbnailUrl\":\"https:\/\/pirilana.com\/wp-content\/uploads\/2023\/05\/sabana-de-lino-Sahara-005-scaled.webp\",\"datePublished\":\"2024-08-13T00:03:24+00:00\",\"dateModified\":\"2025-10-09T15:41:07+00:00\",\"description\":\"Coixins de Lana Merina i cot\u00f3 org\u00e0nic. Transpirables amb propietats hipoalerg\u00e8niques i antibacterianes per a un descans saludable i reparador.\",\"breadcrumb\":{\"@id\":\"https:\/\/pirilana.com\/ca\/producte\/fundes-per-a-coixins-100-lli-de-sahara\/#breadcrumb\"},\"inLanguage\":\"ca\",\"potentialAction\":[{\"@type\":\"ReadAction\",\"target\":[\"https:\/\/pirilana.com\/ca\/producte\/fundes-per-a-coixins-100-lli-de-sahara\/\"]}]},{\"@type\":\"ImageObject\",\"inLanguage\":\"ca\",\"@id\":\"https:\/\/pirilana.com\/ca\/producte\/fundes-per-a-coixins-100-lli-de-sahara\/#primaryimage\",\"url\":\"https:\/\/pirilana.com\/wp-content\/uploads\/2023\/05\/sabana-de-lino-Sahara-005-scaled.webp\",\"contentUrl\":\"https:\/\/pirilana.com\/wp-content\/uploads\/2023\/05\/sabana-de-lino-Sahara-005-scaled.webp\",\"width\":2560,\"height\":2560,\"caption\":\"s\u00e1bana de lino Sahara 005\"},{\"@type\":\"BreadcrumbList\",\"@id\":\"https:\/\/pirilana.com\/ca\/producte\/fundes-per-a-coixins-100-lli-de-sahara\/#breadcrumb\",\"itemListElement\":[{\"@type\":\"ListItem\",\"position\":1,\"name\":\"Inici\",\"item\":\"https:\/\/pirilana.com\/ca\/\"},{\"@type\":\"ListItem\",\"position\":2,\"name\":\"Products\",\"item\":\"https:\/\/pirilana.com\/ca\/products-pirilana\/\"},{\"@type\":\"ListItem\",\"position\":3,\"name\":\"Fundes per a Coixins 100% Lli de Sahara\"}]},{\"@type\":\"WebSite\",\"@id\":\"https:\/\/pirilana.com\/ca\/#website\",\"url\":\"https:\/\/pirilana.com\/ca\/\",\"name\":\"Pirilana\",\"description\":\"La lana de tus sue\u00f1os - Edredones de lana hechos en Espa\u00f1a con materiales naturales que se adaptan a la temperatura de tu cuerpo.\",\"potentialAction\":[{\"@type\":\"SearchAction\",\"target\":{\"@type\":\"EntryPoint\",\"urlTemplate\":\"https:\/\/pirilana.com\/ca\/?s={search_term_string}\"},\"query-input\":{\"@type\":\"PropertyValueSpecification\",\"valueRequired\":true,\"valueName\":\"search_term_string\"}}],\"inLanguage\":\"ca\"}]}<\/script>\n<!-- \/ Yoast SEO plugin. -->","yoast_head_json":{"title":"Coix\u00ed de Lana Merina","description":"Coixins de Lana Merina i cot\u00f3 org\u00e0nic. Transpirables amb propietats hipoalerg\u00e8niques i antibacterianes per a un descans saludable i reparador.","robots":{"index":"index","follow":"follow","max-snippet":"max-snippet:-1","max-image-preview":"max-image-preview:large","max-video-preview":"max-video-preview:-1"},"canonical":"https:\/\/pirilana.com\/ca\/producte\/fundes-per-a-coixins-100-lli-de-sahara\/","og_locale":"ca_ES","og_type":"article","og_title":"Coix\u00ed de Lana Merina","og_description":"Coixins de Lana Merina i cot\u00f3 org\u00e0nic. Transpirables amb propietats hipoalerg\u00e8niques i antibacterianes per a un descans saludable i reparador.","og_url":"https:\/\/pirilana.com\/ca\/producte\/fundes-per-a-coixins-100-lli-de-sahara\/","og_site_name":"Pirilana","article_modified_time":"2025-10-09T15:41:07+00:00","og_image":[{"width":2560,"height":2560,"url":"https:\/\/pirilana.com\/wp-content\/uploads\/2023\/05\/sabana-de-lino-Sahara-005-scaled.webp","type":"image\/webp"}],"twitter_misc":{"Temps estimat de lectura":"2 minutes"},"schema":{"@context":"https:\/\/schema.org","@graph":[{"@type":"WebPage","@id":"https:\/\/pirilana.com\/ca\/producte\/fundes-per-a-coixins-100-lli-de-sahara\/","url":"https:\/\/pirilana.com\/ca\/producte\/fundes-per-a-coixins-100-lli-de-sahara\/","name":"Coix\u00ed de Lana Merina","isPartOf":{"@id":"https:\/\/pirilana.com\/ca\/#website"},"primaryImageOfPage":{"@id":"https:\/\/pirilana.com\/ca\/producte\/fundes-per-a-coixins-100-lli-de-sahara\/#primaryimage"},"image":{"@id":"https:\/\/pirilana.com\/ca\/producte\/fundes-per-a-coixins-100-lli-de-sahara\/#primaryimage"},"thumbnailUrl":"https:\/\/pirilana.com\/wp-content\/uploads\/2023\/05\/sabana-de-lino-Sahara-005-scaled.webp","datePublished":"2024-08-13T00:03:24+00:00","dateModified":"2025-10-09T15:41:07+00:00","description":"Coixins de Lana Merina i cot\u00f3 org\u00e0nic. Transpirables amb propietats hipoalerg\u00e8niques i antibacterianes per a un descans saludable i reparador.","breadcrumb":{"@id":"https:\/\/pirilana.com\/ca\/producte\/fundes-per-a-coixins-100-lli-de-sahara\/#breadcrumb"},"inLanguage":"ca","potentialAction":[{"@type":"ReadAction","target":["https:\/\/pirilana.com\/ca\/producte\/fundes-per-a-coixins-100-lli-de-sahara\/"]}]},{"@type":"ImageObject","inLanguage":"ca","@id":"https:\/\/pirilana.com\/ca\/producte\/fundes-per-a-coixins-100-lli-de-sahara\/#primaryimage","url":"https:\/\/pirilana.com\/wp-content\/uploads\/2023\/05\/sabana-de-lino-Sahara-005-scaled.webp","contentUrl":"https:\/\/pirilana.com\/wp-content\/uploads\/2023\/05\/sabana-de-lino-Sahara-005-scaled.webp","width":2560,"height":2560,"caption":"s\u00e1bana de lino Sahara 005"},{"@type":"BreadcrumbList","@id":"https:\/\/pirilana.com\/ca\/producte\/fundes-per-a-coixins-100-lli-de-sahara\/#breadcrumb","itemListElement":[{"@type":"ListItem","position":1,"name":"Inici","item":"https:\/\/pirilana.com\/ca\/"},{"@type":"ListItem","position":2,"name":"Products","item":"https:\/\/pirilana.com\/ca\/products-pirilana\/"},{"@type":"ListItem","position":3,"name":"Fundes per a Coixins 100% Lli de Sahara"}]},{"@type":"WebSite","@id":"https:\/\/pirilana.com\/ca\/#website","url":"https:\/\/pirilana.com\/ca\/","name":"Pirilana","description":"La lana de tus sue\u00f1os - Edredones de lana hechos en Espa\u00f1a con materiales naturales que se adaptan a la temperatura de tu cuerpo.","potentialAction":[{"@type":"SearchAction","target":{"@type":"EntryPoint","urlTemplate":"https:\/\/pirilana.com\/ca\/?s={search_term_string}"},"query-input":{"@type":"PropertyValueSpecification","valueRequired":true,"valueName":"search_term_string"}}],"inLanguage":"ca"}]}},"_links":{"self":[{"href":"https:\/\/pirilana.com\/ca\/wp-json\/wp\/v2\/product\/16528","targetHints":{"allow":["GET"]}}],"collection":[{"href":"https:\/\/pirilana.com\/ca\/wp-json\/wp\/v2\/product"}],"about":[{"href":"https:\/\/pirilana.com\/ca\/wp-json\/wp\/v2\/types\/product"}],"replies":[{"embeddable":true,"href":"https:\/\/pirilana.com\/ca\/wp-json\/wp\/v2\/comments?post=16528"}],"version-history":[{"count":4,"href":"https:\/\/pirilana.com\/ca\/wp-json\/wp\/v2\/product\/16528\/revisions"}],"predecessor-version":[{"id":17540,"href":"https:\/\/pirilana.com\/ca\/wp-json\/wp\/v2\/product\/16528\/revisions\/17540"}],"wp:featuredmedia":[{"embeddable":true,"href":"https:\/\/pirilana.com\/ca\/wp-json\/wp\/v2\/media\/16504"}],"wp:attachment":[{"href":"https:\/\/pirilana.com\/ca\/wp-json\/wp\/v2\/media?parent=16528"}],"wp:term":[{"taxonomy":"product_brand","embeddable":true,"href":"https:\/\/pirilana.com\/ca\/wp-json\/wp\/v2\/product_brand?post=16528"},{"taxonomy":"product_cat","embeddable":true,"href":"https:\/\/pirilana.com\/ca\/wp-json\/wp\/v2\/product_cat?post=16528"},{"taxonomy":"product_tag","embeddable":true,"href":"https:\/\/pirilana.com\/ca\/wp-json\/wp\/v2\/product_tag?post=16528"}],"curies":[{"name":"wp","href":"https:\/\/api.w.org\/{rel}","templated":true}]}}