{"id":16449,"date":"2024-07-31T20:21:48","date_gmt":"2024-07-31T18:21:48","guid":{"rendered":"https:\/\/pirilana.com\/producto\/llencol-baixera-100-de-lino-sahara\/"},"modified":"2025-10-09T18:02:26","modified_gmt":"2025-10-09T16:02:26","slug":"llencol-baixera-100-de-lino-sahara","status":"publish","type":"product","link":"https:\/\/pirilana.com\/ca\/producte\/llencol-baixera-100-de-lino-sahara\/","title":{"rendered":"Llen\u00e7ols Baixeres 100% de Lli Sahara"},"content":{"rendered":"<p>Poder dormir amb lli \u00e9s confortant tot l\u00b4any. La seva absorci\u00f3 d&#8217;humitat fins a un 20% del pes, i la <strong>termoregulaci\u00f3<\/strong> fa que sigui la funda ideal durant tot l&#8217;any i en tots els climes. <strong>Antibacteri\u00e0<\/strong> per naturalesa.<\/p>\n<p>El lli \u00e9s una<strong> tela lleugera<\/strong>, lliure de borrissol i pot absorbir m\u00e9s humitat que el cot\u00f3 sense que la tela s&#8217;humitegi. Aquest \u00e9s un gran avantatge, especialment per a les persones que <strong>transpiren molt<\/strong>. El lli \u00e9s tres vegades m\u00e9s <strong>resistent <\/strong>que el cot\u00f3, per la qual cosa es mantindr\u00e0 bonic durant anys, sense importar la freq\u00fc\u00e8ncia amb qu\u00e8 el renti. \u00c9s una tela ventilada, se sent fresca a l&#8217;estiu i c\u00e0lida a l&#8217;hivern. El teu cos es mant\u00e9 a la temperatura adequada perqu\u00e8 descansis de luxe.<\/p>\n<p>A causa de l&#8217;estructura del lli, els \u00e0cars de la pols no hi prosperen. A m\u00e9s, \u00e9s un <strong>teixit ideal per a persones i nens al\u00b7l\u00e8rgics.<\/strong> \u00c9s tamb\u00e9 antibacteri\u00e0, tens la sensaci\u00f3 cada dia que est\u00e0s entrant en un llit acabat de rentar.<\/p>\n<p>Es confeccionen sota demanda.<br \/>\nEl <strong>temps de lliurament \u00e9s de 10 dies.<\/strong> <\/p>\n<p>La nostra funda de lli natural t\u00e9 una densitat de 140 gr. <strong>No \u00e9s un producte tenyit<\/strong> , per la qual cosa el color pot variar segons el lot de fabricaci\u00f3<\/p>\n<p>La funda per a l&#8217;edred\u00f3 t\u00e9 tanca amb cintes. La coixinera t\u00e9 el tancament de sobre.<\/p>\n","protected":false},"excerpt":{"rendered":"<p>Descobreix la frescor i durabilitat del nostre llen\u00e7ol de sota de lli Sahara. Fet amb lli 100% natural, aquest llen\u00e7ol ofereix un ajustament perfecte que protegeix el teu matal\u00e0s mentre t&#8217;embolica en una comoditat incomparable. El lli \u00e9s conegut per la seva transpirabilitat i resist\u00e8ncia, proporcionant una superf\u00edcie de son fresca i confortable, ideal per a qualsevol estaci\u00f3 de l\u00b4any. En triar el nostre llen\u00e7ol de sota de lli Sahara, t&#8217;uneixes a una comunitat que valora l&#8217;\u00fas de materials sostenibles i la cura del medi ambient, assegurant un descans reparador i responsable.<\/p>\n","protected":false},"featured_media":11650,"comment_status":"closed","ping_status":"closed","template":"","meta":{"_joinchat":[]},"product_brand":[],"product_cat":[264,263],"product_tag":[267,266,265],"class_list":{"0":"post-16449","1":"product","2":"type-product","3":"status-publish","4":"has-post-thumbnail","6":"product_cat-llencols-ca","7":"product_cat-llencols-baixeres","8":"product_tag-llencols-lino-sahara","9":"product_tag-lli","10":"product_tag-lli-sahara","12":"first","13":"onbackorder","14":"taxable","15":"shipping-taxable","16":"purchasable","17":"product-type-variable"},"bundled_by":[],"bundle_stock_status":"onbackorder","bundle_stock_quantity":null,"bundle_virtual":false,"bundle_layout":"","bundle_add_to_cart_form_location":"","bundle_editable_in_cart":false,"bundle_sold_individually_context":"","bundle_item_grouping":"","bundle_min_size":"","bundle_max_size":"","bundled_items":[],"bundle_sell_ids":[],"yoast_head":"<!-- This site is optimized with the Yoast SEO plugin v27.0 - https:\/\/yoast.com\/product\/yoast-seo-wordpress\/ -->\n<title>Llen\u00e7ols Baixeres 100% de Lli Sahara - Pirilana<\/title>\n<meta name=\"robots\" content=\"index, follow, max-snippet:-1, max-image-preview:large, max-video-preview:-1\" \/>\n<link rel=\"canonical\" href=\"https:\/\/pirilana.com\/ca\/producte\/llencol-baixera-100-de-lino-sahara\/\" \/>\n<meta property=\"og:locale\" content=\"ca_ES\" \/>\n<meta property=\"og:type\" content=\"article\" \/>\n<meta property=\"og:title\" content=\"Llen\u00e7ols Baixeres 100% de Lli Sahara - Pirilana\" \/>\n<meta property=\"og:description\" content=\"Descobreix la frescor i durabilitat del nostre llen\u00e7ol de sota de lli Sahara. Fet amb lli 100% natural, aquest llen\u00e7ol ofereix un ajustament perfecte que protegeix el teu matal\u00e0s mentre t&#039;embolica en una comoditat incomparable. El lli \u00e9s conegut per la seva transpirabilitat i resist\u00e8ncia, proporcionant una superf\u00edcie de son fresca i confortable, ideal per a qualsevol estaci\u00f3 de l\u00b4any. En triar el nostre llen\u00e7ol de sota de lli Sahara, t&#039;uneixes a una comunitat que valora l&#039;\u00fas de materials sostenibles i la cura del medi ambient, assegurant un descans reparador i responsable.\" \/>\n<meta property=\"og:url\" content=\"https:\/\/pirilana.com\/ca\/producte\/llencol-baixera-100-de-lino-sahara\/\" \/>\n<meta property=\"og:site_name\" content=\"Pirilana\" \/>\n<meta property=\"article:modified_time\" content=\"2025-10-09T16:02:26+00:00\" \/>\n<meta property=\"og:image\" content=\"https:\/\/pirilana.com\/wp-content\/uploads\/2023\/05\/Funda-de-algodon-pirilana-Sahara-02.jpg\" \/>\n\t<meta property=\"og:image:width\" content=\"900\" \/>\n\t<meta property=\"og:image:height\" content=\"900\" \/>\n\t<meta property=\"og:image:type\" content=\"image\/jpeg\" \/>\n<meta name=\"twitter:label1\" content=\"Temps estimat de lectura\" \/>\n\t<meta name=\"twitter:data1\" content=\"1 minute\" \/>\n<script type=\"application\/ld+json\" class=\"yoast-schema-graph\">{\"@context\":\"https:\/\/schema.org\",\"@graph\":[{\"@type\":\"WebPage\",\"@id\":\"https:\/\/pirilana.com\/ca\/producte\/llencol-baixera-100-de-lino-sahara\/\",\"url\":\"https:\/\/pirilana.com\/ca\/producte\/llencol-baixera-100-de-lino-sahara\/\",\"name\":\"Llen\u00e7ols Baixeres 100% de Lli Sahara - Pirilana\",\"isPartOf\":{\"@id\":\"https:\/\/pirilana.com\/ca\/#website\"},\"primaryImageOfPage\":{\"@id\":\"https:\/\/pirilana.com\/ca\/producte\/llencol-baixera-100-de-lino-sahara\/#primaryimage\"},\"image\":{\"@id\":\"https:\/\/pirilana.com\/ca\/producte\/llencol-baixera-100-de-lino-sahara\/#primaryimage\"},\"thumbnailUrl\":\"https:\/\/pirilana.com\/wp-content\/uploads\/2023\/05\/Funda-de-algodon-pirilana-Sahara-02.jpg\",\"datePublished\":\"2024-07-31T18:21:48+00:00\",\"dateModified\":\"2025-10-09T16:02:26+00:00\",\"breadcrumb\":{\"@id\":\"https:\/\/pirilana.com\/ca\/producte\/llencol-baixera-100-de-lino-sahara\/#breadcrumb\"},\"inLanguage\":\"ca\",\"potentialAction\":[{\"@type\":\"ReadAction\",\"target\":[\"https:\/\/pirilana.com\/ca\/producte\/llencol-baixera-100-de-lino-sahara\/\"]}]},{\"@type\":\"ImageObject\",\"inLanguage\":\"ca\",\"@id\":\"https:\/\/pirilana.com\/ca\/producte\/llencol-baixera-100-de-lino-sahara\/#primaryimage\",\"url\":\"https:\/\/pirilana.com\/wp-content\/uploads\/2023\/05\/Funda-de-algodon-pirilana-Sahara-02.jpg\",\"contentUrl\":\"https:\/\/pirilana.com\/wp-content\/uploads\/2023\/05\/Funda-de-algodon-pirilana-Sahara-02.jpg\",\"width\":900,\"height\":900,\"caption\":\"funda de lino para nordico en color natural\"},{\"@type\":\"BreadcrumbList\",\"@id\":\"https:\/\/pirilana.com\/ca\/producte\/llencol-baixera-100-de-lino-sahara\/#breadcrumb\",\"itemListElement\":[{\"@type\":\"ListItem\",\"position\":1,\"name\":\"Inici\",\"item\":\"https:\/\/pirilana.com\/ca\/\"},{\"@type\":\"ListItem\",\"position\":2,\"name\":\"Products\",\"item\":\"https:\/\/pirilana.com\/ca\/products-pirilana\/\"},{\"@type\":\"ListItem\",\"position\":3,\"name\":\"Llen\u00e7ols Baixeres 100% de Lli Sahara\"}]},{\"@type\":\"WebSite\",\"@id\":\"https:\/\/pirilana.com\/ca\/#website\",\"url\":\"https:\/\/pirilana.com\/ca\/\",\"name\":\"Pirilana\",\"description\":\"La lana de tus sue\u00f1os - Edredones de lana hechos en Espa\u00f1a con materiales naturales que se adaptan a la temperatura de tu cuerpo.\",\"potentialAction\":[{\"@type\":\"SearchAction\",\"target\":{\"@type\":\"EntryPoint\",\"urlTemplate\":\"https:\/\/pirilana.com\/ca\/?s={search_term_string}\"},\"query-input\":{\"@type\":\"PropertyValueSpecification\",\"valueRequired\":true,\"valueName\":\"search_term_string\"}}],\"inLanguage\":\"ca\"}]}<\/script>\n<!-- \/ Yoast SEO plugin. -->","yoast_head_json":{"title":"Llen\u00e7ols Baixeres 100% de Lli Sahara - Pirilana","robots":{"index":"index","follow":"follow","max-snippet":"max-snippet:-1","max-image-preview":"max-image-preview:large","max-video-preview":"max-video-preview:-1"},"canonical":"https:\/\/pirilana.com\/ca\/producte\/llencol-baixera-100-de-lino-sahara\/","og_locale":"ca_ES","og_type":"article","og_title":"Llen\u00e7ols Baixeres 100% de Lli Sahara - Pirilana","og_description":"Descobreix la frescor i durabilitat del nostre llen\u00e7ol de sota de lli Sahara. Fet amb lli 100% natural, aquest llen\u00e7ol ofereix un ajustament perfecte que protegeix el teu matal\u00e0s mentre t'embolica en una comoditat incomparable. El lli \u00e9s conegut per la seva transpirabilitat i resist\u00e8ncia, proporcionant una superf\u00edcie de son fresca i confortable, ideal per a qualsevol estaci\u00f3 de l\u00b4any. En triar el nostre llen\u00e7ol de sota de lli Sahara, t'uneixes a una comunitat que valora l'\u00fas de materials sostenibles i la cura del medi ambient, assegurant un descans reparador i responsable.","og_url":"https:\/\/pirilana.com\/ca\/producte\/llencol-baixera-100-de-lino-sahara\/","og_site_name":"Pirilana","article_modified_time":"2025-10-09T16:02:26+00:00","og_image":[{"width":900,"height":900,"url":"https:\/\/pirilana.com\/wp-content\/uploads\/2023\/05\/Funda-de-algodon-pirilana-Sahara-02.jpg","type":"image\/jpeg"}],"twitter_misc":{"Temps estimat de lectura":"1 minute"},"schema":{"@context":"https:\/\/schema.org","@graph":[{"@type":"WebPage","@id":"https:\/\/pirilana.com\/ca\/producte\/llencol-baixera-100-de-lino-sahara\/","url":"https:\/\/pirilana.com\/ca\/producte\/llencol-baixera-100-de-lino-sahara\/","name":"Llen\u00e7ols Baixeres 100% de Lli Sahara - Pirilana","isPartOf":{"@id":"https:\/\/pirilana.com\/ca\/#website"},"primaryImageOfPage":{"@id":"https:\/\/pirilana.com\/ca\/producte\/llencol-baixera-100-de-lino-sahara\/#primaryimage"},"image":{"@id":"https:\/\/pirilana.com\/ca\/producte\/llencol-baixera-100-de-lino-sahara\/#primaryimage"},"thumbnailUrl":"https:\/\/pirilana.com\/wp-content\/uploads\/2023\/05\/Funda-de-algodon-pirilana-Sahara-02.jpg","datePublished":"2024-07-31T18:21:48+00:00","dateModified":"2025-10-09T16:02:26+00:00","breadcrumb":{"@id":"https:\/\/pirilana.com\/ca\/producte\/llencol-baixera-100-de-lino-sahara\/#breadcrumb"},"inLanguage":"ca","potentialAction":[{"@type":"ReadAction","target":["https:\/\/pirilana.com\/ca\/producte\/llencol-baixera-100-de-lino-sahara\/"]}]},{"@type":"ImageObject","inLanguage":"ca","@id":"https:\/\/pirilana.com\/ca\/producte\/llencol-baixera-100-de-lino-sahara\/#primaryimage","url":"https:\/\/pirilana.com\/wp-content\/uploads\/2023\/05\/Funda-de-algodon-pirilana-Sahara-02.jpg","contentUrl":"https:\/\/pirilana.com\/wp-content\/uploads\/2023\/05\/Funda-de-algodon-pirilana-Sahara-02.jpg","width":900,"height":900,"caption":"funda de lino para nordico en color natural"},{"@type":"BreadcrumbList","@id":"https:\/\/pirilana.com\/ca\/producte\/llencol-baixera-100-de-lino-sahara\/#breadcrumb","itemListElement":[{"@type":"ListItem","position":1,"name":"Inici","item":"https:\/\/pirilana.com\/ca\/"},{"@type":"ListItem","position":2,"name":"Products","item":"https:\/\/pirilana.com\/ca\/products-pirilana\/"},{"@type":"ListItem","position":3,"name":"Llen\u00e7ols Baixeres 100% de Lli Sahara"}]},{"@type":"WebSite","@id":"https:\/\/pirilana.com\/ca\/#website","url":"https:\/\/pirilana.com\/ca\/","name":"Pirilana","description":"La lana de tus sue\u00f1os - Edredones de lana hechos en Espa\u00f1a con materiales naturales que se adaptan a la temperatura de tu cuerpo.","potentialAction":[{"@type":"SearchAction","target":{"@type":"EntryPoint","urlTemplate":"https:\/\/pirilana.com\/ca\/?s={search_term_string}"},"query-input":{"@type":"PropertyValueSpecification","valueRequired":true,"valueName":"search_term_string"}}],"inLanguage":"ca"}]}},"_links":{"self":[{"href":"https:\/\/pirilana.com\/ca\/wp-json\/wp\/v2\/product\/16449","targetHints":{"allow":["GET"]}}],"collection":[{"href":"https:\/\/pirilana.com\/ca\/wp-json\/wp\/v2\/product"}],"about":[{"href":"https:\/\/pirilana.com\/ca\/wp-json\/wp\/v2\/types\/product"}],"replies":[{"embeddable":true,"href":"https:\/\/pirilana.com\/ca\/wp-json\/wp\/v2\/comments?post=16449"}],"version-history":[{"count":1,"href":"https:\/\/pirilana.com\/ca\/wp-json\/wp\/v2\/product\/16449\/revisions"}],"predecessor-version":[{"id":17553,"href":"https:\/\/pirilana.com\/ca\/wp-json\/wp\/v2\/product\/16449\/revisions\/17553"}],"wp:featuredmedia":[{"embeddable":true,"href":"https:\/\/pirilana.com\/ca\/wp-json\/wp\/v2\/media\/11650"}],"wp:attachment":[{"href":"https:\/\/pirilana.com\/ca\/wp-json\/wp\/v2\/media?parent=16449"}],"wp:term":[{"taxonomy":"product_brand","embeddable":true,"href":"https:\/\/pirilana.com\/ca\/wp-json\/wp\/v2\/product_brand?post=16449"},{"taxonomy":"product_cat","embeddable":true,"href":"https:\/\/pirilana.com\/ca\/wp-json\/wp\/v2\/product_cat?post=16449"},{"taxonomy":"product_tag","embeddable":true,"href":"https:\/\/pirilana.com\/ca\/wp-json\/wp\/v2\/product_tag?post=16449"}],"curies":[{"name":"wp","href":"https:\/\/api.w.org\/{rel}","templated":true}]}}