{"id":15680,"date":"2023-10-25T23:25:20","date_gmt":"2023-10-25T21:25:20","guid":{"rendered":"https:\/\/pirilana.com\/producto\/sabatilles-de-casa\/"},"modified":"2025-12-10T23:21:29","modified_gmt":"2025-12-10T22:21:29","slug":"sabatilles-de-casa","status":"publish","type":"product","link":"https:\/\/pirilana.com\/ca\/producte\/sabatilles-de-casa\/","title":{"rendered":"Sabatilles per casa"},"content":{"rendered":"<p>Ben vinguts a la comoditat definitiva. Les nostres sabatilles son molt mes que un simple accessori per als teus peus Son una abra\u00e7ada que t&#8217;ofereix la teva llar despres d&#8217;un llarg dia Confeccionades amb materials de la m\u00e9s alta qualitat , aquestes sabatilles te proporcionar\u00e1n una experiencia de confort que mai voldr\u00e0s abandonar.<\/p>\n<h2>Perqu\u00e8 escollir les nostres sabatilles per a casa ? Permeteu-me que us ho expliqui<\/h2>\n<ol>\n<li><strong>Materiales Premium:<\/strong> fem servir<span style=\"color: #ffcc00;\">Fieltre de Llana<\/span> en la fabricaci\u00f3 de les nostres sabatilles per garantir la suavitat, la transpiraci\u00f3 i la calidesa. Els teus peus estar\u00e0n c\u00f2modes durant tot l&#8217;any La llana d&#8217;ovella es una maravellos a fibra natural que. a m\u00e9s de ser resistent, te una resposta excepcional front a bacteries, fongs i bruticia. Es una protecci\u00f3 natural: antibacteriana, antif\u00fangica i antis\u00e9ptica.<\/li>\n<li><strong>Compromesos amb la Sostenibilitat:<\/strong> Elnostre objectiur es donar un nou valor a la llana com a producte i reviure les tradicions sostenibles Estem compromesos a preservar i revitalitzar el nostre valios patrimoni<\/li>\n<li><strong>Diseny Elegant:<\/strong> Les nostres sabatilles no sols son comodes, sino que tambe tenen un estil sofisticat que les fa perfectes per portar per casa. Amb colors i dissenys que s&#8217;adapten a la teva personalitat, sentir\u00e0s la moda inclus en el teu temps de relaxaci\u00f3<\/li>\n<li><strong>Sola Antilliscant:<\/strong> La seguretat es una prioritat. Les soles son antilliscants, el que les converteix en la tria perfecta per moure&#8217;t lliurament per casa teva sense preocupaci\u00f3ns.<\/li>\n<li><strong>F\u00e1cil Cura:<\/strong> Mantenir les sabatilles en perfectes condicions es sencill. Pots rentar-les a ma o a maquina seguint les nostres recomanaci\u00f3ns de cura, lo que permet gaudir de la comoditat durant molt temps<\/li>\n<\/ol>\n<p><a href=\"https:\/\/pirilana.com\/wp-content\/uploads\/2023\/10\/Zapatillas-Pirilana-de-lana-para-casa-006-scaled.webp\"><img fetchpriority=\"high\" decoding=\"async\" class=\"wp-image-17232 size-medium alignleft\" src=\"https:\/\/pirilana.com\/wp-content\/uploads\/2023\/10\/Zapatillas-Pirilana-de-lana-para-casa-006-300x225.webp\" alt=\"Zapatillas Pirilana de lana para casa - 006\" width=\"300\" height=\"225\" srcset=\"https:\/\/pirilana.com\/wp-content\/uploads\/2023\/10\/Zapatillas-Pirilana-de-lana-para-casa-006-300x225.webp 300w, https:\/\/pirilana.com\/wp-content\/uploads\/2023\/10\/Zapatillas-Pirilana-de-lana-para-casa-006-1024x769.webp 1024w, https:\/\/pirilana.com\/wp-content\/uploads\/2023\/10\/Zapatillas-Pirilana-de-lana-para-casa-006-768x577.webp 768w, https:\/\/pirilana.com\/wp-content\/uploads\/2023\/10\/Zapatillas-Pirilana-de-lana-para-casa-006-1536x1153.webp 1536w, https:\/\/pirilana.com\/wp-content\/uploads\/2023\/10\/Zapatillas-Pirilana-de-lana-para-casa-006-2048x1538.webp 2048w, https:\/\/pirilana.com\/wp-content\/uploads\/2023\/10\/Zapatillas-Pirilana-de-lana-para-casa-006-350x263.webp 350w, https:\/\/pirilana.com\/wp-content\/uploads\/2023\/10\/Zapatillas-Pirilana-de-lana-para-casa-006-680x511.webp 680w\" sizes=\"(max-width: 300px) 100vw, 300px\" \/><\/a>No hi ha un lloc com a casa i no hi ha calidesa com la de les nostres sabatilles per casa Fes dels teus moments de relaxaci\u00f3 una experiencia extraordinaria amb un parell de sabatilles que et mimaran amb cada pas. Descobreix la comoditat en la seva maxima expressi\u00f3 !<\/p>\n","protected":false},"excerpt":{"rendered":"<p>Escull la talla adecuada, n&#8217;hi ha per a totes les edats. Gaudeix de la sensaci\u00f3 i comoditat que dona la llana en els teus peus. Dins els nostres <strong>complements<\/strong> Les nostres sabatilles s\u00f3n transpirables, a\u00efllants, absorbeixen la humitat, tenen propietats antif\u00fangiques i s\u00f3n biodegradables. Garanteix comoditat, frescor i sostenibilitat en cada pas que facis.<br \/>\n<strong>Calculem no poder servir comandes fins a mitjans Gener<\/strong><\/p>\n","protected":false},"featured_media":17233,"comment_status":"closed","ping_status":"closed","template":"","meta":{"_joinchat":[]},"product_brand":[],"product_cat":[121,282],"product_tag":[],"class_list":{"0":"post-15680","1":"product","2":"type-product","3":"status-publish","4":"has-post-thumbnail","6":"product_cat-complements","7":"product_cat-roba-de-llit","8":"product_shipping_class-sabatilles-per-casa","10":"first","11":"outofstock","12":"taxable","13":"shipping-taxable","14":"purchasable","15":"product-type-variable"},"bundled_by":[],"bundle_stock_status":"outofstock","bundle_stock_quantity":null,"bundle_virtual":false,"bundle_layout":"","bundle_add_to_cart_form_location":"","bundle_editable_in_cart":false,"bundle_sold_individually_context":"","bundle_item_grouping":"","bundle_min_size":"","bundle_max_size":"","bundled_items":[],"bundle_sell_ids":[],"yoast_head":"<!-- This site is optimized with the Yoast SEO plugin v27.0 - https:\/\/yoast.com\/product\/yoast-seo-wordpress\/ -->\n<title>Sabatilles per casa - Pirilana<\/title>\n<meta name=\"description\" content=\"Percep la difer\u00e8ncia amb les nostres Sabatilles per a casa. Puja la teva comoditat a cada pas Demana-les ara i comen\u00e7a a gaudir de la comoditat als teus peus!\" \/>\n<meta name=\"robots\" content=\"index, follow, max-snippet:-1, max-image-preview:large, max-video-preview:-1\" \/>\n<link rel=\"canonical\" href=\"https:\/\/pirilana.com\/ca\/producte\/sabatilles-de-casa\/\" \/>\n<meta property=\"og:locale\" content=\"ca_ES\" \/>\n<meta property=\"og:type\" content=\"article\" \/>\n<meta property=\"og:title\" content=\"Sabatilles per casa - Pirilana\" \/>\n<meta property=\"og:description\" content=\"Percep la difer\u00e8ncia amb les nostres Sabatilles per a casa. Puja la teva comoditat a cada pas Demana-les ara i comen\u00e7a a gaudir de la comoditat als teus peus!\" \/>\n<meta property=\"og:url\" content=\"https:\/\/pirilana.com\/ca\/producte\/sabatilles-de-casa\/\" \/>\n<meta property=\"og:site_name\" content=\"Pirilana\" \/>\n<meta property=\"article:modified_time\" content=\"2025-12-10T22:21:29+00:00\" \/>\n<meta property=\"og:image\" content=\"https:\/\/pirilana.com\/wp-content\/uploads\/2023\/10\/Zapatillas-Pirilana-de-lana-para-casa-006-scaled.webp\" \/>\n\t<meta property=\"og:image:width\" content=\"2560\" \/>\n\t<meta property=\"og:image:height\" content=\"1922\" \/>\n\t<meta property=\"og:image:type\" content=\"image\/webp\" \/>\n<meta name=\"twitter:label1\" content=\"Temps estimat de lectura\" \/>\n\t<meta name=\"twitter:data1\" content=\"2 minutes\" \/>\n<script type=\"application\/ld+json\" class=\"yoast-schema-graph\">{\"@context\":\"https:\/\/schema.org\",\"@graph\":[{\"@type\":\"WebPage\",\"@id\":\"https:\/\/pirilana.com\/ca\/producte\/sabatilles-de-casa\/\",\"url\":\"https:\/\/pirilana.com\/ca\/producte\/sabatilles-de-casa\/\",\"name\":\"Sabatilles per casa - Pirilana\",\"isPartOf\":{\"@id\":\"https:\/\/pirilana.com\/ca\/#website\"},\"primaryImageOfPage\":{\"@id\":\"https:\/\/pirilana.com\/ca\/producte\/sabatilles-de-casa\/#primaryimage\"},\"image\":{\"@id\":\"https:\/\/pirilana.com\/ca\/producte\/sabatilles-de-casa\/#primaryimage\"},\"thumbnailUrl\":\"https:\/\/pirilana.com\/wp-content\/uploads\/2023\/10\/Zapatillas-Pirilana-de-lana-para-casa-006-scaled.webp\",\"datePublished\":\"2023-10-25T21:25:20+00:00\",\"dateModified\":\"2025-12-10T22:21:29+00:00\",\"description\":\"Percep la difer\u00e8ncia amb les nostres Sabatilles per a casa. Puja la teva comoditat a cada pas Demana-les ara i comen\u00e7a a gaudir de la comoditat als teus peus!\",\"breadcrumb\":{\"@id\":\"https:\/\/pirilana.com\/ca\/producte\/sabatilles-de-casa\/#breadcrumb\"},\"inLanguage\":\"ca\",\"potentialAction\":[{\"@type\":\"ReadAction\",\"target\":[\"https:\/\/pirilana.com\/ca\/producte\/sabatilles-de-casa\/\"]}]},{\"@type\":\"ImageObject\",\"inLanguage\":\"ca\",\"@id\":\"https:\/\/pirilana.com\/ca\/producte\/sabatilles-de-casa\/#primaryimage\",\"url\":\"https:\/\/pirilana.com\/wp-content\/uploads\/2023\/10\/Zapatillas-Pirilana-de-lana-para-casa-006-scaled.webp\",\"contentUrl\":\"https:\/\/pirilana.com\/wp-content\/uploads\/2023\/10\/Zapatillas-Pirilana-de-lana-para-casa-006-scaled.webp\",\"width\":2560,\"height\":1922,\"caption\":\"Zapatillas Pirilana de lana para casa - 006\"},{\"@type\":\"BreadcrumbList\",\"@id\":\"https:\/\/pirilana.com\/ca\/producte\/sabatilles-de-casa\/#breadcrumb\",\"itemListElement\":[{\"@type\":\"ListItem\",\"position\":1,\"name\":\"Inici\",\"item\":\"https:\/\/pirilana.com\/ca\/\"},{\"@type\":\"ListItem\",\"position\":2,\"name\":\"Products\",\"item\":\"https:\/\/pirilana.com\/ca\/products-pirilana\/\"},{\"@type\":\"ListItem\",\"position\":3,\"name\":\"Sabatilles per casa\"}]},{\"@type\":\"WebSite\",\"@id\":\"https:\/\/pirilana.com\/ca\/#website\",\"url\":\"https:\/\/pirilana.com\/ca\/\",\"name\":\"Pirilana\",\"description\":\"La lana de tus sue\u00f1os - Edredones de lana hechos en Espa\u00f1a con materiales naturales que se adaptan a la temperatura de tu cuerpo.\",\"potentialAction\":[{\"@type\":\"SearchAction\",\"target\":{\"@type\":\"EntryPoint\",\"urlTemplate\":\"https:\/\/pirilana.com\/ca\/?s={search_term_string}\"},\"query-input\":{\"@type\":\"PropertyValueSpecification\",\"valueRequired\":true,\"valueName\":\"search_term_string\"}}],\"inLanguage\":\"ca\"}]}<\/script>\n<!-- \/ Yoast SEO plugin. -->","yoast_head_json":{"title":"Sabatilles per casa - Pirilana","description":"Percep la difer\u00e8ncia amb les nostres Sabatilles per a casa. Puja la teva comoditat a cada pas Demana-les ara i comen\u00e7a a gaudir de la comoditat als teus peus!","robots":{"index":"index","follow":"follow","max-snippet":"max-snippet:-1","max-image-preview":"max-image-preview:large","max-video-preview":"max-video-preview:-1"},"canonical":"https:\/\/pirilana.com\/ca\/producte\/sabatilles-de-casa\/","og_locale":"ca_ES","og_type":"article","og_title":"Sabatilles per casa - Pirilana","og_description":"Percep la difer\u00e8ncia amb les nostres Sabatilles per a casa. Puja la teva comoditat a cada pas Demana-les ara i comen\u00e7a a gaudir de la comoditat als teus peus!","og_url":"https:\/\/pirilana.com\/ca\/producte\/sabatilles-de-casa\/","og_site_name":"Pirilana","article_modified_time":"2025-12-10T22:21:29+00:00","og_image":[{"width":2560,"height":1922,"url":"https:\/\/pirilana.com\/wp-content\/uploads\/2023\/10\/Zapatillas-Pirilana-de-lana-para-casa-006-scaled.webp","type":"image\/webp"}],"twitter_misc":{"Temps estimat de lectura":"2 minutes"},"schema":{"@context":"https:\/\/schema.org","@graph":[{"@type":"WebPage","@id":"https:\/\/pirilana.com\/ca\/producte\/sabatilles-de-casa\/","url":"https:\/\/pirilana.com\/ca\/producte\/sabatilles-de-casa\/","name":"Sabatilles per casa - Pirilana","isPartOf":{"@id":"https:\/\/pirilana.com\/ca\/#website"},"primaryImageOfPage":{"@id":"https:\/\/pirilana.com\/ca\/producte\/sabatilles-de-casa\/#primaryimage"},"image":{"@id":"https:\/\/pirilana.com\/ca\/producte\/sabatilles-de-casa\/#primaryimage"},"thumbnailUrl":"https:\/\/pirilana.com\/wp-content\/uploads\/2023\/10\/Zapatillas-Pirilana-de-lana-para-casa-006-scaled.webp","datePublished":"2023-10-25T21:25:20+00:00","dateModified":"2025-12-10T22:21:29+00:00","description":"Percep la difer\u00e8ncia amb les nostres Sabatilles per a casa. Puja la teva comoditat a cada pas Demana-les ara i comen\u00e7a a gaudir de la comoditat als teus peus!","breadcrumb":{"@id":"https:\/\/pirilana.com\/ca\/producte\/sabatilles-de-casa\/#breadcrumb"},"inLanguage":"ca","potentialAction":[{"@type":"ReadAction","target":["https:\/\/pirilana.com\/ca\/producte\/sabatilles-de-casa\/"]}]},{"@type":"ImageObject","inLanguage":"ca","@id":"https:\/\/pirilana.com\/ca\/producte\/sabatilles-de-casa\/#primaryimage","url":"https:\/\/pirilana.com\/wp-content\/uploads\/2023\/10\/Zapatillas-Pirilana-de-lana-para-casa-006-scaled.webp","contentUrl":"https:\/\/pirilana.com\/wp-content\/uploads\/2023\/10\/Zapatillas-Pirilana-de-lana-para-casa-006-scaled.webp","width":2560,"height":1922,"caption":"Zapatillas Pirilana de lana para casa - 006"},{"@type":"BreadcrumbList","@id":"https:\/\/pirilana.com\/ca\/producte\/sabatilles-de-casa\/#breadcrumb","itemListElement":[{"@type":"ListItem","position":1,"name":"Inici","item":"https:\/\/pirilana.com\/ca\/"},{"@type":"ListItem","position":2,"name":"Products","item":"https:\/\/pirilana.com\/ca\/products-pirilana\/"},{"@type":"ListItem","position":3,"name":"Sabatilles per casa"}]},{"@type":"WebSite","@id":"https:\/\/pirilana.com\/ca\/#website","url":"https:\/\/pirilana.com\/ca\/","name":"Pirilana","description":"La lana de tus sue\u00f1os - Edredones de lana hechos en Espa\u00f1a con materiales naturales que se adaptan a la temperatura de tu cuerpo.","potentialAction":[{"@type":"SearchAction","target":{"@type":"EntryPoint","urlTemplate":"https:\/\/pirilana.com\/ca\/?s={search_term_string}"},"query-input":{"@type":"PropertyValueSpecification","valueRequired":true,"valueName":"search_term_string"}}],"inLanguage":"ca"}]}},"_links":{"self":[{"href":"https:\/\/pirilana.com\/ca\/wp-json\/wp\/v2\/product\/15680","targetHints":{"allow":["GET"]}}],"collection":[{"href":"https:\/\/pirilana.com\/ca\/wp-json\/wp\/v2\/product"}],"about":[{"href":"https:\/\/pirilana.com\/ca\/wp-json\/wp\/v2\/types\/product"}],"replies":[{"embeddable":true,"href":"https:\/\/pirilana.com\/ca\/wp-json\/wp\/v2\/comments?post=15680"}],"version-history":[{"count":4,"href":"https:\/\/pirilana.com\/ca\/wp-json\/wp\/v2\/product\/15680\/revisions"}],"predecessor-version":[{"id":17637,"href":"https:\/\/pirilana.com\/ca\/wp-json\/wp\/v2\/product\/15680\/revisions\/17637"}],"wp:featuredmedia":[{"embeddable":true,"href":"https:\/\/pirilana.com\/ca\/wp-json\/wp\/v2\/media\/17233"}],"wp:attachment":[{"href":"https:\/\/pirilana.com\/ca\/wp-json\/wp\/v2\/media?parent=15680"}],"wp:term":[{"taxonomy":"product_brand","embeddable":true,"href":"https:\/\/pirilana.com\/ca\/wp-json\/wp\/v2\/product_brand?post=15680"},{"taxonomy":"product_cat","embeddable":true,"href":"https:\/\/pirilana.com\/ca\/wp-json\/wp\/v2\/product_cat?post=15680"},{"taxonomy":"product_tag","embeddable":true,"href":"https:\/\/pirilana.com\/ca\/wp-json\/wp\/v2\/product_tag?post=15680"}],"curies":[{"name":"wp","href":"https:\/\/api.w.org\/{rel}","templated":true}]}}