{"id":14588,"date":"2023-08-16T12:33:24","date_gmt":"2023-08-16T10:33:24","guid":{"rendered":"https:\/\/pirilana.com\/?post_type=product&#038;p=14588"},"modified":"2024-08-01T03:52:37","modified_gmt":"2024-08-01T01:52:37","slug":"edredo-de-llana-merino","status":"publish","type":"product","link":"https:\/\/pirilana.com\/ca\/producte\/edredo-de-llana-merino\/","title":{"rendered":"Edred\u00f3 de llana merino (Lleuger)"},"content":{"rendered":"<p>Nostre edred\u00f3 de <a href=\"https:\/\/pirilana.com\/lana\/\" target=\"_blank\" rel=\"noopener\">llana de merino 100% org\u00e1nica<\/a> i certificaci\u00f3 <a href=\"https:\/\/www.aitex.es\/certificado-oeko-tex-standard-100\/\" target=\"_blank\" rel=\"noopener\">OEKO TEX;<\/a> lliure de toxines, proporciona un descans c\u00e0lid i profund Son termoregulables s\u2019adapten a la teva temperatura corporal tot l\u2019any Una excel\u2022lent manera de cuidar la teva salud ja que la seva llana es hipoal\u2022lerg\u00e8nica i anti bacteriana.<\/p>\n<p><strong>Escull el gruix que necessites en funci\u00f3 a la temporada i a la temperatura de la teva habitaci\u00f3 Per seleccionar la mida adequada al teu llit, mira la tabla que es mostra a sota<\/strong><\/p>\n<p>La nostra llana merino ha estat personalment seleccionades buscant sempre la millor qualitat de les llanes del pais El cot\u00f3 tamb\u00e9 es ecol\u00f2gic, amb la certificaci\u00f3 GOTS que ens garanteix un coto produ\u00eft sense substancies perjudicials per a la nostra salut, unes condicions dignes de treball durant tot el seu proc\u00e9s i una fibra cultivada de manera ecol\u00f2gica i sostenible<\/p>\n<h2>A\u00efllament t\u00e8rmic: 150gr.<\/h2>\n<p>L\u2019Edred\u00f3 lleuger d\u2019estiu es equivalent a un a\u00efllament t\u00e8rmic de aproximadament 2-6 Tog. Es confortable per a temperatures de la habitaci\u00f3 entre 23 i 15\u00baC Aquest edred\u00f3 es perfecte per a les nits d\u2019estiu<\/p>\n<h2>A\u00efllament t\u00e8rmic: 350gr.<\/h2>\n<p>L\u2019Edred\u00f3 de llana merino tardo\/primavera te un a\u00efllament t\u00e8rmic aproximat de 7-10 Tog Es confortable per a temperatures de la habitaci\u00f3 entre 19 i 10\u00baC Es l\u2019equilibri perfecte entre la permeabilitat del aire i el a\u00efllament t\u00e8rmic Aquest edred\u00f3 es perfecte per a les nits de tardo\/primavera<\/p>\n<h2>A\u00efllament t\u00e8rmic: 500gr<\/h2>\n<p>Els edredons d\u2019estiu i el de primavera\/tardor s\u2019ajunten per formar el d\u2019hivern amb un a\u00efllament d\u2019aprox. 12 TOG per a temperatures de entre 16 y 9 \u2103.<\/p>\n<hr \/>\n<h2 id=\"relacion-tamano\">Relaci\u00f3 entre la mida del llit i el edred\u00f3<\/h2>\n<div class=\"tamanyos\">\n<table class=\"tamanyo\" width=\"100%\">\n<tbody>\n<tr>\n<th width=\"95\">Model<\/th>\n<th width=\"160\">mida del llit<\/th>\n<th width=\"148\">mida edred\u00f3<\/th>\n<\/tr>\n<tr>\n<th>Mois\u00e9s<\/th>\n<td>55 x 85<\/td>\n<td>70 x 100<\/td>\n<\/tr>\n<tr>\n<th>Bressol<\/th>\n<td>70 x 140<\/td>\n<td>100 x 140<\/td>\n<\/tr>\n<tr>\n<th>Infantil<\/th>\n<td>70 x 160<\/td>\n<td>120 x 200<\/td>\n<\/tr>\n<tr>\n<th>Individual<\/th>\n<td>80\/90\/105 x 200<\/td>\n<td>150 x 220<\/td>\n<\/tr>\n<tr>\n<th>Dos persones<\/th>\n<td>120\/135\/150 x 200<\/td>\n<td>180\/220 x 220<\/td>\n<\/tr>\n<tr>\n<th>Queen<\/th>\n<td>180 x 200<\/td>\n<td>220\/240 x 220<\/td>\n<\/tr>\n<tr>\n<th>King<\/th>\n<td>200 x 200<\/td>\n<td>240\/260 x 220<\/td>\n<\/tr>\n<\/tbody>\n<\/table>\n<\/div>\n<hr \/>\n<p><strong>NECESSITES UNA MIDA ESPECIAL?<\/strong><\/p>\n<p>Truca al <a href=\"tel:0034609708000\">+34 609 70 80 00<\/a> o escriu-nos<\/p>\n<p>&nbsp;<\/p>\n\n<div class=\"wpcf7 no-js\" id=\"wpcf7-f1439-o1\" lang=\"es-ES\" dir=\"ltr\" data-wpcf7-id=\"1439\">\n<div class=\"screen-reader-response\"><p role=\"status\" aria-live=\"polite\" aria-atomic=\"true\"><\/p> <ul><\/ul><\/div>\n<form action=\"\/ca\/wp-json\/wp\/v2\/product\/14588#wpcf7-f1439-o1\" method=\"post\" class=\"wpcf7-form init\" aria-label=\"Formulari de contacte\" novalidate=\"novalidate\" data-status=\"init\">\n<fieldset class=\"hidden-fields-container\"><input type=\"hidden\" name=\"_wpcf7\" value=\"1439\" \/><input type=\"hidden\" name=\"_wpcf7_version\" value=\"6.1.5\" \/><input type=\"hidden\" name=\"_wpcf7_locale\" value=\"es_ES\" \/><input type=\"hidden\" name=\"_wpcf7_unit_tag\" value=\"wpcf7-f1439-o1\" \/><input type=\"hidden\" name=\"_wpcf7_container_post\" value=\"0\" \/><input type=\"hidden\" name=\"_wpcf7_posted_data_hash\" value=\"\" \/><input type=\"hidden\" name=\"_wpcf7_recaptcha_response\" value=\"\" \/>\n<\/fieldset>\n<p><label> Nombre (requerido)<br \/>\n<span class=\"wpcf7-form-control-wrap\" data-name=\"your-name\"><input size=\"40\" maxlength=\"400\" class=\"wpcf7-form-control wpcf7-text wpcf7-validates-as-required\" aria-required=\"true\" aria-invalid=\"false\" value=\"\" type=\"text\" name=\"your-name\" \/><\/span> <\/label>\n<\/p>\n<p><label> Email (requerido)<br \/>\n<span class=\"wpcf7-form-control-wrap\" data-name=\"your-email\"><input size=\"40\" maxlength=\"400\" class=\"wpcf7-form-control wpcf7-email wpcf7-validates-as-required wpcf7-text wpcf7-validates-as-email\" aria-required=\"true\" aria-invalid=\"false\" value=\"\" type=\"email\" name=\"your-email\" \/><\/span> <\/label>\n<\/p>\n<p><label> Tel\u00e9fono<br \/>\n<span class=\"wpcf7-form-control-wrap\" data-name=\"your-phone\"><input size=\"40\" maxlength=\"400\" class=\"wpcf7-form-control wpcf7-tel wpcf7-text wpcf7-validates-as-tel\" aria-invalid=\"false\" value=\"\" type=\"tel\" name=\"your-phone\" \/><\/span> <\/label>\n<\/p>\n<p><label> Producto y medidas deseadas (requerido)<br \/>\n<span class=\"wpcf7-form-control-wrap\" data-name=\"your-message\"><textarea cols=\"40\" rows=\"10\" maxlength=\"2000\" class=\"wpcf7-form-control wpcf7-textarea wpcf7-validates-as-required\" aria-required=\"true\" aria-invalid=\"false\" name=\"your-message\"><\/textarea><\/span> <\/label>\n<\/p>\n<p><input class=\"wpcf7-form-control wpcf7-submit has-spinner\" type=\"submit\" value=\"Enviar\" \/>\n<\/p><p style=\"display: none !important;\" class=\"akismet-fields-container\" data-prefix=\"_wpcf7_ak_\"><label>&#916;<textarea name=\"_wpcf7_ak_hp_textarea\" cols=\"45\" rows=\"8\" maxlength=\"100\"><\/textarea><\/label><input type=\"hidden\" id=\"ak_js_1\" name=\"_wpcf7_ak_js\" value=\"74\"\/><script>document.getElementById( \"ak_js_1\" ).setAttribute( \"value\", ( new Date() ).getTime() );<\/script><\/p><div class=\"wpcf7-response-output\" aria-hidden=\"true\"><\/div>\n<\/form>\n<\/div>\n\n","protected":false},"excerpt":{"rendered":"<p>Experimenta el luxe d\u2019un rep\u00f2s reparador amb els nostres edredons de llana merina org\u00e0nica<\/p>\n<p>Dissenyats per donar-te l\u2019experi\u00e8ncia mes acollidora i saludable, els nostres edredons son un somni fet realitat<br \/>\nper qui estima el confort i el benestar.<\/p>\n<p><strong>Escull el gruix i mida que necessites<\/strong><\/p>\n","protected":false},"featured_media":11543,"comment_status":"open","ping_status":"closed","template":"","meta":{"_joinchat":[]},"product_brand":[],"product_cat":[108],"product_tag":[],"class_list":{"0":"post-14588","1":"product","2":"type-product","3":"status-publish","4":"has-post-thumbnail","6":"product_cat-edredons","8":"first","9":"instock","10":"sale","11":"taxable","12":"shipping-taxable","13":"purchasable","14":"product-type-variable"},"bundled_by":["13335","13337"],"bundle_stock_status":"instock","bundle_stock_quantity":null,"bundle_virtual":false,"bundle_layout":"","bundle_add_to_cart_form_location":"","bundle_editable_in_cart":false,"bundle_sold_individually_context":"","bundle_item_grouping":"","bundle_min_size":"","bundle_max_size":"","bundled_items":[],"bundle_sell_ids":[],"yoast_head":"<!-- This site is optimized with the Yoast SEO plugin v27.0 - https:\/\/yoast.com\/product\/yoast-seo-wordpress\/ -->\n<title>Edred\u00f3 de llana merino<\/title>\n<meta name=\"description\" content=\"Edred\u00f3 de llana de merino 100% natural, encoixinat amb coto sati de 400TC. Un lux\u00f3s descans que proporciona un dormir profund i reparador\" \/>\n<meta name=\"robots\" content=\"index, follow, max-snippet:-1, max-image-preview:large, max-video-preview:-1\" \/>\n<link rel=\"canonical\" href=\"https:\/\/pirilana.com\/ca\/producte\/edredo-de-llana-merino\/\" \/>\n<meta property=\"og:locale\" content=\"ca_ES\" \/>\n<meta property=\"og:type\" content=\"article\" \/>\n<meta property=\"og:title\" content=\"Edred\u00f3 de llana merino\" \/>\n<meta property=\"og:description\" content=\"Edred\u00f3 de llana de merino 100% natural, encoixinat amb coto sati de 400TC. Un lux\u00f3s descans que proporciona un dormir profund i reparador\" \/>\n<meta property=\"og:url\" content=\"https:\/\/pirilana.com\/ca\/producte\/edredo-de-llana-merino\/\" \/>\n<meta property=\"og:site_name\" content=\"Pirilana\" \/>\n<meta property=\"article:modified_time\" content=\"2024-08-01T01:52:37+00:00\" \/>\n<meta property=\"og:image\" content=\"https:\/\/pirilana.com\/wp-content\/uploads\/2023\/05\/edredon_de_lana_merino-pirilana.jpg\" \/>\n\t<meta property=\"og:image:width\" content=\"1300\" \/>\n\t<meta property=\"og:image:height\" content=\"867\" \/>\n\t<meta property=\"og:image:type\" content=\"image\/jpeg\" \/>\n<meta name=\"twitter:label1\" content=\"Temps estimat de lectura\" \/>\n\t<meta name=\"twitter:data1\" content=\"2 minutes\" \/>\n<script type=\"application\/ld+json\" class=\"yoast-schema-graph\">{\"@context\":\"https:\/\/schema.org\",\"@graph\":[{\"@type\":\"WebPage\",\"@id\":\"https:\/\/pirilana.com\/ca\/producte\/edredo-de-llana-merino\/\",\"url\":\"https:\/\/pirilana.com\/ca\/producte\/edredo-de-llana-merino\/\",\"name\":\"Edred\u00f3 de llana merino\",\"isPartOf\":{\"@id\":\"https:\/\/pirilana.com\/ca\/#website\"},\"primaryImageOfPage\":{\"@id\":\"https:\/\/pirilana.com\/ca\/producte\/edredo-de-llana-merino\/#primaryimage\"},\"image\":{\"@id\":\"https:\/\/pirilana.com\/ca\/producte\/edredo-de-llana-merino\/#primaryimage\"},\"thumbnailUrl\":\"https:\/\/pirilana.com\/wp-content\/uploads\/2023\/05\/edredon_de_lana_merino-pirilana.jpg\",\"datePublished\":\"2023-08-16T10:33:24+00:00\",\"dateModified\":\"2024-08-01T01:52:37+00:00\",\"description\":\"Edred\u00f3 de llana de merino 100% natural, encoixinat amb coto sati de 400TC. Un lux\u00f3s descans que proporciona un dormir profund i reparador\",\"breadcrumb\":{\"@id\":\"https:\/\/pirilana.com\/ca\/producte\/edredo-de-llana-merino\/#breadcrumb\"},\"inLanguage\":\"ca\",\"potentialAction\":[{\"@type\":\"ReadAction\",\"target\":[\"https:\/\/pirilana.com\/ca\/producte\/edredo-de-llana-merino\/\"]}]},{\"@type\":\"ImageObject\",\"inLanguage\":\"ca\",\"@id\":\"https:\/\/pirilana.com\/ca\/producte\/edredo-de-llana-merino\/#primaryimage\",\"url\":\"https:\/\/pirilana.com\/wp-content\/uploads\/2023\/05\/edredon_de_lana_merino-pirilana.jpg\",\"contentUrl\":\"https:\/\/pirilana.com\/wp-content\/uploads\/2023\/05\/edredon_de_lana_merino-pirilana.jpg\",\"width\":1300,\"height\":867,\"caption\":\"edredon de lana merino acolchado con algod\u00f3n org\u00e1nico\"},{\"@type\":\"BreadcrumbList\",\"@id\":\"https:\/\/pirilana.com\/ca\/producte\/edredo-de-llana-merino\/#breadcrumb\",\"itemListElement\":[{\"@type\":\"ListItem\",\"position\":1,\"name\":\"Inici\",\"item\":\"https:\/\/pirilana.com\/ca\/\"},{\"@type\":\"ListItem\",\"position\":2,\"name\":\"Products\",\"item\":\"https:\/\/pirilana.com\/ca\/products-pirilana\/\"},{\"@type\":\"ListItem\",\"position\":3,\"name\":\"Edred\u00f3 de llana merino (Lleuger)\"}]},{\"@type\":\"WebSite\",\"@id\":\"https:\/\/pirilana.com\/ca\/#website\",\"url\":\"https:\/\/pirilana.com\/ca\/\",\"name\":\"Pirilana\",\"description\":\"La lana de tus sue\u00f1os - Edredones de lana hechos en Espa\u00f1a con materiales naturales que se adaptan a la temperatura de tu cuerpo.\",\"potentialAction\":[{\"@type\":\"SearchAction\",\"target\":{\"@type\":\"EntryPoint\",\"urlTemplate\":\"https:\/\/pirilana.com\/ca\/?s={search_term_string}\"},\"query-input\":{\"@type\":\"PropertyValueSpecification\",\"valueRequired\":true,\"valueName\":\"search_term_string\"}}],\"inLanguage\":\"ca\"}]}<\/script>\n<!-- \/ Yoast SEO plugin. -->","yoast_head_json":{"title":"Edred\u00f3 de llana merino","description":"Edred\u00f3 de llana de merino 100% natural, encoixinat amb coto sati de 400TC. Un lux\u00f3s descans que proporciona un dormir profund i reparador","robots":{"index":"index","follow":"follow","max-snippet":"max-snippet:-1","max-image-preview":"max-image-preview:large","max-video-preview":"max-video-preview:-1"},"canonical":"https:\/\/pirilana.com\/ca\/producte\/edredo-de-llana-merino\/","og_locale":"ca_ES","og_type":"article","og_title":"Edred\u00f3 de llana merino","og_description":"Edred\u00f3 de llana de merino 100% natural, encoixinat amb coto sati de 400TC. Un lux\u00f3s descans que proporciona un dormir profund i reparador","og_url":"https:\/\/pirilana.com\/ca\/producte\/edredo-de-llana-merino\/","og_site_name":"Pirilana","article_modified_time":"2024-08-01T01:52:37+00:00","og_image":[{"width":1300,"height":867,"url":"https:\/\/pirilana.com\/wp-content\/uploads\/2023\/05\/edredon_de_lana_merino-pirilana.jpg","type":"image\/jpeg"}],"twitter_misc":{"Temps estimat de lectura":"2 minutes"},"schema":{"@context":"https:\/\/schema.org","@graph":[{"@type":"WebPage","@id":"https:\/\/pirilana.com\/ca\/producte\/edredo-de-llana-merino\/","url":"https:\/\/pirilana.com\/ca\/producte\/edredo-de-llana-merino\/","name":"Edred\u00f3 de llana merino","isPartOf":{"@id":"https:\/\/pirilana.com\/ca\/#website"},"primaryImageOfPage":{"@id":"https:\/\/pirilana.com\/ca\/producte\/edredo-de-llana-merino\/#primaryimage"},"image":{"@id":"https:\/\/pirilana.com\/ca\/producte\/edredo-de-llana-merino\/#primaryimage"},"thumbnailUrl":"https:\/\/pirilana.com\/wp-content\/uploads\/2023\/05\/edredon_de_lana_merino-pirilana.jpg","datePublished":"2023-08-16T10:33:24+00:00","dateModified":"2024-08-01T01:52:37+00:00","description":"Edred\u00f3 de llana de merino 100% natural, encoixinat amb coto sati de 400TC. Un lux\u00f3s descans que proporciona un dormir profund i reparador","breadcrumb":{"@id":"https:\/\/pirilana.com\/ca\/producte\/edredo-de-llana-merino\/#breadcrumb"},"inLanguage":"ca","potentialAction":[{"@type":"ReadAction","target":["https:\/\/pirilana.com\/ca\/producte\/edredo-de-llana-merino\/"]}]},{"@type":"ImageObject","inLanguage":"ca","@id":"https:\/\/pirilana.com\/ca\/producte\/edredo-de-llana-merino\/#primaryimage","url":"https:\/\/pirilana.com\/wp-content\/uploads\/2023\/05\/edredon_de_lana_merino-pirilana.jpg","contentUrl":"https:\/\/pirilana.com\/wp-content\/uploads\/2023\/05\/edredon_de_lana_merino-pirilana.jpg","width":1300,"height":867,"caption":"edredon de lana merino acolchado con algod\u00f3n org\u00e1nico"},{"@type":"BreadcrumbList","@id":"https:\/\/pirilana.com\/ca\/producte\/edredo-de-llana-merino\/#breadcrumb","itemListElement":[{"@type":"ListItem","position":1,"name":"Inici","item":"https:\/\/pirilana.com\/ca\/"},{"@type":"ListItem","position":2,"name":"Products","item":"https:\/\/pirilana.com\/ca\/products-pirilana\/"},{"@type":"ListItem","position":3,"name":"Edred\u00f3 de llana merino (Lleuger)"}]},{"@type":"WebSite","@id":"https:\/\/pirilana.com\/ca\/#website","url":"https:\/\/pirilana.com\/ca\/","name":"Pirilana","description":"La lana de tus sue\u00f1os - Edredones de lana hechos en Espa\u00f1a con materiales naturales que se adaptan a la temperatura de tu cuerpo.","potentialAction":[{"@type":"SearchAction","target":{"@type":"EntryPoint","urlTemplate":"https:\/\/pirilana.com\/ca\/?s={search_term_string}"},"query-input":{"@type":"PropertyValueSpecification","valueRequired":true,"valueName":"search_term_string"}}],"inLanguage":"ca"}]}},"_links":{"self":[{"href":"https:\/\/pirilana.com\/ca\/wp-json\/wp\/v2\/product\/14588","targetHints":{"allow":["GET"]}}],"collection":[{"href":"https:\/\/pirilana.com\/ca\/wp-json\/wp\/v2\/product"}],"about":[{"href":"https:\/\/pirilana.com\/ca\/wp-json\/wp\/v2\/types\/product"}],"replies":[{"embeddable":true,"href":"https:\/\/pirilana.com\/ca\/wp-json\/wp\/v2\/comments?post=14588"}],"version-history":[{"count":1,"href":"https:\/\/pirilana.com\/ca\/wp-json\/wp\/v2\/product\/14588\/revisions"}],"predecessor-version":[{"id":15244,"href":"https:\/\/pirilana.com\/ca\/wp-json\/wp\/v2\/product\/14588\/revisions\/15244"}],"wp:featuredmedia":[{"embeddable":true,"href":"https:\/\/pirilana.com\/ca\/wp-json\/wp\/v2\/media\/11543"}],"wp:attachment":[{"href":"https:\/\/pirilana.com\/ca\/wp-json\/wp\/v2\/media?parent=14588"}],"wp:term":[{"taxonomy":"product_brand","embeddable":true,"href":"https:\/\/pirilana.com\/ca\/wp-json\/wp\/v2\/product_brand?post=14588"},{"taxonomy":"product_cat","embeddable":true,"href":"https:\/\/pirilana.com\/ca\/wp-json\/wp\/v2\/product_cat?post=14588"},{"taxonomy":"product_tag","embeddable":true,"href":"https:\/\/pirilana.com\/ca\/wp-json\/wp\/v2\/product_tag?post=14588"}],"curies":[{"name":"wp","href":"https:\/\/api.w.org\/{rel}","templated":true}]}}