{"id":13759,"date":"2023-05-24T19:11:28","date_gmt":"2023-05-24T17:11:28","guid":{"rendered":"https:\/\/pirilana.com\/producto\/funda-per-coixi-formentera\/"},"modified":"2023-05-24T19:11:28","modified_gmt":"2023-05-24T17:11:28","slug":"funda-per-coixi-formentera","status":"publish","type":"product","link":"https:\/\/pirilana.com\/ca\/producte\/funda-per-coixi-formentera\/","title":{"rendered":"Funda per coix\u00ed Formentera"},"content":{"rendered":"<p>El lli \u00e9s una tela lleugera, lliure de borrissol i pot absorbir m\u00e9s humitat que el cot\u00f3 sense que la tela s&#8217;humitegi. Aquesta \u00e9s una gran avantatge, especialment per a les persones que transpiren molt. El lli \u00e9s tres vegades m\u00e9s resistent que el cot\u00f3, pel que es mantindr\u00e0 bonic durant anys, independentment de la freq\u00fc\u00e8ncia amb qu\u00e8 el rentis. \u00c9s una tela ventilada, se sent fresca a l&#8217;estiu i c\u00e0lida a l&#8217;hivern. El teu cos es mant\u00e9 a la temperatura adequada perqu\u00e8 t&#8217;adormis r\u00e0pidament.<\/p>\n<p>A causa de l&#8217;estructura de la pols, els \u00e0cars de la pols no prosperen en el lli. Un teixit ideal per a persones i nens al\u00b7l\u00e8rgics. A m\u00e9s, tamb\u00e9 \u00e9s antibacteri\u00e0, tens la sensaci\u00f3 cada dia que est\u00e0s entrant en un llit acabada de rentar.<\/p>\n","protected":false},"excerpt":{"rendered":"<p>Fundes per a coixins decoratius.<br \/>\nFunda 100% de lli amb detalls personalitzats en diverses mides i colors. Combina&#8217;ls amb els nostres farcits de llana de merino. Fets a m\u00e0 en el nostre taller. El tancament pot ser de sobre o amb cintes de el mateix material. Afegeix un toc personal al teu llit o sof\u00e0.<\/p>\n<p>Mesura: 25 \u00d7 60 cm.<\/p>\n","protected":false},"featured_media":11743,"comment_status":"closed","ping_status":"closed","template":"","meta":{"_joinchat":[]},"product_brand":[],"product_cat":[117,121,116],"product_tag":[],"class_list":{"0":"post-13759","1":"product","2":"type-product","3":"status-publish","4":"has-post-thumbnail","6":"product_cat-collection-deco-ca","7":"product_cat-complements","8":"product_cat-fundes-de-coixi","10":"first","11":"onbackorder","12":"taxable","13":"shipping-taxable","14":"purchasable","15":"product-type-variable","16":"has-default-attributes"},"bundled_by":[],"bundle_stock_status":"onbackorder","bundle_stock_quantity":null,"bundle_virtual":false,"bundle_layout":"","bundle_add_to_cart_form_location":"","bundle_editable_in_cart":false,"bundle_sold_individually_context":"","bundle_item_grouping":"","bundle_min_size":"","bundle_max_size":"","bundled_items":[],"bundle_sell_ids":[],"yoast_head":"<!-- This site is optimized with the Yoast SEO plugin v27.0 - https:\/\/yoast.com\/product\/yoast-seo-wordpress\/ -->\n<title>Funda per coix\u00ed Formentera - Pirilana<\/title>\n<meta name=\"description\" content=\"Funda de coix\u00ed 100% de pur lli amb detalls personalitzats en diversos colors i mides. Fetes a m\u00e0 en el nostre taller.\" \/>\n<meta name=\"robots\" content=\"index, follow, max-snippet:-1, max-image-preview:large, max-video-preview:-1\" \/>\n<link rel=\"canonical\" href=\"https:\/\/pirilana.com\/ca\/producte\/funda-per-coixi-formentera\/\" \/>\n<meta property=\"og:locale\" content=\"ca_ES\" \/>\n<meta property=\"og:type\" content=\"article\" \/>\n<meta property=\"og:title\" content=\"Funda per coix\u00ed Formentera - Pirilana\" \/>\n<meta property=\"og:description\" content=\"Funda de coix\u00ed 100% de pur lli amb detalls personalitzats en diversos colors i mides. Fetes a m\u00e0 en el nostre taller.\" \/>\n<meta property=\"og:url\" content=\"https:\/\/pirilana.com\/ca\/producte\/funda-per-coixi-formentera\/\" \/>\n<meta property=\"og:site_name\" content=\"Pirilana\" \/>\n<meta property=\"og:image\" content=\"https:\/\/pirilana.com\/wp-content\/uploads\/2023\/05\/El_arte_de_hamacarse_pirilana.png\" \/>\n\t<meta property=\"og:image:width\" content=\"940\" \/>\n\t<meta property=\"og:image:height\" content=\"788\" \/>\n\t<meta property=\"og:image:type\" content=\"image\/png\" \/>\n<meta name=\"twitter:label1\" content=\"Temps estimat de lectura\" \/>\n\t<meta name=\"twitter:data1\" content=\"1 minute\" \/>\n<script type=\"application\/ld+json\" class=\"yoast-schema-graph\">{\"@context\":\"https:\/\/schema.org\",\"@graph\":[{\"@type\":\"WebPage\",\"@id\":\"https:\/\/pirilana.com\/ca\/producte\/funda-per-coixi-formentera\/\",\"url\":\"https:\/\/pirilana.com\/ca\/producte\/funda-per-coixi-formentera\/\",\"name\":\"Funda per coix\u00ed Formentera - Pirilana\",\"isPartOf\":{\"@id\":\"https:\/\/pirilana.com\/ca\/#website\"},\"primaryImageOfPage\":{\"@id\":\"https:\/\/pirilana.com\/ca\/producte\/funda-per-coixi-formentera\/#primaryimage\"},\"image\":{\"@id\":\"https:\/\/pirilana.com\/ca\/producte\/funda-per-coixi-formentera\/#primaryimage\"},\"thumbnailUrl\":\"https:\/\/pirilana.com\/wp-content\/uploads\/2023\/05\/El_arte_de_hamacarse_pirilana.png\",\"datePublished\":\"2023-05-24T17:11:28+00:00\",\"description\":\"Funda de coix\u00ed 100% de pur lli amb detalls personalitzats en diversos colors i mides. Fetes a m\u00e0 en el nostre taller.\",\"breadcrumb\":{\"@id\":\"https:\/\/pirilana.com\/ca\/producte\/funda-per-coixi-formentera\/#breadcrumb\"},\"inLanguage\":\"ca\",\"potentialAction\":[{\"@type\":\"ReadAction\",\"target\":[\"https:\/\/pirilana.com\/ca\/producte\/funda-per-coixi-formentera\/\"]}]},{\"@type\":\"ImageObject\",\"inLanguage\":\"ca\",\"@id\":\"https:\/\/pirilana.com\/ca\/producte\/funda-per-coixi-formentera\/#primaryimage\",\"url\":\"https:\/\/pirilana.com\/wp-content\/uploads\/2023\/05\/El_arte_de_hamacarse_pirilana.png\",\"contentUrl\":\"https:\/\/pirilana.com\/wp-content\/uploads\/2023\/05\/El_arte_de_hamacarse_pirilana.png\",\"width\":940,\"height\":788,\"caption\":\"El_arte_de_hamacarse_pirilana.png\"},{\"@type\":\"BreadcrumbList\",\"@id\":\"https:\/\/pirilana.com\/ca\/producte\/funda-per-coixi-formentera\/#breadcrumb\",\"itemListElement\":[{\"@type\":\"ListItem\",\"position\":1,\"name\":\"Inici\",\"item\":\"https:\/\/pirilana.com\/ca\/\"},{\"@type\":\"ListItem\",\"position\":2,\"name\":\"Products\",\"item\":\"https:\/\/pirilana.com\/ca\/products-pirilana\/\"},{\"@type\":\"ListItem\",\"position\":3,\"name\":\"Funda per coix\u00ed Formentera\"}]},{\"@type\":\"WebSite\",\"@id\":\"https:\/\/pirilana.com\/ca\/#website\",\"url\":\"https:\/\/pirilana.com\/ca\/\",\"name\":\"Pirilana\",\"description\":\"La lana de tus sue\u00f1os - Edredones de lana hechos en Espa\u00f1a con materiales naturales que se adaptan a la temperatura de tu cuerpo.\",\"potentialAction\":[{\"@type\":\"SearchAction\",\"target\":{\"@type\":\"EntryPoint\",\"urlTemplate\":\"https:\/\/pirilana.com\/ca\/?s={search_term_string}\"},\"query-input\":{\"@type\":\"PropertyValueSpecification\",\"valueRequired\":true,\"valueName\":\"search_term_string\"}}],\"inLanguage\":\"ca\"}]}<\/script>\n<!-- \/ Yoast SEO plugin. -->","yoast_head_json":{"title":"Funda per coix\u00ed Formentera - Pirilana","description":"Funda de coix\u00ed 100% de pur lli amb detalls personalitzats en diversos colors i mides. Fetes a m\u00e0 en el nostre taller.","robots":{"index":"index","follow":"follow","max-snippet":"max-snippet:-1","max-image-preview":"max-image-preview:large","max-video-preview":"max-video-preview:-1"},"canonical":"https:\/\/pirilana.com\/ca\/producte\/funda-per-coixi-formentera\/","og_locale":"ca_ES","og_type":"article","og_title":"Funda per coix\u00ed Formentera - Pirilana","og_description":"Funda de coix\u00ed 100% de pur lli amb detalls personalitzats en diversos colors i mides. Fetes a m\u00e0 en el nostre taller.","og_url":"https:\/\/pirilana.com\/ca\/producte\/funda-per-coixi-formentera\/","og_site_name":"Pirilana","og_image":[{"width":940,"height":788,"url":"https:\/\/pirilana.com\/wp-content\/uploads\/2023\/05\/El_arte_de_hamacarse_pirilana.png","type":"image\/png"}],"twitter_misc":{"Temps estimat de lectura":"1 minute"},"schema":{"@context":"https:\/\/schema.org","@graph":[{"@type":"WebPage","@id":"https:\/\/pirilana.com\/ca\/producte\/funda-per-coixi-formentera\/","url":"https:\/\/pirilana.com\/ca\/producte\/funda-per-coixi-formentera\/","name":"Funda per coix\u00ed Formentera - Pirilana","isPartOf":{"@id":"https:\/\/pirilana.com\/ca\/#website"},"primaryImageOfPage":{"@id":"https:\/\/pirilana.com\/ca\/producte\/funda-per-coixi-formentera\/#primaryimage"},"image":{"@id":"https:\/\/pirilana.com\/ca\/producte\/funda-per-coixi-formentera\/#primaryimage"},"thumbnailUrl":"https:\/\/pirilana.com\/wp-content\/uploads\/2023\/05\/El_arte_de_hamacarse_pirilana.png","datePublished":"2023-05-24T17:11:28+00:00","description":"Funda de coix\u00ed 100% de pur lli amb detalls personalitzats en diversos colors i mides. Fetes a m\u00e0 en el nostre taller.","breadcrumb":{"@id":"https:\/\/pirilana.com\/ca\/producte\/funda-per-coixi-formentera\/#breadcrumb"},"inLanguage":"ca","potentialAction":[{"@type":"ReadAction","target":["https:\/\/pirilana.com\/ca\/producte\/funda-per-coixi-formentera\/"]}]},{"@type":"ImageObject","inLanguage":"ca","@id":"https:\/\/pirilana.com\/ca\/producte\/funda-per-coixi-formentera\/#primaryimage","url":"https:\/\/pirilana.com\/wp-content\/uploads\/2023\/05\/El_arte_de_hamacarse_pirilana.png","contentUrl":"https:\/\/pirilana.com\/wp-content\/uploads\/2023\/05\/El_arte_de_hamacarse_pirilana.png","width":940,"height":788,"caption":"El_arte_de_hamacarse_pirilana.png"},{"@type":"BreadcrumbList","@id":"https:\/\/pirilana.com\/ca\/producte\/funda-per-coixi-formentera\/#breadcrumb","itemListElement":[{"@type":"ListItem","position":1,"name":"Inici","item":"https:\/\/pirilana.com\/ca\/"},{"@type":"ListItem","position":2,"name":"Products","item":"https:\/\/pirilana.com\/ca\/products-pirilana\/"},{"@type":"ListItem","position":3,"name":"Funda per coix\u00ed Formentera"}]},{"@type":"WebSite","@id":"https:\/\/pirilana.com\/ca\/#website","url":"https:\/\/pirilana.com\/ca\/","name":"Pirilana","description":"La lana de tus sue\u00f1os - Edredones de lana hechos en Espa\u00f1a con materiales naturales que se adaptan a la temperatura de tu cuerpo.","potentialAction":[{"@type":"SearchAction","target":{"@type":"EntryPoint","urlTemplate":"https:\/\/pirilana.com\/ca\/?s={search_term_string}"},"query-input":{"@type":"PropertyValueSpecification","valueRequired":true,"valueName":"search_term_string"}}],"inLanguage":"ca"}]}},"_links":{"self":[{"href":"https:\/\/pirilana.com\/ca\/wp-json\/wp\/v2\/product\/13759","targetHints":{"allow":["GET"]}}],"collection":[{"href":"https:\/\/pirilana.com\/ca\/wp-json\/wp\/v2\/product"}],"about":[{"href":"https:\/\/pirilana.com\/ca\/wp-json\/wp\/v2\/types\/product"}],"replies":[{"embeddable":true,"href":"https:\/\/pirilana.com\/ca\/wp-json\/wp\/v2\/comments?post=13759"}],"version-history":[{"count":0,"href":"https:\/\/pirilana.com\/ca\/wp-json\/wp\/v2\/product\/13759\/revisions"}],"wp:featuredmedia":[{"embeddable":true,"href":"https:\/\/pirilana.com\/ca\/wp-json\/wp\/v2\/media\/11743"}],"wp:attachment":[{"href":"https:\/\/pirilana.com\/ca\/wp-json\/wp\/v2\/media?parent=13759"}],"wp:term":[{"taxonomy":"product_brand","embeddable":true,"href":"https:\/\/pirilana.com\/ca\/wp-json\/wp\/v2\/product_brand?post=13759"},{"taxonomy":"product_cat","embeddable":true,"href":"https:\/\/pirilana.com\/ca\/wp-json\/wp\/v2\/product_cat?post=13759"},{"taxonomy":"product_tag","embeddable":true,"href":"https:\/\/pirilana.com\/ca\/wp-json\/wp\/v2\/product_tag?post=13759"}],"curies":[{"name":"wp","href":"https:\/\/api.w.org\/{rel}","templated":true}]}}