{"id":13747,"date":"2023-05-24T19:11:29","date_gmt":"2023-05-24T17:11:29","guid":{"rendered":"https:\/\/pirilana.com\/producto\/funda-per-coixi-santori\/"},"modified":"2023-05-24T19:11:29","modified_gmt":"2023-05-24T17:11:29","slug":"funda-per-coixi-santori","status":"publish","type":"product","link":"https:\/\/pirilana.com\/ca\/producte\/funda-per-coixi-santori\/","title":{"rendered":"Funda per coix\u00ed Santori"},"content":{"rendered":"<p>El lli \u00e9s una tela lleugera, lliure de pelusses i que pot absorbir m\u00e9s humitat que el cot\u00f3 sense que la tela s&#8217;humitegi. Aquesta \u00e9s una gran avantatge, especialment per a les persones que transpiren molt. El lli \u00e9s tres vegades m\u00e9s resistent que el cot\u00f3, pel que es mantindr\u00e0 bonic durant anys, independentment de la freq\u00fc\u00e8ncia amb qu\u00e8 el rentis.<br \/>\nEl lli \u00e9s un teixit ideal per a persones i nens al\u00b7l\u00e8rgics, ja que \u00e9s anti\u00e0cars i antibacteri\u00e0, a m\u00e9s transpira de forma natural, sent fresca a l&#8217;estiu i c\u00e0lida a l&#8217;hivern.<\/p>\n","protected":false},"excerpt":{"rendered":"<p>Funda de coix\u00ed 100% de lli rentat. Color coral i dors en color blanc amb repunt en tons ocre. Tancament tipus sobre i acabat esqueixat. Aquesta funda de lli ha estat confeccionada a m\u00e0 en el nostre taller sota comanda.<\/p>\n<p>Mesura: 60 \u00d7 60 cm.<\/p>\n","protected":false},"featured_media":11764,"comment_status":"closed","ping_status":"closed","template":"","meta":{"_joinchat":[]},"product_brand":[],"product_cat":[117,121,116],"product_tag":[],"class_list":{"0":"post-13747","1":"product","2":"type-product","3":"status-publish","4":"has-post-thumbnail","6":"product_cat-collection-deco-ca","7":"product_cat-complements","8":"product_cat-fundes-de-coixi","10":"first","11":"onbackorder","12":"taxable","13":"shipping-taxable","14":"purchasable","15":"product-type-variable","16":"has-default-attributes"},"bundled_by":[],"bundle_stock_status":"onbackorder","bundle_stock_quantity":null,"bundle_virtual":false,"bundle_layout":"","bundle_add_to_cart_form_location":"","bundle_editable_in_cart":false,"bundle_sold_individually_context":"","bundle_item_grouping":"","bundle_min_size":"","bundle_max_size":"","bundled_items":[],"bundle_sell_ids":[],"yoast_head":"<!-- This site is optimized with the Yoast SEO plugin v27.0 - https:\/\/yoast.com\/product\/yoast-seo-wordpress\/ -->\n<title>Funda per coix\u00ed Santori - Pirilana<\/title>\n<meta name=\"description\" content=\"Fundes de coix\u00ed 100% de lli rentat amb detalls i acabats senzills i elegants. Fetes a m\u00e0 en el nostre taller sota comanda.\" \/>\n<meta name=\"robots\" content=\"index, follow, max-snippet:-1, max-image-preview:large, max-video-preview:-1\" \/>\n<link rel=\"canonical\" href=\"https:\/\/pirilana.com\/ca\/producte\/funda-per-coixi-santori\/\" \/>\n<meta property=\"og:locale\" content=\"ca_ES\" \/>\n<meta property=\"og:type\" content=\"article\" \/>\n<meta property=\"og:title\" content=\"Funda per coix\u00ed Santori - Pirilana\" \/>\n<meta property=\"og:description\" content=\"Fundes de coix\u00ed 100% de lli rentat amb detalls i acabats senzills i elegants. Fetes a m\u00e0 en el nostre taller sota comanda.\" \/>\n<meta property=\"og:url\" content=\"https:\/\/pirilana.com\/ca\/producte\/funda-per-coixi-santori\/\" \/>\n<meta property=\"og:site_name\" content=\"Pirilana\" \/>\n<meta property=\"og:image\" content=\"https:\/\/pirilana.com\/wp-content\/uploads\/2023\/05\/Pirilana-fundas-de-cojin-lino-santori-5.jpg\" \/>\n\t<meta property=\"og:image:width\" content=\"1000\" \/>\n\t<meta property=\"og:image:height\" content=\"1333\" \/>\n\t<meta property=\"og:image:type\" content=\"image\/jpeg\" \/>\n<meta name=\"twitter:label1\" content=\"Temps estimat de lectura\" \/>\n\t<meta name=\"twitter:data1\" content=\"1 minute\" \/>\n<script type=\"application\/ld+json\" class=\"yoast-schema-graph\">{\"@context\":\"https:\/\/schema.org\",\"@graph\":[{\"@type\":\"WebPage\",\"@id\":\"https:\/\/pirilana.com\/ca\/producte\/funda-per-coixi-santori\/\",\"url\":\"https:\/\/pirilana.com\/ca\/producte\/funda-per-coixi-santori\/\",\"name\":\"Funda per coix\u00ed Santori - Pirilana\",\"isPartOf\":{\"@id\":\"https:\/\/pirilana.com\/ca\/#website\"},\"primaryImageOfPage\":{\"@id\":\"https:\/\/pirilana.com\/ca\/producte\/funda-per-coixi-santori\/#primaryimage\"},\"image\":{\"@id\":\"https:\/\/pirilana.com\/ca\/producte\/funda-per-coixi-santori\/#primaryimage\"},\"thumbnailUrl\":\"https:\/\/pirilana.com\/wp-content\/uploads\/2023\/05\/Pirilana-fundas-de-cojin-lino-santori-5.jpg\",\"datePublished\":\"2023-05-24T17:11:29+00:00\",\"description\":\"Fundes de coix\u00ed 100% de lli rentat amb detalls i acabats senzills i elegants. Fetes a m\u00e0 en el nostre taller sota comanda.\",\"breadcrumb\":{\"@id\":\"https:\/\/pirilana.com\/ca\/producte\/funda-per-coixi-santori\/#breadcrumb\"},\"inLanguage\":\"ca\",\"potentialAction\":[{\"@type\":\"ReadAction\",\"target\":[\"https:\/\/pirilana.com\/ca\/producte\/funda-per-coixi-santori\/\"]}]},{\"@type\":\"ImageObject\",\"inLanguage\":\"ca\",\"@id\":\"https:\/\/pirilana.com\/ca\/producte\/funda-per-coixi-santori\/#primaryimage\",\"url\":\"https:\/\/pirilana.com\/wp-content\/uploads\/2023\/05\/Pirilana-fundas-de-cojin-lino-santori-5.jpg\",\"contentUrl\":\"https:\/\/pirilana.com\/wp-content\/uploads\/2023\/05\/Pirilana-fundas-de-cojin-lino-santori-5.jpg\",\"width\":1000,\"height\":1333,\"caption\":\"Pirilana-fundas-de-cojin-lino-santori-5.jpg\"},{\"@type\":\"BreadcrumbList\",\"@id\":\"https:\/\/pirilana.com\/ca\/producte\/funda-per-coixi-santori\/#breadcrumb\",\"itemListElement\":[{\"@type\":\"ListItem\",\"position\":1,\"name\":\"Inici\",\"item\":\"https:\/\/pirilana.com\/ca\/\"},{\"@type\":\"ListItem\",\"position\":2,\"name\":\"Products\",\"item\":\"https:\/\/pirilana.com\/ca\/products-pirilana\/\"},{\"@type\":\"ListItem\",\"position\":3,\"name\":\"Funda per coix\u00ed Santori\"}]},{\"@type\":\"WebSite\",\"@id\":\"https:\/\/pirilana.com\/ca\/#website\",\"url\":\"https:\/\/pirilana.com\/ca\/\",\"name\":\"Pirilana\",\"description\":\"La lana de tus sue\u00f1os - Edredones de lana hechos en Espa\u00f1a con materiales naturales que se adaptan a la temperatura de tu cuerpo.\",\"potentialAction\":[{\"@type\":\"SearchAction\",\"target\":{\"@type\":\"EntryPoint\",\"urlTemplate\":\"https:\/\/pirilana.com\/ca\/?s={search_term_string}\"},\"query-input\":{\"@type\":\"PropertyValueSpecification\",\"valueRequired\":true,\"valueName\":\"search_term_string\"}}],\"inLanguage\":\"ca\"}]}<\/script>\n<!-- \/ Yoast SEO plugin. -->","yoast_head_json":{"title":"Funda per coix\u00ed Santori - Pirilana","description":"Fundes de coix\u00ed 100% de lli rentat amb detalls i acabats senzills i elegants. Fetes a m\u00e0 en el nostre taller sota comanda.","robots":{"index":"index","follow":"follow","max-snippet":"max-snippet:-1","max-image-preview":"max-image-preview:large","max-video-preview":"max-video-preview:-1"},"canonical":"https:\/\/pirilana.com\/ca\/producte\/funda-per-coixi-santori\/","og_locale":"ca_ES","og_type":"article","og_title":"Funda per coix\u00ed Santori - Pirilana","og_description":"Fundes de coix\u00ed 100% de lli rentat amb detalls i acabats senzills i elegants. Fetes a m\u00e0 en el nostre taller sota comanda.","og_url":"https:\/\/pirilana.com\/ca\/producte\/funda-per-coixi-santori\/","og_site_name":"Pirilana","og_image":[{"width":1000,"height":1333,"url":"https:\/\/pirilana.com\/wp-content\/uploads\/2023\/05\/Pirilana-fundas-de-cojin-lino-santori-5.jpg","type":"image\/jpeg"}],"twitter_misc":{"Temps estimat de lectura":"1 minute"},"schema":{"@context":"https:\/\/schema.org","@graph":[{"@type":"WebPage","@id":"https:\/\/pirilana.com\/ca\/producte\/funda-per-coixi-santori\/","url":"https:\/\/pirilana.com\/ca\/producte\/funda-per-coixi-santori\/","name":"Funda per coix\u00ed Santori - Pirilana","isPartOf":{"@id":"https:\/\/pirilana.com\/ca\/#website"},"primaryImageOfPage":{"@id":"https:\/\/pirilana.com\/ca\/producte\/funda-per-coixi-santori\/#primaryimage"},"image":{"@id":"https:\/\/pirilana.com\/ca\/producte\/funda-per-coixi-santori\/#primaryimage"},"thumbnailUrl":"https:\/\/pirilana.com\/wp-content\/uploads\/2023\/05\/Pirilana-fundas-de-cojin-lino-santori-5.jpg","datePublished":"2023-05-24T17:11:29+00:00","description":"Fundes de coix\u00ed 100% de lli rentat amb detalls i acabats senzills i elegants. Fetes a m\u00e0 en el nostre taller sota comanda.","breadcrumb":{"@id":"https:\/\/pirilana.com\/ca\/producte\/funda-per-coixi-santori\/#breadcrumb"},"inLanguage":"ca","potentialAction":[{"@type":"ReadAction","target":["https:\/\/pirilana.com\/ca\/producte\/funda-per-coixi-santori\/"]}]},{"@type":"ImageObject","inLanguage":"ca","@id":"https:\/\/pirilana.com\/ca\/producte\/funda-per-coixi-santori\/#primaryimage","url":"https:\/\/pirilana.com\/wp-content\/uploads\/2023\/05\/Pirilana-fundas-de-cojin-lino-santori-5.jpg","contentUrl":"https:\/\/pirilana.com\/wp-content\/uploads\/2023\/05\/Pirilana-fundas-de-cojin-lino-santori-5.jpg","width":1000,"height":1333,"caption":"Pirilana-fundas-de-cojin-lino-santori-5.jpg"},{"@type":"BreadcrumbList","@id":"https:\/\/pirilana.com\/ca\/producte\/funda-per-coixi-santori\/#breadcrumb","itemListElement":[{"@type":"ListItem","position":1,"name":"Inici","item":"https:\/\/pirilana.com\/ca\/"},{"@type":"ListItem","position":2,"name":"Products","item":"https:\/\/pirilana.com\/ca\/products-pirilana\/"},{"@type":"ListItem","position":3,"name":"Funda per coix\u00ed Santori"}]},{"@type":"WebSite","@id":"https:\/\/pirilana.com\/ca\/#website","url":"https:\/\/pirilana.com\/ca\/","name":"Pirilana","description":"La lana de tus sue\u00f1os - Edredones de lana hechos en Espa\u00f1a con materiales naturales que se adaptan a la temperatura de tu cuerpo.","potentialAction":[{"@type":"SearchAction","target":{"@type":"EntryPoint","urlTemplate":"https:\/\/pirilana.com\/ca\/?s={search_term_string}"},"query-input":{"@type":"PropertyValueSpecification","valueRequired":true,"valueName":"search_term_string"}}],"inLanguage":"ca"}]}},"_links":{"self":[{"href":"https:\/\/pirilana.com\/ca\/wp-json\/wp\/v2\/product\/13747","targetHints":{"allow":["GET"]}}],"collection":[{"href":"https:\/\/pirilana.com\/ca\/wp-json\/wp\/v2\/product"}],"about":[{"href":"https:\/\/pirilana.com\/ca\/wp-json\/wp\/v2\/types\/product"}],"replies":[{"embeddable":true,"href":"https:\/\/pirilana.com\/ca\/wp-json\/wp\/v2\/comments?post=13747"}],"version-history":[{"count":0,"href":"https:\/\/pirilana.com\/ca\/wp-json\/wp\/v2\/product\/13747\/revisions"}],"wp:featuredmedia":[{"embeddable":true,"href":"https:\/\/pirilana.com\/ca\/wp-json\/wp\/v2\/media\/11764"}],"wp:attachment":[{"href":"https:\/\/pirilana.com\/ca\/wp-json\/wp\/v2\/media?parent=13747"}],"wp:term":[{"taxonomy":"product_brand","embeddable":true,"href":"https:\/\/pirilana.com\/ca\/wp-json\/wp\/v2\/product_brand?post=13747"},{"taxonomy":"product_cat","embeddable":true,"href":"https:\/\/pirilana.com\/ca\/wp-json\/wp\/v2\/product_cat?post=13747"},{"taxonomy":"product_tag","embeddable":true,"href":"https:\/\/pirilana.com\/ca\/wp-json\/wp\/v2\/product_tag?post=13747"}],"curies":[{"name":"wp","href":"https:\/\/api.w.org\/{rel}","templated":true}]}}