{"id":13705,"date":"2023-05-24T19:12:47","date_gmt":"2023-05-24T17:12:47","guid":{"rendered":"https:\/\/pirilana.com\/producto\/funda-de-coixi-sicilia\/"},"modified":"2023-05-24T19:12:47","modified_gmt":"2023-05-24T17:12:47","slug":"funda-de-coixi-sicilia","status":"publish","type":"product","link":"https:\/\/pirilana.com\/ca\/producte\/funda-de-coixi-sicilia\/","title":{"rendered":"Funda de coixi Sicilia"},"content":{"rendered":"<p>El lli \u00e9s una tela lleugera, lliure de borrissol i pot absorbir m\u00e9s humitat que el cot\u00f3 sense que la tela s&#8217;humitegi. Aquest \u00e9s un gran avantatge, especialment per a les persones que transpiren molt. El lli \u00e9s tres vegades m\u00e9s resistent que el cot\u00f3, per la qual cosa es mantindr\u00e0 bell durant anys, sense importar la freq\u00fc\u00e8ncia amb qu\u00e8 el rentis. \u00c9s una tela ventilada, se sent fresca a l&#8217;estiu i c\u00e0lida a l&#8217;hivern. El teu cos es mant\u00e9 a la temperatura adequada perqu\u00e8 t&#8217;adormis r\u00e0pidament.<\/p>\n<p>A causa de l&#8217;estructura de la pols, els \u00e0cars de la pols no prosperen al lli. Un teixit ideal per a persones i nens al\u00b7l\u00e8rgics. A m\u00e9s, tamb\u00e9 \u00e9s antibacteri\u00e0, tens la sensaci\u00f3 cada dia que est\u00e0s entrant en un llit acabat de rentar.<\/p>\n<p>Es confeccionen sota demanda. El <strong>temps de lliurament \u00e9s de 10 dies.<\/strong><\/p>\n<p>La nostra funda de lli blanc t\u00e9 una densitat de 170 gr i la funda de color natural t\u00e9 una densitat de 140 gr.<\/p>\n<p>La funda per a l&#8217;edred\u00f3 t\u00e9 tancament amb cintes. La coixinera t\u00e9 el tancament de sobre.<\/p>\n","protected":false},"excerpt":{"rendered":"<p>Funda de coix\u00ed 100% lli r\u00fastic. Les confeccionem a ma en el nostre taller sota comanda.<\/p>\n<p>Cremallera met\u00e0l\u00b7lica amb una maragda en el tirador. Vesteix la teva llar amb peces \u00faniques i gaudeix de la bellesa de lo artesanal a casa teva<\/p>\n","protected":false},"featured_media":12002,"comment_status":"closed","ping_status":"closed","template":"","meta":{"_joinchat":[]},"product_brand":[],"product_cat":[117,121,116],"product_tag":[],"class_list":{"0":"post-13705","1":"product","2":"type-product","3":"status-publish","4":"has-post-thumbnail","6":"product_cat-collection-deco-ca","7":"product_cat-complements","8":"product_cat-fundes-de-coixi","10":"first","11":"onbackorder","12":"taxable","13":"shipping-taxable","14":"purchasable","15":"product-type-variable","16":"has-default-attributes"},"bundled_by":[],"bundle_stock_status":"onbackorder","bundle_stock_quantity":0,"bundle_virtual":false,"bundle_layout":"","bundle_add_to_cart_form_location":"","bundle_editable_in_cart":false,"bundle_sold_individually_context":"","bundle_item_grouping":"","bundle_min_size":"","bundle_max_size":"","bundled_items":[],"bundle_sell_ids":[],"yoast_head":"<!-- This site is optimized with the Yoast SEO plugin v27.0 - https:\/\/yoast.com\/product\/yoast-seo-wordpress\/ -->\n<title>Funda de coixi Sicilia - Pirilana<\/title>\n<meta name=\"description\" content=\"Funda de coix\u00ed 100% Lli. Transforma la teva llar amb el confort i la eleg\u00e0ncia d&#039;una fibra natural, resistent i que transpira de manera natural.\" \/>\n<meta name=\"robots\" content=\"index, follow, max-snippet:-1, max-image-preview:large, max-video-preview:-1\" \/>\n<link rel=\"canonical\" href=\"https:\/\/pirilana.com\/ca\/producte\/funda-de-coixi-sicilia\/\" \/>\n<meta property=\"og:locale\" content=\"ca_ES\" \/>\n<meta property=\"og:type\" content=\"article\" \/>\n<meta property=\"og:title\" content=\"Funda de coixi Sicilia - Pirilana\" \/>\n<meta property=\"og:description\" content=\"Funda de coix\u00ed 100% Lli. Transforma la teva llar amb el confort i la eleg\u00e0ncia d&#039;una fibra natural, resistent i que transpira de manera natural.\" \/>\n<meta property=\"og:url\" content=\"https:\/\/pirilana.com\/ca\/producte\/funda-de-coixi-sicilia\/\" \/>\n<meta property=\"og:site_name\" content=\"Pirilana\" \/>\n<meta property=\"og:image\" content=\"https:\/\/pirilana.com\/wp-content\/uploads\/2023\/05\/COJIN_SICILIA_PIRILANA_AMBIENTE-scaled-1.jpg\" \/>\n\t<meta property=\"og:image:width\" content=\"1922\" \/>\n\t<meta property=\"og:image:height\" content=\"2560\" \/>\n\t<meta property=\"og:image:type\" content=\"image\/jpeg\" \/>\n<meta name=\"twitter:label1\" content=\"Temps estimat de lectura\" \/>\n\t<meta name=\"twitter:data1\" content=\"1 minute\" \/>\n<script type=\"application\/ld+json\" class=\"yoast-schema-graph\">{\"@context\":\"https:\/\/schema.org\",\"@graph\":[{\"@type\":\"WebPage\",\"@id\":\"https:\/\/pirilana.com\/ca\/producte\/funda-de-coixi-sicilia\/\",\"url\":\"https:\/\/pirilana.com\/ca\/producte\/funda-de-coixi-sicilia\/\",\"name\":\"Funda de coixi Sicilia - Pirilana\",\"isPartOf\":{\"@id\":\"https:\/\/pirilana.com\/ca\/#website\"},\"primaryImageOfPage\":{\"@id\":\"https:\/\/pirilana.com\/ca\/producte\/funda-de-coixi-sicilia\/#primaryimage\"},\"image\":{\"@id\":\"https:\/\/pirilana.com\/ca\/producte\/funda-de-coixi-sicilia\/#primaryimage\"},\"thumbnailUrl\":\"https:\/\/pirilana.com\/wp-content\/uploads\/2023\/05\/COJIN_SICILIA_PIRILANA_AMBIENTE-scaled-1.jpg\",\"datePublished\":\"2023-05-24T17:12:47+00:00\",\"description\":\"Funda de coix\u00ed 100% Lli. Transforma la teva llar amb el confort i la eleg\u00e0ncia d'una fibra natural, resistent i que transpira de manera natural.\",\"breadcrumb\":{\"@id\":\"https:\/\/pirilana.com\/ca\/producte\/funda-de-coixi-sicilia\/#breadcrumb\"},\"inLanguage\":\"ca\",\"potentialAction\":[{\"@type\":\"ReadAction\",\"target\":[\"https:\/\/pirilana.com\/ca\/producte\/funda-de-coixi-sicilia\/\"]}]},{\"@type\":\"ImageObject\",\"inLanguage\":\"ca\",\"@id\":\"https:\/\/pirilana.com\/ca\/producte\/funda-de-coixi-sicilia\/#primaryimage\",\"url\":\"https:\/\/pirilana.com\/wp-content\/uploads\/2023\/05\/COJIN_SICILIA_PIRILANA_AMBIENTE-scaled-1.jpg\",\"contentUrl\":\"https:\/\/pirilana.com\/wp-content\/uploads\/2023\/05\/COJIN_SICILIA_PIRILANA_AMBIENTE-scaled-1.jpg\",\"width\":1922,\"height\":2560,\"caption\":\"COJIN_SICILIA_PIRILANA_AMBIENTE-scaled-1.jpg\"},{\"@type\":\"BreadcrumbList\",\"@id\":\"https:\/\/pirilana.com\/ca\/producte\/funda-de-coixi-sicilia\/#breadcrumb\",\"itemListElement\":[{\"@type\":\"ListItem\",\"position\":1,\"name\":\"Inici\",\"item\":\"https:\/\/pirilana.com\/ca\/\"},{\"@type\":\"ListItem\",\"position\":2,\"name\":\"Products\",\"item\":\"https:\/\/pirilana.com\/ca\/products-pirilana\/\"},{\"@type\":\"ListItem\",\"position\":3,\"name\":\"Funda de coixi Sicilia\"}]},{\"@type\":\"WebSite\",\"@id\":\"https:\/\/pirilana.com\/ca\/#website\",\"url\":\"https:\/\/pirilana.com\/ca\/\",\"name\":\"Pirilana\",\"description\":\"La lana de tus sue\u00f1os - Edredones de lana hechos en Espa\u00f1a con materiales naturales que se adaptan a la temperatura de tu cuerpo.\",\"potentialAction\":[{\"@type\":\"SearchAction\",\"target\":{\"@type\":\"EntryPoint\",\"urlTemplate\":\"https:\/\/pirilana.com\/ca\/?s={search_term_string}\"},\"query-input\":{\"@type\":\"PropertyValueSpecification\",\"valueRequired\":true,\"valueName\":\"search_term_string\"}}],\"inLanguage\":\"ca\"}]}<\/script>\n<!-- \/ Yoast SEO plugin. -->","yoast_head_json":{"title":"Funda de coixi Sicilia - Pirilana","description":"Funda de coix\u00ed 100% Lli. Transforma la teva llar amb el confort i la eleg\u00e0ncia d'una fibra natural, resistent i que transpira de manera natural.","robots":{"index":"index","follow":"follow","max-snippet":"max-snippet:-1","max-image-preview":"max-image-preview:large","max-video-preview":"max-video-preview:-1"},"canonical":"https:\/\/pirilana.com\/ca\/producte\/funda-de-coixi-sicilia\/","og_locale":"ca_ES","og_type":"article","og_title":"Funda de coixi Sicilia - Pirilana","og_description":"Funda de coix\u00ed 100% Lli. Transforma la teva llar amb el confort i la eleg\u00e0ncia d'una fibra natural, resistent i que transpira de manera natural.","og_url":"https:\/\/pirilana.com\/ca\/producte\/funda-de-coixi-sicilia\/","og_site_name":"Pirilana","og_image":[{"width":1922,"height":2560,"url":"https:\/\/pirilana.com\/wp-content\/uploads\/2023\/05\/COJIN_SICILIA_PIRILANA_AMBIENTE-scaled-1.jpg","type":"image\/jpeg"}],"twitter_misc":{"Temps estimat de lectura":"1 minute"},"schema":{"@context":"https:\/\/schema.org","@graph":[{"@type":"WebPage","@id":"https:\/\/pirilana.com\/ca\/producte\/funda-de-coixi-sicilia\/","url":"https:\/\/pirilana.com\/ca\/producte\/funda-de-coixi-sicilia\/","name":"Funda de coixi Sicilia - Pirilana","isPartOf":{"@id":"https:\/\/pirilana.com\/ca\/#website"},"primaryImageOfPage":{"@id":"https:\/\/pirilana.com\/ca\/producte\/funda-de-coixi-sicilia\/#primaryimage"},"image":{"@id":"https:\/\/pirilana.com\/ca\/producte\/funda-de-coixi-sicilia\/#primaryimage"},"thumbnailUrl":"https:\/\/pirilana.com\/wp-content\/uploads\/2023\/05\/COJIN_SICILIA_PIRILANA_AMBIENTE-scaled-1.jpg","datePublished":"2023-05-24T17:12:47+00:00","description":"Funda de coix\u00ed 100% Lli. Transforma la teva llar amb el confort i la eleg\u00e0ncia d'una fibra natural, resistent i que transpira de manera natural.","breadcrumb":{"@id":"https:\/\/pirilana.com\/ca\/producte\/funda-de-coixi-sicilia\/#breadcrumb"},"inLanguage":"ca","potentialAction":[{"@type":"ReadAction","target":["https:\/\/pirilana.com\/ca\/producte\/funda-de-coixi-sicilia\/"]}]},{"@type":"ImageObject","inLanguage":"ca","@id":"https:\/\/pirilana.com\/ca\/producte\/funda-de-coixi-sicilia\/#primaryimage","url":"https:\/\/pirilana.com\/wp-content\/uploads\/2023\/05\/COJIN_SICILIA_PIRILANA_AMBIENTE-scaled-1.jpg","contentUrl":"https:\/\/pirilana.com\/wp-content\/uploads\/2023\/05\/COJIN_SICILIA_PIRILANA_AMBIENTE-scaled-1.jpg","width":1922,"height":2560,"caption":"COJIN_SICILIA_PIRILANA_AMBIENTE-scaled-1.jpg"},{"@type":"BreadcrumbList","@id":"https:\/\/pirilana.com\/ca\/producte\/funda-de-coixi-sicilia\/#breadcrumb","itemListElement":[{"@type":"ListItem","position":1,"name":"Inici","item":"https:\/\/pirilana.com\/ca\/"},{"@type":"ListItem","position":2,"name":"Products","item":"https:\/\/pirilana.com\/ca\/products-pirilana\/"},{"@type":"ListItem","position":3,"name":"Funda de coixi Sicilia"}]},{"@type":"WebSite","@id":"https:\/\/pirilana.com\/ca\/#website","url":"https:\/\/pirilana.com\/ca\/","name":"Pirilana","description":"La lana de tus sue\u00f1os - Edredones de lana hechos en Espa\u00f1a con materiales naturales que se adaptan a la temperatura de tu cuerpo.","potentialAction":[{"@type":"SearchAction","target":{"@type":"EntryPoint","urlTemplate":"https:\/\/pirilana.com\/ca\/?s={search_term_string}"},"query-input":{"@type":"PropertyValueSpecification","valueRequired":true,"valueName":"search_term_string"}}],"inLanguage":"ca"}]}},"_links":{"self":[{"href":"https:\/\/pirilana.com\/ca\/wp-json\/wp\/v2\/product\/13705","targetHints":{"allow":["GET"]}}],"collection":[{"href":"https:\/\/pirilana.com\/ca\/wp-json\/wp\/v2\/product"}],"about":[{"href":"https:\/\/pirilana.com\/ca\/wp-json\/wp\/v2\/types\/product"}],"replies":[{"embeddable":true,"href":"https:\/\/pirilana.com\/ca\/wp-json\/wp\/v2\/comments?post=13705"}],"version-history":[{"count":0,"href":"https:\/\/pirilana.com\/ca\/wp-json\/wp\/v2\/product\/13705\/revisions"}],"wp:featuredmedia":[{"embeddable":true,"href":"https:\/\/pirilana.com\/ca\/wp-json\/wp\/v2\/media\/12002"}],"wp:attachment":[{"href":"https:\/\/pirilana.com\/ca\/wp-json\/wp\/v2\/media?parent=13705"}],"wp:term":[{"taxonomy":"product_brand","embeddable":true,"href":"https:\/\/pirilana.com\/ca\/wp-json\/wp\/v2\/product_brand?post=13705"},{"taxonomy":"product_cat","embeddable":true,"href":"https:\/\/pirilana.com\/ca\/wp-json\/wp\/v2\/product_cat?post=13705"},{"taxonomy":"product_tag","embeddable":true,"href":"https:\/\/pirilana.com\/ca\/wp-json\/wp\/v2\/product_tag?post=13705"}],"curies":[{"name":"wp","href":"https:\/\/api.w.org\/{rel}","templated":true}]}}