{"id":13581,"date":"2023-05-24T19:11:56","date_gmt":"2023-05-24T17:11:56","guid":{"rendered":"https:\/\/pirilana.com\/producto\/funda-de-coto-setinat-sardenya\/"},"modified":"2023-05-24T19:11:56","modified_gmt":"2023-05-24T17:11:56","slug":"funda-de-coto-setinat-sardenya","status":"publish","type":"product","link":"https:\/\/pirilana.com\/ca\/producte\/funda-de-coto-setinat-sardenya\/","title":{"rendered":"Funda de cot\u00f3 setinat Sardenya"},"content":{"rendered":"<h3>Instruccions de rentat<\/h3>\n<ul>\n<li>Rentar del rev\u00e9s a 40 graus.<\/li>\n<li>Utilitzeu una bossa de bugaderia per mantenir la tela bella i protegir-la de rascades durant el rentat.<\/li>\n<li>No sobrecarregueu la m\u00e0quina.<\/li>\n<li>Utilitzeu detergent l\u00edquida per roba fina.<\/li>\n<li>Eviteu qualsevol detergent que contingui clor, enzims, lleixiu o blanquejador d&#8217;oxigen, ja que pot danyar la tela.<\/li>\n<li>Utilitzeu poc detergent per a una retenci\u00f3 \u00f2ptima del color.<\/li>\n<li>Trieu un programa de rentat curt (\u00b11 hora) aix\u00f2 renta igual de b\u00e9 i \u00e9s millor per a la tela i el medi ambient.<\/li>\n<li>Rentar per separat altres materials i colors.<\/li>\n<\/ul>\n<h3>Assecar<\/h3>\n<ul>\n<li>Recomanem assecar la roba de llit de forma natural, aix\u00f2 \u00e9s millor per a la tela i el medi ambient.<\/li>\n<li>El teixit s&#8217;ha tornat r\u00edgid despr\u00e9s de l&#8217;assecat a l&#8217;aire? despr\u00e9s poseu-lo breument a l&#8217;assecadora a temperatura baixa amb una tovallola suau, perqu\u00e8 la seva roba de llit torni a ser suau<\/li>\n<\/ul>\n<h3>Planxat i vapor<\/h3>\n<ul>\n<li>Es pot planxar a temperatura mitjana.<\/li>\n<li>No planxar i aix\u00ed i tot evitar les arrugues? centrifugar a baixa velocitat, no omplir la m\u00e0quina i penjar b\u00e9 la roba de llit despr\u00e9s del rentat.<\/li>\n<\/ul>\n","protected":false},"excerpt":{"rendered":"<p>Funda de cot\u00f3 setinat. Aquest cot\u00f3 100% natural t\u00e9 un acabat setinat magn\u00edfic. \u00c9s molt agradable al tacte, lleuger i sueva. Els seus 135 gr\/m i els seus 120 fils fan que aquest cot\u00f3 molt apreciat pel teu llit. Disponible en 6 colors.<\/p>\n","protected":false},"featured_media":11900,"comment_status":"open","ping_status":"closed","template":"","meta":{"_joinchat":[]},"product_brand":[],"product_cat":[117,121,115],"product_tag":[],"class_list":{"0":"post-13581","1":"product","2":"type-product","3":"status-publish","4":"has-post-thumbnail","6":"product_cat-collection-deco-ca","7":"product_cat-complements","8":"product_cat-fundes","10":"first","11":"onbackorder","12":"taxable","13":"shipping-taxable","14":"purchasable","15":"product-type-variable"},"bundled_by":["13339"],"bundle_stock_status":"onbackorder","bundle_stock_quantity":null,"bundle_virtual":false,"bundle_layout":"","bundle_add_to_cart_form_location":"","bundle_editable_in_cart":false,"bundle_sold_individually_context":"","bundle_item_grouping":"","bundle_min_size":"","bundle_max_size":"","bundled_items":[],"bundle_sell_ids":[],"yoast_head":"<!-- This site is optimized with the Yoast SEO plugin v27.0 - https:\/\/yoast.com\/product\/yoast-seo-wordpress\/ -->\n<title>Funda de cot\u00f3 setinat Sardenya - Pirilana<\/title>\n<meta name=\"description\" content=\"Cot\u00f3 100% natural amb acabat setinat. \u00c9s molt agradable al tacte, lleuger i suau. Disponible en 6 colors.\" \/>\n<meta name=\"robots\" content=\"index, follow, max-snippet:-1, max-image-preview:large, max-video-preview:-1\" \/>\n<link rel=\"canonical\" href=\"https:\/\/pirilana.com\/ca\/producte\/funda-de-coto-setinat-sardenya\/\" \/>\n<meta property=\"og:locale\" content=\"ca_ES\" \/>\n<meta property=\"og:type\" content=\"article\" \/>\n<meta property=\"og:title\" content=\"Funda de cot\u00f3 setinat Sardenya - Pirilana\" \/>\n<meta property=\"og:description\" content=\"Cot\u00f3 100% natural amb acabat setinat. \u00c9s molt agradable al tacte, lleuger i suau. Disponible en 6 colors.\" \/>\n<meta property=\"og:url\" content=\"https:\/\/pirilana.com\/ca\/producte\/funda-de-coto-setinat-sardenya\/\" \/>\n<meta property=\"og:site_name\" content=\"Pirilana\" \/>\n<meta property=\"og:image\" content=\"https:\/\/pirilana.com\/wp-content\/uploads\/2023\/05\/Funda-de-algodon-pirilana-Sardenya-02.jpg\" \/>\n\t<meta property=\"og:image:width\" content=\"900\" \/>\n\t<meta property=\"og:image:height\" content=\"900\" \/>\n\t<meta property=\"og:image:type\" content=\"image\/jpeg\" \/>\n<meta name=\"twitter:label1\" content=\"Temps estimat de lectura\" \/>\n\t<meta name=\"twitter:data1\" content=\"1 minute\" \/>\n<script type=\"application\/ld+json\" class=\"yoast-schema-graph\">{\"@context\":\"https:\/\/schema.org\",\"@graph\":[{\"@type\":\"WebPage\",\"@id\":\"https:\/\/pirilana.com\/ca\/producte\/funda-de-coto-setinat-sardenya\/\",\"url\":\"https:\/\/pirilana.com\/ca\/producte\/funda-de-coto-setinat-sardenya\/\",\"name\":\"Funda de cot\u00f3 setinat Sardenya - Pirilana\",\"isPartOf\":{\"@id\":\"https:\/\/pirilana.com\/ca\/#website\"},\"primaryImageOfPage\":{\"@id\":\"https:\/\/pirilana.com\/ca\/producte\/funda-de-coto-setinat-sardenya\/#primaryimage\"},\"image\":{\"@id\":\"https:\/\/pirilana.com\/ca\/producte\/funda-de-coto-setinat-sardenya\/#primaryimage\"},\"thumbnailUrl\":\"https:\/\/pirilana.com\/wp-content\/uploads\/2023\/05\/Funda-de-algodon-pirilana-Sardenya-02.jpg\",\"datePublished\":\"2023-05-24T17:11:56+00:00\",\"description\":\"Cot\u00f3 100% natural amb acabat setinat. \u00c9s molt agradable al tacte, lleuger i suau. Disponible en 6 colors.\",\"breadcrumb\":{\"@id\":\"https:\/\/pirilana.com\/ca\/producte\/funda-de-coto-setinat-sardenya\/#breadcrumb\"},\"inLanguage\":\"ca\",\"potentialAction\":[{\"@type\":\"ReadAction\",\"target\":[\"https:\/\/pirilana.com\/ca\/producte\/funda-de-coto-setinat-sardenya\/\"]}]},{\"@type\":\"ImageObject\",\"inLanguage\":\"ca\",\"@id\":\"https:\/\/pirilana.com\/ca\/producte\/funda-de-coto-setinat-sardenya\/#primaryimage\",\"url\":\"https:\/\/pirilana.com\/wp-content\/uploads\/2023\/05\/Funda-de-algodon-pirilana-Sardenya-02.jpg\",\"contentUrl\":\"https:\/\/pirilana.com\/wp-content\/uploads\/2023\/05\/Funda-de-algodon-pirilana-Sardenya-02.jpg\",\"width\":900,\"height\":900,\"caption\":\"funda de nordico de algod\u00f3n sat\u00e9n con funda de almohada\"},{\"@type\":\"BreadcrumbList\",\"@id\":\"https:\/\/pirilana.com\/ca\/producte\/funda-de-coto-setinat-sardenya\/#breadcrumb\",\"itemListElement\":[{\"@type\":\"ListItem\",\"position\":1,\"name\":\"Inici\",\"item\":\"https:\/\/pirilana.com\/ca\/\"},{\"@type\":\"ListItem\",\"position\":2,\"name\":\"Products\",\"item\":\"https:\/\/pirilana.com\/ca\/products-pirilana\/\"},{\"@type\":\"ListItem\",\"position\":3,\"name\":\"Funda de cot\u00f3 setinat Sardenya\"}]},{\"@type\":\"WebSite\",\"@id\":\"https:\/\/pirilana.com\/ca\/#website\",\"url\":\"https:\/\/pirilana.com\/ca\/\",\"name\":\"Pirilana\",\"description\":\"La lana de tus sue\u00f1os - Edredones de lana hechos en Espa\u00f1a con materiales naturales que se adaptan a la temperatura de tu cuerpo.\",\"potentialAction\":[{\"@type\":\"SearchAction\",\"target\":{\"@type\":\"EntryPoint\",\"urlTemplate\":\"https:\/\/pirilana.com\/ca\/?s={search_term_string}\"},\"query-input\":{\"@type\":\"PropertyValueSpecification\",\"valueRequired\":true,\"valueName\":\"search_term_string\"}}],\"inLanguage\":\"ca\"}]}<\/script>\n<!-- \/ Yoast SEO plugin. -->","yoast_head_json":{"title":"Funda de cot\u00f3 setinat Sardenya - Pirilana","description":"Cot\u00f3 100% natural amb acabat setinat. \u00c9s molt agradable al tacte, lleuger i suau. Disponible en 6 colors.","robots":{"index":"index","follow":"follow","max-snippet":"max-snippet:-1","max-image-preview":"max-image-preview:large","max-video-preview":"max-video-preview:-1"},"canonical":"https:\/\/pirilana.com\/ca\/producte\/funda-de-coto-setinat-sardenya\/","og_locale":"ca_ES","og_type":"article","og_title":"Funda de cot\u00f3 setinat Sardenya - Pirilana","og_description":"Cot\u00f3 100% natural amb acabat setinat. \u00c9s molt agradable al tacte, lleuger i suau. Disponible en 6 colors.","og_url":"https:\/\/pirilana.com\/ca\/producte\/funda-de-coto-setinat-sardenya\/","og_site_name":"Pirilana","og_image":[{"width":900,"height":900,"url":"https:\/\/pirilana.com\/wp-content\/uploads\/2023\/05\/Funda-de-algodon-pirilana-Sardenya-02.jpg","type":"image\/jpeg"}],"twitter_misc":{"Temps estimat de lectura":"1 minute"},"schema":{"@context":"https:\/\/schema.org","@graph":[{"@type":"WebPage","@id":"https:\/\/pirilana.com\/ca\/producte\/funda-de-coto-setinat-sardenya\/","url":"https:\/\/pirilana.com\/ca\/producte\/funda-de-coto-setinat-sardenya\/","name":"Funda de cot\u00f3 setinat Sardenya - Pirilana","isPartOf":{"@id":"https:\/\/pirilana.com\/ca\/#website"},"primaryImageOfPage":{"@id":"https:\/\/pirilana.com\/ca\/producte\/funda-de-coto-setinat-sardenya\/#primaryimage"},"image":{"@id":"https:\/\/pirilana.com\/ca\/producte\/funda-de-coto-setinat-sardenya\/#primaryimage"},"thumbnailUrl":"https:\/\/pirilana.com\/wp-content\/uploads\/2023\/05\/Funda-de-algodon-pirilana-Sardenya-02.jpg","datePublished":"2023-05-24T17:11:56+00:00","description":"Cot\u00f3 100% natural amb acabat setinat. \u00c9s molt agradable al tacte, lleuger i suau. Disponible en 6 colors.","breadcrumb":{"@id":"https:\/\/pirilana.com\/ca\/producte\/funda-de-coto-setinat-sardenya\/#breadcrumb"},"inLanguage":"ca","potentialAction":[{"@type":"ReadAction","target":["https:\/\/pirilana.com\/ca\/producte\/funda-de-coto-setinat-sardenya\/"]}]},{"@type":"ImageObject","inLanguage":"ca","@id":"https:\/\/pirilana.com\/ca\/producte\/funda-de-coto-setinat-sardenya\/#primaryimage","url":"https:\/\/pirilana.com\/wp-content\/uploads\/2023\/05\/Funda-de-algodon-pirilana-Sardenya-02.jpg","contentUrl":"https:\/\/pirilana.com\/wp-content\/uploads\/2023\/05\/Funda-de-algodon-pirilana-Sardenya-02.jpg","width":900,"height":900,"caption":"funda de nordico de algod\u00f3n sat\u00e9n con funda de almohada"},{"@type":"BreadcrumbList","@id":"https:\/\/pirilana.com\/ca\/producte\/funda-de-coto-setinat-sardenya\/#breadcrumb","itemListElement":[{"@type":"ListItem","position":1,"name":"Inici","item":"https:\/\/pirilana.com\/ca\/"},{"@type":"ListItem","position":2,"name":"Products","item":"https:\/\/pirilana.com\/ca\/products-pirilana\/"},{"@type":"ListItem","position":3,"name":"Funda de cot\u00f3 setinat Sardenya"}]},{"@type":"WebSite","@id":"https:\/\/pirilana.com\/ca\/#website","url":"https:\/\/pirilana.com\/ca\/","name":"Pirilana","description":"La lana de tus sue\u00f1os - Edredones de lana hechos en Espa\u00f1a con materiales naturales que se adaptan a la temperatura de tu cuerpo.","potentialAction":[{"@type":"SearchAction","target":{"@type":"EntryPoint","urlTemplate":"https:\/\/pirilana.com\/ca\/?s={search_term_string}"},"query-input":{"@type":"PropertyValueSpecification","valueRequired":true,"valueName":"search_term_string"}}],"inLanguage":"ca"}]}},"_links":{"self":[{"href":"https:\/\/pirilana.com\/ca\/wp-json\/wp\/v2\/product\/13581","targetHints":{"allow":["GET"]}}],"collection":[{"href":"https:\/\/pirilana.com\/ca\/wp-json\/wp\/v2\/product"}],"about":[{"href":"https:\/\/pirilana.com\/ca\/wp-json\/wp\/v2\/types\/product"}],"replies":[{"embeddable":true,"href":"https:\/\/pirilana.com\/ca\/wp-json\/wp\/v2\/comments?post=13581"}],"version-history":[{"count":0,"href":"https:\/\/pirilana.com\/ca\/wp-json\/wp\/v2\/product\/13581\/revisions"}],"wp:featuredmedia":[{"embeddable":true,"href":"https:\/\/pirilana.com\/ca\/wp-json\/wp\/v2\/media\/11900"}],"wp:attachment":[{"href":"https:\/\/pirilana.com\/ca\/wp-json\/wp\/v2\/media?parent=13581"}],"wp:term":[{"taxonomy":"product_brand","embeddable":true,"href":"https:\/\/pirilana.com\/ca\/wp-json\/wp\/v2\/product_brand?post=13581"},{"taxonomy":"product_cat","embeddable":true,"href":"https:\/\/pirilana.com\/ca\/wp-json\/wp\/v2\/product_cat?post=13581"},{"taxonomy":"product_tag","embeddable":true,"href":"https:\/\/pirilana.com\/ca\/wp-json\/wp\/v2\/product_tag?post=13581"}],"curies":[{"name":"wp","href":"https:\/\/api.w.org\/{rel}","templated":true}]}}