{"id":13545,"date":"2023-05-24T19:11:10","date_gmt":"2023-05-24T17:11:10","guid":{"rendered":"https:\/\/pirilana.com\/producto\/protector-de-matalas-de-coto\/"},"modified":"2023-10-30T20:12:46","modified_gmt":"2023-10-30T19:12:46","slug":"protector-de-matalas-de-coto","status":"publish","type":"product","link":"https:\/\/pirilana.com\/ca\/producte\/protector-de-matalas-de-coto\/","title":{"rendered":"Edred\u00f3 de cot\u00f3"},"content":{"rendered":"<p>Farcit de cot\u00f3 100% org\u00e0nic i encoixinat amb cot\u00f3 de m\u00e0xima qualitat. Entre temps (Primavera \/ Estiu \/ Tardor)<\/p>\n","protected":false},"excerpt":{"rendered":"<p>Gaudeix d&#8217;un protector 100% natural farcit de cot\u00f3 org\u00e0nic. Els nostres protectors donaran m\u00e9s fermesa i confort al teu descans mentre protegeixen el teu matal\u00e0s. A m\u00e9s et a\u00efllaran dels possibles compostos qu\u00edmics dels matalassos convencionals perqu\u00e8 dormis saludablement. Encoixinat amb cot\u00f3 de 4ooTC.<\/p>\n","protected":false},"featured_media":11698,"comment_status":"open","ping_status":"closed","template":"","meta":{"_joinchat":[]},"product_brand":[],"product_cat":[119,110],"product_tag":[],"class_list":{"0":"post-13545","1":"product","2":"type-product","3":"status-publish","4":"has-post-thumbnail","6":"product_cat-matalassos","7":"product_cat-outlet-ca","9":"first","10":"outofstock","11":"taxable","12":"shipping-taxable","13":"product-type-variable"},"bundled_by":[],"bundle_stock_status":"outofstock","bundle_stock_quantity":null,"bundle_virtual":false,"bundle_layout":"","bundle_add_to_cart_form_location":"","bundle_editable_in_cart":false,"bundle_sold_individually_context":"","bundle_item_grouping":"","bundle_min_size":"","bundle_max_size":"","bundled_items":[],"bundle_sell_ids":[],"yoast_head":"<!-- This site is optimized with the Yoast SEO plugin v27.0 - https:\/\/yoast.com\/product\/yoast-seo-wordpress\/ -->\n<title>Edred\u00f3 de cot\u00f3 - Pirilana<\/title>\n<meta name=\"description\" content=\"Protector de matal\u00e0s de cot\u00f3 org\u00e0nic. Protegeix el teu matal\u00e0s i aporta fermesa i confort al teu descans. Encoixinat amb cot\u00f3 de 400TC.\" \/>\n<meta name=\"robots\" content=\"index, follow, max-snippet:-1, max-image-preview:large, max-video-preview:-1\" \/>\n<link rel=\"canonical\" href=\"https:\/\/pirilana.com\/ca\/producte\/protector-de-matalas-de-coto\/\" \/>\n<meta property=\"og:locale\" content=\"ca_ES\" \/>\n<meta property=\"og:type\" content=\"article\" \/>\n<meta property=\"og:title\" content=\"Edred\u00f3 de cot\u00f3 - Pirilana\" \/>\n<meta property=\"og:description\" content=\"Protector de matal\u00e0s de cot\u00f3 org\u00e0nic. Protegeix el teu matal\u00e0s i aporta fermesa i confort al teu descans. Encoixinat amb cot\u00f3 de 400TC.\" \/>\n<meta property=\"og:url\" content=\"https:\/\/pirilana.com\/ca\/producte\/protector-de-matalas-de-coto\/\" \/>\n<meta property=\"og:site_name\" content=\"Pirilana\" \/>\n<meta property=\"article:modified_time\" content=\"2023-10-30T19:12:46+00:00\" \/>\n<meta property=\"og:image\" content=\"https:\/\/pirilana.com\/wp-content\/uploads\/2023\/05\/Edredon-Pirilana-Algodon-Outlet-1.jpg\" \/>\n\t<meta property=\"og:image:width\" content=\"1024\" \/>\n\t<meta property=\"og:image:height\" content=\"628\" \/>\n\t<meta property=\"og:image:type\" content=\"image\/jpeg\" \/>\n<meta name=\"twitter:label1\" content=\"Temps estimat de lectura\" \/>\n\t<meta name=\"twitter:data1\" content=\"1 minute\" \/>\n<script type=\"application\/ld+json\" class=\"yoast-schema-graph\">{\"@context\":\"https:\/\/schema.org\",\"@graph\":[{\"@type\":\"WebPage\",\"@id\":\"https:\/\/pirilana.com\/ca\/producte\/protector-de-matalas-de-coto\/\",\"url\":\"https:\/\/pirilana.com\/ca\/producte\/protector-de-matalas-de-coto\/\",\"name\":\"Edred\u00f3 de cot\u00f3 - Pirilana\",\"isPartOf\":{\"@id\":\"https:\/\/pirilana.com\/ca\/#website\"},\"primaryImageOfPage\":{\"@id\":\"https:\/\/pirilana.com\/ca\/producte\/protector-de-matalas-de-coto\/#primaryimage\"},\"image\":{\"@id\":\"https:\/\/pirilana.com\/ca\/producte\/protector-de-matalas-de-coto\/#primaryimage\"},\"thumbnailUrl\":\"https:\/\/pirilana.com\/wp-content\/uploads\/2023\/05\/Edredon-Pirilana-Algodon-Outlet-1.jpg\",\"datePublished\":\"2023-05-24T17:11:10+00:00\",\"dateModified\":\"2023-10-30T19:12:46+00:00\",\"description\":\"Protector de matal\u00e0s de cot\u00f3 org\u00e0nic. Protegeix el teu matal\u00e0s i aporta fermesa i confort al teu descans. Encoixinat amb cot\u00f3 de 400TC.\",\"breadcrumb\":{\"@id\":\"https:\/\/pirilana.com\/ca\/producte\/protector-de-matalas-de-coto\/#breadcrumb\"},\"inLanguage\":\"ca\",\"potentialAction\":[{\"@type\":\"ReadAction\",\"target\":[\"https:\/\/pirilana.com\/ca\/producte\/protector-de-matalas-de-coto\/\"]}]},{\"@type\":\"ImageObject\",\"inLanguage\":\"ca\",\"@id\":\"https:\/\/pirilana.com\/ca\/producte\/protector-de-matalas-de-coto\/#primaryimage\",\"url\":\"https:\/\/pirilana.com\/wp-content\/uploads\/2023\/05\/Edredon-Pirilana-Algodon-Outlet-1.jpg\",\"contentUrl\":\"https:\/\/pirilana.com\/wp-content\/uploads\/2023\/05\/Edredon-Pirilana-Algodon-Outlet-1.jpg\",\"width\":1024,\"height\":628,\"caption\":\"Edredon-Pirilana-Algodon-Outlet-1.jpg\"},{\"@type\":\"BreadcrumbList\",\"@id\":\"https:\/\/pirilana.com\/ca\/producte\/protector-de-matalas-de-coto\/#breadcrumb\",\"itemListElement\":[{\"@type\":\"ListItem\",\"position\":1,\"name\":\"Inici\",\"item\":\"https:\/\/pirilana.com\/ca\/\"},{\"@type\":\"ListItem\",\"position\":2,\"name\":\"Products\",\"item\":\"https:\/\/pirilana.com\/ca\/products-pirilana\/\"},{\"@type\":\"ListItem\",\"position\":3,\"name\":\"Edred\u00f3 de cot\u00f3\"}]},{\"@type\":\"WebSite\",\"@id\":\"https:\/\/pirilana.com\/ca\/#website\",\"url\":\"https:\/\/pirilana.com\/ca\/\",\"name\":\"Pirilana\",\"description\":\"La lana de tus sue\u00f1os - Edredones de lana hechos en Espa\u00f1a con materiales naturales que se adaptan a la temperatura de tu cuerpo.\",\"potentialAction\":[{\"@type\":\"SearchAction\",\"target\":{\"@type\":\"EntryPoint\",\"urlTemplate\":\"https:\/\/pirilana.com\/ca\/?s={search_term_string}\"},\"query-input\":{\"@type\":\"PropertyValueSpecification\",\"valueRequired\":true,\"valueName\":\"search_term_string\"}}],\"inLanguage\":\"ca\"}]}<\/script>\n<!-- \/ Yoast SEO plugin. -->","yoast_head_json":{"title":"Edred\u00f3 de cot\u00f3 - Pirilana","description":"Protector de matal\u00e0s de cot\u00f3 org\u00e0nic. Protegeix el teu matal\u00e0s i aporta fermesa i confort al teu descans. Encoixinat amb cot\u00f3 de 400TC.","robots":{"index":"index","follow":"follow","max-snippet":"max-snippet:-1","max-image-preview":"max-image-preview:large","max-video-preview":"max-video-preview:-1"},"canonical":"https:\/\/pirilana.com\/ca\/producte\/protector-de-matalas-de-coto\/","og_locale":"ca_ES","og_type":"article","og_title":"Edred\u00f3 de cot\u00f3 - Pirilana","og_description":"Protector de matal\u00e0s de cot\u00f3 org\u00e0nic. Protegeix el teu matal\u00e0s i aporta fermesa i confort al teu descans. Encoixinat amb cot\u00f3 de 400TC.","og_url":"https:\/\/pirilana.com\/ca\/producte\/protector-de-matalas-de-coto\/","og_site_name":"Pirilana","article_modified_time":"2023-10-30T19:12:46+00:00","og_image":[{"width":1024,"height":628,"url":"https:\/\/pirilana.com\/wp-content\/uploads\/2023\/05\/Edredon-Pirilana-Algodon-Outlet-1.jpg","type":"image\/jpeg"}],"twitter_misc":{"Temps estimat de lectura":"1 minute"},"schema":{"@context":"https:\/\/schema.org","@graph":[{"@type":"WebPage","@id":"https:\/\/pirilana.com\/ca\/producte\/protector-de-matalas-de-coto\/","url":"https:\/\/pirilana.com\/ca\/producte\/protector-de-matalas-de-coto\/","name":"Edred\u00f3 de cot\u00f3 - Pirilana","isPartOf":{"@id":"https:\/\/pirilana.com\/ca\/#website"},"primaryImageOfPage":{"@id":"https:\/\/pirilana.com\/ca\/producte\/protector-de-matalas-de-coto\/#primaryimage"},"image":{"@id":"https:\/\/pirilana.com\/ca\/producte\/protector-de-matalas-de-coto\/#primaryimage"},"thumbnailUrl":"https:\/\/pirilana.com\/wp-content\/uploads\/2023\/05\/Edredon-Pirilana-Algodon-Outlet-1.jpg","datePublished":"2023-05-24T17:11:10+00:00","dateModified":"2023-10-30T19:12:46+00:00","description":"Protector de matal\u00e0s de cot\u00f3 org\u00e0nic. Protegeix el teu matal\u00e0s i aporta fermesa i confort al teu descans. Encoixinat amb cot\u00f3 de 400TC.","breadcrumb":{"@id":"https:\/\/pirilana.com\/ca\/producte\/protector-de-matalas-de-coto\/#breadcrumb"},"inLanguage":"ca","potentialAction":[{"@type":"ReadAction","target":["https:\/\/pirilana.com\/ca\/producte\/protector-de-matalas-de-coto\/"]}]},{"@type":"ImageObject","inLanguage":"ca","@id":"https:\/\/pirilana.com\/ca\/producte\/protector-de-matalas-de-coto\/#primaryimage","url":"https:\/\/pirilana.com\/wp-content\/uploads\/2023\/05\/Edredon-Pirilana-Algodon-Outlet-1.jpg","contentUrl":"https:\/\/pirilana.com\/wp-content\/uploads\/2023\/05\/Edredon-Pirilana-Algodon-Outlet-1.jpg","width":1024,"height":628,"caption":"Edredon-Pirilana-Algodon-Outlet-1.jpg"},{"@type":"BreadcrumbList","@id":"https:\/\/pirilana.com\/ca\/producte\/protector-de-matalas-de-coto\/#breadcrumb","itemListElement":[{"@type":"ListItem","position":1,"name":"Inici","item":"https:\/\/pirilana.com\/ca\/"},{"@type":"ListItem","position":2,"name":"Products","item":"https:\/\/pirilana.com\/ca\/products-pirilana\/"},{"@type":"ListItem","position":3,"name":"Edred\u00f3 de cot\u00f3"}]},{"@type":"WebSite","@id":"https:\/\/pirilana.com\/ca\/#website","url":"https:\/\/pirilana.com\/ca\/","name":"Pirilana","description":"La lana de tus sue\u00f1os - Edredones de lana hechos en Espa\u00f1a con materiales naturales que se adaptan a la temperatura de tu cuerpo.","potentialAction":[{"@type":"SearchAction","target":{"@type":"EntryPoint","urlTemplate":"https:\/\/pirilana.com\/ca\/?s={search_term_string}"},"query-input":{"@type":"PropertyValueSpecification","valueRequired":true,"valueName":"search_term_string"}}],"inLanguage":"ca"}]}},"_links":{"self":[{"href":"https:\/\/pirilana.com\/ca\/wp-json\/wp\/v2\/product\/13545","targetHints":{"allow":["GET"]}}],"collection":[{"href":"https:\/\/pirilana.com\/ca\/wp-json\/wp\/v2\/product"}],"about":[{"href":"https:\/\/pirilana.com\/ca\/wp-json\/wp\/v2\/types\/product"}],"replies":[{"embeddable":true,"href":"https:\/\/pirilana.com\/ca\/wp-json\/wp\/v2\/comments?post=13545"}],"version-history":[{"count":1,"href":"https:\/\/pirilana.com\/ca\/wp-json\/wp\/v2\/product\/13545\/revisions"}],"predecessor-version":[{"id":15500,"href":"https:\/\/pirilana.com\/ca\/wp-json\/wp\/v2\/product\/13545\/revisions\/15500"}],"wp:featuredmedia":[{"embeddable":true,"href":"https:\/\/pirilana.com\/ca\/wp-json\/wp\/v2\/media\/11698"}],"wp:attachment":[{"href":"https:\/\/pirilana.com\/ca\/wp-json\/wp\/v2\/media?parent=13545"}],"wp:term":[{"taxonomy":"product_brand","embeddable":true,"href":"https:\/\/pirilana.com\/ca\/wp-json\/wp\/v2\/product_brand?post=13545"},{"taxonomy":"product_cat","embeddable":true,"href":"https:\/\/pirilana.com\/ca\/wp-json\/wp\/v2\/product_cat?post=13545"},{"taxonomy":"product_tag","embeddable":true,"href":"https:\/\/pirilana.com\/ca\/wp-json\/wp\/v2\/product_tag?post=13545"}],"curies":[{"name":"wp","href":"https:\/\/api.w.org\/{rel}","templated":true}]}}