{"id":13535,"date":"2023-05-24T19:10:52","date_gmt":"2023-05-24T17:10:52","guid":{"rendered":"https:\/\/pirilana.com\/producto\/protector-de-matalas\/"},"modified":"2023-05-24T19:10:52","modified_gmt":"2023-05-24T17:10:52","slug":"protector-de-matalas","status":"publish","type":"product","link":"https:\/\/pirilana.com\/ca\/producte\/protector-de-matalas\/","title":{"rendered":"Protector de matal\u00e0s"},"content":{"rendered":"<ul>\n<li>Densitat de 450gr \/ m\u00b2 de llana, proporciona comoditat extra suau per dormir.<\/li>\n<li>Encoixinat amb cot\u00f3 org\u00e0nic.<\/li>\n<li>Capa de llana inferior, que proporciona:\n<ul>\n<li>Calor agradable a l&#8217;hivern<\/li>\n<li>Ventilaci\u00f3 i refrigeraci\u00f3 excepcional a l&#8217;estiu gr\u00e0cies a les propietats de la llana merino.<\/li>\n<\/ul>\n<\/li>\n<li>Ideal per a persones amb problemes d&#8217;esquena gr\u00e0cies a la suavitat i el suport de la llana.<\/li>\n<li>Aquest producte el confeccionem habitualment a mida, de manera que el temps de servei \u00e9s d&#8217;aproximadament 1o dies<\/li>\n<\/ul>\n","protected":false},"excerpt":{"rendered":"<p>Els nostres protectors de llana natural ajuden a transpirar ia protegir el matal\u00e0s. A m\u00e9s ofereixen un confort extra millorant la qualitat del teu descans.<\/p>\n<p>El certificat OEKO TEX garanteix que estan fabricats sense subst\u00e0ncies t\u00f2xiques i amb llana de la m\u00e9s alta qualitat.<\/p>\n<p>Sorpr\u00e8n-te de la seva lleugeresa i suavitat i gaudeix de les seves propietats antibacterianes i singlot al\u00b7lerg\u00f2genes que a m\u00e9s tenen cura de la teva salut i benestar per a un descans reparador.<\/p>\n<p>Farcits amb pura llana merina i encoixinats amb 100% cot\u00f3 set\u00ed 400TC.<\/p>\n","protected":false},"featured_media":11606,"comment_status":"open","ping_status":"closed","template":"","meta":{"_joinchat":[]},"product_brand":[],"product_cat":[119],"product_tag":[136,135],"class_list":{"0":"post-13535","1":"product","2":"type-product","3":"status-publish","4":"has-post-thumbnail","6":"product_cat-matalassos","7":"product_tag-protectors","8":"product_tag-roba-de-llit","10":"first","11":"onbackorder","12":"taxable","13":"shipping-taxable","14":"purchasable","15":"product-type-variable"},"bundled_by":["13335"],"bundle_stock_status":"onbackorder","bundle_stock_quantity":null,"bundle_virtual":false,"bundle_layout":"","bundle_add_to_cart_form_location":"","bundle_editable_in_cart":false,"bundle_sold_individually_context":"","bundle_item_grouping":"","bundle_min_size":"","bundle_max_size":"","bundled_items":[],"bundle_sell_ids":[],"yoast_head":"<!-- This site is optimized with the Yoast SEO plugin v27.0 - https:\/\/yoast.com\/product\/yoast-seo-wordpress\/ -->\n<title>Protector de matal\u00e0s - Pirilana<\/title>\n<meta name=\"description\" content=\"Protector de matal\u00e0s de llana merino per a un descans saludable i profund. Protegeix el teu matal\u00e0s i cuida la teva salut.\" \/>\n<meta name=\"robots\" content=\"index, follow, max-snippet:-1, max-image-preview:large, max-video-preview:-1\" \/>\n<link rel=\"canonical\" href=\"https:\/\/pirilana.com\/ca\/producte\/protector-de-matalas\/\" \/>\n<meta property=\"og:locale\" content=\"ca_ES\" \/>\n<meta property=\"og:type\" content=\"article\" \/>\n<meta property=\"og:title\" content=\"Protector de matal\u00e0s - Pirilana\" \/>\n<meta property=\"og:description\" content=\"Protector de matal\u00e0s de llana merino per a un descans saludable i profund. Protegeix el teu matal\u00e0s i cuida la teva salut.\" \/>\n<meta property=\"og:url\" content=\"https:\/\/pirilana.com\/ca\/producte\/protector-de-matalas\/\" \/>\n<meta property=\"og:site_name\" content=\"Pirilana\" \/>\n<meta property=\"og:image\" content=\"https:\/\/pirilana.com\/wp-content\/uploads\/2023\/05\/edredon_de_lana_merino_pirilana.jpg\" \/>\n\t<meta property=\"og:image:width\" content=\"1300\" \/>\n\t<meta property=\"og:image:height\" content=\"1300\" \/>\n\t<meta property=\"og:image:type\" content=\"image\/jpeg\" \/>\n<script type=\"application\/ld+json\" class=\"yoast-schema-graph\">{\"@context\":\"https:\/\/schema.org\",\"@graph\":[{\"@type\":\"WebPage\",\"@id\":\"https:\/\/pirilana.com\/ca\/producte\/protector-de-matalas\/\",\"url\":\"https:\/\/pirilana.com\/ca\/producte\/protector-de-matalas\/\",\"name\":\"Protector de matal\u00e0s - Pirilana\",\"isPartOf\":{\"@id\":\"https:\/\/pirilana.com\/ca\/#website\"},\"primaryImageOfPage\":{\"@id\":\"https:\/\/pirilana.com\/ca\/producte\/protector-de-matalas\/#primaryimage\"},\"image\":{\"@id\":\"https:\/\/pirilana.com\/ca\/producte\/protector-de-matalas\/#primaryimage\"},\"thumbnailUrl\":\"https:\/\/pirilana.com\/wp-content\/uploads\/2023\/05\/edredon_de_lana_merino_pirilana.jpg\",\"datePublished\":\"2023-05-24T17:10:52+00:00\",\"description\":\"Protector de matal\u00e0s de llana merino per a un descans saludable i profund. Protegeix el teu matal\u00e0s i cuida la teva salut.\",\"breadcrumb\":{\"@id\":\"https:\/\/pirilana.com\/ca\/producte\/protector-de-matalas\/#breadcrumb\"},\"inLanguage\":\"ca\",\"potentialAction\":[{\"@type\":\"ReadAction\",\"target\":[\"https:\/\/pirilana.com\/ca\/producte\/protector-de-matalas\/\"]}]},{\"@type\":\"ImageObject\",\"inLanguage\":\"ca\",\"@id\":\"https:\/\/pirilana.com\/ca\/producte\/protector-de-matalas\/#primaryimage\",\"url\":\"https:\/\/pirilana.com\/wp-content\/uploads\/2023\/05\/edredon_de_lana_merino_pirilana.jpg\",\"contentUrl\":\"https:\/\/pirilana.com\/wp-content\/uploads\/2023\/05\/edredon_de_lana_merino_pirilana.jpg\",\"width\":1300,\"height\":1300,\"caption\":\"protector de colch\u00f3n de lana merino\"},{\"@type\":\"BreadcrumbList\",\"@id\":\"https:\/\/pirilana.com\/ca\/producte\/protector-de-matalas\/#breadcrumb\",\"itemListElement\":[{\"@type\":\"ListItem\",\"position\":1,\"name\":\"Inici\",\"item\":\"https:\/\/pirilana.com\/ca\/\"},{\"@type\":\"ListItem\",\"position\":2,\"name\":\"Products\",\"item\":\"https:\/\/pirilana.com\/ca\/products-pirilana\/\"},{\"@type\":\"ListItem\",\"position\":3,\"name\":\"Protector de matal\u00e0s\"}]},{\"@type\":\"WebSite\",\"@id\":\"https:\/\/pirilana.com\/ca\/#website\",\"url\":\"https:\/\/pirilana.com\/ca\/\",\"name\":\"Pirilana\",\"description\":\"La lana de tus sue\u00f1os - Edredones de lana hechos en Espa\u00f1a con materiales naturales que se adaptan a la temperatura de tu cuerpo.\",\"potentialAction\":[{\"@type\":\"SearchAction\",\"target\":{\"@type\":\"EntryPoint\",\"urlTemplate\":\"https:\/\/pirilana.com\/ca\/?s={search_term_string}\"},\"query-input\":{\"@type\":\"PropertyValueSpecification\",\"valueRequired\":true,\"valueName\":\"search_term_string\"}}],\"inLanguage\":\"ca\"}]}<\/script>\n<!-- \/ Yoast SEO plugin. -->","yoast_head_json":{"title":"Protector de matal\u00e0s - Pirilana","description":"Protector de matal\u00e0s de llana merino per a un descans saludable i profund. Protegeix el teu matal\u00e0s i cuida la teva salut.","robots":{"index":"index","follow":"follow","max-snippet":"max-snippet:-1","max-image-preview":"max-image-preview:large","max-video-preview":"max-video-preview:-1"},"canonical":"https:\/\/pirilana.com\/ca\/producte\/protector-de-matalas\/","og_locale":"ca_ES","og_type":"article","og_title":"Protector de matal\u00e0s - Pirilana","og_description":"Protector de matal\u00e0s de llana merino per a un descans saludable i profund. Protegeix el teu matal\u00e0s i cuida la teva salut.","og_url":"https:\/\/pirilana.com\/ca\/producte\/protector-de-matalas\/","og_site_name":"Pirilana","og_image":[{"width":1300,"height":1300,"url":"https:\/\/pirilana.com\/wp-content\/uploads\/2023\/05\/edredon_de_lana_merino_pirilana.jpg","type":"image\/jpeg"}],"schema":{"@context":"https:\/\/schema.org","@graph":[{"@type":"WebPage","@id":"https:\/\/pirilana.com\/ca\/producte\/protector-de-matalas\/","url":"https:\/\/pirilana.com\/ca\/producte\/protector-de-matalas\/","name":"Protector de matal\u00e0s - Pirilana","isPartOf":{"@id":"https:\/\/pirilana.com\/ca\/#website"},"primaryImageOfPage":{"@id":"https:\/\/pirilana.com\/ca\/producte\/protector-de-matalas\/#primaryimage"},"image":{"@id":"https:\/\/pirilana.com\/ca\/producte\/protector-de-matalas\/#primaryimage"},"thumbnailUrl":"https:\/\/pirilana.com\/wp-content\/uploads\/2023\/05\/edredon_de_lana_merino_pirilana.jpg","datePublished":"2023-05-24T17:10:52+00:00","description":"Protector de matal\u00e0s de llana merino per a un descans saludable i profund. Protegeix el teu matal\u00e0s i cuida la teva salut.","breadcrumb":{"@id":"https:\/\/pirilana.com\/ca\/producte\/protector-de-matalas\/#breadcrumb"},"inLanguage":"ca","potentialAction":[{"@type":"ReadAction","target":["https:\/\/pirilana.com\/ca\/producte\/protector-de-matalas\/"]}]},{"@type":"ImageObject","inLanguage":"ca","@id":"https:\/\/pirilana.com\/ca\/producte\/protector-de-matalas\/#primaryimage","url":"https:\/\/pirilana.com\/wp-content\/uploads\/2023\/05\/edredon_de_lana_merino_pirilana.jpg","contentUrl":"https:\/\/pirilana.com\/wp-content\/uploads\/2023\/05\/edredon_de_lana_merino_pirilana.jpg","width":1300,"height":1300,"caption":"protector de colch\u00f3n de lana merino"},{"@type":"BreadcrumbList","@id":"https:\/\/pirilana.com\/ca\/producte\/protector-de-matalas\/#breadcrumb","itemListElement":[{"@type":"ListItem","position":1,"name":"Inici","item":"https:\/\/pirilana.com\/ca\/"},{"@type":"ListItem","position":2,"name":"Products","item":"https:\/\/pirilana.com\/ca\/products-pirilana\/"},{"@type":"ListItem","position":3,"name":"Protector de matal\u00e0s"}]},{"@type":"WebSite","@id":"https:\/\/pirilana.com\/ca\/#website","url":"https:\/\/pirilana.com\/ca\/","name":"Pirilana","description":"La lana de tus sue\u00f1os - Edredones de lana hechos en Espa\u00f1a con materiales naturales que se adaptan a la temperatura de tu cuerpo.","potentialAction":[{"@type":"SearchAction","target":{"@type":"EntryPoint","urlTemplate":"https:\/\/pirilana.com\/ca\/?s={search_term_string}"},"query-input":{"@type":"PropertyValueSpecification","valueRequired":true,"valueName":"search_term_string"}}],"inLanguage":"ca"}]}},"_links":{"self":[{"href":"https:\/\/pirilana.com\/ca\/wp-json\/wp\/v2\/product\/13535","targetHints":{"allow":["GET"]}}],"collection":[{"href":"https:\/\/pirilana.com\/ca\/wp-json\/wp\/v2\/product"}],"about":[{"href":"https:\/\/pirilana.com\/ca\/wp-json\/wp\/v2\/types\/product"}],"replies":[{"embeddable":true,"href":"https:\/\/pirilana.com\/ca\/wp-json\/wp\/v2\/comments?post=13535"}],"version-history":[{"count":0,"href":"https:\/\/pirilana.com\/ca\/wp-json\/wp\/v2\/product\/13535\/revisions"}],"wp:featuredmedia":[{"embeddable":true,"href":"https:\/\/pirilana.com\/ca\/wp-json\/wp\/v2\/media\/11606"}],"wp:attachment":[{"href":"https:\/\/pirilana.com\/ca\/wp-json\/wp\/v2\/media?parent=13535"}],"wp:term":[{"taxonomy":"product_brand","embeddable":true,"href":"https:\/\/pirilana.com\/ca\/wp-json\/wp\/v2\/product_brand?post=13535"},{"taxonomy":"product_cat","embeddable":true,"href":"https:\/\/pirilana.com\/ca\/wp-json\/wp\/v2\/product_cat?post=13535"},{"taxonomy":"product_tag","embeddable":true,"href":"https:\/\/pirilana.com\/ca\/wp-json\/wp\/v2\/product_tag?post=13535"}],"curies":[{"name":"wp","href":"https:\/\/api.w.org\/{rel}","templated":true}]}}