{"id":13447,"date":"2023-05-24T19:10:39","date_gmt":"2023-05-24T17:10:39","guid":{"rendered":"https:\/\/pirilana.com\/producto\/edredons-per-parelles\/"},"modified":"2023-05-24T19:10:39","modified_gmt":"2023-05-24T17:10:39","slug":"edredons-per-parelles","status":"publish","type":"product","link":"https:\/\/pirilana.com\/ca\/producte\/edredons-per-parelles\/","title":{"rendered":"Sistema Dual"},"content":{"rendered":"<p>Els nostres edredons del sistema dual estan confeccionats amb la millor llana de merino d&#8217;origen nacional seleccionada personalment per oferir-vos un producte de qualitat superior. Les nostres llanes tenen el certificat <strong>OEKO TEX Standar 100<\/strong>; que garanteixen que estan lliures de toxines, i els nostres cotons de set\u00ed de 400 TC tenen la prestigiosa certificaci\u00f3 <strong>GOTS<\/strong> que garanteix un treball digne durant tot el proc\u00e9s, un cot\u00f3 lliure de subst\u00e0ncies nocives per a la salut i un cultiu sostenible i ecol\u00f2gics de les fibres.<\/p>\n<p>Escull el gruix que necessites per a cada edred\u00f3 segons la temporada i la temperatura de la teva habitaci\u00f3. T&#8217;ajudem a escollir la mida correcta per al teu llit a la taula inferior.<\/p>\n<h2>A\u00efllament t\u00e8rmic: 200gr.<\/h2>\n<p>L&#8217;edred\u00f3 lleuger d&#8217;estiu \u00e9s equivalent a una insolaci\u00f3 t\u00e8rmica d&#8217;aproximadament 2-6 Tog. \u00c9s c\u00f2mode per a temperatures de dormitori entre 23 i 15 \u2103. Aquesta estructura \u00e9s perfecta per a les nits d&#8217;estiu.<\/p>\n<h2>A\u00efllament t\u00e8rmic: 400gr.<\/h2>\n<p>L&#8217;edred\u00f3 de llana Merino tardor\/primavera t\u00e9 un a\u00efllament t\u00e8rmic aproximat de 7-10 Tog. \u00c9s c\u00f2mode per a temperatures dhabitaci\u00f3 entre 19 i 10 \u2103. \u00c9s l&#8217;equilibri perfecte entre la permeabilitat de l&#8217;aire i l&#8217;a\u00efllament t\u00e8rmic. Aquesta estructura \u00e9s perfecta per a les nits de tardor\/primavera.<\/p>\n<h2>A\u00efllament t\u00e8rmic: 600gr<\/h2>\n<p>L&#8217;edred\u00f3 estiu i la primavera\/tardor s&#8217;ajunten per formar un edred\u00f3 d&#8217;hivern amb un a\u00efllament d&#8217;aprox. 12 TOG. Que \u00e9s una temperatura entre 16 i 8 \u2103.<\/p>\n<p><b>El sistema dual t\u00e9 m\u00faltiples combinacions, perqu\u00e8 no passis fred o massa calor.<\/b><\/p>\n<hr \/>\n<h2 id=\"relacion-tam\u00e0\">Relaci\u00f3 entre la mida del llit i el de l&#8217;edred\u00f3<\/h2>\n<div class=\"tamanyos\">\n<table class=\"tamany\" width=\"100%\">\n<tbody>\n<tr>\n<th width=\"95\">Model<\/th>\n<th width=\"160\">mesura llit<\/th>\n<th width=\"148\">mesura edred\u00f3<\/th>\n<\/tr>\n<tr>\n<th>Mois\u00e8s<\/th>\n<td>55 x 85<\/td>\n<td>70 x 100<\/td>\n<\/tr>\n<tr>\n<th>Bressol<\/th>\n<td>70 x 140<\/td>\n<td>100 x 140<\/td>\n<\/tr>\n<tr>\n<th>Infantil<\/th>\n<td>70 x 160<\/td>\n<td>120 x 200<\/td>\n<\/tr>\n<tr>\n<th>Individual<\/th>\n<td>80\/90\/105 x 200<\/td>\n<td>150 x 220<\/td>\n<\/tr>\n<tr>\n<th>Dues places<\/th>\n<td>120\/135\/150 x 200<\/td>\n<td>180\/200 x 220<\/td>\n<\/tr>\n<tr>\n<th>Queen<\/th>\n<td>180 x 200<\/td>\n<td>220\/240 x 220<\/td>\n<\/tr>\n<tr>\n<th>King<\/th>\n<td>200 x 200<\/td>\n<td>240\/260 x 220<\/td>\n<\/tr>\n<\/tbody>\n<\/table>\n<\/div>\n","protected":false},"excerpt":{"rendered":"<p>El nostre Sistema Dual consta de dos edredons individuals que s&#8217;uneixen amb cintes i es converteixen en un edred\u00f3 de llit doble. La soluci\u00f3 ideal per a parelles amb diferents temperatures corporals.<\/p>\n<p><strong>Escull el gruix i grand\u00e0ria que necessites.<\/strong><\/p>\n","protected":false},"featured_media":11552,"comment_status":"open","ping_status":"closed","template":"","meta":{"_joinchat":[]},"product_brand":[],"product_cat":[108],"product_tag":[],"class_list":{"0":"post-13447","1":"product","2":"type-product","3":"status-publish","4":"has-post-thumbnail","6":"product_cat-edredons","8":"first","9":"instock","10":"taxable","11":"shipping-taxable","12":"purchasable","13":"product-type-variable","14":"has-default-attributes"},"bundled_by":[],"bundle_stock_status":"instock","bundle_stock_quantity":null,"bundle_virtual":false,"bundle_layout":"","bundle_add_to_cart_form_location":"","bundle_editable_in_cart":false,"bundle_sold_individually_context":"","bundle_item_grouping":"","bundle_min_size":"","bundle_max_size":"","bundled_items":[],"bundle_sell_ids":[],"yoast_head":"<!-- This site is optimized with the Yoast SEO plugin v27.0 - https:\/\/yoast.com\/product\/yoast-seo-wordpress\/ -->\n<title>Sistema Dual - Pirilana<\/title>\n<meta name=\"robots\" content=\"index, follow, max-snippet:-1, max-image-preview:large, max-video-preview:-1\" \/>\n<link rel=\"canonical\" href=\"https:\/\/pirilana.com\/ca\/producte\/edredons-per-parelles\/\" \/>\n<meta property=\"og:locale\" content=\"ca_ES\" \/>\n<meta property=\"og:type\" content=\"article\" \/>\n<meta property=\"og:title\" content=\"Sistema Dual - Pirilana\" \/>\n<meta property=\"og:description\" content=\"El nostre Sistema Dual consta de dos edredons individuals que s&#039;uneixen amb cintes i es converteixen en un edred\u00f3 de llit doble. La soluci\u00f3 ideal per a parelles amb diferents temperatures corporals.  Escull el gruix i grand\u00e0ria que necessites.\" \/>\n<meta property=\"og:url\" content=\"https:\/\/pirilana.com\/ca\/producte\/edredons-per-parelles\/\" \/>\n<meta property=\"og:site_name\" content=\"Pirilana\" \/>\n<meta property=\"og:image\" content=\"https:\/\/pirilana.com\/wp-content\/uploads\/2023\/05\/edredones-de-lana-merino-pirilana-1.png\" \/>\n\t<meta property=\"og:image:width\" content=\"940\" \/>\n\t<meta property=\"og:image:height\" content=\"788\" \/>\n\t<meta property=\"og:image:type\" content=\"image\/png\" \/>\n<meta name=\"twitter:label1\" content=\"Temps estimat de lectura\" \/>\n\t<meta name=\"twitter:data1\" content=\"1 minute\" \/>\n<script type=\"application\/ld+json\" class=\"yoast-schema-graph\">{\"@context\":\"https:\/\/schema.org\",\"@graph\":[{\"@type\":\"WebPage\",\"@id\":\"https:\/\/pirilana.com\/ca\/producte\/edredons-per-parelles\/\",\"url\":\"https:\/\/pirilana.com\/ca\/producte\/edredons-per-parelles\/\",\"name\":\"Sistema Dual - Pirilana\",\"isPartOf\":{\"@id\":\"https:\/\/pirilana.com\/ca\/#website\"},\"primaryImageOfPage\":{\"@id\":\"https:\/\/pirilana.com\/ca\/producte\/edredons-per-parelles\/#primaryimage\"},\"image\":{\"@id\":\"https:\/\/pirilana.com\/ca\/producte\/edredons-per-parelles\/#primaryimage\"},\"thumbnailUrl\":\"https:\/\/pirilana.com\/wp-content\/uploads\/2023\/05\/edredones-de-lana-merino-pirilana-1.png\",\"datePublished\":\"2023-05-24T17:10:39+00:00\",\"breadcrumb\":{\"@id\":\"https:\/\/pirilana.com\/ca\/producte\/edredons-per-parelles\/#breadcrumb\"},\"inLanguage\":\"ca\",\"potentialAction\":[{\"@type\":\"ReadAction\",\"target\":[\"https:\/\/pirilana.com\/ca\/producte\/edredons-per-parelles\/\"]}]},{\"@type\":\"ImageObject\",\"inLanguage\":\"ca\",\"@id\":\"https:\/\/pirilana.com\/ca\/producte\/edredons-per-parelles\/#primaryimage\",\"url\":\"https:\/\/pirilana.com\/wp-content\/uploads\/2023\/05\/edredones-de-lana-merino-pirilana-1.png\",\"contentUrl\":\"https:\/\/pirilana.com\/wp-content\/uploads\/2023\/05\/edredones-de-lana-merino-pirilana-1.png\",\"width\":940,\"height\":788,\"caption\":\"edredon de lana merino para parejas\"},{\"@type\":\"BreadcrumbList\",\"@id\":\"https:\/\/pirilana.com\/ca\/producte\/edredons-per-parelles\/#breadcrumb\",\"itemListElement\":[{\"@type\":\"ListItem\",\"position\":1,\"name\":\"Inici\",\"item\":\"https:\/\/pirilana.com\/ca\/\"},{\"@type\":\"ListItem\",\"position\":2,\"name\":\"Products\",\"item\":\"https:\/\/pirilana.com\/ca\/products-pirilana\/\"},{\"@type\":\"ListItem\",\"position\":3,\"name\":\"Sistema Dual\"}]},{\"@type\":\"WebSite\",\"@id\":\"https:\/\/pirilana.com\/ca\/#website\",\"url\":\"https:\/\/pirilana.com\/ca\/\",\"name\":\"Pirilana\",\"description\":\"La lana de tus sue\u00f1os - Edredones de lana hechos en Espa\u00f1a con materiales naturales que se adaptan a la temperatura de tu cuerpo.\",\"potentialAction\":[{\"@type\":\"SearchAction\",\"target\":{\"@type\":\"EntryPoint\",\"urlTemplate\":\"https:\/\/pirilana.com\/ca\/?s={search_term_string}\"},\"query-input\":{\"@type\":\"PropertyValueSpecification\",\"valueRequired\":true,\"valueName\":\"search_term_string\"}}],\"inLanguage\":\"ca\"}]}<\/script>\n<!-- \/ Yoast SEO plugin. -->","yoast_head_json":{"title":"Sistema Dual - Pirilana","robots":{"index":"index","follow":"follow","max-snippet":"max-snippet:-1","max-image-preview":"max-image-preview:large","max-video-preview":"max-video-preview:-1"},"canonical":"https:\/\/pirilana.com\/ca\/producte\/edredons-per-parelles\/","og_locale":"ca_ES","og_type":"article","og_title":"Sistema Dual - Pirilana","og_description":"El nostre Sistema Dual consta de dos edredons individuals que s'uneixen amb cintes i es converteixen en un edred\u00f3 de llit doble. La soluci\u00f3 ideal per a parelles amb diferents temperatures corporals.  Escull el gruix i grand\u00e0ria que necessites.","og_url":"https:\/\/pirilana.com\/ca\/producte\/edredons-per-parelles\/","og_site_name":"Pirilana","og_image":[{"width":940,"height":788,"url":"https:\/\/pirilana.com\/wp-content\/uploads\/2023\/05\/edredones-de-lana-merino-pirilana-1.png","type":"image\/png"}],"twitter_misc":{"Temps estimat de lectura":"1 minute"},"schema":{"@context":"https:\/\/schema.org","@graph":[{"@type":"WebPage","@id":"https:\/\/pirilana.com\/ca\/producte\/edredons-per-parelles\/","url":"https:\/\/pirilana.com\/ca\/producte\/edredons-per-parelles\/","name":"Sistema Dual - Pirilana","isPartOf":{"@id":"https:\/\/pirilana.com\/ca\/#website"},"primaryImageOfPage":{"@id":"https:\/\/pirilana.com\/ca\/producte\/edredons-per-parelles\/#primaryimage"},"image":{"@id":"https:\/\/pirilana.com\/ca\/producte\/edredons-per-parelles\/#primaryimage"},"thumbnailUrl":"https:\/\/pirilana.com\/wp-content\/uploads\/2023\/05\/edredones-de-lana-merino-pirilana-1.png","datePublished":"2023-05-24T17:10:39+00:00","breadcrumb":{"@id":"https:\/\/pirilana.com\/ca\/producte\/edredons-per-parelles\/#breadcrumb"},"inLanguage":"ca","potentialAction":[{"@type":"ReadAction","target":["https:\/\/pirilana.com\/ca\/producte\/edredons-per-parelles\/"]}]},{"@type":"ImageObject","inLanguage":"ca","@id":"https:\/\/pirilana.com\/ca\/producte\/edredons-per-parelles\/#primaryimage","url":"https:\/\/pirilana.com\/wp-content\/uploads\/2023\/05\/edredones-de-lana-merino-pirilana-1.png","contentUrl":"https:\/\/pirilana.com\/wp-content\/uploads\/2023\/05\/edredones-de-lana-merino-pirilana-1.png","width":940,"height":788,"caption":"edredon de lana merino para parejas"},{"@type":"BreadcrumbList","@id":"https:\/\/pirilana.com\/ca\/producte\/edredons-per-parelles\/#breadcrumb","itemListElement":[{"@type":"ListItem","position":1,"name":"Inici","item":"https:\/\/pirilana.com\/ca\/"},{"@type":"ListItem","position":2,"name":"Products","item":"https:\/\/pirilana.com\/ca\/products-pirilana\/"},{"@type":"ListItem","position":3,"name":"Sistema Dual"}]},{"@type":"WebSite","@id":"https:\/\/pirilana.com\/ca\/#website","url":"https:\/\/pirilana.com\/ca\/","name":"Pirilana","description":"La lana de tus sue\u00f1os - Edredones de lana hechos en Espa\u00f1a con materiales naturales que se adaptan a la temperatura de tu cuerpo.","potentialAction":[{"@type":"SearchAction","target":{"@type":"EntryPoint","urlTemplate":"https:\/\/pirilana.com\/ca\/?s={search_term_string}"},"query-input":{"@type":"PropertyValueSpecification","valueRequired":true,"valueName":"search_term_string"}}],"inLanguage":"ca"}]}},"_links":{"self":[{"href":"https:\/\/pirilana.com\/ca\/wp-json\/wp\/v2\/product\/13447","targetHints":{"allow":["GET"]}}],"collection":[{"href":"https:\/\/pirilana.com\/ca\/wp-json\/wp\/v2\/product"}],"about":[{"href":"https:\/\/pirilana.com\/ca\/wp-json\/wp\/v2\/types\/product"}],"replies":[{"embeddable":true,"href":"https:\/\/pirilana.com\/ca\/wp-json\/wp\/v2\/comments?post=13447"}],"version-history":[{"count":0,"href":"https:\/\/pirilana.com\/ca\/wp-json\/wp\/v2\/product\/13447\/revisions"}],"wp:featuredmedia":[{"embeddable":true,"href":"https:\/\/pirilana.com\/ca\/wp-json\/wp\/v2\/media\/11552"}],"wp:attachment":[{"href":"https:\/\/pirilana.com\/ca\/wp-json\/wp\/v2\/media?parent=13447"}],"wp:term":[{"taxonomy":"product_brand","embeddable":true,"href":"https:\/\/pirilana.com\/ca\/wp-json\/wp\/v2\/product_brand?post=13447"},{"taxonomy":"product_cat","embeddable":true,"href":"https:\/\/pirilana.com\/ca\/wp-json\/wp\/v2\/product_cat?post=13447"},{"taxonomy":"product_tag","embeddable":true,"href":"https:\/\/pirilana.com\/ca\/wp-json\/wp\/v2\/product_tag?post=13447"}],"curies":[{"name":"wp","href":"https:\/\/api.w.org\/{rel}","templated":true}]}}