{"id":13397,"date":"2023-05-24T19:12:34","date_gmt":"2023-05-24T17:12:34","guid":{"rendered":"https:\/\/pirilana.com\/producto\/edredo-de-llana-merino-classic\/"},"modified":"2023-05-24T19:12:34","modified_gmt":"2023-05-24T17:12:34","slug":"edredo-de-llana-merino-classic","status":"publish","type":"product","link":"https:\/\/pirilana.com\/ca\/producte\/edredo-de-llana-merino-classic\/","title":{"rendered":"Edred\u00f3 de llana merino classic"},"content":{"rendered":"<p>Aquest edredon de llana 100 natural \u00e9s el model cl\u00e0ssic de Pirilana.<\/p>\n<p>La seva llana r\u00fastica t\u00e9 una regulaci\u00f3 t\u00e8rmica d&#8217;entre 5 a 9 a l&#8217;escala TOG<\/p>\n<p>\u00c9s ideal per als dies freds de muntanya, valls profundes, com per als climes altants on la humitat \u00e9s present gaireb\u00e9 tot l&#8217;any.<\/p>\n<p>T\u00e9 una mica m\u00e9s de pes a causa de ser una llana r\u00fastica.<\/p>\n<p>Les seves prestacions s\u00f3n magnifiques tenint en compte totes les propietats de la seva llana de per si.<\/p>\n","protected":false},"excerpt":{"rendered":"<p>Aquest edredon de llana 100 natural \u00e9s el model cl\u00e0ssic de Pirilana. La seva llana r\u00fastica t\u00e9 una regulaci\u00f3 t\u00e8rmica d&#8217;entre 5 a 9 a l&#8217;escala TOG \u00c9s ideal per als dies freds de muntanya, valls profundes, com per als climes altants on la humitat \u00e9s present gaireb\u00e9 tot l&#8217;any. T\u00e9 una mica m\u00e9s de &hellip;<\/p>\n","protected":false},"featured_media":11957,"comment_status":"open","ping_status":"closed","template":"","meta":{"_joinchat":[]},"product_brand":[],"product_cat":[108],"product_tag":[],"class_list":{"0":"post-13397","1":"product","2":"type-product","3":"status-publish","4":"has-post-thumbnail","6":"product_cat-edredons","7":"product_shipping_class-edredo-classic","9":"first","10":"outofstock","11":"taxable","12":"shipping-taxable","13":"product-type-variable","14":"has-default-attributes"},"bundled_by":[],"bundle_stock_status":"outofstock","bundle_stock_quantity":null,"bundle_virtual":false,"bundle_layout":"","bundle_add_to_cart_form_location":"","bundle_editable_in_cart":false,"bundle_sold_individually_context":"","bundle_item_grouping":"","bundle_min_size":"","bundle_max_size":"","bundled_items":[],"bundle_sell_ids":[],"yoast_head":"<!-- This site is optimized with the Yoast SEO plugin v27.0 - https:\/\/yoast.com\/product\/yoast-seo-wordpress\/ -->\n<title>Edred\u00f3n-de-lana-merino<\/title>\n<meta name=\"description\" content=\"Edredons 100% de llana de merino encoixinats amb cot\u00f3 set\u00ed de 400TC. Un descans de luxe que et proporciona un somni profund i reparador.\" \/>\n<meta name=\"robots\" content=\"index, follow, max-snippet:-1, max-image-preview:large, max-video-preview:-1\" \/>\n<link rel=\"canonical\" href=\"https:\/\/pirilana.com\/ca\/producte\/edredo-de-llana-merino-classic\/\" \/>\n<meta property=\"og:locale\" content=\"ca_ES\" \/>\n<meta property=\"og:type\" content=\"article\" \/>\n<meta property=\"og:title\" content=\"Edred\u00f3n-de-lana-merino\" \/>\n<meta property=\"og:description\" content=\"Edredons 100% de llana de merino encoixinats amb cot\u00f3 set\u00ed de 400TC. Un descans de luxe que et proporciona un somni profund i reparador.\" \/>\n<meta property=\"og:url\" content=\"https:\/\/pirilana.com\/ca\/producte\/edredo-de-llana-merino-classic\/\" \/>\n<meta property=\"og:site_name\" content=\"Pirilana\" \/>\n<meta property=\"og:image\" content=\"https:\/\/pirilana.com\/wp-content\/uploads\/2023\/05\/Edredon-pirilana-classic-04.jpg\" \/>\n\t<meta property=\"og:image:width\" content=\"900\" \/>\n\t<meta property=\"og:image:height\" content=\"676\" \/>\n\t<meta property=\"og:image:type\" content=\"image\/jpeg\" \/>\n<script type=\"application\/ld+json\" class=\"yoast-schema-graph\">{\"@context\":\"https:\/\/schema.org\",\"@graph\":[{\"@type\":\"WebPage\",\"@id\":\"https:\/\/pirilana.com\/ca\/producte\/edredo-de-llana-merino-classic\/\",\"url\":\"https:\/\/pirilana.com\/ca\/producte\/edredo-de-llana-merino-classic\/\",\"name\":\"Edred\u00f3n-de-lana-merino\",\"isPartOf\":{\"@id\":\"https:\/\/pirilana.com\/ca\/#website\"},\"primaryImageOfPage\":{\"@id\":\"https:\/\/pirilana.com\/ca\/producte\/edredo-de-llana-merino-classic\/#primaryimage\"},\"image\":{\"@id\":\"https:\/\/pirilana.com\/ca\/producte\/edredo-de-llana-merino-classic\/#primaryimage\"},\"thumbnailUrl\":\"https:\/\/pirilana.com\/wp-content\/uploads\/2023\/05\/Edredon-pirilana-classic-04.jpg\",\"datePublished\":\"2023-05-24T17:12:34+00:00\",\"description\":\"Edredons 100% de llana de merino encoixinats amb cot\u00f3 set\u00ed de 400TC. Un descans de luxe que et proporciona un somni profund i reparador.\",\"breadcrumb\":{\"@id\":\"https:\/\/pirilana.com\/ca\/producte\/edredo-de-llana-merino-classic\/#breadcrumb\"},\"inLanguage\":\"ca\",\"potentialAction\":[{\"@type\":\"ReadAction\",\"target\":[\"https:\/\/pirilana.com\/ca\/producte\/edredo-de-llana-merino-classic\/\"]}]},{\"@type\":\"ImageObject\",\"inLanguage\":\"ca\",\"@id\":\"https:\/\/pirilana.com\/ca\/producte\/edredo-de-llana-merino-classic\/#primaryimage\",\"url\":\"https:\/\/pirilana.com\/wp-content\/uploads\/2023\/05\/Edredon-pirilana-classic-04.jpg\",\"contentUrl\":\"https:\/\/pirilana.com\/wp-content\/uploads\/2023\/05\/Edredon-pirilana-classic-04.jpg\",\"width\":900,\"height\":676,\"caption\":\"edredon classic de lana rustica de pirilana\"},{\"@type\":\"BreadcrumbList\",\"@id\":\"https:\/\/pirilana.com\/ca\/producte\/edredo-de-llana-merino-classic\/#breadcrumb\",\"itemListElement\":[{\"@type\":\"ListItem\",\"position\":1,\"name\":\"Inici\",\"item\":\"https:\/\/pirilana.com\/ca\/\"},{\"@type\":\"ListItem\",\"position\":2,\"name\":\"Products\",\"item\":\"https:\/\/pirilana.com\/ca\/products-pirilana\/\"},{\"@type\":\"ListItem\",\"position\":3,\"name\":\"Edred\u00f3 de llana merino classic\"}]},{\"@type\":\"WebSite\",\"@id\":\"https:\/\/pirilana.com\/ca\/#website\",\"url\":\"https:\/\/pirilana.com\/ca\/\",\"name\":\"Pirilana\",\"description\":\"La lana de tus sue\u00f1os - Edredones de lana hechos en Espa\u00f1a con materiales naturales que se adaptan a la temperatura de tu cuerpo.\",\"potentialAction\":[{\"@type\":\"SearchAction\",\"target\":{\"@type\":\"EntryPoint\",\"urlTemplate\":\"https:\/\/pirilana.com\/ca\/?s={search_term_string}\"},\"query-input\":{\"@type\":\"PropertyValueSpecification\",\"valueRequired\":true,\"valueName\":\"search_term_string\"}}],\"inLanguage\":\"ca\"}]}<\/script>\n<!-- \/ Yoast SEO plugin. -->","yoast_head_json":{"title":"Edred\u00f3n-de-lana-merino","description":"Edredons 100% de llana de merino encoixinats amb cot\u00f3 set\u00ed de 400TC. Un descans de luxe que et proporciona un somni profund i reparador.","robots":{"index":"index","follow":"follow","max-snippet":"max-snippet:-1","max-image-preview":"max-image-preview:large","max-video-preview":"max-video-preview:-1"},"canonical":"https:\/\/pirilana.com\/ca\/producte\/edredo-de-llana-merino-classic\/","og_locale":"ca_ES","og_type":"article","og_title":"Edred\u00f3n-de-lana-merino","og_description":"Edredons 100% de llana de merino encoixinats amb cot\u00f3 set\u00ed de 400TC. Un descans de luxe que et proporciona un somni profund i reparador.","og_url":"https:\/\/pirilana.com\/ca\/producte\/edredo-de-llana-merino-classic\/","og_site_name":"Pirilana","og_image":[{"width":900,"height":676,"url":"https:\/\/pirilana.com\/wp-content\/uploads\/2023\/05\/Edredon-pirilana-classic-04.jpg","type":"image\/jpeg"}],"schema":{"@context":"https:\/\/schema.org","@graph":[{"@type":"WebPage","@id":"https:\/\/pirilana.com\/ca\/producte\/edredo-de-llana-merino-classic\/","url":"https:\/\/pirilana.com\/ca\/producte\/edredo-de-llana-merino-classic\/","name":"Edred\u00f3n-de-lana-merino","isPartOf":{"@id":"https:\/\/pirilana.com\/ca\/#website"},"primaryImageOfPage":{"@id":"https:\/\/pirilana.com\/ca\/producte\/edredo-de-llana-merino-classic\/#primaryimage"},"image":{"@id":"https:\/\/pirilana.com\/ca\/producte\/edredo-de-llana-merino-classic\/#primaryimage"},"thumbnailUrl":"https:\/\/pirilana.com\/wp-content\/uploads\/2023\/05\/Edredon-pirilana-classic-04.jpg","datePublished":"2023-05-24T17:12:34+00:00","description":"Edredons 100% de llana de merino encoixinats amb cot\u00f3 set\u00ed de 400TC. Un descans de luxe que et proporciona un somni profund i reparador.","breadcrumb":{"@id":"https:\/\/pirilana.com\/ca\/producte\/edredo-de-llana-merino-classic\/#breadcrumb"},"inLanguage":"ca","potentialAction":[{"@type":"ReadAction","target":["https:\/\/pirilana.com\/ca\/producte\/edredo-de-llana-merino-classic\/"]}]},{"@type":"ImageObject","inLanguage":"ca","@id":"https:\/\/pirilana.com\/ca\/producte\/edredo-de-llana-merino-classic\/#primaryimage","url":"https:\/\/pirilana.com\/wp-content\/uploads\/2023\/05\/Edredon-pirilana-classic-04.jpg","contentUrl":"https:\/\/pirilana.com\/wp-content\/uploads\/2023\/05\/Edredon-pirilana-classic-04.jpg","width":900,"height":676,"caption":"edredon classic de lana rustica de pirilana"},{"@type":"BreadcrumbList","@id":"https:\/\/pirilana.com\/ca\/producte\/edredo-de-llana-merino-classic\/#breadcrumb","itemListElement":[{"@type":"ListItem","position":1,"name":"Inici","item":"https:\/\/pirilana.com\/ca\/"},{"@type":"ListItem","position":2,"name":"Products","item":"https:\/\/pirilana.com\/ca\/products-pirilana\/"},{"@type":"ListItem","position":3,"name":"Edred\u00f3 de llana merino classic"}]},{"@type":"WebSite","@id":"https:\/\/pirilana.com\/ca\/#website","url":"https:\/\/pirilana.com\/ca\/","name":"Pirilana","description":"La lana de tus sue\u00f1os - Edredones de lana hechos en Espa\u00f1a con materiales naturales que se adaptan a la temperatura de tu cuerpo.","potentialAction":[{"@type":"SearchAction","target":{"@type":"EntryPoint","urlTemplate":"https:\/\/pirilana.com\/ca\/?s={search_term_string}"},"query-input":{"@type":"PropertyValueSpecification","valueRequired":true,"valueName":"search_term_string"}}],"inLanguage":"ca"}]}},"_links":{"self":[{"href":"https:\/\/pirilana.com\/ca\/wp-json\/wp\/v2\/product\/13397","targetHints":{"allow":["GET"]}}],"collection":[{"href":"https:\/\/pirilana.com\/ca\/wp-json\/wp\/v2\/product"}],"about":[{"href":"https:\/\/pirilana.com\/ca\/wp-json\/wp\/v2\/types\/product"}],"replies":[{"embeddable":true,"href":"https:\/\/pirilana.com\/ca\/wp-json\/wp\/v2\/comments?post=13397"}],"version-history":[{"count":0,"href":"https:\/\/pirilana.com\/ca\/wp-json\/wp\/v2\/product\/13397\/revisions"}],"wp:featuredmedia":[{"embeddable":true,"href":"https:\/\/pirilana.com\/ca\/wp-json\/wp\/v2\/media\/11957"}],"wp:attachment":[{"href":"https:\/\/pirilana.com\/ca\/wp-json\/wp\/v2\/media?parent=13397"}],"wp:term":[{"taxonomy":"product_brand","embeddable":true,"href":"https:\/\/pirilana.com\/ca\/wp-json\/wp\/v2\/product_brand?post=13397"},{"taxonomy":"product_cat","embeddable":true,"href":"https:\/\/pirilana.com\/ca\/wp-json\/wp\/v2\/product_cat?post=13397"},{"taxonomy":"product_tag","embeddable":true,"href":"https:\/\/pirilana.com\/ca\/wp-json\/wp\/v2\/product_tag?post=13397"}],"curies":[{"name":"wp","href":"https:\/\/api.w.org\/{rel}","templated":true}]}}