{"id":13371,"date":"2023-05-24T19:11:09","date_gmt":"2023-05-24T17:11:09","guid":{"rendered":"https:\/\/pirilana.com\/producto\/cami-de-llana\/"},"modified":"2023-05-24T19:11:09","modified_gmt":"2023-05-24T17:11:09","slug":"cami-de-llana","status":"publish","type":"product","link":"https:\/\/pirilana.com\/ca\/producte\/cami-de-llana\/","title":{"rendered":"Cam\u00ed de llana"},"content":{"rendered":"<p>El lli \u00e9s una tela lleugera, lliure de borrissol i pot absorbir m\u00e9s humitat que el cot\u00f3 sense que la tela s&#8217;humitegi. Aquesta \u00e9s una gran avantatge, especialment per a les persones que transpiren molt. El lli \u00e9s tres vegades m\u00e9s resistent que el cot\u00f3, pel que es mantindr\u00e0 bonic durant anys, independentment de la freq\u00fc\u00e8ncia amb qu\u00e8 el rentis. \u00c9s una tela ventilada, se sent fresca a l&#8217;estiu i c\u00e0lida a l&#8217;hivern. El teu cos es mant\u00e9 a la temperatura adequada perqu\u00e8 t&#8217;adormis r\u00e0pidament.<\/p>\n","protected":false},"excerpt":{"rendered":"<p>Hem creat aquest \u00abcam\u00ed\u00bb o \u00abplaid\u00bb de LLANA encoixinats amb lli r\u00fastic per cobrir el teu llit o sof\u00e0. Els punts de l&#8217;encoixinat s\u00f3n uns pompons que han estat fet de forma totalment artesanal al nostre atelier.<\/p>\n<p>Amb un tacte molt agradable pots donar un toc c\u00e0lid i un acabat molt acollidor a l&#8217;espai on el facis servir.<\/p>\n","protected":false},"featured_media":11662,"comment_status":"open","ping_status":"closed","template":"","meta":{"_joinchat":[]},"product_brand":[],"product_cat":[117,121],"product_tag":[],"class_list":{"0":"post-13371","1":"product","2":"type-product","3":"status-publish","4":"has-post-thumbnail","6":"product_cat-collection-deco-ca","7":"product_cat-complements","9":"first","10":"onbackorder","11":"taxable","12":"shipping-taxable","13":"purchasable","14":"product-type-variable"},"bundled_by":[],"bundle_stock_status":"onbackorder","bundle_stock_quantity":null,"bundle_virtual":false,"bundle_layout":"","bundle_add_to_cart_form_location":"","bundle_editable_in_cart":false,"bundle_sold_individually_context":"","bundle_item_grouping":"","bundle_min_size":"","bundle_max_size":"","bundled_items":[],"bundle_sell_ids":[],"yoast_head":"<!-- This site is optimized with the Yoast SEO plugin v27.0 - https:\/\/yoast.com\/product\/yoast-seo-wordpress\/ -->\n<title>Cam\u00ed de llana - Pirilana<\/title>\n<meta name=\"description\" content=\"Cam\u00ed de llana o &quot;plaid&quot; encoixinat amb lli per cobrir el teu llit; tot confeccionat a m\u00e0 en el nostre taller. Diverses mesures i colors.\" \/>\n<meta name=\"robots\" content=\"index, follow, max-snippet:-1, max-image-preview:large, max-video-preview:-1\" \/>\n<link rel=\"canonical\" href=\"https:\/\/pirilana.com\/ca\/producte\/cami-de-llana\/\" \/>\n<meta property=\"og:locale\" content=\"ca_ES\" \/>\n<meta property=\"og:type\" content=\"article\" \/>\n<meta property=\"og:title\" content=\"Cam\u00ed de llana - Pirilana\" \/>\n<meta property=\"og:description\" content=\"Cam\u00ed de llana o &quot;plaid&quot; encoixinat amb lli per cobrir el teu llit; tot confeccionat a m\u00e0 en el nostre taller. Diverses mesures i colors.\" \/>\n<meta property=\"og:url\" content=\"https:\/\/pirilana.com\/ca\/producte\/cami-de-llana\/\" \/>\n<meta property=\"og:site_name\" content=\"Pirilana\" \/>\n<meta property=\"og:image\" content=\"https:\/\/pirilana.com\/wp-content\/uploads\/2023\/05\/IMG_20210304_121323-1-scaled-1.jpg\" \/>\n\t<meta property=\"og:image:width\" content=\"1000\" \/>\n\t<meta property=\"og:image:height\" content=\"1333\" \/>\n\t<meta property=\"og:image:type\" content=\"image\/jpeg\" \/>\n<script type=\"application\/ld+json\" class=\"yoast-schema-graph\">{\"@context\":\"https:\/\/schema.org\",\"@graph\":[{\"@type\":\"WebPage\",\"@id\":\"https:\/\/pirilana.com\/ca\/producte\/cami-de-llana\/\",\"url\":\"https:\/\/pirilana.com\/ca\/producte\/cami-de-llana\/\",\"name\":\"Cam\u00ed de llana - Pirilana\",\"isPartOf\":{\"@id\":\"https:\/\/pirilana.com\/ca\/#website\"},\"primaryImageOfPage\":{\"@id\":\"https:\/\/pirilana.com\/ca\/producte\/cami-de-llana\/#primaryimage\"},\"image\":{\"@id\":\"https:\/\/pirilana.com\/ca\/producte\/cami-de-llana\/#primaryimage\"},\"thumbnailUrl\":\"https:\/\/pirilana.com\/wp-content\/uploads\/2023\/05\/IMG_20210304_121323-1-scaled-1.jpg\",\"datePublished\":\"2023-05-24T17:11:09+00:00\",\"description\":\"Cam\u00ed de llana o \\\"plaid\\\" encoixinat amb lli per cobrir el teu llit; tot confeccionat a m\u00e0 en el nostre taller. Diverses mesures i colors.\",\"breadcrumb\":{\"@id\":\"https:\/\/pirilana.com\/ca\/producte\/cami-de-llana\/#breadcrumb\"},\"inLanguage\":\"ca\",\"potentialAction\":[{\"@type\":\"ReadAction\",\"target\":[\"https:\/\/pirilana.com\/ca\/producte\/cami-de-llana\/\"]}]},{\"@type\":\"ImageObject\",\"inLanguage\":\"ca\",\"@id\":\"https:\/\/pirilana.com\/ca\/producte\/cami-de-llana\/#primaryimage\",\"url\":\"https:\/\/pirilana.com\/wp-content\/uploads\/2023\/05\/IMG_20210304_121323-1-scaled-1.jpg\",\"contentUrl\":\"https:\/\/pirilana.com\/wp-content\/uploads\/2023\/05\/IMG_20210304_121323-1-scaled-1.jpg\",\"width\":1000,\"height\":1333,\"caption\":\"plaid de lino relleno de lana merino\"},{\"@type\":\"BreadcrumbList\",\"@id\":\"https:\/\/pirilana.com\/ca\/producte\/cami-de-llana\/#breadcrumb\",\"itemListElement\":[{\"@type\":\"ListItem\",\"position\":1,\"name\":\"Inici\",\"item\":\"https:\/\/pirilana.com\/ca\/\"},{\"@type\":\"ListItem\",\"position\":2,\"name\":\"Products\",\"item\":\"https:\/\/pirilana.com\/ca\/products-pirilana\/\"},{\"@type\":\"ListItem\",\"position\":3,\"name\":\"Cam\u00ed de llana\"}]},{\"@type\":\"WebSite\",\"@id\":\"https:\/\/pirilana.com\/ca\/#website\",\"url\":\"https:\/\/pirilana.com\/ca\/\",\"name\":\"Pirilana\",\"description\":\"La lana de tus sue\u00f1os - Edredones de lana hechos en Espa\u00f1a con materiales naturales que se adaptan a la temperatura de tu cuerpo.\",\"potentialAction\":[{\"@type\":\"SearchAction\",\"target\":{\"@type\":\"EntryPoint\",\"urlTemplate\":\"https:\/\/pirilana.com\/ca\/?s={search_term_string}\"},\"query-input\":{\"@type\":\"PropertyValueSpecification\",\"valueRequired\":true,\"valueName\":\"search_term_string\"}}],\"inLanguage\":\"ca\"}]}<\/script>\n<!-- \/ Yoast SEO plugin. -->","yoast_head_json":{"title":"Cam\u00ed de llana - Pirilana","description":"Cam\u00ed de llana o \"plaid\" encoixinat amb lli per cobrir el teu llit; tot confeccionat a m\u00e0 en el nostre taller. Diverses mesures i colors.","robots":{"index":"index","follow":"follow","max-snippet":"max-snippet:-1","max-image-preview":"max-image-preview:large","max-video-preview":"max-video-preview:-1"},"canonical":"https:\/\/pirilana.com\/ca\/producte\/cami-de-llana\/","og_locale":"ca_ES","og_type":"article","og_title":"Cam\u00ed de llana - Pirilana","og_description":"Cam\u00ed de llana o \"plaid\" encoixinat amb lli per cobrir el teu llit; tot confeccionat a m\u00e0 en el nostre taller. Diverses mesures i colors.","og_url":"https:\/\/pirilana.com\/ca\/producte\/cami-de-llana\/","og_site_name":"Pirilana","og_image":[{"width":1000,"height":1333,"url":"https:\/\/pirilana.com\/wp-content\/uploads\/2023\/05\/IMG_20210304_121323-1-scaled-1.jpg","type":"image\/jpeg"}],"schema":{"@context":"https:\/\/schema.org","@graph":[{"@type":"WebPage","@id":"https:\/\/pirilana.com\/ca\/producte\/cami-de-llana\/","url":"https:\/\/pirilana.com\/ca\/producte\/cami-de-llana\/","name":"Cam\u00ed de llana - Pirilana","isPartOf":{"@id":"https:\/\/pirilana.com\/ca\/#website"},"primaryImageOfPage":{"@id":"https:\/\/pirilana.com\/ca\/producte\/cami-de-llana\/#primaryimage"},"image":{"@id":"https:\/\/pirilana.com\/ca\/producte\/cami-de-llana\/#primaryimage"},"thumbnailUrl":"https:\/\/pirilana.com\/wp-content\/uploads\/2023\/05\/IMG_20210304_121323-1-scaled-1.jpg","datePublished":"2023-05-24T17:11:09+00:00","description":"Cam\u00ed de llana o \"plaid\" encoixinat amb lli per cobrir el teu llit; tot confeccionat a m\u00e0 en el nostre taller. Diverses mesures i colors.","breadcrumb":{"@id":"https:\/\/pirilana.com\/ca\/producte\/cami-de-llana\/#breadcrumb"},"inLanguage":"ca","potentialAction":[{"@type":"ReadAction","target":["https:\/\/pirilana.com\/ca\/producte\/cami-de-llana\/"]}]},{"@type":"ImageObject","inLanguage":"ca","@id":"https:\/\/pirilana.com\/ca\/producte\/cami-de-llana\/#primaryimage","url":"https:\/\/pirilana.com\/wp-content\/uploads\/2023\/05\/IMG_20210304_121323-1-scaled-1.jpg","contentUrl":"https:\/\/pirilana.com\/wp-content\/uploads\/2023\/05\/IMG_20210304_121323-1-scaled-1.jpg","width":1000,"height":1333,"caption":"plaid de lino relleno de lana merino"},{"@type":"BreadcrumbList","@id":"https:\/\/pirilana.com\/ca\/producte\/cami-de-llana\/#breadcrumb","itemListElement":[{"@type":"ListItem","position":1,"name":"Inici","item":"https:\/\/pirilana.com\/ca\/"},{"@type":"ListItem","position":2,"name":"Products","item":"https:\/\/pirilana.com\/ca\/products-pirilana\/"},{"@type":"ListItem","position":3,"name":"Cam\u00ed de llana"}]},{"@type":"WebSite","@id":"https:\/\/pirilana.com\/ca\/#website","url":"https:\/\/pirilana.com\/ca\/","name":"Pirilana","description":"La lana de tus sue\u00f1os - Edredones de lana hechos en Espa\u00f1a con materiales naturales que se adaptan a la temperatura de tu cuerpo.","potentialAction":[{"@type":"SearchAction","target":{"@type":"EntryPoint","urlTemplate":"https:\/\/pirilana.com\/ca\/?s={search_term_string}"},"query-input":{"@type":"PropertyValueSpecification","valueRequired":true,"valueName":"search_term_string"}}],"inLanguage":"ca"}]}},"_links":{"self":[{"href":"https:\/\/pirilana.com\/ca\/wp-json\/wp\/v2\/product\/13371","targetHints":{"allow":["GET"]}}],"collection":[{"href":"https:\/\/pirilana.com\/ca\/wp-json\/wp\/v2\/product"}],"about":[{"href":"https:\/\/pirilana.com\/ca\/wp-json\/wp\/v2\/types\/product"}],"replies":[{"embeddable":true,"href":"https:\/\/pirilana.com\/ca\/wp-json\/wp\/v2\/comments?post=13371"}],"version-history":[{"count":0,"href":"https:\/\/pirilana.com\/ca\/wp-json\/wp\/v2\/product\/13371\/revisions"}],"wp:featuredmedia":[{"embeddable":true,"href":"https:\/\/pirilana.com\/ca\/wp-json\/wp\/v2\/media\/11662"}],"wp:attachment":[{"href":"https:\/\/pirilana.com\/ca\/wp-json\/wp\/v2\/media?parent=13371"}],"wp:term":[{"taxonomy":"product_brand","embeddable":true,"href":"https:\/\/pirilana.com\/ca\/wp-json\/wp\/v2\/product_brand?post=13371"},{"taxonomy":"product_cat","embeddable":true,"href":"https:\/\/pirilana.com\/ca\/wp-json\/wp\/v2\/product_cat?post=13371"},{"taxonomy":"product_tag","embeddable":true,"href":"https:\/\/pirilana.com\/ca\/wp-json\/wp\/v2\/product_tag?post=13371"}],"curies":[{"name":"wp","href":"https:\/\/api.w.org\/{rel}","templated":true}]}}