{"id":13345,"date":"2023-05-24T19:10:52","date_gmt":"2023-05-24T17:10:52","guid":{"rendered":"https:\/\/pirilana.com\/producto\/coixins-de-llana-de-merino\/"},"modified":"2024-01-24T22:16:24","modified_gmt":"2024-01-24T21:16:24","slug":"coixins-de-llana-de-merino","status":"publish","type":"product","link":"https:\/\/pirilana.com\/ca\/producte\/coixins-de-llana-de-merino\/","title":{"rendered":"Coixins"},"content":{"rendered":"<p>Els nostres coixins estan farcits de llana de merina cardada; cosa que li confereix una textura suau i lleugera per\u00f2 amb la fermesa que necessites. Les nostres llunes tenen el certificat OEKO TEX Standard 100 que garanteix que no tenen subst\u00e0ncies nocives per a la salut. Forrades alhora de cot\u00f3 org\u00e0nic de 400 TC amb el prestigi\u00f3s certificat GOTS, que garanteix que aquest cot\u00f3 ha estat produ\u00eft de manera sostenible i respectuosa amb el medi ambient, sota condicions dignes de treball i que no cont\u00e9 subst\u00e0ncies t\u00f2xiques. A Pirilana ens adaptem a les teves necessitats; per tant si necessites una mida o gruix especial pots contactar amb nosaltres i farem tot el possible per oferir-te el producte que necessites.<\/p>\n<p>Disfruta de una nueva manera de descansar; sin sudar, con un producto 100% natural que mantiene alejado a los \u00e1caros, bacterias y hongos para que descanses de manera saludable.<\/p>\n","protected":false},"excerpt":{"rendered":"<p>Cada coix\u00ed ha estat confecciona de manera artesanal amb molta cura.<\/p>\n<p>El seu farciment de pura llana de merina ecol\u00f2gica regula la humitat i la temperatura mentre dorms. S\u00b4adapten a totes les estacions de l\u00b4any.<\/p>\n<p>S\u00f3n lleugeres i suaus per\u00f2 amb la fermesa necess\u00e0ria per a un descans profund. A m\u00e9s tenen propietats antibacterianes i hipoalerg\u00e8niques. Recomanades per a persones amb problemes respiratoris i al\u00b7l\u00e8rgies.<\/p>\n<p>Si necessites una mida especial contacta amb nosaltres.<\/p>\n","protected":false},"featured_media":11588,"comment_status":"open","ping_status":"closed","template":"","meta":{"_joinchat":[]},"product_brand":[],"product_cat":[120],"product_tag":[133],"class_list":{"0":"post-13345","1":"product","2":"type-product","3":"status-publish","4":"has-post-thumbnail","6":"product_cat-coixins","7":"product_tag-coixins","9":"first","10":"instock","11":"taxable","12":"shipping-taxable","13":"purchasable","14":"product-type-variable"},"bundled_by":["13337","13335"],"bundle_stock_status":"instock","bundle_stock_quantity":null,"bundle_virtual":false,"bundle_layout":"","bundle_add_to_cart_form_location":"","bundle_editable_in_cart":false,"bundle_sold_individually_context":"","bundle_item_grouping":"","bundle_min_size":"","bundle_max_size":"","bundled_items":[],"bundle_sell_ids":[],"yoast_head":"<!-- This site is optimized with the Yoast SEO plugin v27.0 - https:\/\/yoast.com\/product\/yoast-seo-wordpress\/ -->\n<title>Coix\u00ed de Lana Merina<\/title>\n<meta name=\"description\" content=\"Coixins de Lana Merina i cot\u00f3 org\u00e0nic. Transpirables amb propietats hipoalerg\u00e8niques i antibacterianes per a un descans saludable i reparador.\" \/>\n<meta name=\"robots\" content=\"index, follow, max-snippet:-1, max-image-preview:large, max-video-preview:-1\" \/>\n<link rel=\"canonical\" href=\"https:\/\/pirilana.com\/ca\/producte\/coixins-de-llana-de-merino\/\" \/>\n<meta property=\"og:locale\" content=\"ca_ES\" \/>\n<meta property=\"og:type\" content=\"article\" \/>\n<meta property=\"og:title\" content=\"Coix\u00ed de Lana Merina\" \/>\n<meta property=\"og:description\" content=\"Coixins de Lana Merina i cot\u00f3 org\u00e0nic. Transpirables amb propietats hipoalerg\u00e8niques i antibacterianes per a un descans saludable i reparador.\" \/>\n<meta property=\"og:url\" content=\"https:\/\/pirilana.com\/ca\/producte\/coixins-de-llana-de-merino\/\" \/>\n<meta property=\"og:site_name\" content=\"Pirilana\" \/>\n<meta property=\"article:modified_time\" content=\"2024-01-24T21:16:24+00:00\" \/>\n<meta property=\"og:image\" content=\"https:\/\/pirilana.com\/wp-content\/uploads\/2023\/05\/almohadas_lana_merino_ecologicas_pirilana.jpg\" \/>\n\t<meta property=\"og:image:width\" content=\"1200\" \/>\n\t<meta property=\"og:image:height\" content=\"1492\" \/>\n\t<meta property=\"og:image:type\" content=\"image\/jpeg\" \/>\n<meta name=\"twitter:label1\" content=\"Temps estimat de lectura\" \/>\n\t<meta name=\"twitter:data1\" content=\"1 minute\" \/>\n<script type=\"application\/ld+json\" class=\"yoast-schema-graph\">{\"@context\":\"https:\/\/schema.org\",\"@graph\":[{\"@type\":\"WebPage\",\"@id\":\"https:\/\/pirilana.com\/ca\/producte\/coixins-de-llana-de-merino\/\",\"url\":\"https:\/\/pirilana.com\/ca\/producte\/coixins-de-llana-de-merino\/\",\"name\":\"Coix\u00ed de Lana Merina\",\"isPartOf\":{\"@id\":\"https:\/\/pirilana.com\/ca\/#website\"},\"primaryImageOfPage\":{\"@id\":\"https:\/\/pirilana.com\/ca\/producte\/coixins-de-llana-de-merino\/#primaryimage\"},\"image\":{\"@id\":\"https:\/\/pirilana.com\/ca\/producte\/coixins-de-llana-de-merino\/#primaryimage\"},\"thumbnailUrl\":\"https:\/\/pirilana.com\/wp-content\/uploads\/2023\/05\/almohadas_lana_merino_ecologicas_pirilana.jpg\",\"datePublished\":\"2023-05-24T17:10:52+00:00\",\"dateModified\":\"2024-01-24T21:16:24+00:00\",\"description\":\"Coixins de Lana Merina i cot\u00f3 org\u00e0nic. Transpirables amb propietats hipoalerg\u00e8niques i antibacterianes per a un descans saludable i reparador.\",\"breadcrumb\":{\"@id\":\"https:\/\/pirilana.com\/ca\/producte\/coixins-de-llana-de-merino\/#breadcrumb\"},\"inLanguage\":\"ca\",\"potentialAction\":[{\"@type\":\"ReadAction\",\"target\":[\"https:\/\/pirilana.com\/ca\/producte\/coixins-de-llana-de-merino\/\"]}]},{\"@type\":\"ImageObject\",\"inLanguage\":\"ca\",\"@id\":\"https:\/\/pirilana.com\/ca\/producte\/coixins-de-llana-de-merino\/#primaryimage\",\"url\":\"https:\/\/pirilana.com\/wp-content\/uploads\/2023\/05\/almohadas_lana_merino_ecologicas_pirilana.jpg\",\"contentUrl\":\"https:\/\/pirilana.com\/wp-content\/uploads\/2023\/05\/almohadas_lana_merino_ecologicas_pirilana.jpg\",\"width\":1200,\"height\":1492,\"caption\":\"almohadas de lana merino antial\u00e9rgicas\"},{\"@type\":\"BreadcrumbList\",\"@id\":\"https:\/\/pirilana.com\/ca\/producte\/coixins-de-llana-de-merino\/#breadcrumb\",\"itemListElement\":[{\"@type\":\"ListItem\",\"position\":1,\"name\":\"Inici\",\"item\":\"https:\/\/pirilana.com\/ca\/\"},{\"@type\":\"ListItem\",\"position\":2,\"name\":\"Products\",\"item\":\"https:\/\/pirilana.com\/ca\/products-pirilana\/\"},{\"@type\":\"ListItem\",\"position\":3,\"name\":\"Coixins\"}]},{\"@type\":\"WebSite\",\"@id\":\"https:\/\/pirilana.com\/ca\/#website\",\"url\":\"https:\/\/pirilana.com\/ca\/\",\"name\":\"Pirilana\",\"description\":\"La lana de tus sue\u00f1os - Edredones de lana hechos en Espa\u00f1a con materiales naturales que se adaptan a la temperatura de tu cuerpo.\",\"potentialAction\":[{\"@type\":\"SearchAction\",\"target\":{\"@type\":\"EntryPoint\",\"urlTemplate\":\"https:\/\/pirilana.com\/ca\/?s={search_term_string}\"},\"query-input\":{\"@type\":\"PropertyValueSpecification\",\"valueRequired\":true,\"valueName\":\"search_term_string\"}}],\"inLanguage\":\"ca\"}]}<\/script>\n<!-- \/ Yoast SEO plugin. -->","yoast_head_json":{"title":"Coix\u00ed de Lana Merina","description":"Coixins de Lana Merina i cot\u00f3 org\u00e0nic. Transpirables amb propietats hipoalerg\u00e8niques i antibacterianes per a un descans saludable i reparador.","robots":{"index":"index","follow":"follow","max-snippet":"max-snippet:-1","max-image-preview":"max-image-preview:large","max-video-preview":"max-video-preview:-1"},"canonical":"https:\/\/pirilana.com\/ca\/producte\/coixins-de-llana-de-merino\/","og_locale":"ca_ES","og_type":"article","og_title":"Coix\u00ed de Lana Merina","og_description":"Coixins de Lana Merina i cot\u00f3 org\u00e0nic. Transpirables amb propietats hipoalerg\u00e8niques i antibacterianes per a un descans saludable i reparador.","og_url":"https:\/\/pirilana.com\/ca\/producte\/coixins-de-llana-de-merino\/","og_site_name":"Pirilana","article_modified_time":"2024-01-24T21:16:24+00:00","og_image":[{"width":1200,"height":1492,"url":"https:\/\/pirilana.com\/wp-content\/uploads\/2023\/05\/almohadas_lana_merino_ecologicas_pirilana.jpg","type":"image\/jpeg"}],"twitter_misc":{"Temps estimat de lectura":"1 minute"},"schema":{"@context":"https:\/\/schema.org","@graph":[{"@type":"WebPage","@id":"https:\/\/pirilana.com\/ca\/producte\/coixins-de-llana-de-merino\/","url":"https:\/\/pirilana.com\/ca\/producte\/coixins-de-llana-de-merino\/","name":"Coix\u00ed de Lana Merina","isPartOf":{"@id":"https:\/\/pirilana.com\/ca\/#website"},"primaryImageOfPage":{"@id":"https:\/\/pirilana.com\/ca\/producte\/coixins-de-llana-de-merino\/#primaryimage"},"image":{"@id":"https:\/\/pirilana.com\/ca\/producte\/coixins-de-llana-de-merino\/#primaryimage"},"thumbnailUrl":"https:\/\/pirilana.com\/wp-content\/uploads\/2023\/05\/almohadas_lana_merino_ecologicas_pirilana.jpg","datePublished":"2023-05-24T17:10:52+00:00","dateModified":"2024-01-24T21:16:24+00:00","description":"Coixins de Lana Merina i cot\u00f3 org\u00e0nic. Transpirables amb propietats hipoalerg\u00e8niques i antibacterianes per a un descans saludable i reparador.","breadcrumb":{"@id":"https:\/\/pirilana.com\/ca\/producte\/coixins-de-llana-de-merino\/#breadcrumb"},"inLanguage":"ca","potentialAction":[{"@type":"ReadAction","target":["https:\/\/pirilana.com\/ca\/producte\/coixins-de-llana-de-merino\/"]}]},{"@type":"ImageObject","inLanguage":"ca","@id":"https:\/\/pirilana.com\/ca\/producte\/coixins-de-llana-de-merino\/#primaryimage","url":"https:\/\/pirilana.com\/wp-content\/uploads\/2023\/05\/almohadas_lana_merino_ecologicas_pirilana.jpg","contentUrl":"https:\/\/pirilana.com\/wp-content\/uploads\/2023\/05\/almohadas_lana_merino_ecologicas_pirilana.jpg","width":1200,"height":1492,"caption":"almohadas de lana merino antial\u00e9rgicas"},{"@type":"BreadcrumbList","@id":"https:\/\/pirilana.com\/ca\/producte\/coixins-de-llana-de-merino\/#breadcrumb","itemListElement":[{"@type":"ListItem","position":1,"name":"Inici","item":"https:\/\/pirilana.com\/ca\/"},{"@type":"ListItem","position":2,"name":"Products","item":"https:\/\/pirilana.com\/ca\/products-pirilana\/"},{"@type":"ListItem","position":3,"name":"Coixins"}]},{"@type":"WebSite","@id":"https:\/\/pirilana.com\/ca\/#website","url":"https:\/\/pirilana.com\/ca\/","name":"Pirilana","description":"La lana de tus sue\u00f1os - Edredones de lana hechos en Espa\u00f1a con materiales naturales que se adaptan a la temperatura de tu cuerpo.","potentialAction":[{"@type":"SearchAction","target":{"@type":"EntryPoint","urlTemplate":"https:\/\/pirilana.com\/ca\/?s={search_term_string}"},"query-input":{"@type":"PropertyValueSpecification","valueRequired":true,"valueName":"search_term_string"}}],"inLanguage":"ca"}]}},"_links":{"self":[{"href":"https:\/\/pirilana.com\/ca\/wp-json\/wp\/v2\/product\/13345","targetHints":{"allow":["GET"]}}],"collection":[{"href":"https:\/\/pirilana.com\/ca\/wp-json\/wp\/v2\/product"}],"about":[{"href":"https:\/\/pirilana.com\/ca\/wp-json\/wp\/v2\/types\/product"}],"replies":[{"embeddable":true,"href":"https:\/\/pirilana.com\/ca\/wp-json\/wp\/v2\/comments?post=13345"}],"version-history":[{"count":0,"href":"https:\/\/pirilana.com\/ca\/wp-json\/wp\/v2\/product\/13345\/revisions"}],"wp:featuredmedia":[{"embeddable":true,"href":"https:\/\/pirilana.com\/ca\/wp-json\/wp\/v2\/media\/11588"}],"wp:attachment":[{"href":"https:\/\/pirilana.com\/ca\/wp-json\/wp\/v2\/media?parent=13345"}],"wp:term":[{"taxonomy":"product_brand","embeddable":true,"href":"https:\/\/pirilana.com\/ca\/wp-json\/wp\/v2\/product_brand?post=13345"},{"taxonomy":"product_cat","embeddable":true,"href":"https:\/\/pirilana.com\/ca\/wp-json\/wp\/v2\/product_cat?post=13345"},{"taxonomy":"product_tag","embeddable":true,"href":"https:\/\/pirilana.com\/ca\/wp-json\/wp\/v2\/product_tag?post=13345"}],"curies":[{"name":"wp","href":"https:\/\/api.w.org\/{rel}","templated":true}]}}