{"id":13341,"date":"2023-05-24T19:11:55","date_gmt":"2023-05-24T17:11:55","guid":{"rendered":"https:\/\/pirilana.com\/producto\/pack-descompte-edredo-de-llana-meri-funda-sahara-100-lli\/"},"modified":"2023-05-26T10:28:16","modified_gmt":"2023-05-26T08:28:16","slug":"pack-descompte-edredo-de-llana-meri-funda-sahara-100-lli","status":"publish","type":"product","link":"https:\/\/pirilana.com\/ca\/producte\/pack-descompte-edredo-de-llana-meri-funda-sahara-100-lli\/","title":{"rendered":"Pack descompte: Edred\u00f3 de llana Mer\u00ed + Funda Sahara 100% lli"},"content":{"rendered":"","protected":false},"excerpt":{"rendered":"<h4>5% de descompte aplicat en aquest pack.<\/h4>\n<p>Els nostres edredons de llana merino controlen la humitat i regulen la temperatura corporal de manera natural.<\/p>\n<p>Les fundes de lli i els edredons a m\u00e9s s\u00f3n transpirables, anti\u00e0cars i singlot al\u00b7lerg\u00f2gens, sense la pres\u00e8ncia de subst\u00e0ncies qu\u00edmiques nocives per a la salut.<\/p>\n<p>La nostra excel\u00b7lent llana merino d&#8217;origen nacional t\u00e9 certificat OEKO TEX Standard 100. El cot\u00f3 ecol\u00f2gic setinat que els encoixina t\u00e9 certificat GOTS.<\/p>\n<p>La combinaci\u00f3 perfecta per a un descans saludable i reparador!<\/p>\n<p><strong>Comprant aquest pack est\u00e0s estalviant un 5%<\/strong><\/p>\n<p>Selecciona la mida i el gruix de l&#8217;edred\u00f3 i les mides de la teva funda de lli que necessitis; i comen\u00e7a a gaudir dels beneficis de la llana i el lli per al teu descans i benestar.<\/p>\n<p>100% llana merino nacional i cot\u00f3 ecol\u00f2gic.<\/p>\n<p>100% lli europeu.<\/p>\n<p>&gt;<\/p>\n","protected":false},"featured_media":11653,"comment_status":"closed","ping_status":"closed","template":"","meta":{"_joinchat":[]},"product_brand":[],"product_cat":[121,108,115,112],"product_tag":[],"class_list":{"0":"post-13341","1":"product","2":"type-product","3":"status-publish","4":"has-post-thumbnail","6":"product_cat-complements","7":"product_cat-edredons","8":"product_cat-fundes","9":"product_cat-packs-descompte","11":"first","12":"outofstock","13":"sale","14":"virtual","15":"taxable","16":"purchasable","17":"product-type-bundle"},"bundled_by":[],"bundle_stock_status":"outofstock","bundle_stock_quantity":0,"bundle_virtual":false,"bundle_layout":"default","bundle_add_to_cart_form_location":"after_summary","bundle_editable_in_cart":true,"bundle_sold_individually_context":"product","bundle_item_grouping":"parent","bundle_min_size":"","bundle_max_size":"","bundled_items":[{"bundled_item_id":24,"product_id":13521,"menu_order":0,"quantity_min":1,"quantity_max":"","quantity_default":1,"priced_individually":true,"shipped_individually":false,"override_title":false,"title":"Funda 100% de lli Sahara","override_description":false,"description":"Funda 100% de lli Sahara","optional":false,"hide_thumbnail":false,"discount":"5","override_variations":false,"allowed_variations":[""],"override_default_variation_attributes":false,"default_variation_attributes":[],"single_product_visibility":"visible","cart_visibility":"visible","order_visibility":"visible","single_product_price_visibility":"visible","cart_price_visibility":"visible","order_price_visibility":"visible","stock_status":"on_backorder"},{"bundled_item_id":25,"product_id":13403,"menu_order":1,"quantity_min":1,"quantity_max":"","quantity_default":1,"priced_individually":true,"shipped_individually":false,"override_title":false,"title":"Edred\u00f3 de llana merino","override_description":false,"description":"Edred\u00f3 de llana merino","optional":false,"hide_thumbnail":false,"discount":"5","override_variations":false,"allowed_variations":[""],"override_default_variation_attributes":false,"default_variation_attributes":[],"single_product_visibility":"visible","cart_visibility":"visible","order_visibility":"visible","single_product_price_visibility":"visible","cart_price_visibility":"visible","order_price_visibility":"visible","stock_status":"in_stock"}],"bundle_sell_ids":[],"yoast_head":"<!-- This site is optimized with the Yoast SEO plugin v27.0 - https:\/\/yoast.com\/product\/yoast-seo-wordpress\/ -->\n<title>Pack descompte: Edred\u00f3 de llana Mer\u00ed + Funda Sahara 100% lli - Pirilana<\/title>\n<meta name=\"description\" content=\"Estalvia amb els Packs Pirilana. Compra el teu edred\u00f3 i una funda de lli 100% i emporta&#039;t un 5% de descompte.\" \/>\n<meta name=\"robots\" content=\"index, follow, max-snippet:-1, max-image-preview:large, max-video-preview:-1\" \/>\n<link rel=\"canonical\" href=\"https:\/\/pirilana.com\/ca\/producte\/pack-descompte-edredo-de-llana-meri-funda-sahara-100-lli\/\" \/>\n<meta property=\"og:locale\" content=\"ca_ES\" \/>\n<meta property=\"og:type\" content=\"article\" \/>\n<meta property=\"og:title\" content=\"Pack descompte: Edred\u00f3 de llana Mer\u00ed + Funda Sahara 100% lli - Pirilana\" \/>\n<meta property=\"og:description\" content=\"Estalvia amb els Packs Pirilana. Compra el teu edred\u00f3 i una funda de lli 100% i emporta&#039;t un 5% de descompte.\" \/>\n<meta property=\"og:url\" content=\"https:\/\/pirilana.com\/ca\/producte\/pack-descompte-edredo-de-llana-meri-funda-sahara-100-lli\/\" \/>\n<meta property=\"og:site_name\" content=\"Pirilana\" \/>\n<meta property=\"article:modified_time\" content=\"2023-05-26T08:28:16+00:00\" \/>\n<meta property=\"og:image\" content=\"https:\/\/pirilana.com\/wp-content\/uploads\/2023\/05\/Funda-de-algodon-pirilana-Sahara-01.jpg\" \/>\n\t<meta property=\"og:image:width\" content=\"900\" \/>\n\t<meta property=\"og:image:height\" content=\"900\" \/>\n\t<meta property=\"og:image:type\" content=\"image\/jpeg\" \/>\n<script type=\"application\/ld+json\" class=\"yoast-schema-graph\">{\"@context\":\"https:\/\/schema.org\",\"@graph\":[{\"@type\":\"WebPage\",\"@id\":\"https:\/\/pirilana.com\/ca\/producte\/pack-descompte-edredo-de-llana-meri-funda-sahara-100-lli\/\",\"url\":\"https:\/\/pirilana.com\/ca\/producte\/pack-descompte-edredo-de-llana-meri-funda-sahara-100-lli\/\",\"name\":\"Pack descompte: Edred\u00f3 de llana Mer\u00ed + Funda Sahara 100% lli - Pirilana\",\"isPartOf\":{\"@id\":\"https:\/\/pirilana.com\/ca\/#website\"},\"primaryImageOfPage\":{\"@id\":\"https:\/\/pirilana.com\/ca\/producte\/pack-descompte-edredo-de-llana-meri-funda-sahara-100-lli\/#primaryimage\"},\"image\":{\"@id\":\"https:\/\/pirilana.com\/ca\/producte\/pack-descompte-edredo-de-llana-meri-funda-sahara-100-lli\/#primaryimage\"},\"thumbnailUrl\":\"https:\/\/pirilana.com\/wp-content\/uploads\/2023\/05\/Funda-de-algodon-pirilana-Sahara-01.jpg\",\"datePublished\":\"2023-05-24T17:11:55+00:00\",\"dateModified\":\"2023-05-26T08:28:16+00:00\",\"description\":\"Estalvia amb els Packs Pirilana. Compra el teu edred\u00f3 i una funda de lli 100% i emporta't un 5% de descompte.\",\"breadcrumb\":{\"@id\":\"https:\/\/pirilana.com\/ca\/producte\/pack-descompte-edredo-de-llana-meri-funda-sahara-100-lli\/#breadcrumb\"},\"inLanguage\":\"ca\",\"potentialAction\":[{\"@type\":\"ReadAction\",\"target\":[\"https:\/\/pirilana.com\/ca\/producte\/pack-descompte-edredo-de-llana-meri-funda-sahara-100-lli\/\"]}]},{\"@type\":\"ImageObject\",\"inLanguage\":\"ca\",\"@id\":\"https:\/\/pirilana.com\/ca\/producte\/pack-descompte-edredo-de-llana-meri-funda-sahara-100-lli\/#primaryimage\",\"url\":\"https:\/\/pirilana.com\/wp-content\/uploads\/2023\/05\/Funda-de-algodon-pirilana-Sahara-01.jpg\",\"contentUrl\":\"https:\/\/pirilana.com\/wp-content\/uploads\/2023\/05\/Funda-de-algodon-pirilana-Sahara-01.jpg\",\"width\":900,\"height\":900,\"caption\":\"funda de lino para nordico en color natural\"},{\"@type\":\"BreadcrumbList\",\"@id\":\"https:\/\/pirilana.com\/ca\/producte\/pack-descompte-edredo-de-llana-meri-funda-sahara-100-lli\/#breadcrumb\",\"itemListElement\":[{\"@type\":\"ListItem\",\"position\":1,\"name\":\"Inici\",\"item\":\"https:\/\/pirilana.com\/ca\/\"},{\"@type\":\"ListItem\",\"position\":2,\"name\":\"Products\",\"item\":\"https:\/\/pirilana.com\/ca\/products-pirilana\/\"},{\"@type\":\"ListItem\",\"position\":3,\"name\":\"Pack descompte: Edred\u00f3 de llana Mer\u00ed + Funda Sahara 100% lli\"}]},{\"@type\":\"WebSite\",\"@id\":\"https:\/\/pirilana.com\/ca\/#website\",\"url\":\"https:\/\/pirilana.com\/ca\/\",\"name\":\"Pirilana\",\"description\":\"La lana de tus sue\u00f1os - Edredones de lana hechos en Espa\u00f1a con materiales naturales que se adaptan a la temperatura de tu cuerpo.\",\"potentialAction\":[{\"@type\":\"SearchAction\",\"target\":{\"@type\":\"EntryPoint\",\"urlTemplate\":\"https:\/\/pirilana.com\/ca\/?s={search_term_string}\"},\"query-input\":{\"@type\":\"PropertyValueSpecification\",\"valueRequired\":true,\"valueName\":\"search_term_string\"}}],\"inLanguage\":\"ca\"}]}<\/script>\n<!-- \/ Yoast SEO plugin. -->","yoast_head_json":{"title":"Pack descompte: Edred\u00f3 de llana Mer\u00ed + Funda Sahara 100% lli - Pirilana","description":"Estalvia amb els Packs Pirilana. Compra el teu edred\u00f3 i una funda de lli 100% i emporta't un 5% de descompte.","robots":{"index":"index","follow":"follow","max-snippet":"max-snippet:-1","max-image-preview":"max-image-preview:large","max-video-preview":"max-video-preview:-1"},"canonical":"https:\/\/pirilana.com\/ca\/producte\/pack-descompte-edredo-de-llana-meri-funda-sahara-100-lli\/","og_locale":"ca_ES","og_type":"article","og_title":"Pack descompte: Edred\u00f3 de llana Mer\u00ed + Funda Sahara 100% lli - Pirilana","og_description":"Estalvia amb els Packs Pirilana. Compra el teu edred\u00f3 i una funda de lli 100% i emporta't un 5% de descompte.","og_url":"https:\/\/pirilana.com\/ca\/producte\/pack-descompte-edredo-de-llana-meri-funda-sahara-100-lli\/","og_site_name":"Pirilana","article_modified_time":"2023-05-26T08:28:16+00:00","og_image":[{"width":900,"height":900,"url":"https:\/\/pirilana.com\/wp-content\/uploads\/2023\/05\/Funda-de-algodon-pirilana-Sahara-01.jpg","type":"image\/jpeg"}],"schema":{"@context":"https:\/\/schema.org","@graph":[{"@type":"WebPage","@id":"https:\/\/pirilana.com\/ca\/producte\/pack-descompte-edredo-de-llana-meri-funda-sahara-100-lli\/","url":"https:\/\/pirilana.com\/ca\/producte\/pack-descompte-edredo-de-llana-meri-funda-sahara-100-lli\/","name":"Pack descompte: Edred\u00f3 de llana Mer\u00ed + Funda Sahara 100% lli - Pirilana","isPartOf":{"@id":"https:\/\/pirilana.com\/ca\/#website"},"primaryImageOfPage":{"@id":"https:\/\/pirilana.com\/ca\/producte\/pack-descompte-edredo-de-llana-meri-funda-sahara-100-lli\/#primaryimage"},"image":{"@id":"https:\/\/pirilana.com\/ca\/producte\/pack-descompte-edredo-de-llana-meri-funda-sahara-100-lli\/#primaryimage"},"thumbnailUrl":"https:\/\/pirilana.com\/wp-content\/uploads\/2023\/05\/Funda-de-algodon-pirilana-Sahara-01.jpg","datePublished":"2023-05-24T17:11:55+00:00","dateModified":"2023-05-26T08:28:16+00:00","description":"Estalvia amb els Packs Pirilana. Compra el teu edred\u00f3 i una funda de lli 100% i emporta't un 5% de descompte.","breadcrumb":{"@id":"https:\/\/pirilana.com\/ca\/producte\/pack-descompte-edredo-de-llana-meri-funda-sahara-100-lli\/#breadcrumb"},"inLanguage":"ca","potentialAction":[{"@type":"ReadAction","target":["https:\/\/pirilana.com\/ca\/producte\/pack-descompte-edredo-de-llana-meri-funda-sahara-100-lli\/"]}]},{"@type":"ImageObject","inLanguage":"ca","@id":"https:\/\/pirilana.com\/ca\/producte\/pack-descompte-edredo-de-llana-meri-funda-sahara-100-lli\/#primaryimage","url":"https:\/\/pirilana.com\/wp-content\/uploads\/2023\/05\/Funda-de-algodon-pirilana-Sahara-01.jpg","contentUrl":"https:\/\/pirilana.com\/wp-content\/uploads\/2023\/05\/Funda-de-algodon-pirilana-Sahara-01.jpg","width":900,"height":900,"caption":"funda de lino para nordico en color natural"},{"@type":"BreadcrumbList","@id":"https:\/\/pirilana.com\/ca\/producte\/pack-descompte-edredo-de-llana-meri-funda-sahara-100-lli\/#breadcrumb","itemListElement":[{"@type":"ListItem","position":1,"name":"Inici","item":"https:\/\/pirilana.com\/ca\/"},{"@type":"ListItem","position":2,"name":"Products","item":"https:\/\/pirilana.com\/ca\/products-pirilana\/"},{"@type":"ListItem","position":3,"name":"Pack descompte: Edred\u00f3 de llana Mer\u00ed + Funda Sahara 100% lli"}]},{"@type":"WebSite","@id":"https:\/\/pirilana.com\/ca\/#website","url":"https:\/\/pirilana.com\/ca\/","name":"Pirilana","description":"La lana de tus sue\u00f1os - Edredones de lana hechos en Espa\u00f1a con materiales naturales que se adaptan a la temperatura de tu cuerpo.","potentialAction":[{"@type":"SearchAction","target":{"@type":"EntryPoint","urlTemplate":"https:\/\/pirilana.com\/ca\/?s={search_term_string}"},"query-input":{"@type":"PropertyValueSpecification","valueRequired":true,"valueName":"search_term_string"}}],"inLanguage":"ca"}]}},"_links":{"self":[{"href":"https:\/\/pirilana.com\/ca\/wp-json\/wp\/v2\/product\/13341","targetHints":{"allow":["GET"]}}],"collection":[{"href":"https:\/\/pirilana.com\/ca\/wp-json\/wp\/v2\/product"}],"about":[{"href":"https:\/\/pirilana.com\/ca\/wp-json\/wp\/v2\/types\/product"}],"replies":[{"embeddable":true,"href":"https:\/\/pirilana.com\/ca\/wp-json\/wp\/v2\/comments?post=13341"}],"version-history":[{"count":0,"href":"https:\/\/pirilana.com\/ca\/wp-json\/wp\/v2\/product\/13341\/revisions"}],"wp:featuredmedia":[{"embeddable":true,"href":"https:\/\/pirilana.com\/ca\/wp-json\/wp\/v2\/media\/11653"}],"wp:attachment":[{"href":"https:\/\/pirilana.com\/ca\/wp-json\/wp\/v2\/media?parent=13341"}],"wp:term":[{"taxonomy":"product_brand","embeddable":true,"href":"https:\/\/pirilana.com\/ca\/wp-json\/wp\/v2\/product_brand?post=13341"},{"taxonomy":"product_cat","embeddable":true,"href":"https:\/\/pirilana.com\/ca\/wp-json\/wp\/v2\/product_cat?post=13341"},{"taxonomy":"product_tag","embeddable":true,"href":"https:\/\/pirilana.com\/ca\/wp-json\/wp\/v2\/product_tag?post=13341"}],"curies":[{"name":"wp","href":"https:\/\/api.w.org\/{rel}","templated":true}]}}