{"id":13337,"date":"2023-05-24T19:12:47","date_gmt":"2023-05-24T17:12:47","guid":{"rendered":"https:\/\/pirilana.com\/producto\/pack-edredo-coixi-de-llana-merino\/"},"modified":"2025-06-23T14:03:42","modified_gmt":"2025-06-23T12:03:42","slug":"pack-edredo-coixi-de-llana-merino","status":"publish","type":"product","link":"https:\/\/pirilana.com\/ca\/producte\/pack-edredo-coixi-de-llana-merino\/","title":{"rendered":"Pack descompte format per un edred\u00f3 de llana merina + coix\u00ed de llana merina"},"content":{"rendered":"<p>Pack descompte format per un edred\u00f3 de llana merina i coix\u00ed de llana merina. El descans de luxe que estaves somiant. Pel manteniment del teu edred\u00f3 i coix\u00ed cal ventilar-los regularment, preferiblement al sol. No cal rentar-los ja que la llana \u00e9s una fibra molt neta per naturalesa, naturalment antibacteriana i anti\u00e0cars a no carregar estaticament no atrau la pols. En cas d&#8217;apar\u00e8ixer alguna taca es podria tractar localment i si ho requereix es pot rentar en sec. D&#8217;aquesta manera es mantindria la suavitat i la lleugeresa de la llana cardada.<\/p>\n","protected":false},"excerpt":{"rendered":"<h4>5% de descompte aplicat en aquest pack<\/h4>\n<p>Els nostres edredons i coixins controlen la humitat i regulen la temperatura corporal de manera natural.<\/p>\n<p>S\u00f3n transpirables, anti\u00e0cars i hipoalerg\u00e8nic, sense la pres\u00e8ncia de subst\u00e0ncies qu\u00edmiques nocives per a la salut.<\/p>\n<p>La nostra excel\u00b7lent llana merina d&#8217;origen nacional t\u00e9 certificat OEKO TEX Standard 100. El cot\u00f3 ecol\u00f2gic setinat que els encoixina t\u00e9 certificat GOTS.<\/p>\n<p>No voldr\u00e0s sortir del llit!<\/p>\n<p><strong>Comprant aquest pack est\u00e0s estalviant un 5% Com?<\/strong><\/p>\n<p><em>Selecciona la mida i el gruix de l&#8217;edred\u00f3 i el coix\u00ed que necessitis i comen\u00e7a a gaudir dels beneficis de la llana per al teu descans i benestar.<\/em><\/p>\n<p><em>100% llana merina nacional i cot\u00f3 ecol\u00f2gic.<\/em><\/p>\n","protected":false},"featured_media":12026,"comment_status":"closed","ping_status":"closed","template":"","meta":{"_joinchat":[]},"product_brand":[],"product_cat":[120,108,112],"product_tag":[],"class_list":{"0":"post-13337","1":"product","2":"type-product","3":"status-publish","4":"has-post-thumbnail","6":"product_cat-coixins","7":"product_cat-edredons","8":"product_cat-packs-descompte","10":"first","11":"instock","12":"sale","13":"virtual","14":"taxable","15":"purchasable","16":"product-type-bundle"},"bundled_by":[],"bundle_stock_status":"instock","bundle_stock_quantity":"","bundle_virtual":false,"bundle_layout":"default","bundle_add_to_cart_form_location":"after_summary","bundle_editable_in_cart":true,"bundle_sold_individually_context":"product","bundle_item_grouping":"parent","bundle_min_size":"","bundle_max_size":"","bundled_items":[{"bundled_item_id":38,"product_id":14588,"menu_order":0,"quantity_min":1,"quantity_max":1,"quantity_default":1,"priced_individually":true,"shipped_individually":false,"override_title":false,"title":"Edred\u00f3 de llana merino (Lleuger)","override_description":false,"description":"Edred\u00f3 de llana merino (Lleuger)","optional":false,"hide_thumbnail":false,"discount":"5","override_variations":false,"allowed_variations":[""],"override_default_variation_attributes":false,"default_variation_attributes":[],"single_product_visibility":"visible","cart_visibility":"visible","order_visibility":"visible","single_product_price_visibility":"visible","cart_price_visibility":"visible","order_price_visibility":"visible","stock_status":"in_stock"},{"bundled_item_id":4,"product_id":13345,"menu_order":1,"quantity_min":1,"quantity_max":"","quantity_default":1,"priced_individually":true,"shipped_individually":false,"override_title":false,"title":"Coixins","override_description":false,"description":"Coixins","optional":false,"hide_thumbnail":false,"discount":"5","override_variations":false,"allowed_variations":[""],"override_default_variation_attributes":false,"default_variation_attributes":[],"single_product_visibility":"visible","cart_visibility":"visible","order_visibility":"visible","single_product_price_visibility":"visible","cart_price_visibility":"visible","order_price_visibility":"visible","stock_status":"in_stock"}],"bundle_sell_ids":[],"yoast_head":"<!-- This site is optimized with the Yoast SEO plugin v27.0 - https:\/\/yoast.com\/product\/yoast-seo-wordpress\/ -->\n<title>Pack descompte edred\u00f3 de llana merina i coix\u00ed<\/title>\n<meta name=\"description\" content=\"Pack descompte edred\u00f3 de llana merina i coix\u00ed de llana merina. Estalvia amb els Packs Pirilana i comen\u00e7a a dormir pels n\u00favols.\" \/>\n<meta name=\"robots\" content=\"index, follow, max-snippet:-1, max-image-preview:large, max-video-preview:-1\" \/>\n<link rel=\"canonical\" href=\"https:\/\/pirilana.com\/ca\/producte\/pack-edredo-coixi-de-llana-merino\/\" \/>\n<meta property=\"og:locale\" content=\"ca_ES\" \/>\n<meta property=\"og:type\" content=\"article\" \/>\n<meta property=\"og:title\" content=\"Pack descompte edred\u00f3 de llana merina i coix\u00ed\" \/>\n<meta property=\"og:description\" content=\"Pack descompte edred\u00f3 de llana merina i coix\u00ed de llana merina. Estalvia amb els Packs Pirilana i comen\u00e7a a dormir pels n\u00favols.\" \/>\n<meta property=\"og:url\" content=\"https:\/\/pirilana.com\/ca\/producte\/pack-edredo-coixi-de-llana-merino\/\" \/>\n<meta property=\"og:site_name\" content=\"Pirilana\" \/>\n<meta property=\"article:modified_time\" content=\"2025-06-23T12:03:42+00:00\" \/>\n<meta property=\"og:image\" content=\"https:\/\/pirilana.com\/wp-content\/uploads\/2023\/05\/Pack-Pirilana-edredon-almohada-003.jpg\" \/>\n\t<meta property=\"og:image:width\" content=\"1200\" \/>\n\t<meta property=\"og:image:height\" content=\"900\" \/>\n\t<meta property=\"og:image:type\" content=\"image\/jpeg\" \/>\n<script type=\"application\/ld+json\" class=\"yoast-schema-graph\">{\"@context\":\"https:\/\/schema.org\",\"@graph\":[{\"@type\":\"WebPage\",\"@id\":\"https:\/\/pirilana.com\/ca\/producte\/pack-edredo-coixi-de-llana-merino\/\",\"url\":\"https:\/\/pirilana.com\/ca\/producte\/pack-edredo-coixi-de-llana-merino\/\",\"name\":\"Pack descompte edred\u00f3 de llana merina i coix\u00ed\",\"isPartOf\":{\"@id\":\"https:\/\/pirilana.com\/ca\/#website\"},\"primaryImageOfPage\":{\"@id\":\"https:\/\/pirilana.com\/ca\/producte\/pack-edredo-coixi-de-llana-merino\/#primaryimage\"},\"image\":{\"@id\":\"https:\/\/pirilana.com\/ca\/producte\/pack-edredo-coixi-de-llana-merino\/#primaryimage\"},\"thumbnailUrl\":\"https:\/\/pirilana.com\/wp-content\/uploads\/2023\/05\/Pack-Pirilana-edredon-almohada-003.jpg\",\"datePublished\":\"2023-05-24T17:12:47+00:00\",\"dateModified\":\"2025-06-23T12:03:42+00:00\",\"description\":\"Pack descompte edred\u00f3 de llana merina i coix\u00ed de llana merina. Estalvia amb els Packs Pirilana i comen\u00e7a a dormir pels n\u00favols.\",\"breadcrumb\":{\"@id\":\"https:\/\/pirilana.com\/ca\/producte\/pack-edredo-coixi-de-llana-merino\/#breadcrumb\"},\"inLanguage\":\"ca\",\"potentialAction\":[{\"@type\":\"ReadAction\",\"target\":[\"https:\/\/pirilana.com\/ca\/producte\/pack-edredo-coixi-de-llana-merino\/\"]}]},{\"@type\":\"ImageObject\",\"inLanguage\":\"ca\",\"@id\":\"https:\/\/pirilana.com\/ca\/producte\/pack-edredo-coixi-de-llana-merino\/#primaryimage\",\"url\":\"https:\/\/pirilana.com\/wp-content\/uploads\/2023\/05\/Pack-Pirilana-edredon-almohada-003.jpg\",\"contentUrl\":\"https:\/\/pirilana.com\/wp-content\/uploads\/2023\/05\/Pack-Pirilana-edredon-almohada-003.jpg\",\"width\":1200,\"height\":900,\"caption\":\"pack descuento de edredon de lana merino y almohada\"},{\"@type\":\"BreadcrumbList\",\"@id\":\"https:\/\/pirilana.com\/ca\/producte\/pack-edredo-coixi-de-llana-merino\/#breadcrumb\",\"itemListElement\":[{\"@type\":\"ListItem\",\"position\":1,\"name\":\"Inici\",\"item\":\"https:\/\/pirilana.com\/ca\/\"},{\"@type\":\"ListItem\",\"position\":2,\"name\":\"Products\",\"item\":\"https:\/\/pirilana.com\/ca\/products-pirilana\/\"},{\"@type\":\"ListItem\",\"position\":3,\"name\":\"Pack descompte format per un edred\u00f3 de llana merina + coix\u00ed de llana merina\"}]},{\"@type\":\"WebSite\",\"@id\":\"https:\/\/pirilana.com\/ca\/#website\",\"url\":\"https:\/\/pirilana.com\/ca\/\",\"name\":\"Pirilana\",\"description\":\"La lana de tus sue\u00f1os - Edredones de lana hechos en Espa\u00f1a con materiales naturales que se adaptan a la temperatura de tu cuerpo.\",\"potentialAction\":[{\"@type\":\"SearchAction\",\"target\":{\"@type\":\"EntryPoint\",\"urlTemplate\":\"https:\/\/pirilana.com\/ca\/?s={search_term_string}\"},\"query-input\":{\"@type\":\"PropertyValueSpecification\",\"valueRequired\":true,\"valueName\":\"search_term_string\"}}],\"inLanguage\":\"ca\"}]}<\/script>\n<!-- \/ Yoast SEO plugin. -->","yoast_head_json":{"title":"Pack descompte edred\u00f3 de llana merina i coix\u00ed","description":"Pack descompte edred\u00f3 de llana merina i coix\u00ed de llana merina. Estalvia amb els Packs Pirilana i comen\u00e7a a dormir pels n\u00favols.","robots":{"index":"index","follow":"follow","max-snippet":"max-snippet:-1","max-image-preview":"max-image-preview:large","max-video-preview":"max-video-preview:-1"},"canonical":"https:\/\/pirilana.com\/ca\/producte\/pack-edredo-coixi-de-llana-merino\/","og_locale":"ca_ES","og_type":"article","og_title":"Pack descompte edred\u00f3 de llana merina i coix\u00ed","og_description":"Pack descompte edred\u00f3 de llana merina i coix\u00ed de llana merina. Estalvia amb els Packs Pirilana i comen\u00e7a a dormir pels n\u00favols.","og_url":"https:\/\/pirilana.com\/ca\/producte\/pack-edredo-coixi-de-llana-merino\/","og_site_name":"Pirilana","article_modified_time":"2025-06-23T12:03:42+00:00","og_image":[{"width":1200,"height":900,"url":"https:\/\/pirilana.com\/wp-content\/uploads\/2023\/05\/Pack-Pirilana-edredon-almohada-003.jpg","type":"image\/jpeg"}],"schema":{"@context":"https:\/\/schema.org","@graph":[{"@type":"WebPage","@id":"https:\/\/pirilana.com\/ca\/producte\/pack-edredo-coixi-de-llana-merino\/","url":"https:\/\/pirilana.com\/ca\/producte\/pack-edredo-coixi-de-llana-merino\/","name":"Pack descompte edred\u00f3 de llana merina i coix\u00ed","isPartOf":{"@id":"https:\/\/pirilana.com\/ca\/#website"},"primaryImageOfPage":{"@id":"https:\/\/pirilana.com\/ca\/producte\/pack-edredo-coixi-de-llana-merino\/#primaryimage"},"image":{"@id":"https:\/\/pirilana.com\/ca\/producte\/pack-edredo-coixi-de-llana-merino\/#primaryimage"},"thumbnailUrl":"https:\/\/pirilana.com\/wp-content\/uploads\/2023\/05\/Pack-Pirilana-edredon-almohada-003.jpg","datePublished":"2023-05-24T17:12:47+00:00","dateModified":"2025-06-23T12:03:42+00:00","description":"Pack descompte edred\u00f3 de llana merina i coix\u00ed de llana merina. Estalvia amb els Packs Pirilana i comen\u00e7a a dormir pels n\u00favols.","breadcrumb":{"@id":"https:\/\/pirilana.com\/ca\/producte\/pack-edredo-coixi-de-llana-merino\/#breadcrumb"},"inLanguage":"ca","potentialAction":[{"@type":"ReadAction","target":["https:\/\/pirilana.com\/ca\/producte\/pack-edredo-coixi-de-llana-merino\/"]}]},{"@type":"ImageObject","inLanguage":"ca","@id":"https:\/\/pirilana.com\/ca\/producte\/pack-edredo-coixi-de-llana-merino\/#primaryimage","url":"https:\/\/pirilana.com\/wp-content\/uploads\/2023\/05\/Pack-Pirilana-edredon-almohada-003.jpg","contentUrl":"https:\/\/pirilana.com\/wp-content\/uploads\/2023\/05\/Pack-Pirilana-edredon-almohada-003.jpg","width":1200,"height":900,"caption":"pack descuento de edredon de lana merino y almohada"},{"@type":"BreadcrumbList","@id":"https:\/\/pirilana.com\/ca\/producte\/pack-edredo-coixi-de-llana-merino\/#breadcrumb","itemListElement":[{"@type":"ListItem","position":1,"name":"Inici","item":"https:\/\/pirilana.com\/ca\/"},{"@type":"ListItem","position":2,"name":"Products","item":"https:\/\/pirilana.com\/ca\/products-pirilana\/"},{"@type":"ListItem","position":3,"name":"Pack descompte format per un edred\u00f3 de llana merina + coix\u00ed de llana merina"}]},{"@type":"WebSite","@id":"https:\/\/pirilana.com\/ca\/#website","url":"https:\/\/pirilana.com\/ca\/","name":"Pirilana","description":"La lana de tus sue\u00f1os - Edredones de lana hechos en Espa\u00f1a con materiales naturales que se adaptan a la temperatura de tu cuerpo.","potentialAction":[{"@type":"SearchAction","target":{"@type":"EntryPoint","urlTemplate":"https:\/\/pirilana.com\/ca\/?s={search_term_string}"},"query-input":{"@type":"PropertyValueSpecification","valueRequired":true,"valueName":"search_term_string"}}],"inLanguage":"ca"}]}},"_links":{"self":[{"href":"https:\/\/pirilana.com\/ca\/wp-json\/wp\/v2\/product\/13337","targetHints":{"allow":["GET"]}}],"collection":[{"href":"https:\/\/pirilana.com\/ca\/wp-json\/wp\/v2\/product"}],"about":[{"href":"https:\/\/pirilana.com\/ca\/wp-json\/wp\/v2\/types\/product"}],"replies":[{"embeddable":true,"href":"https:\/\/pirilana.com\/ca\/wp-json\/wp\/v2\/comments?post=13337"}],"version-history":[{"count":1,"href":"https:\/\/pirilana.com\/ca\/wp-json\/wp\/v2\/product\/13337\/revisions"}],"predecessor-version":[{"id":17245,"href":"https:\/\/pirilana.com\/ca\/wp-json\/wp\/v2\/product\/13337\/revisions\/17245"}],"wp:featuredmedia":[{"embeddable":true,"href":"https:\/\/pirilana.com\/ca\/wp-json\/wp\/v2\/media\/12026"}],"wp:attachment":[{"href":"https:\/\/pirilana.com\/ca\/wp-json\/wp\/v2\/media?parent=13337"}],"wp:term":[{"taxonomy":"product_brand","embeddable":true,"href":"https:\/\/pirilana.com\/ca\/wp-json\/wp\/v2\/product_brand?post=13337"},{"taxonomy":"product_cat","embeddable":true,"href":"https:\/\/pirilana.com\/ca\/wp-json\/wp\/v2\/product_cat?post=13337"},{"taxonomy":"product_tag","embeddable":true,"href":"https:\/\/pirilana.com\/ca\/wp-json\/wp\/v2\/product_tag?post=13337"}],"curies":[{"name":"wp","href":"https:\/\/api.w.org\/{rel}","templated":true}]}}