{"id":13335,"date":"2023-05-24T19:12:48","date_gmt":"2023-05-24T17:12:48","guid":{"rendered":"https:\/\/pirilana.com\/producto\/pack-descompte-edredo-de-llana-merino-coixins-protector-de-matalas\/"},"modified":"2024-01-24T21:07:49","modified_gmt":"2024-01-24T20:07:49","slug":"pack-descompte-edredo-de-llana-merino-coixins-protector-de-matalas","status":"publish","type":"product","link":"https:\/\/pirilana.com\/ca\/producte\/pack-descompte-edredo-de-llana-merino-coixins-protector-de-matalas\/","title":{"rendered":"Pack descompte: Edred\u00f3 de llana merino + Coixins + Protector de matal\u00e0s"},"content":{"rendered":"<p>Pack edred\u00f3 de llana merino, coixins i protector de matal\u00e0s. El pack perfecte per a un descans de luxe. Per cuidar els teus productes els haur\u00e0s de ventilar setmanalment i preferiblement al sol. No cal rentar-los perqu\u00e8 la llana \u00e9s anti\u00e0cars, hidr\u00f2foba i antibacteriana. Si hi ha alguna taca que vulguis eliminar els haur\u00e0s de rentar en sec per conservar la suavitat i lleugeresa de la llana cardada.<\/p>\n","protected":false},"excerpt":{"rendered":"<h4>5% de descompte aplicat a aquest pack.<\/h4>\n<p>Els nostres edredons, coixins i protectors controlen la humitat i regulen la temperatura corporal de manera natural.<\/p>\n<p>S\u00f3n transpirables, anti\u00e0cars i hipoalerg\u00e8nic, sense la pres\u00e8ncia de subst\u00e0ncies qu\u00edmiques nocives per a la salut.<\/p>\n<p>El protector de matal\u00e0s aporta m\u00e9s confort i protegir\u00e0 el teu matal\u00e0s perqu\u00e8 duri molts anys m\u00e9s.<\/p>\n<p>La nostra excel\u00b7lent llana merino d&#8217;origen nacional t\u00e9 certificat OEKO TEX Standard 100. El cot\u00f3 ecol\u00f2gic setinat que els encoixina t\u00e9 certificat GOTS.<\/p>\n<p><em>Selecciona la mida i gruix de l&#8217;edred\u00f3 i coix\u00ed que necessitis, aix\u00ed com la mida del protector de matal\u00e0s i comen\u00e7a a gaudir dels beneficis de la llana per al teu descans i benestar.<\/em><\/p>\n<p><strong>El protector de matal\u00e0s es confecciona sota comanda i el termini de lliurament \u00e9s de 20 dies.<\/strong><\/p>\n<p>&nbsp;<\/p>\n","protected":false},"featured_media":12029,"comment_status":"closed","ping_status":"closed","template":"","meta":{"_joinchat":[]},"product_brand":[],"product_cat":[108,112],"product_tag":[],"class_list":{"0":"post-13335","1":"product","2":"type-product","3":"status-publish","4":"has-post-thumbnail","6":"product_cat-edredons","7":"product_cat-packs-descompte","9":"first","10":"onbackorder","11":"sale","12":"virtual","13":"taxable","14":"purchasable","15":"product-type-bundle"},"bundled_by":[],"bundle_stock_status":"instock","bundle_stock_quantity":"","bundle_virtual":false,"bundle_layout":"default","bundle_add_to_cart_form_location":"after_summary","bundle_editable_in_cart":true,"bundle_sold_individually_context":"product","bundle_item_grouping":"parent","bundle_min_size":"","bundle_max_size":"","bundled_items":[{"bundled_item_id":35,"product_id":14588,"menu_order":0,"quantity_min":1,"quantity_max":1,"quantity_default":1,"priced_individually":true,"shipped_individually":false,"override_title":false,"title":"Edred\u00f3 de llana merino (Lleuger)","override_description":false,"description":"Edred\u00f3 de llana merino (Lleuger)","optional":false,"hide_thumbnail":false,"discount":"5","override_variations":false,"allowed_variations":[""],"override_default_variation_attributes":false,"default_variation_attributes":[],"single_product_visibility":"visible","cart_visibility":"visible","order_visibility":"visible","single_product_price_visibility":"visible","cart_price_visibility":"visible","order_price_visibility":"visible","stock_status":"in_stock"},{"bundled_item_id":11,"product_id":13345,"menu_order":1,"quantity_min":1,"quantity_max":"","quantity_default":1,"priced_individually":true,"shipped_individually":false,"override_title":false,"title":"Coixins","override_description":false,"description":"Coixins","optional":false,"hide_thumbnail":false,"discount":"5","override_variations":false,"allowed_variations":[""],"override_default_variation_attributes":false,"default_variation_attributes":[],"single_product_visibility":"visible","cart_visibility":"visible","order_visibility":"visible","single_product_price_visibility":"visible","cart_price_visibility":"visible","order_price_visibility":"visible","stock_status":"in_stock"},{"bundled_item_id":12,"product_id":13535,"menu_order":2,"quantity_min":1,"quantity_max":"","quantity_default":1,"priced_individually":true,"shipped_individually":false,"override_title":false,"title":"Protector de matal\u00e0s","override_description":false,"description":"Protector de matal\u00e0s","optional":false,"hide_thumbnail":false,"discount":"5","override_variations":false,"allowed_variations":[""],"override_default_variation_attributes":false,"default_variation_attributes":[],"single_product_visibility":"visible","cart_visibility":"visible","order_visibility":"visible","single_product_price_visibility":"visible","cart_price_visibility":"visible","order_price_visibility":"visible","stock_status":"on_backorder"}],"bundle_sell_ids":[],"yoast_head":"<!-- This site is optimized with the Yoast SEO plugin v27.0 - https:\/\/yoast.com\/product\/yoast-seo-wordpress\/ -->\n<title>Pack descompte: Edred\u00f3 de llana merino + Coixins + Protector de matal\u00e0s - Pirilana<\/title>\n<meta name=\"description\" content=\"Pack descompte edred\u00f3 de llana merino, coixins i protector de matal\u00e0s. Estalvia amb els Packs Pirilana. Aprofita el descompte comprant aquest pack.\" \/>\n<meta name=\"robots\" content=\"index, follow, max-snippet:-1, max-image-preview:large, max-video-preview:-1\" \/>\n<link rel=\"canonical\" href=\"https:\/\/pirilana.com\/ca\/producte\/pack-descompte-edredo-de-llana-merino-coixins-protector-de-matalas\/\" \/>\n<meta property=\"og:locale\" content=\"ca_ES\" \/>\n<meta property=\"og:type\" content=\"article\" \/>\n<meta property=\"og:title\" content=\"Pack descompte: Edred\u00f3 de llana merino + Coixins + Protector de matal\u00e0s - Pirilana\" \/>\n<meta property=\"og:description\" content=\"Pack descompte edred\u00f3 de llana merino, coixins i protector de matal\u00e0s. Estalvia amb els Packs Pirilana. Aprofita el descompte comprant aquest pack.\" \/>\n<meta property=\"og:url\" content=\"https:\/\/pirilana.com\/ca\/producte\/pack-descompte-edredo-de-llana-merino-coixins-protector-de-matalas\/\" \/>\n<meta property=\"og:site_name\" content=\"Pirilana\" \/>\n<meta property=\"article:modified_time\" content=\"2024-01-24T20:07:49+00:00\" \/>\n<meta property=\"og:image\" content=\"https:\/\/pirilana.com\/wp-content\/uploads\/2023\/05\/Pack-edredon-almohada-protector-colchon.jpg\" \/>\n\t<meta property=\"og:image:width\" content=\"1200\" \/>\n\t<meta property=\"og:image:height\" content=\"1200\" \/>\n\t<meta property=\"og:image:type\" content=\"image\/jpeg\" \/>\n<script type=\"application\/ld+json\" class=\"yoast-schema-graph\">{\"@context\":\"https:\/\/schema.org\",\"@graph\":[{\"@type\":\"WebPage\",\"@id\":\"https:\/\/pirilana.com\/ca\/producte\/pack-descompte-edredo-de-llana-merino-coixins-protector-de-matalas\/\",\"url\":\"https:\/\/pirilana.com\/ca\/producte\/pack-descompte-edredo-de-llana-merino-coixins-protector-de-matalas\/\",\"name\":\"Pack descompte: Edred\u00f3 de llana merino + Coixins + Protector de matal\u00e0s - Pirilana\",\"isPartOf\":{\"@id\":\"https:\/\/pirilana.com\/ca\/#website\"},\"primaryImageOfPage\":{\"@id\":\"https:\/\/pirilana.com\/ca\/producte\/pack-descompte-edredo-de-llana-merino-coixins-protector-de-matalas\/#primaryimage\"},\"image\":{\"@id\":\"https:\/\/pirilana.com\/ca\/producte\/pack-descompte-edredo-de-llana-merino-coixins-protector-de-matalas\/#primaryimage\"},\"thumbnailUrl\":\"https:\/\/pirilana.com\/wp-content\/uploads\/2023\/05\/Pack-edredon-almohada-protector-colchon.jpg\",\"datePublished\":\"2023-05-24T17:12:48+00:00\",\"dateModified\":\"2024-01-24T20:07:49+00:00\",\"description\":\"Pack descompte edred\u00f3 de llana merino, coixins i protector de matal\u00e0s. Estalvia amb els Packs Pirilana. Aprofita el descompte comprant aquest pack.\",\"breadcrumb\":{\"@id\":\"https:\/\/pirilana.com\/ca\/producte\/pack-descompte-edredo-de-llana-merino-coixins-protector-de-matalas\/#breadcrumb\"},\"inLanguage\":\"ca\",\"potentialAction\":[{\"@type\":\"ReadAction\",\"target\":[\"https:\/\/pirilana.com\/ca\/producte\/pack-descompte-edredo-de-llana-merino-coixins-protector-de-matalas\/\"]}]},{\"@type\":\"ImageObject\",\"inLanguage\":\"ca\",\"@id\":\"https:\/\/pirilana.com\/ca\/producte\/pack-descompte-edredo-de-llana-merino-coixins-protector-de-matalas\/#primaryimage\",\"url\":\"https:\/\/pirilana.com\/wp-content\/uploads\/2023\/05\/Pack-edredon-almohada-protector-colchon.jpg\",\"contentUrl\":\"https:\/\/pirilana.com\/wp-content\/uploads\/2023\/05\/Pack-edredon-almohada-protector-colchon.jpg\",\"width\":1200,\"height\":1200,\"caption\":\"pack descuento edredon, almohada y protector de colchon\"},{\"@type\":\"BreadcrumbList\",\"@id\":\"https:\/\/pirilana.com\/ca\/producte\/pack-descompte-edredo-de-llana-merino-coixins-protector-de-matalas\/#breadcrumb\",\"itemListElement\":[{\"@type\":\"ListItem\",\"position\":1,\"name\":\"Inici\",\"item\":\"https:\/\/pirilana.com\/ca\/\"},{\"@type\":\"ListItem\",\"position\":2,\"name\":\"Products\",\"item\":\"https:\/\/pirilana.com\/ca\/products-pirilana\/\"},{\"@type\":\"ListItem\",\"position\":3,\"name\":\"Pack descompte: Edred\u00f3 de llana merino + Coixins + Protector de matal\u00e0s\"}]},{\"@type\":\"WebSite\",\"@id\":\"https:\/\/pirilana.com\/ca\/#website\",\"url\":\"https:\/\/pirilana.com\/ca\/\",\"name\":\"Pirilana\",\"description\":\"La lana de tus sue\u00f1os - Edredones de lana hechos en Espa\u00f1a con materiales naturales que se adaptan a la temperatura de tu cuerpo.\",\"potentialAction\":[{\"@type\":\"SearchAction\",\"target\":{\"@type\":\"EntryPoint\",\"urlTemplate\":\"https:\/\/pirilana.com\/ca\/?s={search_term_string}\"},\"query-input\":{\"@type\":\"PropertyValueSpecification\",\"valueRequired\":true,\"valueName\":\"search_term_string\"}}],\"inLanguage\":\"ca\"}]}<\/script>\n<!-- \/ Yoast SEO plugin. -->","yoast_head_json":{"title":"Pack descompte: Edred\u00f3 de llana merino + Coixins + Protector de matal\u00e0s - Pirilana","description":"Pack descompte edred\u00f3 de llana merino, coixins i protector de matal\u00e0s. Estalvia amb els Packs Pirilana. Aprofita el descompte comprant aquest pack.","robots":{"index":"index","follow":"follow","max-snippet":"max-snippet:-1","max-image-preview":"max-image-preview:large","max-video-preview":"max-video-preview:-1"},"canonical":"https:\/\/pirilana.com\/ca\/producte\/pack-descompte-edredo-de-llana-merino-coixins-protector-de-matalas\/","og_locale":"ca_ES","og_type":"article","og_title":"Pack descompte: Edred\u00f3 de llana merino + Coixins + Protector de matal\u00e0s - Pirilana","og_description":"Pack descompte edred\u00f3 de llana merino, coixins i protector de matal\u00e0s. Estalvia amb els Packs Pirilana. Aprofita el descompte comprant aquest pack.","og_url":"https:\/\/pirilana.com\/ca\/producte\/pack-descompte-edredo-de-llana-merino-coixins-protector-de-matalas\/","og_site_name":"Pirilana","article_modified_time":"2024-01-24T20:07:49+00:00","og_image":[{"width":1200,"height":1200,"url":"https:\/\/pirilana.com\/wp-content\/uploads\/2023\/05\/Pack-edredon-almohada-protector-colchon.jpg","type":"image\/jpeg"}],"schema":{"@context":"https:\/\/schema.org","@graph":[{"@type":"WebPage","@id":"https:\/\/pirilana.com\/ca\/producte\/pack-descompte-edredo-de-llana-merino-coixins-protector-de-matalas\/","url":"https:\/\/pirilana.com\/ca\/producte\/pack-descompte-edredo-de-llana-merino-coixins-protector-de-matalas\/","name":"Pack descompte: Edred\u00f3 de llana merino + Coixins + Protector de matal\u00e0s - Pirilana","isPartOf":{"@id":"https:\/\/pirilana.com\/ca\/#website"},"primaryImageOfPage":{"@id":"https:\/\/pirilana.com\/ca\/producte\/pack-descompte-edredo-de-llana-merino-coixins-protector-de-matalas\/#primaryimage"},"image":{"@id":"https:\/\/pirilana.com\/ca\/producte\/pack-descompte-edredo-de-llana-merino-coixins-protector-de-matalas\/#primaryimage"},"thumbnailUrl":"https:\/\/pirilana.com\/wp-content\/uploads\/2023\/05\/Pack-edredon-almohada-protector-colchon.jpg","datePublished":"2023-05-24T17:12:48+00:00","dateModified":"2024-01-24T20:07:49+00:00","description":"Pack descompte edred\u00f3 de llana merino, coixins i protector de matal\u00e0s. Estalvia amb els Packs Pirilana. Aprofita el descompte comprant aquest pack.","breadcrumb":{"@id":"https:\/\/pirilana.com\/ca\/producte\/pack-descompte-edredo-de-llana-merino-coixins-protector-de-matalas\/#breadcrumb"},"inLanguage":"ca","potentialAction":[{"@type":"ReadAction","target":["https:\/\/pirilana.com\/ca\/producte\/pack-descompte-edredo-de-llana-merino-coixins-protector-de-matalas\/"]}]},{"@type":"ImageObject","inLanguage":"ca","@id":"https:\/\/pirilana.com\/ca\/producte\/pack-descompte-edredo-de-llana-merino-coixins-protector-de-matalas\/#primaryimage","url":"https:\/\/pirilana.com\/wp-content\/uploads\/2023\/05\/Pack-edredon-almohada-protector-colchon.jpg","contentUrl":"https:\/\/pirilana.com\/wp-content\/uploads\/2023\/05\/Pack-edredon-almohada-protector-colchon.jpg","width":1200,"height":1200,"caption":"pack descuento edredon, almohada y protector de colchon"},{"@type":"BreadcrumbList","@id":"https:\/\/pirilana.com\/ca\/producte\/pack-descompte-edredo-de-llana-merino-coixins-protector-de-matalas\/#breadcrumb","itemListElement":[{"@type":"ListItem","position":1,"name":"Inici","item":"https:\/\/pirilana.com\/ca\/"},{"@type":"ListItem","position":2,"name":"Products","item":"https:\/\/pirilana.com\/ca\/products-pirilana\/"},{"@type":"ListItem","position":3,"name":"Pack descompte: Edred\u00f3 de llana merino + Coixins + Protector de matal\u00e0s"}]},{"@type":"WebSite","@id":"https:\/\/pirilana.com\/ca\/#website","url":"https:\/\/pirilana.com\/ca\/","name":"Pirilana","description":"La lana de tus sue\u00f1os - Edredones de lana hechos en Espa\u00f1a con materiales naturales que se adaptan a la temperatura de tu cuerpo.","potentialAction":[{"@type":"SearchAction","target":{"@type":"EntryPoint","urlTemplate":"https:\/\/pirilana.com\/ca\/?s={search_term_string}"},"query-input":{"@type":"PropertyValueSpecification","valueRequired":true,"valueName":"search_term_string"}}],"inLanguage":"ca"}]}},"_links":{"self":[{"href":"https:\/\/pirilana.com\/ca\/wp-json\/wp\/v2\/product\/13335","targetHints":{"allow":["GET"]}}],"collection":[{"href":"https:\/\/pirilana.com\/ca\/wp-json\/wp\/v2\/product"}],"about":[{"href":"https:\/\/pirilana.com\/ca\/wp-json\/wp\/v2\/types\/product"}],"replies":[{"embeddable":true,"href":"https:\/\/pirilana.com\/ca\/wp-json\/wp\/v2\/comments?post=13335"}],"version-history":[{"count":0,"href":"https:\/\/pirilana.com\/ca\/wp-json\/wp\/v2\/product\/13335\/revisions"}],"wp:featuredmedia":[{"embeddable":true,"href":"https:\/\/pirilana.com\/ca\/wp-json\/wp\/v2\/media\/12029"}],"wp:attachment":[{"href":"https:\/\/pirilana.com\/ca\/wp-json\/wp\/v2\/media?parent=13335"}],"wp:term":[{"taxonomy":"product_brand","embeddable":true,"href":"https:\/\/pirilana.com\/ca\/wp-json\/wp\/v2\/product_brand?post=13335"},{"taxonomy":"product_cat","embeddable":true,"href":"https:\/\/pirilana.com\/ca\/wp-json\/wp\/v2\/product_cat?post=13335"},{"taxonomy":"product_tag","embeddable":true,"href":"https:\/\/pirilana.com\/ca\/wp-json\/wp\/v2\/product_tag?post=13335"}],"curies":[{"name":"wp","href":"https:\/\/api.w.org\/{rel}","templated":true}]}}