{"id":13327,"date":"2023-05-24T19:12:48","date_gmt":"2023-05-24T17:12:48","guid":{"rendered":"https:\/\/pirilana.com\/producto\/edredons-per-parelles\/"},"modified":"2023-05-25T13:40:42","modified_gmt":"2023-05-25T11:40:42","slug":"edredons-per-parelles-outlet","status":"publish","type":"product","link":"https:\/\/pirilana.com\/ca\/producte\/edredons-per-parelles-outlet\/","title":{"rendered":"Sistema Dual Outlet"},"content":{"rendered":"<p>Els nostres edredons del sistema dual estan confeccionats amb la millor llana de merino d&#8217;origen nacional seleccionada personalment per oferir-vos un producte de qualitat superior. Les nostres llanes tenen el certificat <strong>OEKO TEX Standar 100<\/strong>; que garanteixen que estan lliures de toxines, i els nostres cotons de set\u00ed de 400 TC tenen la prestigiosa certificaci\u00f3 <strong>GOTS<\/strong> que garanteix un treball digne durant tot el proc\u00e9s, un cot\u00f3 lliure de subst\u00e0ncies nocives per a la salut i un cultiu sostenible i ecol\u00f2gics de les fibres.<\/p>\n","protected":false},"excerpt":{"rendered":"<p>El nostre Sistema Dual consta de dos edredons individuals que s&#8217;uneixen amb cintes i es converteixen en un edred\u00f3 de llit doble. La soluci\u00f3 ideal per a parelles amb diferents temperatures corporals.<\/p>\n","protected":false},"featured_media":12032,"comment_status":"open","ping_status":"closed","template":"","meta":{"_joinchat":[]},"product_brand":[],"product_cat":[108,110],"product_tag":[],"class_list":{"0":"post-13327","1":"product","2":"type-product","3":"status-publish","4":"has-post-thumbnail","6":"product_cat-edredons","7":"product_cat-outlet-ca","9":"first","10":"instock","11":"sale","12":"taxable","13":"shipping-taxable","14":"purchasable","15":"product-type-variable","16":"has-default-attributes"},"bundled_by":[],"bundle_stock_status":"instock","bundle_stock_quantity":null,"bundle_virtual":false,"bundle_layout":"","bundle_add_to_cart_form_location":"","bundle_editable_in_cart":false,"bundle_sold_individually_context":"","bundle_item_grouping":"","bundle_min_size":"","bundle_max_size":"","bundled_items":[],"bundle_sell_ids":[],"yoast_head":"<!-- This site is optimized with the Yoast SEO plugin v27.0 - https:\/\/yoast.com\/product\/yoast-seo-wordpress\/ -->\n<title>Sistema Dual Outlet - Pirilana<\/title>\n<meta name=\"description\" content=\"Edredons per parelles. Dos edredons amb gruixos personalitzats per a cada persona que s&#039;uneixen amb cintes i formen un edred\u00f3 de llit doble.\" \/>\n<meta name=\"robots\" content=\"index, follow, max-snippet:-1, max-image-preview:large, max-video-preview:-1\" \/>\n<link rel=\"canonical\" href=\"https:\/\/pirilana.com\/ca\/producte\/edredons-per-parelles-outlet\/\" \/>\n<meta property=\"og:locale\" content=\"ca_ES\" \/>\n<meta property=\"og:type\" content=\"article\" \/>\n<meta property=\"og:title\" content=\"Sistema Dual Outlet - Pirilana\" \/>\n<meta property=\"og:description\" content=\"Edredons per parelles. Dos edredons amb gruixos personalitzats per a cada persona que s&#039;uneixen amb cintes i formen un edred\u00f3 de llit doble.\" \/>\n<meta property=\"og:url\" content=\"https:\/\/pirilana.com\/ca\/producte\/edredons-per-parelles-outlet\/\" \/>\n<meta property=\"og:site_name\" content=\"Pirilana\" \/>\n<meta property=\"article:modified_time\" content=\"2023-05-25T11:40:42+00:00\" \/>\n<meta property=\"og:image\" content=\"https:\/\/pirilana.com\/wp-content\/uploads\/2023\/05\/Pirilana-Edredones-Lana-Merino-002-1x1-1.jpg\" \/>\n\t<meta property=\"og:image:width\" content=\"1200\" \/>\n\t<meta property=\"og:image:height\" content=\"1200\" \/>\n\t<meta property=\"og:image:type\" content=\"image\/jpeg\" \/>\n<script type=\"application\/ld+json\" class=\"yoast-schema-graph\">{\"@context\":\"https:\/\/schema.org\",\"@graph\":[{\"@type\":\"WebPage\",\"@id\":\"https:\/\/pirilana.com\/ca\/producte\/edredons-per-parelles-outlet\/\",\"url\":\"https:\/\/pirilana.com\/ca\/producte\/edredons-per-parelles-outlet\/\",\"name\":\"Sistema Dual Outlet - Pirilana\",\"isPartOf\":{\"@id\":\"https:\/\/pirilana.com\/ca\/#website\"},\"primaryImageOfPage\":{\"@id\":\"https:\/\/pirilana.com\/ca\/producte\/edredons-per-parelles-outlet\/#primaryimage\"},\"image\":{\"@id\":\"https:\/\/pirilana.com\/ca\/producte\/edredons-per-parelles-outlet\/#primaryimage\"},\"thumbnailUrl\":\"https:\/\/pirilana.com\/wp-content\/uploads\/2023\/05\/Pirilana-Edredones-Lana-Merino-002-1x1-1.jpg\",\"datePublished\":\"2023-05-24T17:12:48+00:00\",\"dateModified\":\"2023-05-25T11:40:42+00:00\",\"description\":\"Edredons per parelles. Dos edredons amb gruixos personalitzats per a cada persona que s'uneixen amb cintes i formen un edred\u00f3 de llit doble.\",\"breadcrumb\":{\"@id\":\"https:\/\/pirilana.com\/ca\/producte\/edredons-per-parelles-outlet\/#breadcrumb\"},\"inLanguage\":\"ca\",\"potentialAction\":[{\"@type\":\"ReadAction\",\"target\":[\"https:\/\/pirilana.com\/ca\/producte\/edredons-per-parelles-outlet\/\"]}]},{\"@type\":\"ImageObject\",\"inLanguage\":\"ca\",\"@id\":\"https:\/\/pirilana.com\/ca\/producte\/edredons-per-parelles-outlet\/#primaryimage\",\"url\":\"https:\/\/pirilana.com\/wp-content\/uploads\/2023\/05\/Pirilana-Edredones-Lana-Merino-002-1x1-1.jpg\",\"contentUrl\":\"https:\/\/pirilana.com\/wp-content\/uploads\/2023\/05\/Pirilana-Edredones-Lana-Merino-002-1x1-1.jpg\",\"width\":1200,\"height\":1200,\"caption\":\"edredones de lana merino para pa\"},{\"@type\":\"BreadcrumbList\",\"@id\":\"https:\/\/pirilana.com\/ca\/producte\/edredons-per-parelles-outlet\/#breadcrumb\",\"itemListElement\":[{\"@type\":\"ListItem\",\"position\":1,\"name\":\"Inici\",\"item\":\"https:\/\/pirilana.com\/ca\/\"},{\"@type\":\"ListItem\",\"position\":2,\"name\":\"Products\",\"item\":\"https:\/\/pirilana.com\/ca\/products-pirilana\/\"},{\"@type\":\"ListItem\",\"position\":3,\"name\":\"Sistema Dual Outlet\"}]},{\"@type\":\"WebSite\",\"@id\":\"https:\/\/pirilana.com\/ca\/#website\",\"url\":\"https:\/\/pirilana.com\/ca\/\",\"name\":\"Pirilana\",\"description\":\"La lana de tus sue\u00f1os - Edredones de lana hechos en Espa\u00f1a con materiales naturales que se adaptan a la temperatura de tu cuerpo.\",\"potentialAction\":[{\"@type\":\"SearchAction\",\"target\":{\"@type\":\"EntryPoint\",\"urlTemplate\":\"https:\/\/pirilana.com\/ca\/?s={search_term_string}\"},\"query-input\":{\"@type\":\"PropertyValueSpecification\",\"valueRequired\":true,\"valueName\":\"search_term_string\"}}],\"inLanguage\":\"ca\"}]}<\/script>\n<!-- \/ Yoast SEO plugin. -->","yoast_head_json":{"title":"Sistema Dual Outlet - Pirilana","description":"Edredons per parelles. Dos edredons amb gruixos personalitzats per a cada persona que s'uneixen amb cintes i formen un edred\u00f3 de llit doble.","robots":{"index":"index","follow":"follow","max-snippet":"max-snippet:-1","max-image-preview":"max-image-preview:large","max-video-preview":"max-video-preview:-1"},"canonical":"https:\/\/pirilana.com\/ca\/producte\/edredons-per-parelles-outlet\/","og_locale":"ca_ES","og_type":"article","og_title":"Sistema Dual Outlet - Pirilana","og_description":"Edredons per parelles. Dos edredons amb gruixos personalitzats per a cada persona que s'uneixen amb cintes i formen un edred\u00f3 de llit doble.","og_url":"https:\/\/pirilana.com\/ca\/producte\/edredons-per-parelles-outlet\/","og_site_name":"Pirilana","article_modified_time":"2023-05-25T11:40:42+00:00","og_image":[{"width":1200,"height":1200,"url":"https:\/\/pirilana.com\/wp-content\/uploads\/2023\/05\/Pirilana-Edredones-Lana-Merino-002-1x1-1.jpg","type":"image\/jpeg"}],"schema":{"@context":"https:\/\/schema.org","@graph":[{"@type":"WebPage","@id":"https:\/\/pirilana.com\/ca\/producte\/edredons-per-parelles-outlet\/","url":"https:\/\/pirilana.com\/ca\/producte\/edredons-per-parelles-outlet\/","name":"Sistema Dual Outlet - Pirilana","isPartOf":{"@id":"https:\/\/pirilana.com\/ca\/#website"},"primaryImageOfPage":{"@id":"https:\/\/pirilana.com\/ca\/producte\/edredons-per-parelles-outlet\/#primaryimage"},"image":{"@id":"https:\/\/pirilana.com\/ca\/producte\/edredons-per-parelles-outlet\/#primaryimage"},"thumbnailUrl":"https:\/\/pirilana.com\/wp-content\/uploads\/2023\/05\/Pirilana-Edredones-Lana-Merino-002-1x1-1.jpg","datePublished":"2023-05-24T17:12:48+00:00","dateModified":"2023-05-25T11:40:42+00:00","description":"Edredons per parelles. Dos edredons amb gruixos personalitzats per a cada persona que s'uneixen amb cintes i formen un edred\u00f3 de llit doble.","breadcrumb":{"@id":"https:\/\/pirilana.com\/ca\/producte\/edredons-per-parelles-outlet\/#breadcrumb"},"inLanguage":"ca","potentialAction":[{"@type":"ReadAction","target":["https:\/\/pirilana.com\/ca\/producte\/edredons-per-parelles-outlet\/"]}]},{"@type":"ImageObject","inLanguage":"ca","@id":"https:\/\/pirilana.com\/ca\/producte\/edredons-per-parelles-outlet\/#primaryimage","url":"https:\/\/pirilana.com\/wp-content\/uploads\/2023\/05\/Pirilana-Edredones-Lana-Merino-002-1x1-1.jpg","contentUrl":"https:\/\/pirilana.com\/wp-content\/uploads\/2023\/05\/Pirilana-Edredones-Lana-Merino-002-1x1-1.jpg","width":1200,"height":1200,"caption":"edredones de lana merino para pa"},{"@type":"BreadcrumbList","@id":"https:\/\/pirilana.com\/ca\/producte\/edredons-per-parelles-outlet\/#breadcrumb","itemListElement":[{"@type":"ListItem","position":1,"name":"Inici","item":"https:\/\/pirilana.com\/ca\/"},{"@type":"ListItem","position":2,"name":"Products","item":"https:\/\/pirilana.com\/ca\/products-pirilana\/"},{"@type":"ListItem","position":3,"name":"Sistema Dual Outlet"}]},{"@type":"WebSite","@id":"https:\/\/pirilana.com\/ca\/#website","url":"https:\/\/pirilana.com\/ca\/","name":"Pirilana","description":"La lana de tus sue\u00f1os - Edredones de lana hechos en Espa\u00f1a con materiales naturales que se adaptan a la temperatura de tu cuerpo.","potentialAction":[{"@type":"SearchAction","target":{"@type":"EntryPoint","urlTemplate":"https:\/\/pirilana.com\/ca\/?s={search_term_string}"},"query-input":{"@type":"PropertyValueSpecification","valueRequired":true,"valueName":"search_term_string"}}],"inLanguage":"ca"}]}},"_links":{"self":[{"href":"https:\/\/pirilana.com\/ca\/wp-json\/wp\/v2\/product\/13327","targetHints":{"allow":["GET"]}}],"collection":[{"href":"https:\/\/pirilana.com\/ca\/wp-json\/wp\/v2\/product"}],"about":[{"href":"https:\/\/pirilana.com\/ca\/wp-json\/wp\/v2\/types\/product"}],"replies":[{"embeddable":true,"href":"https:\/\/pirilana.com\/ca\/wp-json\/wp\/v2\/comments?post=13327"}],"version-history":[{"count":0,"href":"https:\/\/pirilana.com\/ca\/wp-json\/wp\/v2\/product\/13327\/revisions"}],"wp:featuredmedia":[{"embeddable":true,"href":"https:\/\/pirilana.com\/ca\/wp-json\/wp\/v2\/media\/12032"}],"wp:attachment":[{"href":"https:\/\/pirilana.com\/ca\/wp-json\/wp\/v2\/media?parent=13327"}],"wp:term":[{"taxonomy":"product_brand","embeddable":true,"href":"https:\/\/pirilana.com\/ca\/wp-json\/wp\/v2\/product_brand?post=13327"},{"taxonomy":"product_cat","embeddable":true,"href":"https:\/\/pirilana.com\/ca\/wp-json\/wp\/v2\/product_cat?post=13327"},{"taxonomy":"product_tag","embeddable":true,"href":"https:\/\/pirilana.com\/ca\/wp-json\/wp\/v2\/product_tag?post=13327"}],"curies":[{"name":"wp","href":"https:\/\/api.w.org\/{rel}","templated":true}]}}