{"id":13323,"date":"2023-05-24T19:12:48","date_gmt":"2023-05-24T17:12:48","guid":{"rendered":"https:\/\/pirilana.com\/producto\/edredo-de-llana-merino-outlet\/"},"modified":"2023-05-24T19:12:48","modified_gmt":"2023-05-24T17:12:48","slug":"edredo-de-llana-merino-outlet","status":"publish","type":"product","link":"https:\/\/pirilana.com\/ca\/producte\/edredo-de-llana-merino-outlet\/","title":{"rendered":"Edred\u00f3 de llana merino Outlet"},"content":{"rendered":"<p>S\u00f3n termoregulables adaptant-se a la teva temperatura corporal durant tot l&#8217;any. Una excel\u00b7lent manera de cuidar la teva salut ja que la seva llana \u00e9s hipoalerg\u00e8nica i antibacteriana.<\/p>\n<p><strong>Escull el gruix i grand\u00e0ria que necessites.<\/strong><\/p>\n","protected":false},"excerpt":{"rendered":"<p>Els nostres edredons 100% de llana de merino org\u00e0nica i amb certificat OEKO TEX; lliures de toxines, proporcionen un descans c\u00e0lid i profund.<\/p>\n","protected":false},"featured_media":11543,"comment_status":"open","ping_status":"closed","template":"","meta":{"_joinchat":[]},"product_brand":[],"product_cat":[108,110],"product_tag":[],"class_list":{"0":"post-13323","1":"product","2":"type-product","3":"status-publish","4":"has-post-thumbnail","6":"product_cat-edredons","7":"product_cat-outlet-ca","9":"first","10":"outofstock","11":"sale","12":"taxable","13":"shipping-taxable","14":"purchasable","15":"product-type-variable","16":"has-default-attributes"},"bundled_by":[],"bundle_stock_status":"outofstock","bundle_stock_quantity":null,"bundle_virtual":false,"bundle_layout":"","bundle_add_to_cart_form_location":"","bundle_editable_in_cart":false,"bundle_sold_individually_context":"","bundle_item_grouping":"","bundle_min_size":"","bundle_max_size":"","bundled_items":[],"bundle_sell_ids":[],"yoast_head":"<!-- This site is optimized with the Yoast SEO plugin v27.0 - https:\/\/yoast.com\/product\/yoast-seo-wordpress\/ -->\n<title>Edred\u00f3 de llana merino<\/title>\n<meta name=\"description\" content=\"Edredons 100% de llana de merino encoixinats amb cot\u00f3 set\u00ed de 400TC. Un descans de luxe que et proporciona un somni profund i reparador.\" \/>\n<meta name=\"robots\" content=\"index, follow, max-snippet:-1, max-image-preview:large, max-video-preview:-1\" \/>\n<link rel=\"canonical\" href=\"https:\/\/pirilana.com\/ca\/producte\/edredo-de-llana-merino-outlet\/\" \/>\n<meta property=\"og:locale\" content=\"ca_ES\" \/>\n<meta property=\"og:type\" content=\"article\" \/>\n<meta property=\"og:title\" content=\"Edred\u00f3 de llana merino\" \/>\n<meta property=\"og:description\" content=\"Edredons 100% de llana de merino encoixinats amb cot\u00f3 set\u00ed de 400TC. Un descans de luxe que et proporciona un somni profund i reparador.\" \/>\n<meta property=\"og:url\" content=\"https:\/\/pirilana.com\/ca\/producte\/edredo-de-llana-merino-outlet\/\" \/>\n<meta property=\"og:site_name\" content=\"Pirilana\" \/>\n<meta property=\"og:image\" content=\"https:\/\/pirilana.com\/wp-content\/uploads\/2023\/05\/edredon_de_lana_merino-pirilana.jpg\" \/>\n\t<meta property=\"og:image:width\" content=\"1300\" \/>\n\t<meta property=\"og:image:height\" content=\"867\" \/>\n\t<meta property=\"og:image:type\" content=\"image\/jpeg\" \/>\n<script type=\"application\/ld+json\" class=\"yoast-schema-graph\">{\"@context\":\"https:\/\/schema.org\",\"@graph\":[{\"@type\":\"WebPage\",\"@id\":\"https:\/\/pirilana.com\/ca\/producte\/edredo-de-llana-merino-outlet\/\",\"url\":\"https:\/\/pirilana.com\/ca\/producte\/edredo-de-llana-merino-outlet\/\",\"name\":\"Edred\u00f3 de llana merino\",\"isPartOf\":{\"@id\":\"https:\/\/pirilana.com\/ca\/#website\"},\"primaryImageOfPage\":{\"@id\":\"https:\/\/pirilana.com\/ca\/producte\/edredo-de-llana-merino-outlet\/#primaryimage\"},\"image\":{\"@id\":\"https:\/\/pirilana.com\/ca\/producte\/edredo-de-llana-merino-outlet\/#primaryimage\"},\"thumbnailUrl\":\"https:\/\/pirilana.com\/wp-content\/uploads\/2023\/05\/edredon_de_lana_merino-pirilana.jpg\",\"datePublished\":\"2023-05-24T17:12:48+00:00\",\"description\":\"Edredons 100% de llana de merino encoixinats amb cot\u00f3 set\u00ed de 400TC. Un descans de luxe que et proporciona un somni profund i reparador.\",\"breadcrumb\":{\"@id\":\"https:\/\/pirilana.com\/ca\/producte\/edredo-de-llana-merino-outlet\/#breadcrumb\"},\"inLanguage\":\"ca\",\"potentialAction\":[{\"@type\":\"ReadAction\",\"target\":[\"https:\/\/pirilana.com\/ca\/producte\/edredo-de-llana-merino-outlet\/\"]}]},{\"@type\":\"ImageObject\",\"inLanguage\":\"ca\",\"@id\":\"https:\/\/pirilana.com\/ca\/producte\/edredo-de-llana-merino-outlet\/#primaryimage\",\"url\":\"https:\/\/pirilana.com\/wp-content\/uploads\/2023\/05\/edredon_de_lana_merino-pirilana.jpg\",\"contentUrl\":\"https:\/\/pirilana.com\/wp-content\/uploads\/2023\/05\/edredon_de_lana_merino-pirilana.jpg\",\"width\":1300,\"height\":867,\"caption\":\"edredon de lana merino acolchado con algod\u00f3n org\u00e1nico\"},{\"@type\":\"BreadcrumbList\",\"@id\":\"https:\/\/pirilana.com\/ca\/producte\/edredo-de-llana-merino-outlet\/#breadcrumb\",\"itemListElement\":[{\"@type\":\"ListItem\",\"position\":1,\"name\":\"Inici\",\"item\":\"https:\/\/pirilana.com\/ca\/\"},{\"@type\":\"ListItem\",\"position\":2,\"name\":\"Products\",\"item\":\"https:\/\/pirilana.com\/ca\/products-pirilana\/\"},{\"@type\":\"ListItem\",\"position\":3,\"name\":\"Edred\u00f3 de llana merino Outlet\"}]},{\"@type\":\"WebSite\",\"@id\":\"https:\/\/pirilana.com\/ca\/#website\",\"url\":\"https:\/\/pirilana.com\/ca\/\",\"name\":\"Pirilana\",\"description\":\"La lana de tus sue\u00f1os - Edredones de lana hechos en Espa\u00f1a con materiales naturales que se adaptan a la temperatura de tu cuerpo.\",\"potentialAction\":[{\"@type\":\"SearchAction\",\"target\":{\"@type\":\"EntryPoint\",\"urlTemplate\":\"https:\/\/pirilana.com\/ca\/?s={search_term_string}\"},\"query-input\":{\"@type\":\"PropertyValueSpecification\",\"valueRequired\":true,\"valueName\":\"search_term_string\"}}],\"inLanguage\":\"ca\"}]}<\/script>\n<!-- \/ Yoast SEO plugin. -->","yoast_head_json":{"title":"Edred\u00f3 de llana merino","description":"Edredons 100% de llana de merino encoixinats amb cot\u00f3 set\u00ed de 400TC. Un descans de luxe que et proporciona un somni profund i reparador.","robots":{"index":"index","follow":"follow","max-snippet":"max-snippet:-1","max-image-preview":"max-image-preview:large","max-video-preview":"max-video-preview:-1"},"canonical":"https:\/\/pirilana.com\/ca\/producte\/edredo-de-llana-merino-outlet\/","og_locale":"ca_ES","og_type":"article","og_title":"Edred\u00f3 de llana merino","og_description":"Edredons 100% de llana de merino encoixinats amb cot\u00f3 set\u00ed de 400TC. Un descans de luxe que et proporciona un somni profund i reparador.","og_url":"https:\/\/pirilana.com\/ca\/producte\/edredo-de-llana-merino-outlet\/","og_site_name":"Pirilana","og_image":[{"width":1300,"height":867,"url":"https:\/\/pirilana.com\/wp-content\/uploads\/2023\/05\/edredon_de_lana_merino-pirilana.jpg","type":"image\/jpeg"}],"schema":{"@context":"https:\/\/schema.org","@graph":[{"@type":"WebPage","@id":"https:\/\/pirilana.com\/ca\/producte\/edredo-de-llana-merino-outlet\/","url":"https:\/\/pirilana.com\/ca\/producte\/edredo-de-llana-merino-outlet\/","name":"Edred\u00f3 de llana merino","isPartOf":{"@id":"https:\/\/pirilana.com\/ca\/#website"},"primaryImageOfPage":{"@id":"https:\/\/pirilana.com\/ca\/producte\/edredo-de-llana-merino-outlet\/#primaryimage"},"image":{"@id":"https:\/\/pirilana.com\/ca\/producte\/edredo-de-llana-merino-outlet\/#primaryimage"},"thumbnailUrl":"https:\/\/pirilana.com\/wp-content\/uploads\/2023\/05\/edredon_de_lana_merino-pirilana.jpg","datePublished":"2023-05-24T17:12:48+00:00","description":"Edredons 100% de llana de merino encoixinats amb cot\u00f3 set\u00ed de 400TC. Un descans de luxe que et proporciona un somni profund i reparador.","breadcrumb":{"@id":"https:\/\/pirilana.com\/ca\/producte\/edredo-de-llana-merino-outlet\/#breadcrumb"},"inLanguage":"ca","potentialAction":[{"@type":"ReadAction","target":["https:\/\/pirilana.com\/ca\/producte\/edredo-de-llana-merino-outlet\/"]}]},{"@type":"ImageObject","inLanguage":"ca","@id":"https:\/\/pirilana.com\/ca\/producte\/edredo-de-llana-merino-outlet\/#primaryimage","url":"https:\/\/pirilana.com\/wp-content\/uploads\/2023\/05\/edredon_de_lana_merino-pirilana.jpg","contentUrl":"https:\/\/pirilana.com\/wp-content\/uploads\/2023\/05\/edredon_de_lana_merino-pirilana.jpg","width":1300,"height":867,"caption":"edredon de lana merino acolchado con algod\u00f3n org\u00e1nico"},{"@type":"BreadcrumbList","@id":"https:\/\/pirilana.com\/ca\/producte\/edredo-de-llana-merino-outlet\/#breadcrumb","itemListElement":[{"@type":"ListItem","position":1,"name":"Inici","item":"https:\/\/pirilana.com\/ca\/"},{"@type":"ListItem","position":2,"name":"Products","item":"https:\/\/pirilana.com\/ca\/products-pirilana\/"},{"@type":"ListItem","position":3,"name":"Edred\u00f3 de llana merino Outlet"}]},{"@type":"WebSite","@id":"https:\/\/pirilana.com\/ca\/#website","url":"https:\/\/pirilana.com\/ca\/","name":"Pirilana","description":"La lana de tus sue\u00f1os - Edredones de lana hechos en Espa\u00f1a con materiales naturales que se adaptan a la temperatura de tu cuerpo.","potentialAction":[{"@type":"SearchAction","target":{"@type":"EntryPoint","urlTemplate":"https:\/\/pirilana.com\/ca\/?s={search_term_string}"},"query-input":{"@type":"PropertyValueSpecification","valueRequired":true,"valueName":"search_term_string"}}],"inLanguage":"ca"}]}},"_links":{"self":[{"href":"https:\/\/pirilana.com\/ca\/wp-json\/wp\/v2\/product\/13323","targetHints":{"allow":["GET"]}}],"collection":[{"href":"https:\/\/pirilana.com\/ca\/wp-json\/wp\/v2\/product"}],"about":[{"href":"https:\/\/pirilana.com\/ca\/wp-json\/wp\/v2\/types\/product"}],"replies":[{"embeddable":true,"href":"https:\/\/pirilana.com\/ca\/wp-json\/wp\/v2\/comments?post=13323"}],"version-history":[{"count":0,"href":"https:\/\/pirilana.com\/ca\/wp-json\/wp\/v2\/product\/13323\/revisions"}],"wp:featuredmedia":[{"embeddable":true,"href":"https:\/\/pirilana.com\/ca\/wp-json\/wp\/v2\/media\/11543"}],"wp:attachment":[{"href":"https:\/\/pirilana.com\/ca\/wp-json\/wp\/v2\/media?parent=13323"}],"wp:term":[{"taxonomy":"product_brand","embeddable":true,"href":"https:\/\/pirilana.com\/ca\/wp-json\/wp\/v2\/product_brand?post=13323"},{"taxonomy":"product_cat","embeddable":true,"href":"https:\/\/pirilana.com\/ca\/wp-json\/wp\/v2\/product_cat?post=13323"},{"taxonomy":"product_tag","embeddable":true,"href":"https:\/\/pirilana.com\/ca\/wp-json\/wp\/v2\/product_tag?post=13323"}],"curies":[{"name":"wp","href":"https:\/\/api.w.org\/{rel}","templated":true}]}}