{"id":13319,"date":"2023-05-24T19:12:48","date_gmt":"2023-05-24T17:12:48","guid":{"rendered":"https:\/\/pirilana.com\/producto\/edredo-infantil-outlet\/"},"modified":"2023-05-24T19:12:48","modified_gmt":"2023-05-24T17:12:48","slug":"edredo-infantil-outlet","status":"publish","type":"product","link":"https:\/\/pirilana.com\/ca\/producte\/edredo-infantil-outlet\/","title":{"rendered":"Edred\u00f3 infantil Outlet"},"content":{"rendered":"<p>Aquest delici\u00f3s edred\u00f3 infantil 100% ecol\u00f2gic de llana Merino est\u00e0 farcit de 300 grams de llana org\u00e0nica i ecol\u00f2gica. Est\u00e0 embuatat amb un excel\u00b7lent cot\u00f3 set\u00ed de 400 TC, que posseeix el prestigi\u00f3s certificat GOTS que garanteix un cot\u00f3 cultivat de manera sostenible, lliure de subst\u00e0ncies nocives per a la salut i produ\u00eft sota condicions dignes per als treballadors. Les propietats de la llana de merino fa que sigui un producte ideal per als nens, sent antial\u00b7l\u00e8rgica, antibacteriana i molt transpirable. El nostre edred\u00f3 \u00e9s adequat per a (gaireb\u00e9) tot l&#8217;any i tenim edredons ecol\u00f2gics per a nens de mida petita i mitjana.<\/p>\n","protected":false},"excerpt":{"rendered":"<p>Cada un d&#8217;aquests edredons est\u00e0 cosit amb molta cura i amor.<\/p>\n<p>Els nostres suaus i lleugers edredons de llana de merino regulen la temperatura corporal de manera que ajuden a conciliar millor el son dels m\u00e9s petits.<\/p>\n<p>Gr\u00e0cies a les seves propietats antibacterianes i hipoal\u00b7lerg\u00f2genes; tenen cura de la seva salut i redueixen el risc de patir asma.<\/p>\n<p>Escull el gruix i la mida que necessites.<\/p>\n","protected":false},"featured_media":11528,"comment_status":"open","ping_status":"closed","template":"","meta":{"_joinchat":[]},"product_brand":[],"product_cat":[108,110],"product_tag":[],"class_list":{"0":"post-13319","1":"product","2":"type-product","3":"status-publish","4":"has-post-thumbnail","6":"product_cat-edredons","7":"product_cat-outlet-ca","9":"first","10":"outofstock","11":"sale","12":"taxable","13":"shipping-taxable","14":"purchasable","15":"product-type-variable","16":"has-default-attributes"},"bundled_by":[],"bundle_stock_status":"outofstock","bundle_stock_quantity":null,"bundle_virtual":false,"bundle_layout":"","bundle_add_to_cart_form_location":"","bundle_editable_in_cart":false,"bundle_sold_individually_context":"","bundle_item_grouping":"","bundle_min_size":"","bundle_max_size":"","bundled_items":[],"bundle_sell_ids":[],"yoast_head":"<!-- This site is optimized with the Yoast SEO plugin v27.0 - https:\/\/yoast.com\/product\/yoast-seo-wordpress\/ -->\n<title>Nadons<\/title>\n<meta name=\"description\" content=\"Edredons infantils 100% de llana merino amb cot\u00f3 ecol\u00f2gic d&#039;excel\u00b7lent qualitat. T\u00e9 cura de la salut dels nens perqu\u00e8 descansin profundament.\" \/>\n<meta name=\"robots\" content=\"index, follow, max-snippet:-1, max-image-preview:large, max-video-preview:-1\" \/>\n<link rel=\"canonical\" href=\"https:\/\/pirilana.com\/ca\/producte\/edredo-infantil-outlet\/\" \/>\n<meta property=\"og:locale\" content=\"ca_ES\" \/>\n<meta property=\"og:type\" content=\"article\" \/>\n<meta property=\"og:title\" content=\"Nadons\" \/>\n<meta property=\"og:description\" content=\"Edredons infantils 100% de llana merino amb cot\u00f3 ecol\u00f2gic d&#039;excel\u00b7lent qualitat. T\u00e9 cura de la salut dels nens perqu\u00e8 descansin profundament.\" \/>\n<meta property=\"og:url\" content=\"https:\/\/pirilana.com\/ca\/producte\/edredo-infantil-outlet\/\" \/>\n<meta property=\"og:site_name\" content=\"Pirilana\" \/>\n<meta property=\"og:image\" content=\"https:\/\/pirilana.com\/wp-content\/uploads\/2023\/05\/edredon_para_bebe_pirilana.jpg\" \/>\n\t<meta property=\"og:image:width\" content=\"1300\" \/>\n\t<meta property=\"og:image:height\" content=\"867\" \/>\n\t<meta property=\"og:image:type\" content=\"image\/jpeg\" \/>\n<meta name=\"twitter:label1\" content=\"Temps estimat de lectura\" \/>\n\t<meta name=\"twitter:data1\" content=\"1 minute\" \/>\n<script type=\"application\/ld+json\" class=\"yoast-schema-graph\">{\"@context\":\"https:\/\/schema.org\",\"@graph\":[{\"@type\":\"WebPage\",\"@id\":\"https:\/\/pirilana.com\/ca\/producte\/edredo-infantil-outlet\/\",\"url\":\"https:\/\/pirilana.com\/ca\/producte\/edredo-infantil-outlet\/\",\"name\":\"Nadons\",\"isPartOf\":{\"@id\":\"https:\/\/pirilana.com\/ca\/#website\"},\"primaryImageOfPage\":{\"@id\":\"https:\/\/pirilana.com\/ca\/producte\/edredo-infantil-outlet\/#primaryimage\"},\"image\":{\"@id\":\"https:\/\/pirilana.com\/ca\/producte\/edredo-infantil-outlet\/#primaryimage\"},\"thumbnailUrl\":\"https:\/\/pirilana.com\/wp-content\/uploads\/2023\/05\/edredon_para_bebe_pirilana.jpg\",\"datePublished\":\"2023-05-24T17:12:48+00:00\",\"description\":\"Edredons infantils 100% de llana merino amb cot\u00f3 ecol\u00f2gic d'excel\u00b7lent qualitat. T\u00e9 cura de la salut dels nens perqu\u00e8 descansin profundament.\",\"breadcrumb\":{\"@id\":\"https:\/\/pirilana.com\/ca\/producte\/edredo-infantil-outlet\/#breadcrumb\"},\"inLanguage\":\"ca\",\"potentialAction\":[{\"@type\":\"ReadAction\",\"target\":[\"https:\/\/pirilana.com\/ca\/producte\/edredo-infantil-outlet\/\"]}]},{\"@type\":\"ImageObject\",\"inLanguage\":\"ca\",\"@id\":\"https:\/\/pirilana.com\/ca\/producte\/edredo-infantil-outlet\/#primaryimage\",\"url\":\"https:\/\/pirilana.com\/wp-content\/uploads\/2023\/05\/edredon_para_bebe_pirilana.jpg\",\"contentUrl\":\"https:\/\/pirilana.com\/wp-content\/uploads\/2023\/05\/edredon_para_bebe_pirilana.jpg\",\"width\":1300,\"height\":867,\"caption\":\"edred\u00f3n infantil de lana merino antial\u00e9rgico\"},{\"@type\":\"BreadcrumbList\",\"@id\":\"https:\/\/pirilana.com\/ca\/producte\/edredo-infantil-outlet\/#breadcrumb\",\"itemListElement\":[{\"@type\":\"ListItem\",\"position\":1,\"name\":\"Inici\",\"item\":\"https:\/\/pirilana.com\/ca\/\"},{\"@type\":\"ListItem\",\"position\":2,\"name\":\"Products\",\"item\":\"https:\/\/pirilana.com\/ca\/products-pirilana\/\"},{\"@type\":\"ListItem\",\"position\":3,\"name\":\"Edred\u00f3 infantil Outlet\"}]},{\"@type\":\"WebSite\",\"@id\":\"https:\/\/pirilana.com\/ca\/#website\",\"url\":\"https:\/\/pirilana.com\/ca\/\",\"name\":\"Pirilana\",\"description\":\"La lana de tus sue\u00f1os - Edredones de lana hechos en Espa\u00f1a con materiales naturales que se adaptan a la temperatura de tu cuerpo.\",\"potentialAction\":[{\"@type\":\"SearchAction\",\"target\":{\"@type\":\"EntryPoint\",\"urlTemplate\":\"https:\/\/pirilana.com\/ca\/?s={search_term_string}\"},\"query-input\":{\"@type\":\"PropertyValueSpecification\",\"valueRequired\":true,\"valueName\":\"search_term_string\"}}],\"inLanguage\":\"ca\"}]}<\/script>\n<!-- \/ Yoast SEO plugin. -->","yoast_head_json":{"title":"Nadons","description":"Edredons infantils 100% de llana merino amb cot\u00f3 ecol\u00f2gic d'excel\u00b7lent qualitat. T\u00e9 cura de la salut dels nens perqu\u00e8 descansin profundament.","robots":{"index":"index","follow":"follow","max-snippet":"max-snippet:-1","max-image-preview":"max-image-preview:large","max-video-preview":"max-video-preview:-1"},"canonical":"https:\/\/pirilana.com\/ca\/producte\/edredo-infantil-outlet\/","og_locale":"ca_ES","og_type":"article","og_title":"Nadons","og_description":"Edredons infantils 100% de llana merino amb cot\u00f3 ecol\u00f2gic d'excel\u00b7lent qualitat. T\u00e9 cura de la salut dels nens perqu\u00e8 descansin profundament.","og_url":"https:\/\/pirilana.com\/ca\/producte\/edredo-infantil-outlet\/","og_site_name":"Pirilana","og_image":[{"width":1300,"height":867,"url":"https:\/\/pirilana.com\/wp-content\/uploads\/2023\/05\/edredon_para_bebe_pirilana.jpg","type":"image\/jpeg"}],"twitter_misc":{"Temps estimat de lectura":"1 minute"},"schema":{"@context":"https:\/\/schema.org","@graph":[{"@type":"WebPage","@id":"https:\/\/pirilana.com\/ca\/producte\/edredo-infantil-outlet\/","url":"https:\/\/pirilana.com\/ca\/producte\/edredo-infantil-outlet\/","name":"Nadons","isPartOf":{"@id":"https:\/\/pirilana.com\/ca\/#website"},"primaryImageOfPage":{"@id":"https:\/\/pirilana.com\/ca\/producte\/edredo-infantil-outlet\/#primaryimage"},"image":{"@id":"https:\/\/pirilana.com\/ca\/producte\/edredo-infantil-outlet\/#primaryimage"},"thumbnailUrl":"https:\/\/pirilana.com\/wp-content\/uploads\/2023\/05\/edredon_para_bebe_pirilana.jpg","datePublished":"2023-05-24T17:12:48+00:00","description":"Edredons infantils 100% de llana merino amb cot\u00f3 ecol\u00f2gic d'excel\u00b7lent qualitat. T\u00e9 cura de la salut dels nens perqu\u00e8 descansin profundament.","breadcrumb":{"@id":"https:\/\/pirilana.com\/ca\/producte\/edredo-infantil-outlet\/#breadcrumb"},"inLanguage":"ca","potentialAction":[{"@type":"ReadAction","target":["https:\/\/pirilana.com\/ca\/producte\/edredo-infantil-outlet\/"]}]},{"@type":"ImageObject","inLanguage":"ca","@id":"https:\/\/pirilana.com\/ca\/producte\/edredo-infantil-outlet\/#primaryimage","url":"https:\/\/pirilana.com\/wp-content\/uploads\/2023\/05\/edredon_para_bebe_pirilana.jpg","contentUrl":"https:\/\/pirilana.com\/wp-content\/uploads\/2023\/05\/edredon_para_bebe_pirilana.jpg","width":1300,"height":867,"caption":"edred\u00f3n infantil de lana merino antial\u00e9rgico"},{"@type":"BreadcrumbList","@id":"https:\/\/pirilana.com\/ca\/producte\/edredo-infantil-outlet\/#breadcrumb","itemListElement":[{"@type":"ListItem","position":1,"name":"Inici","item":"https:\/\/pirilana.com\/ca\/"},{"@type":"ListItem","position":2,"name":"Products","item":"https:\/\/pirilana.com\/ca\/products-pirilana\/"},{"@type":"ListItem","position":3,"name":"Edred\u00f3 infantil Outlet"}]},{"@type":"WebSite","@id":"https:\/\/pirilana.com\/ca\/#website","url":"https:\/\/pirilana.com\/ca\/","name":"Pirilana","description":"La lana de tus sue\u00f1os - Edredones de lana hechos en Espa\u00f1a con materiales naturales que se adaptan a la temperatura de tu cuerpo.","potentialAction":[{"@type":"SearchAction","target":{"@type":"EntryPoint","urlTemplate":"https:\/\/pirilana.com\/ca\/?s={search_term_string}"},"query-input":{"@type":"PropertyValueSpecification","valueRequired":true,"valueName":"search_term_string"}}],"inLanguage":"ca"}]}},"_links":{"self":[{"href":"https:\/\/pirilana.com\/ca\/wp-json\/wp\/v2\/product\/13319","targetHints":{"allow":["GET"]}}],"collection":[{"href":"https:\/\/pirilana.com\/ca\/wp-json\/wp\/v2\/product"}],"about":[{"href":"https:\/\/pirilana.com\/ca\/wp-json\/wp\/v2\/types\/product"}],"replies":[{"embeddable":true,"href":"https:\/\/pirilana.com\/ca\/wp-json\/wp\/v2\/comments?post=13319"}],"version-history":[{"count":0,"href":"https:\/\/pirilana.com\/ca\/wp-json\/wp\/v2\/product\/13319\/revisions"}],"wp:featuredmedia":[{"embeddable":true,"href":"https:\/\/pirilana.com\/ca\/wp-json\/wp\/v2\/media\/11528"}],"wp:attachment":[{"href":"https:\/\/pirilana.com\/ca\/wp-json\/wp\/v2\/media?parent=13319"}],"wp:term":[{"taxonomy":"product_brand","embeddable":true,"href":"https:\/\/pirilana.com\/ca\/wp-json\/wp\/v2\/product_brand?post=13319"},{"taxonomy":"product_cat","embeddable":true,"href":"https:\/\/pirilana.com\/ca\/wp-json\/wp\/v2\/product_cat?post=13319"},{"taxonomy":"product_tag","embeddable":true,"href":"https:\/\/pirilana.com\/ca\/wp-json\/wp\/v2\/product_tag?post=13319"}],"curies":[{"name":"wp","href":"https:\/\/api.w.org\/{rel}","templated":true}]}}