{"id":13107,"date":"2023-05-24T19:12:48","date_gmt":"2023-05-24T17:12:48","guid":{"rendered":"https:\/\/pirilana.com\/producto\/llencols-100-de-lli-sahara\/"},"modified":"2025-10-09T18:08:50","modified_gmt":"2025-10-09T16:08:50","slug":"llencols-100-de-lli-sahara","status":"publish","type":"product","link":"https:\/\/pirilana.com\/ca\/producte\/llencols-100-de-lli-sahara\/","title":{"rendered":"Llen\u00e7ols 100% de Lino Sahara"},"content":{"rendered":"<p>Poder dormir amb lli \u00e9s confortant tot l\u00b4any. La seva absorci\u00f3 d&#8217;humitat fins a un 20% del pes, i la <strong>termoregulaci\u00f3<\/strong> fa que sigui la funda ideal durant tot l&#8217;any i en tots els climes. <strong>Antibacteri\u00e0<\/strong> per naturalesa.<\/p>\n<p>El lli \u00e9s una<strong> tela lleugera<\/strong>, lliure de borrissol i pot absorbir m\u00e9s humitat que el cot\u00f3 sense que la tela s&#8217;humitegi. Aquest \u00e9s un gran avantatge, especialment per a les persones que <strong>transpiren molt<\/strong>. El lli \u00e9s tres vegades m\u00e9s <strong>resistent <\/strong>que el cot\u00f3, per la qual cosa es mantindr\u00e0 bonic durant anys, sense importar la freq\u00fc\u00e8ncia amb qu\u00e8 el renti. \u00c9s una tela ventilada, se sent fresca a l&#8217;estiu i c\u00e0lida a l&#8217;hivern. El teu cos es mant\u00e9 a la temperatura adequada perqu\u00e8 descansis de luxe.<\/p>\n<p>A causa de l&#8217;estructura del lli, els \u00e0cars de la pols no hi prosperen. A m\u00e9s, \u00e9s un <strong>teixit ideal per a persones i nens al\u00b7l\u00e8rgics.<\/strong> \u00c9s tamb\u00e9 antibacteri\u00e0, tens la sensaci\u00f3 cada dia que est\u00e0s entrant en un llit acabat de rentar.<\/p>\n<p>Es confeccionen sota demanda. El <strong>temps de lliurament \u00e9s de 10 dies.<\/strong><\/p>\n<p>La nostra funda de color natural t\u00e9 una densitat de 140 g. <strong>NO \u00e9s un producte tenyit<\/strong> per la qual cosa pot presentar difer\u00e8ncies de color segons la fabricaci\u00f3<\/p>\n<p>La funda per a l&#8217;edred\u00f3 t\u00e9 tanca amb cintes. La coixinera t\u00e9 el tancament de sobre.<\/p>\n","protected":false},"excerpt":{"rendered":"<p>Millora la qualitat del teu descans amb les nostres fundes de lli de qualitat superior i descobreix la difer\u00e8ncia de dormir envoltat d\u00b4aut\u00e8ntic confort org\u00e0nic. Aquest lli t\u00e9 un pes de 140gr i \u00e9s la nostra funda m\u00e9s fina. Especialment indicada per a les \u00e0rees i temporades m\u00e9s caloroses.<\/p>\n","protected":false},"featured_media":11653,"comment_status":"open","ping_status":"closed","template":"","meta":{"_joinchat":[]},"product_brand":[],"product_cat":[129],"product_tag":[267,266,265],"class_list":{"0":"post-13107","1":"product","2":"type-product","3":"status-publish","4":"has-post-thumbnail","6":"product_cat-llencols","7":"product_tag-llencols-lino-sahara","8":"product_tag-lli","9":"product_tag-lli-sahara","11":"first","12":"onbackorder","13":"taxable","14":"shipping-taxable","15":"purchasable","16":"product-type-variable"},"bundled_by":[],"bundle_stock_status":"onbackorder","bundle_stock_quantity":null,"bundle_virtual":false,"bundle_layout":"","bundle_add_to_cart_form_location":"","bundle_editable_in_cart":false,"bundle_sold_individually_context":"","bundle_item_grouping":"","bundle_min_size":"","bundle_max_size":"","bundled_items":[],"bundle_sell_ids":[],"yoast_head":"<!-- This site is optimized with the Yoast SEO plugin v27.0 - https:\/\/yoast.com\/product\/yoast-seo-wordpress\/ -->\n<title>Llen\u00e7ols 100% de Lino Sahara - Pirilana<\/title>\n<meta name=\"description\" content=\"Llen\u00e7ols de lli Sahara en to natural. Dormir amb lli \u00e9s una experi\u00e8ncia \u00fanica, us ofereixen suavitat i confort tot l&#039;any.\" \/>\n<meta name=\"robots\" content=\"index, follow, max-snippet:-1, max-image-preview:large, max-video-preview:-1\" \/>\n<link rel=\"canonical\" href=\"https:\/\/pirilana.com\/ca\/producte\/llencols-100-de-lli-sahara\/\" \/>\n<meta property=\"og:locale\" content=\"ca_ES\" \/>\n<meta property=\"og:type\" content=\"article\" \/>\n<meta property=\"og:title\" content=\"Llen\u00e7ols 100% de Lino Sahara - Pirilana\" \/>\n<meta property=\"og:description\" content=\"Llen\u00e7ols de lli Sahara en to natural. Dormir amb lli \u00e9s una experi\u00e8ncia \u00fanica, us ofereixen suavitat i confort tot l&#039;any.\" \/>\n<meta property=\"og:url\" content=\"https:\/\/pirilana.com\/ca\/producte\/llencols-100-de-lli-sahara\/\" \/>\n<meta property=\"og:site_name\" content=\"Pirilana\" \/>\n<meta property=\"article:modified_time\" content=\"2025-10-09T16:08:50+00:00\" \/>\n<meta property=\"og:image\" content=\"https:\/\/pirilana.com\/wp-content\/uploads\/2023\/05\/Funda-de-algodon-pirilana-Sahara-01.jpg\" \/>\n\t<meta property=\"og:image:width\" content=\"900\" \/>\n\t<meta property=\"og:image:height\" content=\"900\" \/>\n\t<meta property=\"og:image:type\" content=\"image\/jpeg\" \/>\n<meta name=\"twitter:label1\" content=\"Temps estimat de lectura\" \/>\n\t<meta name=\"twitter:data1\" content=\"1 minute\" \/>\n<script type=\"application\/ld+json\" class=\"yoast-schema-graph\">{\"@context\":\"https:\/\/schema.org\",\"@graph\":[{\"@type\":\"WebPage\",\"@id\":\"https:\/\/pirilana.com\/ca\/producte\/llencols-100-de-lli-sahara\/\",\"url\":\"https:\/\/pirilana.com\/ca\/producte\/llencols-100-de-lli-sahara\/\",\"name\":\"Llen\u00e7ols 100% de Lino Sahara - Pirilana\",\"isPartOf\":{\"@id\":\"https:\/\/pirilana.com\/ca\/#website\"},\"primaryImageOfPage\":{\"@id\":\"https:\/\/pirilana.com\/ca\/producte\/llencols-100-de-lli-sahara\/#primaryimage\"},\"image\":{\"@id\":\"https:\/\/pirilana.com\/ca\/producte\/llencols-100-de-lli-sahara\/#primaryimage\"},\"thumbnailUrl\":\"https:\/\/pirilana.com\/wp-content\/uploads\/2023\/05\/Funda-de-algodon-pirilana-Sahara-01.jpg\",\"datePublished\":\"2023-05-24T17:12:48+00:00\",\"dateModified\":\"2025-10-09T16:08:50+00:00\",\"description\":\"Llen\u00e7ols de lli Sahara en to natural. Dormir amb lli \u00e9s una experi\u00e8ncia \u00fanica, us ofereixen suavitat i confort tot l'any.\",\"breadcrumb\":{\"@id\":\"https:\/\/pirilana.com\/ca\/producte\/llencols-100-de-lli-sahara\/#breadcrumb\"},\"inLanguage\":\"ca\",\"potentialAction\":[{\"@type\":\"ReadAction\",\"target\":[\"https:\/\/pirilana.com\/ca\/producte\/llencols-100-de-lli-sahara\/\"]}]},{\"@type\":\"ImageObject\",\"inLanguage\":\"ca\",\"@id\":\"https:\/\/pirilana.com\/ca\/producte\/llencols-100-de-lli-sahara\/#primaryimage\",\"url\":\"https:\/\/pirilana.com\/wp-content\/uploads\/2023\/05\/Funda-de-algodon-pirilana-Sahara-01.jpg\",\"contentUrl\":\"https:\/\/pirilana.com\/wp-content\/uploads\/2023\/05\/Funda-de-algodon-pirilana-Sahara-01.jpg\",\"width\":900,\"height\":900,\"caption\":\"funda de lino para nordico en color natural\"},{\"@type\":\"BreadcrumbList\",\"@id\":\"https:\/\/pirilana.com\/ca\/producte\/llencols-100-de-lli-sahara\/#breadcrumb\",\"itemListElement\":[{\"@type\":\"ListItem\",\"position\":1,\"name\":\"Inici\",\"item\":\"https:\/\/pirilana.com\/ca\/\"},{\"@type\":\"ListItem\",\"position\":2,\"name\":\"Products\",\"item\":\"https:\/\/pirilana.com\/ca\/products-pirilana\/\"},{\"@type\":\"ListItem\",\"position\":3,\"name\":\"Llen\u00e7ols 100% de Lino Sahara\"}]},{\"@type\":\"WebSite\",\"@id\":\"https:\/\/pirilana.com\/ca\/#website\",\"url\":\"https:\/\/pirilana.com\/ca\/\",\"name\":\"Pirilana\",\"description\":\"La lana de tus sue\u00f1os - Edredones de lana hechos en Espa\u00f1a con materiales naturales que se adaptan a la temperatura de tu cuerpo.\",\"potentialAction\":[{\"@type\":\"SearchAction\",\"target\":{\"@type\":\"EntryPoint\",\"urlTemplate\":\"https:\/\/pirilana.com\/ca\/?s={search_term_string}\"},\"query-input\":{\"@type\":\"PropertyValueSpecification\",\"valueRequired\":true,\"valueName\":\"search_term_string\"}}],\"inLanguage\":\"ca\"}]}<\/script>\n<!-- \/ Yoast SEO plugin. -->","yoast_head_json":{"title":"Llen\u00e7ols 100% de Lino Sahara - Pirilana","description":"Llen\u00e7ols de lli Sahara en to natural. Dormir amb lli \u00e9s una experi\u00e8ncia \u00fanica, us ofereixen suavitat i confort tot l'any.","robots":{"index":"index","follow":"follow","max-snippet":"max-snippet:-1","max-image-preview":"max-image-preview:large","max-video-preview":"max-video-preview:-1"},"canonical":"https:\/\/pirilana.com\/ca\/producte\/llencols-100-de-lli-sahara\/","og_locale":"ca_ES","og_type":"article","og_title":"Llen\u00e7ols 100% de Lino Sahara - Pirilana","og_description":"Llen\u00e7ols de lli Sahara en to natural. Dormir amb lli \u00e9s una experi\u00e8ncia \u00fanica, us ofereixen suavitat i confort tot l'any.","og_url":"https:\/\/pirilana.com\/ca\/producte\/llencols-100-de-lli-sahara\/","og_site_name":"Pirilana","article_modified_time":"2025-10-09T16:08:50+00:00","og_image":[{"width":900,"height":900,"url":"https:\/\/pirilana.com\/wp-content\/uploads\/2023\/05\/Funda-de-algodon-pirilana-Sahara-01.jpg","type":"image\/jpeg"}],"twitter_misc":{"Temps estimat de lectura":"1 minute"},"schema":{"@context":"https:\/\/schema.org","@graph":[{"@type":"WebPage","@id":"https:\/\/pirilana.com\/ca\/producte\/llencols-100-de-lli-sahara\/","url":"https:\/\/pirilana.com\/ca\/producte\/llencols-100-de-lli-sahara\/","name":"Llen\u00e7ols 100% de Lino Sahara - Pirilana","isPartOf":{"@id":"https:\/\/pirilana.com\/ca\/#website"},"primaryImageOfPage":{"@id":"https:\/\/pirilana.com\/ca\/producte\/llencols-100-de-lli-sahara\/#primaryimage"},"image":{"@id":"https:\/\/pirilana.com\/ca\/producte\/llencols-100-de-lli-sahara\/#primaryimage"},"thumbnailUrl":"https:\/\/pirilana.com\/wp-content\/uploads\/2023\/05\/Funda-de-algodon-pirilana-Sahara-01.jpg","datePublished":"2023-05-24T17:12:48+00:00","dateModified":"2025-10-09T16:08:50+00:00","description":"Llen\u00e7ols de lli Sahara en to natural. Dormir amb lli \u00e9s una experi\u00e8ncia \u00fanica, us ofereixen suavitat i confort tot l'any.","breadcrumb":{"@id":"https:\/\/pirilana.com\/ca\/producte\/llencols-100-de-lli-sahara\/#breadcrumb"},"inLanguage":"ca","potentialAction":[{"@type":"ReadAction","target":["https:\/\/pirilana.com\/ca\/producte\/llencols-100-de-lli-sahara\/"]}]},{"@type":"ImageObject","inLanguage":"ca","@id":"https:\/\/pirilana.com\/ca\/producte\/llencols-100-de-lli-sahara\/#primaryimage","url":"https:\/\/pirilana.com\/wp-content\/uploads\/2023\/05\/Funda-de-algodon-pirilana-Sahara-01.jpg","contentUrl":"https:\/\/pirilana.com\/wp-content\/uploads\/2023\/05\/Funda-de-algodon-pirilana-Sahara-01.jpg","width":900,"height":900,"caption":"funda de lino para nordico en color natural"},{"@type":"BreadcrumbList","@id":"https:\/\/pirilana.com\/ca\/producte\/llencols-100-de-lli-sahara\/#breadcrumb","itemListElement":[{"@type":"ListItem","position":1,"name":"Inici","item":"https:\/\/pirilana.com\/ca\/"},{"@type":"ListItem","position":2,"name":"Products","item":"https:\/\/pirilana.com\/ca\/products-pirilana\/"},{"@type":"ListItem","position":3,"name":"Llen\u00e7ols 100% de Lino Sahara"}]},{"@type":"WebSite","@id":"https:\/\/pirilana.com\/ca\/#website","url":"https:\/\/pirilana.com\/ca\/","name":"Pirilana","description":"La lana de tus sue\u00f1os - Edredones de lana hechos en Espa\u00f1a con materiales naturales que se adaptan a la temperatura de tu cuerpo.","potentialAction":[{"@type":"SearchAction","target":{"@type":"EntryPoint","urlTemplate":"https:\/\/pirilana.com\/ca\/?s={search_term_string}"},"query-input":{"@type":"PropertyValueSpecification","valueRequired":true,"valueName":"search_term_string"}}],"inLanguage":"ca"}]}},"_links":{"self":[{"href":"https:\/\/pirilana.com\/ca\/wp-json\/wp\/v2\/product\/13107","targetHints":{"allow":["GET"]}}],"collection":[{"href":"https:\/\/pirilana.com\/ca\/wp-json\/wp\/v2\/product"}],"about":[{"href":"https:\/\/pirilana.com\/ca\/wp-json\/wp\/v2\/types\/product"}],"replies":[{"embeddable":true,"href":"https:\/\/pirilana.com\/ca\/wp-json\/wp\/v2\/comments?post=13107"}],"version-history":[{"count":2,"href":"https:\/\/pirilana.com\/ca\/wp-json\/wp\/v2\/product\/13107\/revisions"}],"predecessor-version":[{"id":17557,"href":"https:\/\/pirilana.com\/ca\/wp-json\/wp\/v2\/product\/13107\/revisions\/17557"}],"wp:featuredmedia":[{"embeddable":true,"href":"https:\/\/pirilana.com\/ca\/wp-json\/wp\/v2\/media\/11653"}],"wp:attachment":[{"href":"https:\/\/pirilana.com\/ca\/wp-json\/wp\/v2\/media?parent=13107"}],"wp:term":[{"taxonomy":"product_brand","embeddable":true,"href":"https:\/\/pirilana.com\/ca\/wp-json\/wp\/v2\/product_brand?post=13107"},{"taxonomy":"product_cat","embeddable":true,"href":"https:\/\/pirilana.com\/ca\/wp-json\/wp\/v2\/product_cat?post=13107"},{"taxonomy":"product_tag","embeddable":true,"href":"https:\/\/pirilana.com\/ca\/wp-json\/wp\/v2\/product_tag?post=13107"}],"curies":[{"name":"wp","href":"https:\/\/api.w.org\/{rel}","templated":true}]}}