{"id":12895,"date":"2023-05-24T19:13:43","date_gmt":"2023-05-24T17:13:43","guid":{"rendered":"https:\/\/pirilana.com\/producto\/llencols-de-coto-satinat-sardenya\/"},"modified":"2024-01-23T22:18:34","modified_gmt":"2024-01-23T21:18:34","slug":"llencols-de-coto-satinat-sardenya","status":"publish","type":"product","link":"https:\/\/pirilana.com\/ca\/producte\/llencols-de-coto-satinat-sardenya\/","title":{"rendered":"Llen\u00e7ols de cot\u00f3 setinat Sardenya"},"content":{"rendered":"<p>Llen\u00e7ols de cot\u00f3 100% cot\u00f3 amb acabat setinat. Extra suau al tacte i lleugeres. Els seus 135 gr\/m i els seus 120 fils fan que aquest cot\u00f3 sigui perfecte per oferir-te un descans de luxe.<\/p>\n<p>Color: Blanc trencat<\/p>\n<h3>Instruccions de rentat<\/h3>\n<ul>\n<li>Rentar del rev\u00e9s a 40 graus.<\/li>\n<li>Utilitzeu una bossa de bugaderia per mantenir la tela bella i protegir-la de rascades durant el rentat.<\/li>\n<li>No sobrecarregueu la m\u00e0quina.<\/li>\n<li>Utilitzeu detergent l\u00edquid per a la roba fina.<\/li>\n<li>Eviteu qualsevol detergent que contingui clor, enzims, lleixiu o blanquejador d&#8217;oxigen, ja que pot danyar la tela.<\/li>\n<li>Utilitzeu poc detergent per a una retenci\u00f3 \u00f2ptima del color.<\/li>\n<li>Trieu un programa de rentat curt (\u00b11 hora) aix\u00f2 renta igual de b\u00e9 i \u00e9s millor per a la tela i el medi ambient.<\/li>\n<li>Rentar per separat altres materials i colors.<\/li>\n<\/ul>\n<h3>Assecar<\/h3>\n<ul>\n<li>Recomanem assecar la roba de llit de forma natural, aix\u00f2 \u00e9s millor per a la tela i el medi ambient.<\/li>\n<li>El teixit s&#8217;ha tornat r\u00edgid despr\u00e9s de l&#8217;assecat a l&#8217;aire? despr\u00e9s poseu-lo breument a l&#8217;assecadora a temperatura baixa amb una tovallola suau, perqu\u00e8 la seva roba de llit torni a ser suau<\/li>\n<\/ul>\n<h3>Planxat i vapor<\/h3>\n<ul>\n<li>Es pot planxar a temperatura mitjana<\/li>\n<li>No planxar i aix\u00ed i tot evitar les arrugues? centrifugar a baixa velocitat, no omplir la m\u00e0quina i penjar b\u00e9 la roba de llit despr\u00e9s del rentat<\/li>\n<\/ul>\n","protected":false},"excerpt":{"rendered":"<p>Experimenta el luxe d&#8217;un descans reparador i la comoditat dels millors llen\u00e7ols de cot\u00f3 setinat; 100% org\u00e0niques i amb certificat<br \/>\nGOTS. El teu cos i ment t&#8217;ho agrairan cada mat\u00ed quan et despertis renovat i llest per fer front al dia.<\/p>\n<p><strong>Color: Blanc trencat<\/strong><\/p>\n","protected":false},"featured_media":12155,"comment_status":"open","ping_status":"closed","template":"","meta":{"_joinchat":[]},"product_brand":[],"product_cat":[129],"product_tag":[283,284,285],"class_list":{"0":"post-12895","1":"product","2":"type-product","3":"status-publish","4":"has-post-thumbnail","6":"product_cat-llencols","7":"product_tag-coto","8":"product_tag-coto-satinat-sardenya","9":"product_tag-sabans-coto-satinat-sardenya","11":"first","12":"onbackorder","13":"taxable","14":"shipping-taxable","15":"purchasable","16":"product-type-variable"},"bundled_by":[],"bundle_stock_status":"onbackorder","bundle_stock_quantity":null,"bundle_virtual":false,"bundle_layout":"","bundle_add_to_cart_form_location":"","bundle_editable_in_cart":false,"bundle_sold_individually_context":"","bundle_item_grouping":"","bundle_min_size":"","bundle_max_size":"","bundled_items":[],"bundle_sell_ids":[],"yoast_head":"<!-- This site is optimized with the Yoast SEO plugin v27.4 - https:\/\/yoast.com\/product\/yoast-seo-wordpress\/ -->\n<title>Llen\u00e7ols de cot\u00f3 setinat Sardenya - Pirilana<\/title>\n<meta name=\"description\" content=\"Llen\u00e7ols de cot\u00f3 setinat Sardenya, una qualitat de cot\u00f3 excel\u00b7lent de 120 fils per lliscar al llit i gaudir del millor descans.\" \/>\n<meta name=\"robots\" content=\"index, follow, max-snippet:-1, max-image-preview:large, max-video-preview:-1\" \/>\n<link rel=\"canonical\" href=\"https:\/\/pirilana.com\/ca\/producte\/llencols-de-coto-satinat-sardenya\/\" \/>\n<meta property=\"og:locale\" content=\"ca_ES\" \/>\n<meta property=\"og:type\" content=\"article\" \/>\n<meta property=\"og:title\" content=\"Llen\u00e7ols de cot\u00f3 setinat Sardenya - Pirilana\" \/>\n<meta property=\"og:description\" content=\"Llen\u00e7ols de cot\u00f3 setinat Sardenya, una qualitat de cot\u00f3 excel\u00b7lent de 120 fils per lliscar al llit i gaudir del millor descans.\" \/>\n<meta property=\"og:url\" content=\"https:\/\/pirilana.com\/ca\/producte\/llencols-de-coto-satinat-sardenya\/\" \/>\n<meta property=\"og:site_name\" content=\"Pirilana\" \/>\n<meta property=\"article:modified_time\" content=\"2024-01-23T21:18:34+00:00\" \/>\n<meta property=\"og:image\" content=\"https:\/\/pirilana.com\/wp-content\/uploads\/2023\/05\/Funda-de-algodon-pirilana-Sardenya-04.jpg\" \/>\n\t<meta property=\"og:image:width\" content=\"900\" \/>\n\t<meta property=\"og:image:height\" content=\"900\" \/>\n\t<meta property=\"og:image:type\" content=\"image\/jpeg\" \/>\n<meta name=\"twitter:label1\" content=\"Temps estimat de lectura\" \/>\n\t<meta name=\"twitter:data1\" content=\"1 minute\" \/>\n<script type=\"application\/ld+json\" class=\"yoast-schema-graph\">{\"@context\":\"https:\\\/\\\/schema.org\",\"@graph\":[{\"@type\":\"WebPage\",\"@id\":\"https:\\\/\\\/pirilana.com\\\/ca\\\/producte\\\/llencols-de-coto-satinat-sardenya\\\/\",\"url\":\"https:\\\/\\\/pirilana.com\\\/ca\\\/producte\\\/llencols-de-coto-satinat-sardenya\\\/\",\"name\":\"Llen\u00e7ols de cot\u00f3 setinat Sardenya - Pirilana\",\"isPartOf\":{\"@id\":\"https:\\\/\\\/pirilana.com\\\/ca\\\/#website\"},\"primaryImageOfPage\":{\"@id\":\"https:\\\/\\\/pirilana.com\\\/ca\\\/producte\\\/llencols-de-coto-satinat-sardenya\\\/#primaryimage\"},\"image\":{\"@id\":\"https:\\\/\\\/pirilana.com\\\/ca\\\/producte\\\/llencols-de-coto-satinat-sardenya\\\/#primaryimage\"},\"thumbnailUrl\":\"https:\\\/\\\/pirilana.com\\\/wp-content\\\/uploads\\\/2023\\\/05\\\/Funda-de-algodon-pirilana-Sardenya-04.jpg\",\"datePublished\":\"2023-05-24T17:13:43+00:00\",\"dateModified\":\"2024-01-23T21:18:34+00:00\",\"description\":\"Llen\u00e7ols de cot\u00f3 setinat Sardenya, una qualitat de cot\u00f3 excel\u00b7lent de 120 fils per lliscar al llit i gaudir del millor descans.\",\"breadcrumb\":{\"@id\":\"https:\\\/\\\/pirilana.com\\\/ca\\\/producte\\\/llencols-de-coto-satinat-sardenya\\\/#breadcrumb\"},\"inLanguage\":\"ca\",\"potentialAction\":[{\"@type\":\"ReadAction\",\"target\":[\"https:\\\/\\\/pirilana.com\\\/ca\\\/producte\\\/llencols-de-coto-satinat-sardenya\\\/\"]}]},{\"@type\":\"ImageObject\",\"inLanguage\":\"ca\",\"@id\":\"https:\\\/\\\/pirilana.com\\\/ca\\\/producte\\\/llencols-de-coto-satinat-sardenya\\\/#primaryimage\",\"url\":\"https:\\\/\\\/pirilana.com\\\/wp-content\\\/uploads\\\/2023\\\/05\\\/Funda-de-algodon-pirilana-Sardenya-04.jpg\",\"contentUrl\":\"https:\\\/\\\/pirilana.com\\\/wp-content\\\/uploads\\\/2023\\\/05\\\/Funda-de-algodon-pirilana-Sardenya-04.jpg\",\"width\":900,\"height\":900,\"caption\":\"funda n\u00f3rdica de algod\u00f3n sat\u00e9n\"},{\"@type\":\"BreadcrumbList\",\"@id\":\"https:\\\/\\\/pirilana.com\\\/ca\\\/producte\\\/llencols-de-coto-satinat-sardenya\\\/#breadcrumb\",\"itemListElement\":[{\"@type\":\"ListItem\",\"position\":1,\"name\":\"Inici\",\"item\":\"https:\\\/\\\/pirilana.com\\\/ca\\\/\"},{\"@type\":\"ListItem\",\"position\":2,\"name\":\"Products\",\"item\":\"https:\\\/\\\/pirilana.com\\\/ca\\\/products-pirilana\\\/\"},{\"@type\":\"ListItem\",\"position\":3,\"name\":\"Llen\u00e7ols de cot\u00f3 setinat Sardenya\"}]},{\"@type\":\"WebSite\",\"@id\":\"https:\\\/\\\/pirilana.com\\\/ca\\\/#website\",\"url\":\"https:\\\/\\\/pirilana.com\\\/ca\\\/\",\"name\":\"Pirilana\",\"description\":\"La lana de tus sue\u00f1os - Edredones de lana hechos en Espa\u00f1a con materiales naturales que se adaptan a la temperatura de tu cuerpo.\",\"potentialAction\":[{\"@type\":\"SearchAction\",\"target\":{\"@type\":\"EntryPoint\",\"urlTemplate\":\"https:\\\/\\\/pirilana.com\\\/ca\\\/?s={search_term_string}\"},\"query-input\":{\"@type\":\"PropertyValueSpecification\",\"valueRequired\":true,\"valueName\":\"search_term_string\"}}],\"inLanguage\":\"ca\"}]}<\/script>\n<!-- \/ Yoast SEO plugin. -->","yoast_head_json":{"title":"Llen\u00e7ols de cot\u00f3 setinat Sardenya - Pirilana","description":"Llen\u00e7ols de cot\u00f3 setinat Sardenya, una qualitat de cot\u00f3 excel\u00b7lent de 120 fils per lliscar al llit i gaudir del millor descans.","robots":{"index":"index","follow":"follow","max-snippet":"max-snippet:-1","max-image-preview":"max-image-preview:large","max-video-preview":"max-video-preview:-1"},"canonical":"https:\/\/pirilana.com\/ca\/producte\/llencols-de-coto-satinat-sardenya\/","og_locale":"ca_ES","og_type":"article","og_title":"Llen\u00e7ols de cot\u00f3 setinat Sardenya - Pirilana","og_description":"Llen\u00e7ols de cot\u00f3 setinat Sardenya, una qualitat de cot\u00f3 excel\u00b7lent de 120 fils per lliscar al llit i gaudir del millor descans.","og_url":"https:\/\/pirilana.com\/ca\/producte\/llencols-de-coto-satinat-sardenya\/","og_site_name":"Pirilana","article_modified_time":"2024-01-23T21:18:34+00:00","og_image":[{"width":900,"height":900,"url":"https:\/\/pirilana.com\/wp-content\/uploads\/2023\/05\/Funda-de-algodon-pirilana-Sardenya-04.jpg","type":"image\/jpeg"}],"twitter_misc":{"Temps estimat de lectura":"1 minute"},"schema":{"@context":"https:\/\/schema.org","@graph":[{"@type":"WebPage","@id":"https:\/\/pirilana.com\/ca\/producte\/llencols-de-coto-satinat-sardenya\/","url":"https:\/\/pirilana.com\/ca\/producte\/llencols-de-coto-satinat-sardenya\/","name":"Llen\u00e7ols de cot\u00f3 setinat Sardenya - Pirilana","isPartOf":{"@id":"https:\/\/pirilana.com\/ca\/#website"},"primaryImageOfPage":{"@id":"https:\/\/pirilana.com\/ca\/producte\/llencols-de-coto-satinat-sardenya\/#primaryimage"},"image":{"@id":"https:\/\/pirilana.com\/ca\/producte\/llencols-de-coto-satinat-sardenya\/#primaryimage"},"thumbnailUrl":"https:\/\/pirilana.com\/wp-content\/uploads\/2023\/05\/Funda-de-algodon-pirilana-Sardenya-04.jpg","datePublished":"2023-05-24T17:13:43+00:00","dateModified":"2024-01-23T21:18:34+00:00","description":"Llen\u00e7ols de cot\u00f3 setinat Sardenya, una qualitat de cot\u00f3 excel\u00b7lent de 120 fils per lliscar al llit i gaudir del millor descans.","breadcrumb":{"@id":"https:\/\/pirilana.com\/ca\/producte\/llencols-de-coto-satinat-sardenya\/#breadcrumb"},"inLanguage":"ca","potentialAction":[{"@type":"ReadAction","target":["https:\/\/pirilana.com\/ca\/producte\/llencols-de-coto-satinat-sardenya\/"]}]},{"@type":"ImageObject","inLanguage":"ca","@id":"https:\/\/pirilana.com\/ca\/producte\/llencols-de-coto-satinat-sardenya\/#primaryimage","url":"https:\/\/pirilana.com\/wp-content\/uploads\/2023\/05\/Funda-de-algodon-pirilana-Sardenya-04.jpg","contentUrl":"https:\/\/pirilana.com\/wp-content\/uploads\/2023\/05\/Funda-de-algodon-pirilana-Sardenya-04.jpg","width":900,"height":900,"caption":"funda n\u00f3rdica de algod\u00f3n sat\u00e9n"},{"@type":"BreadcrumbList","@id":"https:\/\/pirilana.com\/ca\/producte\/llencols-de-coto-satinat-sardenya\/#breadcrumb","itemListElement":[{"@type":"ListItem","position":1,"name":"Inici","item":"https:\/\/pirilana.com\/ca\/"},{"@type":"ListItem","position":2,"name":"Products","item":"https:\/\/pirilana.com\/ca\/products-pirilana\/"},{"@type":"ListItem","position":3,"name":"Llen\u00e7ols de cot\u00f3 setinat Sardenya"}]},{"@type":"WebSite","@id":"https:\/\/pirilana.com\/ca\/#website","url":"https:\/\/pirilana.com\/ca\/","name":"Pirilana","description":"La lana de tus sue\u00f1os - Edredones de lana hechos en Espa\u00f1a con materiales naturales que se adaptan a la temperatura de tu cuerpo.","potentialAction":[{"@type":"SearchAction","target":{"@type":"EntryPoint","urlTemplate":"https:\/\/pirilana.com\/ca\/?s={search_term_string}"},"query-input":{"@type":"PropertyValueSpecification","valueRequired":true,"valueName":"search_term_string"}}],"inLanguage":"ca"}]}},"_links":{"self":[{"href":"https:\/\/pirilana.com\/ca\/wp-json\/wp\/v2\/product\/12895","targetHints":{"allow":["GET"]}}],"collection":[{"href":"https:\/\/pirilana.com\/ca\/wp-json\/wp\/v2\/product"}],"about":[{"href":"https:\/\/pirilana.com\/ca\/wp-json\/wp\/v2\/types\/product"}],"replies":[{"embeddable":true,"href":"https:\/\/pirilana.com\/ca\/wp-json\/wp\/v2\/comments?post=12895"}],"version-history":[{"count":0,"href":"https:\/\/pirilana.com\/ca\/wp-json\/wp\/v2\/product\/12895\/revisions"}],"wp:featuredmedia":[{"embeddable":true,"href":"https:\/\/pirilana.com\/ca\/wp-json\/wp\/v2\/media\/12155"}],"wp:attachment":[{"href":"https:\/\/pirilana.com\/ca\/wp-json\/wp\/v2\/media?parent=12895"}],"wp:term":[{"taxonomy":"product_brand","embeddable":true,"href":"https:\/\/pirilana.com\/ca\/wp-json\/wp\/v2\/product_brand?post=12895"},{"taxonomy":"product_cat","embeddable":true,"href":"https:\/\/pirilana.com\/ca\/wp-json\/wp\/v2\/product_cat?post=12895"},{"taxonomy":"product_tag","embeddable":true,"href":"https:\/\/pirilana.com\/ca\/wp-json\/wp\/v2\/product_tag?post=12895"}],"curies":[{"name":"wp","href":"https:\/\/api.w.org\/{rel}","templated":true}]}}