{"id":12641,"date":"2023-05-24T19:14:25","date_gmt":"2023-05-24T17:14:25","guid":{"rendered":"https:\/\/pirilana.com\/producto\/llencols-de-lli-formentera\/"},"modified":"2023-05-24T19:14:25","modified_gmt":"2023-05-24T17:14:25","slug":"llencols-de-lli-formentera","status":"publish","type":"product","link":"https:\/\/pirilana.com\/ca\/producte\/llencols-de-lli-formentera\/","title":{"rendered":"Llen\u00e7ols 100% de Lino Formentera"},"content":{"rendered":"<p>El lli \u00e9s una tela lleugera, lliure de borrissol i pot absorbir m\u00e9s humitat que el cot\u00f3 sense que la tela s&#8217;humitegi. Aquest \u00e9s un gran avantatge, especialment per a les persones que transpiren molt. El lli \u00e9s tres vegades m\u00e9s resistent que el cot\u00f3, per la qual cosa es mantindr\u00e0 bonic durant anys, sense importar la freq\u00fc\u00e8ncia amb qu\u00e8 el rentis. \u00c9s una tela ventilada, se sent fresca a l&#8217;estiu i c\u00e0lida a l&#8217;hivern. El teu cos es mant\u00e9 a la temperatura adequada per a dormes pl\u00e0cidament.<\/p>\n","protected":false},"excerpt":{"rendered":"<p>El nostre llen\u00e7ol 100% de lli rentat a la pedra \u00e9s el nostre llen\u00e7ol per excel\u00b7l\u00e8ncia; i tan sols pesa 150 gr. \u00c9s lleugera, suau i perfecta per dormir tot l\u00b4any de manera confortable. D\u00b4una qualitat excepcional i disponible en 4 colors. \u00c9s antibacteriana i absorbeix la humitat fins a un 20% del seu pes, i la seva termoregulaci\u00f3 fa que sigui el llen\u00e7ol ideal a qualsevol estaci\u00f3.<\/p>\n","protected":false},"featured_media":12248,"comment_status":"open","ping_status":"closed","template":"","meta":{"_joinchat":[]},"product_brand":[],"product_cat":[],"product_tag":[],"class_list":{"0":"post-12641","1":"product","2":"type-product","3":"status-publish","4":"has-post-thumbnail","7":"first","8":"onbackorder","9":"taxable","10":"shipping-taxable","11":"purchasable","12":"product-type-variable"},"bundled_by":[],"bundle_stock_status":"onbackorder","bundle_stock_quantity":null,"bundle_virtual":false,"bundle_layout":"","bundle_add_to_cart_form_location":"","bundle_editable_in_cart":false,"bundle_sold_individually_context":"","bundle_item_grouping":"","bundle_min_size":"","bundle_max_size":"","bundled_items":[],"bundle_sell_ids":[],"yoast_head":"<!-- This site is optimized with the Yoast SEO plugin v27.0 - https:\/\/yoast.com\/product\/yoast-seo-wordpress\/ -->\n<title>Llen\u00e7ols 100% de Lino Formentera - Pirilana<\/title>\n<meta name=\"description\" content=\"Llen\u00e7ols de lli rentat a la pedra, una qualitat excepcional perqu\u00e8 gaudiu d&#039;un somni de qualitat i d&#039;una suavitat incomparable.\" \/>\n<meta name=\"robots\" content=\"index, follow, max-snippet:-1, max-image-preview:large, max-video-preview:-1\" \/>\n<link rel=\"canonical\" href=\"https:\/\/pirilana.com\/ca\/producte\/llencols-de-lli-formentera\/\" \/>\n<meta property=\"og:locale\" content=\"ca_ES\" \/>\n<meta property=\"og:type\" content=\"article\" \/>\n<meta property=\"og:title\" content=\"Llen\u00e7ols 100% de Lino Formentera - Pirilana\" \/>\n<meta property=\"og:description\" content=\"Llen\u00e7ols de lli rentat a la pedra, una qualitat excepcional perqu\u00e8 gaudiu d&#039;un somni de qualitat i d&#039;una suavitat incomparable.\" \/>\n<meta property=\"og:url\" content=\"https:\/\/pirilana.com\/ca\/producte\/llencols-de-lli-formentera\/\" \/>\n<meta property=\"og:site_name\" content=\"Pirilana\" \/>\n<meta property=\"og:image\" content=\"https:\/\/pirilana.com\/wp-content\/uploads\/2023\/05\/Funda-Formentera-de-algodon-pirilana-azul.jpeg\" \/>\n\t<meta property=\"og:image:width\" content=\"900\" \/>\n\t<meta property=\"og:image:height\" content=\"900\" \/>\n\t<meta property=\"og:image:type\" content=\"image\/jpeg\" \/>\n<script type=\"application\/ld+json\" class=\"yoast-schema-graph\">{\"@context\":\"https:\/\/schema.org\",\"@graph\":[{\"@type\":\"WebPage\",\"@id\":\"https:\/\/pirilana.com\/ca\/producte\/llencols-de-lli-formentera\/\",\"url\":\"https:\/\/pirilana.com\/ca\/producte\/llencols-de-lli-formentera\/\",\"name\":\"Llen\u00e7ols 100% de Lino Formentera - Pirilana\",\"isPartOf\":{\"@id\":\"https:\/\/pirilana.com\/ca\/#website\"},\"primaryImageOfPage\":{\"@id\":\"https:\/\/pirilana.com\/ca\/producte\/llencols-de-lli-formentera\/#primaryimage\"},\"image\":{\"@id\":\"https:\/\/pirilana.com\/ca\/producte\/llencols-de-lli-formentera\/#primaryimage\"},\"thumbnailUrl\":\"https:\/\/pirilana.com\/wp-content\/uploads\/2023\/05\/Funda-Formentera-de-algodon-pirilana-azul.jpeg\",\"datePublished\":\"2023-05-24T17:14:25+00:00\",\"description\":\"Llen\u00e7ols de lli rentat a la pedra, una qualitat excepcional perqu\u00e8 gaudiu d'un somni de qualitat i d'una suavitat incomparable.\",\"breadcrumb\":{\"@id\":\"https:\/\/pirilana.com\/ca\/producte\/llencols-de-lli-formentera\/#breadcrumb\"},\"inLanguage\":\"ca\",\"potentialAction\":[{\"@type\":\"ReadAction\",\"target\":[\"https:\/\/pirilana.com\/ca\/producte\/llencols-de-lli-formentera\/\"]}]},{\"@type\":\"ImageObject\",\"inLanguage\":\"ca\",\"@id\":\"https:\/\/pirilana.com\/ca\/producte\/llencols-de-lli-formentera\/#primaryimage\",\"url\":\"https:\/\/pirilana.com\/wp-content\/uploads\/2023\/05\/Funda-Formentera-de-algodon-pirilana-azul.jpeg\",\"contentUrl\":\"https:\/\/pirilana.com\/wp-content\/uploads\/2023\/05\/Funda-Formentera-de-algodon-pirilana-azul.jpeg\",\"width\":900,\"height\":900,\"caption\":\"funda n\u00f3rdica de lino\"},{\"@type\":\"BreadcrumbList\",\"@id\":\"https:\/\/pirilana.com\/ca\/producte\/llencols-de-lli-formentera\/#breadcrumb\",\"itemListElement\":[{\"@type\":\"ListItem\",\"position\":1,\"name\":\"Inici\",\"item\":\"https:\/\/pirilana.com\/ca\/\"},{\"@type\":\"ListItem\",\"position\":2,\"name\":\"Products\",\"item\":\"https:\/\/pirilana.com\/ca\/products-pirilana\/\"},{\"@type\":\"ListItem\",\"position\":3,\"name\":\"Llen\u00e7ols 100% de Lino Formentera\"}]},{\"@type\":\"WebSite\",\"@id\":\"https:\/\/pirilana.com\/ca\/#website\",\"url\":\"https:\/\/pirilana.com\/ca\/\",\"name\":\"Pirilana\",\"description\":\"La lana de tus sue\u00f1os - Edredones de lana hechos en Espa\u00f1a con materiales naturales que se adaptan a la temperatura de tu cuerpo.\",\"potentialAction\":[{\"@type\":\"SearchAction\",\"target\":{\"@type\":\"EntryPoint\",\"urlTemplate\":\"https:\/\/pirilana.com\/ca\/?s={search_term_string}\"},\"query-input\":{\"@type\":\"PropertyValueSpecification\",\"valueRequired\":true,\"valueName\":\"search_term_string\"}}],\"inLanguage\":\"ca\"}]}<\/script>\n<!-- \/ Yoast SEO plugin. -->","yoast_head_json":{"title":"Llen\u00e7ols 100% de Lino Formentera - Pirilana","description":"Llen\u00e7ols de lli rentat a la pedra, una qualitat excepcional perqu\u00e8 gaudiu d'un somni de qualitat i d'una suavitat incomparable.","robots":{"index":"index","follow":"follow","max-snippet":"max-snippet:-1","max-image-preview":"max-image-preview:large","max-video-preview":"max-video-preview:-1"},"canonical":"https:\/\/pirilana.com\/ca\/producte\/llencols-de-lli-formentera\/","og_locale":"ca_ES","og_type":"article","og_title":"Llen\u00e7ols 100% de Lino Formentera - Pirilana","og_description":"Llen\u00e7ols de lli rentat a la pedra, una qualitat excepcional perqu\u00e8 gaudiu d'un somni de qualitat i d'una suavitat incomparable.","og_url":"https:\/\/pirilana.com\/ca\/producte\/llencols-de-lli-formentera\/","og_site_name":"Pirilana","og_image":[{"width":900,"height":900,"url":"https:\/\/pirilana.com\/wp-content\/uploads\/2023\/05\/Funda-Formentera-de-algodon-pirilana-azul.jpeg","type":"image\/jpeg"}],"schema":{"@context":"https:\/\/schema.org","@graph":[{"@type":"WebPage","@id":"https:\/\/pirilana.com\/ca\/producte\/llencols-de-lli-formentera\/","url":"https:\/\/pirilana.com\/ca\/producte\/llencols-de-lli-formentera\/","name":"Llen\u00e7ols 100% de Lino Formentera - Pirilana","isPartOf":{"@id":"https:\/\/pirilana.com\/ca\/#website"},"primaryImageOfPage":{"@id":"https:\/\/pirilana.com\/ca\/producte\/llencols-de-lli-formentera\/#primaryimage"},"image":{"@id":"https:\/\/pirilana.com\/ca\/producte\/llencols-de-lli-formentera\/#primaryimage"},"thumbnailUrl":"https:\/\/pirilana.com\/wp-content\/uploads\/2023\/05\/Funda-Formentera-de-algodon-pirilana-azul.jpeg","datePublished":"2023-05-24T17:14:25+00:00","description":"Llen\u00e7ols de lli rentat a la pedra, una qualitat excepcional perqu\u00e8 gaudiu d'un somni de qualitat i d'una suavitat incomparable.","breadcrumb":{"@id":"https:\/\/pirilana.com\/ca\/producte\/llencols-de-lli-formentera\/#breadcrumb"},"inLanguage":"ca","potentialAction":[{"@type":"ReadAction","target":["https:\/\/pirilana.com\/ca\/producte\/llencols-de-lli-formentera\/"]}]},{"@type":"ImageObject","inLanguage":"ca","@id":"https:\/\/pirilana.com\/ca\/producte\/llencols-de-lli-formentera\/#primaryimage","url":"https:\/\/pirilana.com\/wp-content\/uploads\/2023\/05\/Funda-Formentera-de-algodon-pirilana-azul.jpeg","contentUrl":"https:\/\/pirilana.com\/wp-content\/uploads\/2023\/05\/Funda-Formentera-de-algodon-pirilana-azul.jpeg","width":900,"height":900,"caption":"funda n\u00f3rdica de lino"},{"@type":"BreadcrumbList","@id":"https:\/\/pirilana.com\/ca\/producte\/llencols-de-lli-formentera\/#breadcrumb","itemListElement":[{"@type":"ListItem","position":1,"name":"Inici","item":"https:\/\/pirilana.com\/ca\/"},{"@type":"ListItem","position":2,"name":"Products","item":"https:\/\/pirilana.com\/ca\/products-pirilana\/"},{"@type":"ListItem","position":3,"name":"Llen\u00e7ols 100% de Lino Formentera"}]},{"@type":"WebSite","@id":"https:\/\/pirilana.com\/ca\/#website","url":"https:\/\/pirilana.com\/ca\/","name":"Pirilana","description":"La lana de tus sue\u00f1os - Edredones de lana hechos en Espa\u00f1a con materiales naturales que se adaptan a la temperatura de tu cuerpo.","potentialAction":[{"@type":"SearchAction","target":{"@type":"EntryPoint","urlTemplate":"https:\/\/pirilana.com\/ca\/?s={search_term_string}"},"query-input":{"@type":"PropertyValueSpecification","valueRequired":true,"valueName":"search_term_string"}}],"inLanguage":"ca"}]}},"_links":{"self":[{"href":"https:\/\/pirilana.com\/ca\/wp-json\/wp\/v2\/product\/12641","targetHints":{"allow":["GET"]}}],"collection":[{"href":"https:\/\/pirilana.com\/ca\/wp-json\/wp\/v2\/product"}],"about":[{"href":"https:\/\/pirilana.com\/ca\/wp-json\/wp\/v2\/types\/product"}],"replies":[{"embeddable":true,"href":"https:\/\/pirilana.com\/ca\/wp-json\/wp\/v2\/comments?post=12641"}],"version-history":[{"count":0,"href":"https:\/\/pirilana.com\/ca\/wp-json\/wp\/v2\/product\/12641\/revisions"}],"wp:featuredmedia":[{"embeddable":true,"href":"https:\/\/pirilana.com\/ca\/wp-json\/wp\/v2\/media\/12248"}],"wp:attachment":[{"href":"https:\/\/pirilana.com\/ca\/wp-json\/wp\/v2\/media?parent=12641"}],"wp:term":[{"taxonomy":"product_brand","embeddable":true,"href":"https:\/\/pirilana.com\/ca\/wp-json\/wp\/v2\/product_brand?post=12641"},{"taxonomy":"product_cat","embeddable":true,"href":"https:\/\/pirilana.com\/ca\/wp-json\/wp\/v2\/product_cat?post=12641"},{"taxonomy":"product_tag","embeddable":true,"href":"https:\/\/pirilana.com\/ca\/wp-json\/wp\/v2\/product_tag?post=12641"}],"curies":[{"name":"wp","href":"https:\/\/api.w.org\/{rel}","templated":true}]}}