{"id":5688,"date":"2020-11-09T18:44:40","date_gmt":"2020-11-09T17:44:40","guid":{"rendered":"https:\/\/pirilana.com\/quin-es-el-teu-edredo-ideal\/"},"modified":"2024-01-19T10:09:41","modified_gmt":"2024-01-19T09:09:41","slug":"quin-es-el-teu-edredo-ideal","status":"publish","type":"page","link":"https:\/\/pirilana.com\/ca\/quin-es-el-teu-edredo-ideal\/","title":{"rendered":"Quin \u00e9s el teu edred\u00f3 ideal?"},"content":{"rendered":"<h1 style=\"text-align: center;\">Quin \u00e9s el teu edred\u00f3 ideal?<\/h1>\n<p style=\"text-align: center;\">Descobreix-ho fent clic sobre la frase que millor et defineixi<\/p>\n<h3>Et cobreixes el cap amb l&#8217;edred\u00f3 i segueixes tremolant?<\/h3>\n<h4>Aquest \u00e9s el teu edred\u00f3 ideal si et cobreixes el cap amb l&#8217;edred\u00f3 i segueixes tremolant<\/h4>\n<h2><strong class=\"h2\">Hiverns Freds<\/strong><br \/>\nEdred\u00f3 gruixut<\/h2>\n<p>Els edredons de la classe 1 s\u00f3n els que emeten m\u00e9s calor i alhora els que millor la retenen. Aquests edredons s\u00f3n adequats per a aquelles persones que dormen a llocs freds i per a les estacions de l&#8217;any m\u00e9s g\u00e8lides; per aix\u00f2 ens clienten els valoren com a molt c\u00e0lids.<\/p>\n<h2><strong class=\"h2\">Entre temps<\/strong><br \/>\nEdred\u00f3 mitj\u00e0<\/h2>\n<p>Per a aquelles persones que els agrada dormir c\u00e0lidament o dormen a una zona fresca<\/p>\n<p>Els edredons de la classe 2 desprenen una calor agradable i s\u00f3n adequats per a aquelles persones que els agrada dormir c\u00e0lidament o dormen a una zona fresca. Aquest edred\u00f3 \u00e9s adequat tant per a la primavera com la tardor, estacions de l&#8217;any que s\u00f3n de temperatures m\u00e9s suaus.<\/p>\n<p>De vegades et despertes suant?<br \/>\nRetires l&#8217;edred\u00f3 per sentir l&#8217;aire fresc?<\/p>\n<p>Aquest \u00e9s el teu edred\u00f3 ideal si de vegades despertes suant<\/p>\n<h2><strong class=\"h2\">Estiu<\/strong><br \/>\nEdred\u00f3 fi<\/h2>\n<p>Ideals per a habitacions que mantenen una temperatura constant durant tot l&#8217;any<\/p>\n<p>Per a l&#8217;estiu a regions de clima fresc; per a entretemps en regions de clima temperat<\/p>\n<p>Els edredons de la classe 3 emeten molt poca calor i solen ser molt m\u00e9s fins. S\u00f3n ideals per a habitacions que mantenen una temperatura constant durant tot l\u00b4any. \u00c9s un edred\u00f3 especialment indicat per a l&#8217;estiu a aquelles regions de clima fresc o tamb\u00e9 per a entretemps en regions de clima temperat.<\/p>\n<h2>Sabies que&#8230;?<\/h2>\n<p>Les fibres de llana tenen la propietat de mantenir l&#8217;ovella fresca quan fa calor i calentes quan fa fresca. Les fibres de llana s&#8217;adapten naturalment per mantenir-te a una temperatura constant. No \u00e9s fant\u00e0stic?<\/p>\n<p>Quan tens fred, les fibres de llana atrapen l&#8217;aire i creen una capa a\u00efllant, per\u00f2 quan comences a suar; la llana ajuda a transpirar ia absorbir la humitat de la pell, cosa que et refrescar\u00e0 de forma natural. Les plomes i el material sint\u00e8tic tendeixen a atrapar aquesta humitat c\u00e0lida, creant un ambient humit i augmentant encara m\u00e9s la temperatura corporal.<\/p>\n<p>Dep\u00e8n molt de l&#8217;ambient de cada regi\u00f3, per\u00f2 la gran capacitat de termoregular fa que la llana s&#8217;adapti segons la necessitat de cada persona; per aix\u00f2 Pirilana ha creat el sistema dual que pots veure a la nostra web.<\/p>\n<p>Igualment estem a la teva disposici\u00f3 i ens podeu contactar per tel\u00e8fon o enviar-nos un missatge a hola@pirilana.com per comentar-nos la vostra situaci\u00f3 personal i us aconsellar\u00e9 amb molt de gust.<\/p>\n<h5 style=\"text-align: center;\">Estem a la teva disposici\u00f3<\/h5>\n<p style=\"text-align: center;\"><strong>Truca&#8217;ns per tel\u00e8fon o envia&#8217;ns un missatge a hola@pirilana.com.<br \/>\n<span style=\"color: white;\">Comenta&#8217;ns la teva situaci\u00f3 personal i t&#8217;aconsellarem amb molt de gust.<\/span><\/strong><\/p>\n<h2 style=\"text-align: center;\">Una opini\u00f3 val m\u00e9s que mil paraules<\/h2>\n","protected":false},"excerpt":{"rendered":"<p>Quin \u00e9s el teu edred\u00f3 ideal? Descobreix-ho fent clic sobre la frase que millor et defineixi Et cobreixes el cap amb l&#8217;edred\u00f3 i segueixes tremolant? Aquest \u00e9s el teu edred\u00f3 ideal si et cobreixes el cap amb l&#8217;edred\u00f3 i segueixes tremolant Hiverns Freds Edred\u00f3 gruixut Els edredons de la classe 1 s\u00f3n els que emeten &hellip;<\/p>\n","protected":false},"author":9,"featured_media":5689,"parent":0,"menu_order":0,"comment_status":"closed","ping_status":"closed","template":"","meta":{"_joinchat":[],"footnotes":""},"class_list":["post-5688","page","type-page","status-publish","has-post-thumbnail","hentry"],"yoast_head":"<!-- This site is optimized with the Yoast SEO plugin v27.4 - https:\/\/yoast.com\/product\/yoast-seo-wordpress\/ -->\n<title>El meu edred\u00f3 ideal<\/title>\n<meta name=\"description\" content=\"Perqu\u00e8 gaudeixis del teu edred\u00f3 ideal pots seguir aquests consells f\u00e0cils abans de seleccionar quin \u00e9s m\u00e9s adequat a les teves necessitats.\" \/>\n<meta name=\"robots\" content=\"index, follow, max-snippet:-1, max-image-preview:large, max-video-preview:-1\" \/>\n<link rel=\"canonical\" href=\"https:\/\/pirilana.com\/ca\/quin-es-el-teu-edredo-ideal\/\" \/>\n<meta property=\"og:locale\" content=\"ca_ES\" \/>\n<meta property=\"og:type\" content=\"article\" \/>\n<meta property=\"og:title\" content=\"El meu edred\u00f3 ideal\" \/>\n<meta property=\"og:description\" content=\"Perqu\u00e8 gaudeixis del teu edred\u00f3 ideal pots seguir aquests consells f\u00e0cils abans de seleccionar quin \u00e9s m\u00e9s adequat a les teves necessitats.\" \/>\n<meta property=\"og:url\" content=\"https:\/\/pirilana.com\/ca\/quin-es-el-teu-edredo-ideal\/\" \/>\n<meta property=\"og:site_name\" content=\"Pirilana\" \/>\n<meta property=\"article:modified_time\" content=\"2024-01-19T09:09:41+00:00\" \/>\n<meta property=\"og:image\" content=\"https:\/\/pirilana.com\/wp-content\/uploads\/2020\/02\/los-secretos-de-un-buen-descanso-1.jpg\" \/>\n\t<meta property=\"og:image:width\" content=\"1000\" \/>\n\t<meta property=\"og:image:height\" content=\"759\" \/>\n\t<meta property=\"og:image:type\" content=\"image\/jpeg\" \/>\n<meta name=\"twitter:label1\" content=\"Temps estimat de lectura\" \/>\n\t<meta name=\"twitter:data1\" content=\"2 minutes\" \/>\n<script type=\"application\/ld+json\" class=\"yoast-schema-graph\">{\"@context\":\"https:\\\/\\\/schema.org\",\"@graph\":[{\"@type\":\"WebPage\",\"@id\":\"https:\\\/\\\/pirilana.com\\\/ca\\\/quin-es-el-teu-edredo-ideal\\\/\",\"url\":\"https:\\\/\\\/pirilana.com\\\/ca\\\/quin-es-el-teu-edredo-ideal\\\/\",\"name\":\"El meu edred\u00f3 ideal\",\"isPartOf\":{\"@id\":\"https:\\\/\\\/pirilana.com\\\/ca\\\/#website\"},\"primaryImageOfPage\":{\"@id\":\"https:\\\/\\\/pirilana.com\\\/ca\\\/quin-es-el-teu-edredo-ideal\\\/#primaryimage\"},\"image\":{\"@id\":\"https:\\\/\\\/pirilana.com\\\/ca\\\/quin-es-el-teu-edredo-ideal\\\/#primaryimage\"},\"thumbnailUrl\":\"https:\\\/\\\/pirilana.com\\\/wp-content\\\/uploads\\\/2020\\\/02\\\/los-secretos-de-un-buen-descanso-1.jpg\",\"datePublished\":\"2020-11-09T17:44:40+00:00\",\"dateModified\":\"2024-01-19T09:09:41+00:00\",\"description\":\"Perqu\u00e8 gaudeixis del teu edred\u00f3 ideal pots seguir aquests consells f\u00e0cils abans de seleccionar quin \u00e9s m\u00e9s adequat a les teves necessitats.\",\"breadcrumb\":{\"@id\":\"https:\\\/\\\/pirilana.com\\\/ca\\\/quin-es-el-teu-edredo-ideal\\\/#breadcrumb\"},\"inLanguage\":\"ca\",\"potentialAction\":[{\"@type\":\"ReadAction\",\"target\":[\"https:\\\/\\\/pirilana.com\\\/ca\\\/quin-es-el-teu-edredo-ideal\\\/\"]}]},{\"@type\":\"ImageObject\",\"inLanguage\":\"ca\",\"@id\":\"https:\\\/\\\/pirilana.com\\\/ca\\\/quin-es-el-teu-edredo-ideal\\\/#primaryimage\",\"url\":\"https:\\\/\\\/pirilana.com\\\/wp-content\\\/uploads\\\/2020\\\/02\\\/los-secretos-de-un-buen-descanso-1.jpg\",\"contentUrl\":\"https:\\\/\\\/pirilana.com\\\/wp-content\\\/uploads\\\/2020\\\/02\\\/los-secretos-de-un-buen-descanso-1.jpg\",\"width\":1000,\"height\":759},{\"@type\":\"BreadcrumbList\",\"@id\":\"https:\\\/\\\/pirilana.com\\\/ca\\\/quin-es-el-teu-edredo-ideal\\\/#breadcrumb\",\"itemListElement\":[{\"@type\":\"ListItem\",\"position\":1,\"name\":\"Inici\",\"item\":\"https:\\\/\\\/pirilana.com\\\/ca\\\/\"},{\"@type\":\"ListItem\",\"position\":2,\"name\":\"Quin \u00e9s el teu edred\u00f3 ideal?\"}]},{\"@type\":\"WebSite\",\"@id\":\"https:\\\/\\\/pirilana.com\\\/ca\\\/#website\",\"url\":\"https:\\\/\\\/pirilana.com\\\/ca\\\/\",\"name\":\"Pirilana\",\"description\":\"La lana de tus sue\u00f1os - Edredones de lana hechos en Espa\u00f1a con materiales naturales que se adaptan a la temperatura de tu cuerpo.\",\"potentialAction\":[{\"@type\":\"SearchAction\",\"target\":{\"@type\":\"EntryPoint\",\"urlTemplate\":\"https:\\\/\\\/pirilana.com\\\/ca\\\/?s={search_term_string}\"},\"query-input\":{\"@type\":\"PropertyValueSpecification\",\"valueRequired\":true,\"valueName\":\"search_term_string\"}}],\"inLanguage\":\"ca\"}]}<\/script>\n<!-- \/ Yoast SEO plugin. -->","yoast_head_json":{"title":"El meu edred\u00f3 ideal","description":"Perqu\u00e8 gaudeixis del teu edred\u00f3 ideal pots seguir aquests consells f\u00e0cils abans de seleccionar quin \u00e9s m\u00e9s adequat a les teves necessitats.","robots":{"index":"index","follow":"follow","max-snippet":"max-snippet:-1","max-image-preview":"max-image-preview:large","max-video-preview":"max-video-preview:-1"},"canonical":"https:\/\/pirilana.com\/ca\/quin-es-el-teu-edredo-ideal\/","og_locale":"ca_ES","og_type":"article","og_title":"El meu edred\u00f3 ideal","og_description":"Perqu\u00e8 gaudeixis del teu edred\u00f3 ideal pots seguir aquests consells f\u00e0cils abans de seleccionar quin \u00e9s m\u00e9s adequat a les teves necessitats.","og_url":"https:\/\/pirilana.com\/ca\/quin-es-el-teu-edredo-ideal\/","og_site_name":"Pirilana","article_modified_time":"2024-01-19T09:09:41+00:00","og_image":[{"width":1000,"height":759,"url":"https:\/\/pirilana.com\/wp-content\/uploads\/2020\/02\/los-secretos-de-un-buen-descanso-1.jpg","type":"image\/jpeg"}],"twitter_misc":{"Temps estimat de lectura":"2 minutes"},"schema":{"@context":"https:\/\/schema.org","@graph":[{"@type":"WebPage","@id":"https:\/\/pirilana.com\/ca\/quin-es-el-teu-edredo-ideal\/","url":"https:\/\/pirilana.com\/ca\/quin-es-el-teu-edredo-ideal\/","name":"El meu edred\u00f3 ideal","isPartOf":{"@id":"https:\/\/pirilana.com\/ca\/#website"},"primaryImageOfPage":{"@id":"https:\/\/pirilana.com\/ca\/quin-es-el-teu-edredo-ideal\/#primaryimage"},"image":{"@id":"https:\/\/pirilana.com\/ca\/quin-es-el-teu-edredo-ideal\/#primaryimage"},"thumbnailUrl":"https:\/\/pirilana.com\/wp-content\/uploads\/2020\/02\/los-secretos-de-un-buen-descanso-1.jpg","datePublished":"2020-11-09T17:44:40+00:00","dateModified":"2024-01-19T09:09:41+00:00","description":"Perqu\u00e8 gaudeixis del teu edred\u00f3 ideal pots seguir aquests consells f\u00e0cils abans de seleccionar quin \u00e9s m\u00e9s adequat a les teves necessitats.","breadcrumb":{"@id":"https:\/\/pirilana.com\/ca\/quin-es-el-teu-edredo-ideal\/#breadcrumb"},"inLanguage":"ca","potentialAction":[{"@type":"ReadAction","target":["https:\/\/pirilana.com\/ca\/quin-es-el-teu-edredo-ideal\/"]}]},{"@type":"ImageObject","inLanguage":"ca","@id":"https:\/\/pirilana.com\/ca\/quin-es-el-teu-edredo-ideal\/#primaryimage","url":"https:\/\/pirilana.com\/wp-content\/uploads\/2020\/02\/los-secretos-de-un-buen-descanso-1.jpg","contentUrl":"https:\/\/pirilana.com\/wp-content\/uploads\/2020\/02\/los-secretos-de-un-buen-descanso-1.jpg","width":1000,"height":759},{"@type":"BreadcrumbList","@id":"https:\/\/pirilana.com\/ca\/quin-es-el-teu-edredo-ideal\/#breadcrumb","itemListElement":[{"@type":"ListItem","position":1,"name":"Inici","item":"https:\/\/pirilana.com\/ca\/"},{"@type":"ListItem","position":2,"name":"Quin \u00e9s el teu edred\u00f3 ideal?"}]},{"@type":"WebSite","@id":"https:\/\/pirilana.com\/ca\/#website","url":"https:\/\/pirilana.com\/ca\/","name":"Pirilana","description":"La lana de tus sue\u00f1os - Edredones de lana hechos en Espa\u00f1a con materiales naturales que se adaptan a la temperatura de tu cuerpo.","potentialAction":[{"@type":"SearchAction","target":{"@type":"EntryPoint","urlTemplate":"https:\/\/pirilana.com\/ca\/?s={search_term_string}"},"query-input":{"@type":"PropertyValueSpecification","valueRequired":true,"valueName":"search_term_string"}}],"inLanguage":"ca"}]}},"_links":{"self":[{"href":"https:\/\/pirilana.com\/ca\/wp-json\/wp\/v2\/pages\/5688","targetHints":{"allow":["GET"]}}],"collection":[{"href":"https:\/\/pirilana.com\/ca\/wp-json\/wp\/v2\/pages"}],"about":[{"href":"https:\/\/pirilana.com\/ca\/wp-json\/wp\/v2\/types\/page"}],"author":[{"embeddable":true,"href":"https:\/\/pirilana.com\/ca\/wp-json\/wp\/v2\/users\/9"}],"replies":[{"embeddable":true,"href":"https:\/\/pirilana.com\/ca\/wp-json\/wp\/v2\/comments?post=5688"}],"version-history":[{"count":1,"href":"https:\/\/pirilana.com\/ca\/wp-json\/wp\/v2\/pages\/5688\/revisions"}],"predecessor-version":[{"id":15711,"href":"https:\/\/pirilana.com\/ca\/wp-json\/wp\/v2\/pages\/5688\/revisions\/15711"}],"wp:featuredmedia":[{"embeddable":true,"href":"https:\/\/pirilana.com\/ca\/wp-json\/wp\/v2\/media\/5689"}],"wp:attachment":[{"href":"https:\/\/pirilana.com\/ca\/wp-json\/wp\/v2\/media?parent=5688"}],"curies":[{"name":"wp","href":"https:\/\/api.w.org\/{rel}","templated":true}]}}