{"id":5545,"date":"2020-02-16T22:57:05","date_gmt":"2020-02-16T21:57:05","guid":{"rendered":"https:\/\/pirilana.com\/properes-fires\/"},"modified":"2023-05-26T17:53:00","modified_gmt":"2023-05-26T15:53:00","slug":"properes-fires","status":"publish","type":"page","link":"https:\/\/pirilana.com\/ca\/properes-fires\/","title":{"rendered":"Properes fires"},"content":{"rendered":"\t\t<div data-elementor-type=\"wp-page\" data-elementor-id=\"5545\" class=\"elementor elementor-5545 elementor-1442\">\n\t\t\t\t\t\t<section class=\"elementor-section elementor-top-section elementor-element elementor-element-35e82b8 elementor-section-boxed elementor-section-height-default elementor-section-height-default\" data-id=\"35e82b8\" data-element_type=\"section\" data-e-type=\"section\">\n\t\t\t\t\t\t<div class=\"elementor-container elementor-column-gap-default\">\n\t\t\t\t\t<div class=\"elementor-column elementor-col-100 elementor-top-column elementor-element elementor-element-36e5a4b\" data-id=\"36e5a4b\" data-element_type=\"column\" data-e-type=\"column\">\n\t\t\t<div class=\"elementor-widget-wrap elementor-element-populated\">\n\t\t\t\t\t\t<div class=\"elementor-element elementor-element-17a4aee elementor-widget elementor-widget-heading\" data-id=\"17a4aee\" data-element_type=\"widget\" data-e-type=\"widget\" data-widget_type=\"heading.default\">\n\t\t\t\t<div class=\"elementor-widget-container\">\n\t\t\t\t\t<h2 class=\"elementor-heading-title elementor-size-default\">PR\u00d3XIMAS FERIAS<\/h2>\t\t\t\t<\/div>\n\t\t\t\t<\/div>\n\t\t\t\t<div class=\"elementor-element elementor-element-832c514 elementor-widget elementor-widget-image\" data-id=\"832c514\" data-element_type=\"widget\" data-e-type=\"widget\" data-widget_type=\"image.default\">\n\t\t\t\t<div class=\"elementor-widget-container\">\n\t\t\t\t\t\t\t\t\t\t\t\t\t\t\t<img fetchpriority=\"high\" decoding=\"async\" width=\"1024\" height=\"577\" src=\"https:\/\/pirilana.com\/wp-content\/uploads\/2022\/02\/CABELLO-HUMANO-2-1024x577.png\" class=\"attachment-large size-large wp-image-7397\" alt=\"\" srcset=\"https:\/\/pirilana.com\/wp-content\/uploads\/2022\/02\/CABELLO-HUMANO-2-1024x577.png 1024w, https:\/\/pirilana.com\/wp-content\/uploads\/2022\/02\/CABELLO-HUMANO-2-300x169.png 300w, https:\/\/pirilana.com\/wp-content\/uploads\/2022\/02\/CABELLO-HUMANO-2-768x433.png 768w, https:\/\/pirilana.com\/wp-content\/uploads\/2022\/02\/CABELLO-HUMANO-2-1536x865.png 1536w, https:\/\/pirilana.com\/wp-content\/uploads\/2022\/02\/CABELLO-HUMANO-2-680x383.png 680w, https:\/\/pirilana.com\/wp-content\/uploads\/2022\/02\/CABELLO-HUMANO-2.png 1640w\" sizes=\"(max-width: 1024px) 100vw, 1024px\" \/>\t\t\t\t\t\t\t\t\t\t\t\t\t\t\t<\/div>\n\t\t\t\t<\/div>\n\t\t\t\t\t<\/div>\n\t\t<\/div>\n\t\t\t\t\t<\/div>\n\t\t<\/section>\n\t\t\t\t<section class=\"elementor-section elementor-top-section elementor-element elementor-element-5dde2520 elementor-section-boxed elementor-section-height-default elementor-section-height-default\" data-id=\"5dde2520\" data-element_type=\"section\" data-e-type=\"section\">\n\t\t\t\t\t\t<div class=\"elementor-container elementor-column-gap-default\">\n\t\t\t\t\t<div class=\"elementor-column elementor-col-33 elementor-top-column elementor-element elementor-element-49884eed\" data-id=\"49884eed\" data-element_type=\"column\" data-e-type=\"column\">\n\t\t\t<div class=\"elementor-widget-wrap elementor-element-populated\">\n\t\t\t\t\t\t<div class=\"elementor-element elementor-element-6839819b elementor-widget elementor-widget-text-editor\" data-id=\"6839819b\" data-element_type=\"widget\" data-e-type=\"widget\" data-widget_type=\"text-editor.default\">\n\t\t\t\t<div class=\"elementor-widget-container\">\n\t\t\t\t\t\t\t\t\t<h4>FERIA ECO BIO DE ALSACIA<\/h4>\n<p><em>18,19,20 Y 21 DE MAYO 2023<\/em><\/p>\n<p>\u00a1Esta temporada estrenamos feria! En una de las regiones m\u00e1s bellas del norte de Francia se celebra la mayor feria de este tipo organizada por voluntarios.<\/p>\n<p>Su objetivo es\u00a0sensibilizar\u00a0a\u00a0la opini\u00f3n p\u00fablica para proteger el medio ambiente y la vida en un esp\u00edritu de respeto y solidaridad entre las personas.<\/p>\n<p>M\u00e1s de 400 expositores representan los \u00e1mbitos de la agricultura, alimentaci\u00f3n, salud, vivienda, energ\u00eda, medio ambiente, educaci\u00f3n, bienestar, cultura y relaciones solidarias.<\/p>\n<p><strong>\u00a1ESPERAMOS TU VISITA!<\/strong><\/p>\n<p><strong>\u00a0<\/strong><\/p>\n\t\t\t\t\t\t\t\t<\/div>\n\t\t\t\t<\/div>\n\t\t\t\t\t<\/div>\n\t\t<\/div>\n\t\t\t\t<div class=\"elementor-column elementor-col-33 elementor-top-column elementor-element elementor-element-ccbdff0\" data-id=\"ccbdff0\" data-element_type=\"column\" data-e-type=\"column\">\n\t\t\t<div class=\"elementor-widget-wrap elementor-element-populated\">\n\t\t\t\t\t\t<div class=\"elementor-element elementor-element-159666b elementor-widget__width-initial elementor-widget elementor-widget-text-editor\" data-id=\"159666b\" data-element_type=\"widget\" data-e-type=\"widget\" data-widget_type=\"text-editor.default\">\n\t\t\t\t<div class=\"elementor-widget-container\">\n\t\t\t\t\t\t\t\t\t<h3>BIOTERRA IR\u00daN<\/h3>\n<p><em>2,3 Y 4 DE JUNIO 2023<\/em><\/p>\n<p>Este a\u00f1o BIOTERRA es todav\u00eda una cita m\u00e1s ineludible. Queremos celebrar contigo el 20 aniversario de esta feria que nos ha permitido crear una comunidad de personas y empresas comprometidas con los productos y servicios respetuosos con el medioambiente, que crece d\u00eda a d\u00eda.<\/p>\n<p><strong>\u00a1NOS VEMOS EN FICOBA!<\/strong><\/p>\n\t\t\t\t\t\t\t\t<\/div>\n\t\t\t\t<\/div>\n\t\t\t\t\t<\/div>\n\t\t<\/div>\n\t\t\t\t<div class=\"elementor-column elementor-col-33 elementor-top-column elementor-element elementor-element-89432b6\" data-id=\"89432b6\" data-element_type=\"column\" data-e-type=\"column\">\n\t\t\t<div class=\"elementor-widget-wrap elementor-element-populated\">\n\t\t\t\t\t\t<div class=\"elementor-element elementor-element-9c46847 elementor-widget elementor-widget-text-editor\" data-id=\"9c46847\" data-element_type=\"widget\" data-e-type=\"widget\" data-widget_type=\"text-editor.default\">\n\t\t\t\t<div class=\"elementor-widget-container\">\n\t\t\t\t\t\t\t\t\t<h3><span style=\"font-size: 22px;\">BIOCULTURA MADRID<\/span><\/h3>\n<p><em>2,3,4 Y 5 DE NOVIEMBRE 2023<\/em><\/p>\n<p>La feria de productos ecol\u00f3gicos y consumo responsable m\u00e1s importante del estado espa\u00f1ol espera la participaci\u00f3n de 400 expositores y 50.000 visitantes. Paralelamente a la exposici\u00f3n se celebrar\u00e1n m\u00e1s de 300 actividades. Moda sostenible; ecomateriales, muebles y decoraci\u00f3n para la vivienda; energ\u00edas renovables; bienestar; ahorro y reciclaje; ecolog\u00eda; medio ambiente; turismo rural y casas de reposo; juguetes; artesan\u00edas; m\u00fasica; libros y revistas&#8230;<\/p>\n<p><strong>\u00a1NO PUEDES FALTAR!<\/strong><\/p>\n\t\t\t\t\t\t\t\t<\/div>\n\t\t\t\t<\/div>\n\t\t\t\t\t<\/div>\n\t\t<\/div>\n\t\t\t\t\t<\/div>\n\t\t<\/section>\n\t\t\t\t<section class=\"elementor-section elementor-top-section elementor-element elementor-element-11d1edb elementor-section-boxed elementor-section-height-default elementor-section-height-default\" data-id=\"11d1edb\" data-element_type=\"section\" data-e-type=\"section\">\n\t\t\t\t\t\t<div class=\"elementor-container elementor-column-gap-default\">\n\t\t\t\t\t<div class=\"elementor-column elementor-col-100 elementor-top-column elementor-element elementor-element-38eef58\" data-id=\"38eef58\" data-element_type=\"column\" data-e-type=\"column\">\n\t\t\t<div class=\"elementor-widget-wrap elementor-element-populated\">\n\t\t\t\t\t\t<div class=\"elementor-element elementor-element-9d8329f elementor-widget elementor-widget-spacer\" data-id=\"9d8329f\" data-element_type=\"widget\" data-e-type=\"widget\" data-widget_type=\"spacer.default\">\n\t\t\t\t<div class=\"elementor-widget-container\">\n\t\t\t\t\t\t\t<div class=\"elementor-spacer\">\n\t\t\t<div class=\"elementor-spacer-inner\"><\/div>\n\t\t<\/div>\n\t\t\t\t\t\t<\/div>\n\t\t\t\t<\/div>\n\t\t\t\t\t<\/div>\n\t\t<\/div>\n\t\t\t\t\t<\/div>\n\t\t<\/section>\n\t\t\t\t<\/div>\n\t\t","protected":false},"excerpt":{"rendered":"<p>PR\u00d3XIMAS FERIAS FERIA ECO BIO DE ALSACIA 18,19,20 Y 21 DE MAYO 2023 \u00a1Esta temporada estrenamos feria! En una de las regiones m\u00e1s bellas del norte de Francia se celebra la mayor feria de este tipo organizada por voluntarios. Su objetivo es\u00a0sensibilizar\u00a0a\u00a0la opini\u00f3n p\u00fablica para proteger el medio ambiente y la vida en un esp\u00edritu &hellip;<\/p>\n","protected":false},"author":9,"featured_media":0,"parent":0,"menu_order":0,"comment_status":"closed","ping_status":"closed","template":"","meta":{"_joinchat":[],"footnotes":""},"class_list":["post-5545","page","type-page","status-publish","hentry"],"yoast_head":"<!-- This site is optimized with the Yoast SEO plugin v27.0 - https:\/\/yoast.com\/product\/yoast-seo-wordpress\/ -->\n<title>Properes fires - Pirilana<\/title>\n<meta name=\"description\" content=\"Troba tota la informaci\u00f3 sobre les properes fires i esdeveniments als quals assistirem durant la temporada. Us hi esperem!\" \/>\n<meta name=\"robots\" content=\"index, follow, max-snippet:-1, max-image-preview:large, max-video-preview:-1\" \/>\n<link rel=\"canonical\" href=\"https:\/\/pirilana.com\/ca\/properes-fires\/\" \/>\n<meta property=\"og:locale\" content=\"ca_ES\" \/>\n<meta property=\"og:type\" content=\"article\" \/>\n<meta property=\"og:title\" content=\"Properes fires - Pirilana\" \/>\n<meta property=\"og:description\" content=\"Troba tota la informaci\u00f3 sobre les properes fires i esdeveniments als quals assistirem durant la temporada. Us hi esperem!\" \/>\n<meta property=\"og:url\" content=\"https:\/\/pirilana.com\/ca\/properes-fires\/\" \/>\n<meta property=\"og:site_name\" content=\"Pirilana\" \/>\n<meta property=\"article:modified_time\" content=\"2023-05-26T15:53:00+00:00\" \/>\n<meta property=\"og:image\" content=\"https:\/\/pirilana.com\/wp-content\/uploads\/2022\/02\/CABELLO-HUMANO-2-1024x577.png\" \/>\n<meta name=\"twitter:label1\" content=\"Temps estimat de lectura\" \/>\n\t<meta name=\"twitter:data1\" content=\"1 minute\" \/>\n<script type=\"application\/ld+json\" class=\"yoast-schema-graph\">{\"@context\":\"https:\/\/schema.org\",\"@graph\":[{\"@type\":\"WebPage\",\"@id\":\"https:\/\/pirilana.com\/ca\/properes-fires\/\",\"url\":\"https:\/\/pirilana.com\/ca\/properes-fires\/\",\"name\":\"Properes fires - Pirilana\",\"isPartOf\":{\"@id\":\"https:\/\/pirilana.com\/ca\/#website\"},\"primaryImageOfPage\":{\"@id\":\"https:\/\/pirilana.com\/ca\/properes-fires\/#primaryimage\"},\"image\":{\"@id\":\"https:\/\/pirilana.com\/ca\/properes-fires\/#primaryimage\"},\"thumbnailUrl\":\"https:\/\/pirilana.com\/wp-content\/uploads\/2022\/02\/CABELLO-HUMANO-2-1024x577.png\",\"datePublished\":\"2020-02-16T21:57:05+00:00\",\"dateModified\":\"2023-05-26T15:53:00+00:00\",\"description\":\"Troba tota la informaci\u00f3 sobre les properes fires i esdeveniments als quals assistirem durant la temporada. Us hi esperem!\",\"breadcrumb\":{\"@id\":\"https:\/\/pirilana.com\/ca\/properes-fires\/#breadcrumb\"},\"inLanguage\":\"ca\",\"potentialAction\":[{\"@type\":\"ReadAction\",\"target\":[\"https:\/\/pirilana.com\/ca\/properes-fires\/\"]}]},{\"@type\":\"ImageObject\",\"inLanguage\":\"ca\",\"@id\":\"https:\/\/pirilana.com\/ca\/properes-fires\/#primaryimage\",\"url\":\"https:\/\/pirilana.com\/wp-content\/uploads\/2022\/02\/CABELLO-HUMANO-2-1024x577.png\",\"contentUrl\":\"https:\/\/pirilana.com\/wp-content\/uploads\/2022\/02\/CABELLO-HUMANO-2-1024x577.png\"},{\"@type\":\"BreadcrumbList\",\"@id\":\"https:\/\/pirilana.com\/ca\/properes-fires\/#breadcrumb\",\"itemListElement\":[{\"@type\":\"ListItem\",\"position\":1,\"name\":\"Inici\",\"item\":\"https:\/\/pirilana.com\/ca\/\"},{\"@type\":\"ListItem\",\"position\":2,\"name\":\"Properes fires\"}]},{\"@type\":\"WebSite\",\"@id\":\"https:\/\/pirilana.com\/ca\/#website\",\"url\":\"https:\/\/pirilana.com\/ca\/\",\"name\":\"Pirilana\",\"description\":\"La lana de tus sue\u00f1os - Edredones de lana hechos en Espa\u00f1a con materiales naturales que se adaptan a la temperatura de tu cuerpo.\",\"potentialAction\":[{\"@type\":\"SearchAction\",\"target\":{\"@type\":\"EntryPoint\",\"urlTemplate\":\"https:\/\/pirilana.com\/ca\/?s={search_term_string}\"},\"query-input\":{\"@type\":\"PropertyValueSpecification\",\"valueRequired\":true,\"valueName\":\"search_term_string\"}}],\"inLanguage\":\"ca\"}]}<\/script>\n<!-- \/ Yoast SEO plugin. -->","yoast_head_json":{"title":"Properes fires - Pirilana","description":"Troba tota la informaci\u00f3 sobre les properes fires i esdeveniments als quals assistirem durant la temporada. Us hi esperem!","robots":{"index":"index","follow":"follow","max-snippet":"max-snippet:-1","max-image-preview":"max-image-preview:large","max-video-preview":"max-video-preview:-1"},"canonical":"https:\/\/pirilana.com\/ca\/properes-fires\/","og_locale":"ca_ES","og_type":"article","og_title":"Properes fires - Pirilana","og_description":"Troba tota la informaci\u00f3 sobre les properes fires i esdeveniments als quals assistirem durant la temporada. Us hi esperem!","og_url":"https:\/\/pirilana.com\/ca\/properes-fires\/","og_site_name":"Pirilana","article_modified_time":"2023-05-26T15:53:00+00:00","og_image":[{"url":"https:\/\/pirilana.com\/wp-content\/uploads\/2022\/02\/CABELLO-HUMANO-2-1024x577.png","type":"","width":"","height":""}],"twitter_misc":{"Temps estimat de lectura":"1 minute"},"schema":{"@context":"https:\/\/schema.org","@graph":[{"@type":"WebPage","@id":"https:\/\/pirilana.com\/ca\/properes-fires\/","url":"https:\/\/pirilana.com\/ca\/properes-fires\/","name":"Properes fires - Pirilana","isPartOf":{"@id":"https:\/\/pirilana.com\/ca\/#website"},"primaryImageOfPage":{"@id":"https:\/\/pirilana.com\/ca\/properes-fires\/#primaryimage"},"image":{"@id":"https:\/\/pirilana.com\/ca\/properes-fires\/#primaryimage"},"thumbnailUrl":"https:\/\/pirilana.com\/wp-content\/uploads\/2022\/02\/CABELLO-HUMANO-2-1024x577.png","datePublished":"2020-02-16T21:57:05+00:00","dateModified":"2023-05-26T15:53:00+00:00","description":"Troba tota la informaci\u00f3 sobre les properes fires i esdeveniments als quals assistirem durant la temporada. Us hi esperem!","breadcrumb":{"@id":"https:\/\/pirilana.com\/ca\/properes-fires\/#breadcrumb"},"inLanguage":"ca","potentialAction":[{"@type":"ReadAction","target":["https:\/\/pirilana.com\/ca\/properes-fires\/"]}]},{"@type":"ImageObject","inLanguage":"ca","@id":"https:\/\/pirilana.com\/ca\/properes-fires\/#primaryimage","url":"https:\/\/pirilana.com\/wp-content\/uploads\/2022\/02\/CABELLO-HUMANO-2-1024x577.png","contentUrl":"https:\/\/pirilana.com\/wp-content\/uploads\/2022\/02\/CABELLO-HUMANO-2-1024x577.png"},{"@type":"BreadcrumbList","@id":"https:\/\/pirilana.com\/ca\/properes-fires\/#breadcrumb","itemListElement":[{"@type":"ListItem","position":1,"name":"Inici","item":"https:\/\/pirilana.com\/ca\/"},{"@type":"ListItem","position":2,"name":"Properes fires"}]},{"@type":"WebSite","@id":"https:\/\/pirilana.com\/ca\/#website","url":"https:\/\/pirilana.com\/ca\/","name":"Pirilana","description":"La lana de tus sue\u00f1os - Edredones de lana hechos en Espa\u00f1a con materiales naturales que se adaptan a la temperatura de tu cuerpo.","potentialAction":[{"@type":"SearchAction","target":{"@type":"EntryPoint","urlTemplate":"https:\/\/pirilana.com\/ca\/?s={search_term_string}"},"query-input":{"@type":"PropertyValueSpecification","valueRequired":true,"valueName":"search_term_string"}}],"inLanguage":"ca"}]}},"_links":{"self":[{"href":"https:\/\/pirilana.com\/ca\/wp-json\/wp\/v2\/pages\/5545","targetHints":{"allow":["GET"]}}],"collection":[{"href":"https:\/\/pirilana.com\/ca\/wp-json\/wp\/v2\/pages"}],"about":[{"href":"https:\/\/pirilana.com\/ca\/wp-json\/wp\/v2\/types\/page"}],"author":[{"embeddable":true,"href":"https:\/\/pirilana.com\/ca\/wp-json\/wp\/v2\/users\/9"}],"replies":[{"embeddable":true,"href":"https:\/\/pirilana.com\/ca\/wp-json\/wp\/v2\/comments?post=5545"}],"version-history":[{"count":0,"href":"https:\/\/pirilana.com\/ca\/wp-json\/wp\/v2\/pages\/5545\/revisions"}],"wp:attachment":[{"href":"https:\/\/pirilana.com\/ca\/wp-json\/wp\/v2\/media?parent=5545"}],"curies":[{"name":"wp","href":"https:\/\/api.w.org\/{rel}","templated":true}]}}