{"id":5538,"date":"2018-06-08T13:07:55","date_gmt":"2018-06-08T11:07:55","guid":{"rendered":"https:\/\/pirilana.com\/opcions-de-pagament\/"},"modified":"2021-08-05T12:59:46","modified_gmt":"2021-08-05T10:59:46","slug":"opcions-de-pagament","status":"publish","type":"page","link":"https:\/\/pirilana.com\/ca\/opcions-de-pagament\/","title":{"rendered":"Opcions de pagament"},"content":{"rendered":"\t\t<div data-elementor-type=\"wp-page\" data-elementor-id=\"5538\" class=\"elementor elementor-5538 elementor-735\">\n\t\t\t\t\t\t<section class=\"elementor-section elementor-top-section elementor-element elementor-element-9a3ff0b elementor-section-boxed elementor-section-height-default elementor-section-height-default\" data-id=\"9a3ff0b\" data-element_type=\"section\" data-e-type=\"section\">\n\t\t\t\t\t\t<div class=\"elementor-container elementor-column-gap-default\">\n\t\t\t\t\t<div class=\"elementor-column elementor-col-100 elementor-top-column elementor-element elementor-element-20836dc7\" data-id=\"20836dc7\" data-element_type=\"column\" data-e-type=\"column\">\n\t\t\t<div class=\"elementor-widget-wrap elementor-element-populated\">\n\t\t\t\t\t\t<div class=\"elementor-element elementor-element-34b09e2b elementor-widget elementor-widget-text-editor\" data-id=\"34b09e2b\" data-element_type=\"widget\" data-e-type=\"widget\" data-widget_type=\"text-editor.default\">\n\t\t\t\t<div class=\"elementor-widget-container\">\n\t\t\t\t\t\t\t\t\t<p>[vc_row css_animation=&#8221;&#8221; row_type=&#8221;row&#8221; use_row_as_full_screen_section=&#8221;no&#8221; type=&#8221;full_width&#8221; angled_section=&#8221;no&#8221; text_align=&#8221;left&#8221; background_image_as_pattern=&#8221;without_pattern&#8221;][vc_column width=&#8221;1\/6&#8243;][\/vc_column][vc_column width=&#8221;2\/3&#8243;][vc_column_text]<\/p><h1 style=\"text-align: center;\">Opcions de pagament<\/h1><h4>[\/vc_column_text][vc_empty_space][\/vc_column][vc_column width=&#8221;1\/6&#8243;][\/vc_column][\/vc_row][vc_row css_animation=&#8221;&#8221; row_type=&#8221;row&#8221; use_row_as_full_screen_section=&#8221;no&#8221; type=&#8221;full_width&#8221; angled_section=&#8221;no&#8221; text_align=&#8221;left&#8221; background_image_as_pattern=&#8221;without_pattern&#8221;][vc_column][vc_column_text]<strong>Oferim diferents sistemes de pagament, per poder pagar en l\u00ednia i de manera segura els nostres productes.<\/strong><\/h4><p>\u00a0<\/p><ul><li>Pagament amb targeta de cr\u00e8dit<\/li><li>Pagament mitjan\u00e7ant PayPal<\/li><li>Pagament mitjan\u00e7ant transfer\u00e8ncia banc\u00e0ria<\/li><li>Pagament a terminis (3, 6, 9 y 12 mesos)<\/li><\/ul><p><strong>\u00a0<\/strong><\/p><h3><strong>Pagament mitjan\u00e7ant\u00a0targeta de cr\u00e8dit:<\/strong><\/h3><p>\u00a0<\/p><ol><li>El pagament en l\u00ednia amb targeta de cr\u00e8dit \u00e9s molt f\u00e0cil.<\/li><li>Vost\u00e8 tria el pagament amb targeta de cr\u00e8dit.<\/li><li>Despr\u00e9s d&#8217;indicar el seu n\u00famero complet de targeta de cr\u00e8dit (16 xifres), la data de venciment i el codi de seguretat de 3 d\u00edgits, tamb\u00e9 anomenat codi de seguretat o codi CVC (els \u00faltims 3 d\u00edgits al revers de la targeta de cr\u00e8dit junt\u00a0 a la signatura indiquen aquest codi).<\/li><li>Un cop completat el proc\u00e9s, li enviarem un correu electr\u00f2nic confirmant la compra.<\/li><\/ol><p>\u00a0<\/p><h3><strong>Pagament mitjan\u00e7ant transfer\u00e8ncia banc\u00e0ria:<\/strong><\/h3><p>\u00a0<\/p><ol><li>Ens pot fer una transfer\u00e8ncia al nostre compte ja sigui:<ol><li>Imprimint la nostra factura proforma i amb aquestes dades demanar a la seva sucursal banc\u00e0ria ens facin la transfer\u00e8ncia.<\/li><li>Gestionat vost\u00e8 la transfer\u00e8ncia al seu compte on-line o caixer autom\u00e0tic\u00a0<strong>.<\/strong><\/li><\/ol><\/li><li>Un cop feta la transfer\u00e8ncia, ens pot enviar el justificant via correu electr\u00f2nic o whatsapp. Les transfer\u00e8ncies acostumen a trigar diversos dies si no s\u00f3n dins de la mateixa entitat banc\u00e0ria.<\/li><li>Quan ens arribi la transfer\u00e8ncia, l&#8217;hi indicarem i procedirem amb l&#8217;expedici\u00f3 de la seva comanda.<\/li><\/ol><h2>\u00a0<\/h2><h3><strong>Pagament mitjan\u00e7ant PayPal:<\/strong><\/h3><p>\u00a0<\/p><p>PayPal \u00e9s un servei de pagament en el qual pot fer pagaments en l\u00ednia de forma r\u00e0pida i segura, amb o sense un compte de PayPal.\u00a0Les opcions de pagament ofertes per PayPal es mostren a continuaci\u00f3:<\/p><ol><li>transfer\u00e8ncies banc\u00e0ries<\/li><li>Targetes de cr\u00e8dit<\/li><li>Els titulars d&#8217;un compte PayPal poden realitzar una transfer\u00e8ncia banc\u00e0ria a trav\u00e9s del seu compte PayPal<\/li><\/ol><p>Ha de seguir quatre passos per pagar la seva compra<\/p><ul><li>Fer clic al bot\u00f3 de forma de pagament PayPal<\/li><li>Si t\u00e9 compte PayPal posi les seves dades d&#8217;inici de sessi\u00f3<\/li><\/ul><p>i faci la seva pagament des de la p\u00e0gina segura de PayPal<\/p><ul><li>Si no t\u00e9 compte a PayPal seguiu les instruccions de la p\u00e0gina<\/li><\/ul><p>segura de PayPal per fer el pagament.<\/p><ul><li>Quan rebem la notificaci\u00f3 de pagament procedirem amb l&#8217;enviament de la comanda<\/li><\/ul><h3>\u00a0<\/h3><h3><strong>PAGAMENT A TERMINIS<\/strong><\/h3><p>\u00a0<\/p><p>Hi ha la possibilitat de fer el pagament en terminis de 3, 6, 9 i 12 mesos.<\/p><p>\u00a0<\/p><p>Quan introdueix les seves dades banc\u00e0ries a la passarel\u00b7la de pagament; la plataforma us mostra aquesta opci\u00f3 de pagament. Depenent de la vostra entitat banc\u00e0ria i les condicions de la vostra targeta, tindreu disponible aquesta opci\u00f3 amb les condicions que la vostra pr\u00f2pia entitat banc\u00e0ria us ofereixi.<\/p><p>\u00a0<\/p><p>Si teniu dubtes amb alguna d&#8217;aquestes formes de pagament; podeu posar-vos en contacte amb nosaltres a trav\u00e9s del nostre correu <strong>hola@pirilana.com<\/strong> o del nostre n\u00famero de tel\u00e8fon 609 70 80 00.<\/p><p>[\/vc_column_text][\/vc_column][\/vc_row]<\/p>\t\t\t\t\t\t\t\t<\/div>\n\t\t\t\t<\/div>\n\t\t\t\t\t<\/div>\n\t\t<\/div>\n\t\t\t\t\t<\/div>\n\t\t<\/section>\n\t\t\t\t<section class=\"elementor-section elementor-top-section elementor-element elementor-element-854c399 elementor-section-boxed elementor-section-height-default elementor-section-height-default\" data-id=\"854c399\" data-element_type=\"section\" data-e-type=\"section\">\n\t\t\t\t\t\t<div class=\"elementor-container elementor-column-gap-default\">\n\t\t\t\t\t<div class=\"elementor-column elementor-col-100 elementor-top-column elementor-element elementor-element-e82240d\" data-id=\"e82240d\" data-element_type=\"column\" data-e-type=\"column\">\n\t\t\t<div class=\"elementor-widget-wrap elementor-element-populated\">\n\t\t\t\t\t\t<div class=\"elementor-element elementor-element-fdf9d32 elementor-widget elementor-widget-spacer\" data-id=\"fdf9d32\" data-element_type=\"widget\" data-e-type=\"widget\" data-widget_type=\"spacer.default\">\n\t\t\t\t<div class=\"elementor-widget-container\">\n\t\t\t\t\t\t\t<div class=\"elementor-spacer\">\n\t\t\t<div class=\"elementor-spacer-inner\"><\/div>\n\t\t<\/div>\n\t\t\t\t\t\t<\/div>\n\t\t\t\t<\/div>\n\t\t\t\t\t<\/div>\n\t\t<\/div>\n\t\t\t\t\t<\/div>\n\t\t<\/section>\n\t\t\t\t<\/div>\n\t\t","protected":false},"excerpt":{"rendered":"<p>[vc_row css_animation=&#8221;&#8221; row_type=&#8221;row&#8221; use_row_as_full_screen_section=&#8221;no&#8221; type=&#8221;full_width&#8221; angled_section=&#8221;no&#8221; text_align=&#8221;left&#8221; background_image_as_pattern=&#8221;without_pattern&#8221;][vc_column width=&#8221;1\/6&#8243;][\/vc_column][vc_column width=&#8221;2\/3&#8243;][vc_column_text] Opcions de pagament [\/vc_column_text][vc_empty_space][\/vc_column][vc_column width=&#8221;1\/6&#8243;][\/vc_column][\/vc_row][vc_row css_animation=&#8221;&#8221; row_type=&#8221;row&#8221; use_row_as_full_screen_section=&#8221;no&#8221; type=&#8221;full_width&#8221; angled_section=&#8221;no&#8221; text_align=&#8221;left&#8221; background_image_as_pattern=&#8221;without_pattern&#8221;][vc_column][vc_column_text]Oferim diferents sistemes de pagament, per poder pagar en l\u00ednia i de manera segura els nostres productes. \u00a0 Pagament amb targeta de cr\u00e8dit Pagament mitjan\u00e7ant PayPal Pagament mitjan\u00e7ant transfer\u00e8ncia banc\u00e0ria Pagament a terminis (3, &hellip;<\/p>\n","protected":false},"author":9,"featured_media":0,"parent":0,"menu_order":0,"comment_status":"closed","ping_status":"closed","template":"","meta":{"_joinchat":[],"footnotes":""},"class_list":["post-5538","page","type-page","status-publish","hentry"],"yoast_head":"<!-- This site is optimized with the Yoast SEO plugin v27.0 - https:\/\/yoast.com\/product\/yoast-seo-wordpress\/ -->\n<title>Opcions de pagament - Pirilana<\/title>\n<meta name=\"robots\" content=\"index, follow, max-snippet:-1, max-image-preview:large, max-video-preview:-1\" \/>\n<link rel=\"canonical\" href=\"https:\/\/pirilana.com\/ca\/opcions-de-pagament\/\" \/>\n<meta property=\"og:locale\" content=\"ca_ES\" \/>\n<meta property=\"og:type\" content=\"article\" \/>\n<meta property=\"og:title\" content=\"Opcions de pagament - Pirilana\" \/>\n<meta property=\"og:description\" content=\"[vc_row css_animation=&#8221;&#8221; row_type=&#8221;row&#8221; use_row_as_full_screen_section=&#8221;no&#8221; type=&#8221;full_width&#8221; angled_section=&#8221;no&#8221; text_align=&#8221;left&#8221; background_image_as_pattern=&#8221;without_pattern&#8221;][vc_column width=&#8221;1\/6&#8243;][\/vc_column][vc_column width=&#8221;2\/3&#8243;][vc_column_text] Opcions de pagament [\/vc_column_text][vc_empty_space][\/vc_column][vc_column width=&#8221;1\/6&#8243;][\/vc_column][\/vc_row][vc_row css_animation=&#8221;&#8221; row_type=&#8221;row&#8221; use_row_as_full_screen_section=&#8221;no&#8221; type=&#8221;full_width&#8221; angled_section=&#8221;no&#8221; text_align=&#8221;left&#8221; background_image_as_pattern=&#8221;without_pattern&#8221;][vc_column][vc_column_text]Oferim diferents sistemes de pagament, per poder pagar en l\u00ednia i de manera segura els nostres productes. \u00a0 Pagament amb targeta de cr\u00e8dit Pagament mitjan\u00e7ant PayPal Pagament mitjan\u00e7ant transfer\u00e8ncia banc\u00e0ria Pagament a terminis (3, &hellip;\" \/>\n<meta property=\"og:url\" content=\"https:\/\/pirilana.com\/ca\/opcions-de-pagament\/\" \/>\n<meta property=\"og:site_name\" content=\"Pirilana\" \/>\n<meta property=\"article:modified_time\" content=\"2021-08-05T10:59:46+00:00\" \/>\n<meta name=\"twitter:label1\" content=\"Temps estimat de lectura\" \/>\n\t<meta name=\"twitter:data1\" content=\"3 minutes\" \/>\n<script type=\"application\/ld+json\" class=\"yoast-schema-graph\">{\"@context\":\"https:\/\/schema.org\",\"@graph\":[{\"@type\":\"WebPage\",\"@id\":\"https:\/\/pirilana.com\/ca\/opcions-de-pagament\/\",\"url\":\"https:\/\/pirilana.com\/ca\/opcions-de-pagament\/\",\"name\":\"Opcions de pagament - Pirilana\",\"isPartOf\":{\"@id\":\"https:\/\/pirilana.com\/ca\/#website\"},\"datePublished\":\"2018-06-08T11:07:55+00:00\",\"dateModified\":\"2021-08-05T10:59:46+00:00\",\"breadcrumb\":{\"@id\":\"https:\/\/pirilana.com\/ca\/opcions-de-pagament\/#breadcrumb\"},\"inLanguage\":\"ca\",\"potentialAction\":[{\"@type\":\"ReadAction\",\"target\":[\"https:\/\/pirilana.com\/ca\/opcions-de-pagament\/\"]}]},{\"@type\":\"BreadcrumbList\",\"@id\":\"https:\/\/pirilana.com\/ca\/opcions-de-pagament\/#breadcrumb\",\"itemListElement\":[{\"@type\":\"ListItem\",\"position\":1,\"name\":\"Inici\",\"item\":\"https:\/\/pirilana.com\/ca\/\"},{\"@type\":\"ListItem\",\"position\":2,\"name\":\"Opcions de pagament\"}]},{\"@type\":\"WebSite\",\"@id\":\"https:\/\/pirilana.com\/ca\/#website\",\"url\":\"https:\/\/pirilana.com\/ca\/\",\"name\":\"Pirilana\",\"description\":\"La lana de tus sue\u00f1os - Edredones de lana hechos en Espa\u00f1a con materiales naturales que se adaptan a la temperatura de tu cuerpo.\",\"potentialAction\":[{\"@type\":\"SearchAction\",\"target\":{\"@type\":\"EntryPoint\",\"urlTemplate\":\"https:\/\/pirilana.com\/ca\/?s={search_term_string}\"},\"query-input\":{\"@type\":\"PropertyValueSpecification\",\"valueRequired\":true,\"valueName\":\"search_term_string\"}}],\"inLanguage\":\"ca\"}]}<\/script>\n<!-- \/ Yoast SEO plugin. -->","yoast_head_json":{"title":"Opcions de pagament - Pirilana","robots":{"index":"index","follow":"follow","max-snippet":"max-snippet:-1","max-image-preview":"max-image-preview:large","max-video-preview":"max-video-preview:-1"},"canonical":"https:\/\/pirilana.com\/ca\/opcions-de-pagament\/","og_locale":"ca_ES","og_type":"article","og_title":"Opcions de pagament - Pirilana","og_description":"[vc_row css_animation=&#8221;&#8221; row_type=&#8221;row&#8221; use_row_as_full_screen_section=&#8221;no&#8221; type=&#8221;full_width&#8221; angled_section=&#8221;no&#8221; text_align=&#8221;left&#8221; background_image_as_pattern=&#8221;without_pattern&#8221;][vc_column width=&#8221;1\/6&#8243;][\/vc_column][vc_column width=&#8221;2\/3&#8243;][vc_column_text] Opcions de pagament [\/vc_column_text][vc_empty_space][\/vc_column][vc_column width=&#8221;1\/6&#8243;][\/vc_column][\/vc_row][vc_row css_animation=&#8221;&#8221; row_type=&#8221;row&#8221; use_row_as_full_screen_section=&#8221;no&#8221; type=&#8221;full_width&#8221; angled_section=&#8221;no&#8221; text_align=&#8221;left&#8221; background_image_as_pattern=&#8221;without_pattern&#8221;][vc_column][vc_column_text]Oferim diferents sistemes de pagament, per poder pagar en l\u00ednia i de manera segura els nostres productes. \u00a0 Pagament amb targeta de cr\u00e8dit Pagament mitjan\u00e7ant PayPal Pagament mitjan\u00e7ant transfer\u00e8ncia banc\u00e0ria Pagament a terminis (3, &hellip;","og_url":"https:\/\/pirilana.com\/ca\/opcions-de-pagament\/","og_site_name":"Pirilana","article_modified_time":"2021-08-05T10:59:46+00:00","twitter_misc":{"Temps estimat de lectura":"3 minutes"},"schema":{"@context":"https:\/\/schema.org","@graph":[{"@type":"WebPage","@id":"https:\/\/pirilana.com\/ca\/opcions-de-pagament\/","url":"https:\/\/pirilana.com\/ca\/opcions-de-pagament\/","name":"Opcions de pagament - Pirilana","isPartOf":{"@id":"https:\/\/pirilana.com\/ca\/#website"},"datePublished":"2018-06-08T11:07:55+00:00","dateModified":"2021-08-05T10:59:46+00:00","breadcrumb":{"@id":"https:\/\/pirilana.com\/ca\/opcions-de-pagament\/#breadcrumb"},"inLanguage":"ca","potentialAction":[{"@type":"ReadAction","target":["https:\/\/pirilana.com\/ca\/opcions-de-pagament\/"]}]},{"@type":"BreadcrumbList","@id":"https:\/\/pirilana.com\/ca\/opcions-de-pagament\/#breadcrumb","itemListElement":[{"@type":"ListItem","position":1,"name":"Inici","item":"https:\/\/pirilana.com\/ca\/"},{"@type":"ListItem","position":2,"name":"Opcions de pagament"}]},{"@type":"WebSite","@id":"https:\/\/pirilana.com\/ca\/#website","url":"https:\/\/pirilana.com\/ca\/","name":"Pirilana","description":"La lana de tus sue\u00f1os - Edredones de lana hechos en Espa\u00f1a con materiales naturales que se adaptan a la temperatura de tu cuerpo.","potentialAction":[{"@type":"SearchAction","target":{"@type":"EntryPoint","urlTemplate":"https:\/\/pirilana.com\/ca\/?s={search_term_string}"},"query-input":{"@type":"PropertyValueSpecification","valueRequired":true,"valueName":"search_term_string"}}],"inLanguage":"ca"}]}},"_links":{"self":[{"href":"https:\/\/pirilana.com\/ca\/wp-json\/wp\/v2\/pages\/5538","targetHints":{"allow":["GET"]}}],"collection":[{"href":"https:\/\/pirilana.com\/ca\/wp-json\/wp\/v2\/pages"}],"about":[{"href":"https:\/\/pirilana.com\/ca\/wp-json\/wp\/v2\/types\/page"}],"author":[{"embeddable":true,"href":"https:\/\/pirilana.com\/ca\/wp-json\/wp\/v2\/users\/9"}],"replies":[{"embeddable":true,"href":"https:\/\/pirilana.com\/ca\/wp-json\/wp\/v2\/comments?post=5538"}],"version-history":[{"count":0,"href":"https:\/\/pirilana.com\/ca\/wp-json\/wp\/v2\/pages\/5538\/revisions"}],"wp:attachment":[{"href":"https:\/\/pirilana.com\/ca\/wp-json\/wp\/v2\/media?parent=5538"}],"curies":[{"name":"wp","href":"https:\/\/api.w.org\/{rel}","templated":true}]}}