{"id":5529,"date":"2018-06-08T13:11:12","date_gmt":"2018-06-08T11:11:12","guid":{"rendered":"https:\/\/pirilana.com\/comandes-seguiment-i-lliurament\/"},"modified":"2023-05-25T11:29:36","modified_gmt":"2023-05-25T09:29:36","slug":"comandes-seguiment-i-lliurament","status":"publish","type":"page","link":"https:\/\/pirilana.com\/ca\/comandes-seguiment-i-lliurament\/","title":{"rendered":"Comandes, seguiment i lliurament"},"content":{"rendered":"\t\t<div data-elementor-type=\"wp-page\" data-elementor-id=\"5529\" class=\"elementor elementor-5529 elementor-737\">\n\t\t\t\t\t\t<section class=\"elementor-section elementor-top-section elementor-element elementor-element-1b0b4563 elementor-section-boxed elementor-section-height-default elementor-section-height-default\" data-id=\"1b0b4563\" data-element_type=\"section\" data-e-type=\"section\">\n\t\t\t\t\t\t<div class=\"elementor-container elementor-column-gap-default\">\n\t\t\t\t\t<div class=\"elementor-column elementor-col-100 elementor-top-column elementor-element elementor-element-628c5b6e\" data-id=\"628c5b6e\" data-element_type=\"column\" data-e-type=\"column\">\n\t\t\t<div class=\"elementor-widget-wrap elementor-element-populated\">\n\t\t\t\t\t\t<div class=\"elementor-element elementor-element-6b7a2d3f elementor-widget elementor-widget-text-editor\" data-id=\"6b7a2d3f\" data-element_type=\"widget\" data-e-type=\"widget\" data-widget_type=\"text-editor.default\">\n\t\t\t\t<div class=\"elementor-widget-container\">\n\t\t\t\t\t\t\t\t\t<h2>\u00a0<\/h2><h1 style=\"text-align: center;\">Comandes, seguiment i lliurament<\/h1><p>\u00a0<\/p><p><b>\u00a0<\/b><\/p><p><b>Demani el seu Edredon, Coixi o qualsevol producte de la nostra botiga de una forma senzilla, rapida i segura, l&#8217;hi lliurarem a casa seva\u00a0en molt poc temps!<\/b><\/p><p><b>\u00a0<\/b><\/p><h3><strong>Com fer la seva comanda a Pirilana:<\/strong><\/h3><div><strong>\u00a0<\/strong><\/div><p>\u00a0<\/p><ol><li>Seleccioneu el o els productes desitjats<\/li><li>Feu clic en afegir a la cistella<\/li><li>Aneu a la caixa<\/li><li>Ompli el formulari amb les dades per a facturaci\u00f3 i lliurament<\/li><li>Verifiqui la seva comanda<\/li><li>Seleccioneu la forma de pagament<\/li><li>Feu clic en confirmar la comanda<\/li><li>La seva comanda ser\u00e0 lliurat a la seva llar el m\u00e9s aviat possible<\/li><\/ol><p>Tamb\u00e9 t\u00e9 l&#8217;opci\u00f3 de:<\/p><p>\u00a0<\/p><p>Trucar-nos per tel\u00e8fon 609 708000 o contactar per whatsapp, l&#8217;hi prendrem nota i l&#8217;orientarem en les seves consultes, seguidament l&#8217;hi enviarem el pressupost i un cop feta la transfer\u00e8ncia expedirem la comanda.<\/p><p>\u00a0<\/p><h3><strong>TEMPS DE LLIURAMENT I SEGUIMENT<\/strong><\/h3><div><strong>\u00a0<\/strong><\/div><p>\u00a0<\/p><p>En Pirilana fabriquem els nostres productes amb tot el nostre amor.<\/p><p>\u00c9s per aquest motiu que tamb\u00e9 estem interessats en qu\u00e8 gaudeixin com m\u00e9s aviat millor de la seva compra.<\/p><p>Treballem amb empreses de missatgeria i correus, en funci\u00f3 de la zona d&#8217;enviament i l&#8217;hi indiquem el nombre d&#8217;enviament, amb el qual es pot fer el seguiment en tot moment.<\/p><p>El termini de lliurament habitual aquesta entre 24\/48 h.<\/p><p>\u00a0<\/p><h3><strong>COSTOS D&#8217;ENVIAMENT<\/strong><\/h3><div><strong>\u00a0<\/strong><\/div><p>\u00a0<\/p><p>Els costos d&#8217;enviament s\u00f3n diferents en funci\u00f3 de si es tracta d&#8217;un enviament dins el territori peninsular, les illes o qualsevol altre pa\u00eds.<\/p><p>\u00a0<\/p><p>1. Enviaments gratu\u00efts a la Pen\u00ednsula a comandes superiors a 50\u20ac.<br \/>2. Enviaments a la Pen\u00ednsula inferiors a 50\u20ac cost 7\u20ac.<br \/>3. Enviaments a Balears 10\u20ac.<br \/>4. Enviaments als pa\u00efsos del territori europeu 15\u20ac.<\/p><p>\u00a0<\/p><p>Podeu visualitzar aquesta informaci\u00f3 i el total de la compra despr\u00e9s d&#8217;introduir les dades d&#8217;enviament i abans de fer el pagament.<\/p><p>\u00a0<\/p><p>Si teniu qualsevol dubte sobre el proc\u00e9s de compra contacteu amb nosaltres a trav\u00e9s del nostre correu <strong>hola@pirilana.com<\/strong> o per tel\u00e8fon 609 70 80 00.<\/p><p>\u00a0<\/p>\t\t\t\t\t\t\t\t<\/div>\n\t\t\t\t<\/div>\n\t\t\t\t\t<\/div>\n\t\t<\/div>\n\t\t\t\t\t<\/div>\n\t\t<\/section>\n\t\t\t\t<\/div>\n\t\t","protected":false},"excerpt":{"rendered":"<p>&nbsp; Comandes, seguiment i lliurament &nbsp; Demani el seu Edredon, Coixi o qualsevol producte de la nostra botiga de una forma senzilla, rapida i segura, l&#8217;hi lliurarem a casa seva&nbsp;en molt poc temps! &nbsp; Com fer la seva comanda a Pirilana: &nbsp; Seleccioneu el o els productes desitjats Feu clic en afegir a la cistella &hellip;<\/p>\n","protected":false},"author":9,"featured_media":0,"parent":0,"menu_order":0,"comment_status":"closed","ping_status":"closed","template":"","meta":{"_joinchat":[],"footnotes":""},"class_list":["post-5529","page","type-page","status-publish","hentry"],"yoast_head":"<!-- This site is optimized with the Yoast SEO plugin v27.0 - https:\/\/yoast.com\/product\/yoast-seo-wordpress\/ -->\n<title>Comandes, seguiment i lliurament - Pirilana<\/title>\n<meta name=\"robots\" content=\"index, follow, max-snippet:-1, max-image-preview:large, max-video-preview:-1\" \/>\n<link rel=\"canonical\" href=\"https:\/\/pirilana.com\/ca\/comandes-seguiment-i-lliurament\/\" \/>\n<meta property=\"og:locale\" content=\"ca_ES\" \/>\n<meta property=\"og:type\" content=\"article\" \/>\n<meta property=\"og:title\" content=\"Comandes, seguiment i lliurament - Pirilana\" \/>\n<meta property=\"og:description\" content=\"&nbsp; Comandes, seguiment i lliurament &nbsp; Demani el seu Edredon, Coixi o qualsevol producte de la nostra botiga de una forma senzilla, rapida i segura, l&#8217;hi lliurarem a casa seva&nbsp;en molt poc temps! &nbsp; Com fer la seva comanda a Pirilana: &nbsp; Seleccioneu el o els productes desitjats Feu clic en afegir a la cistella &hellip;\" \/>\n<meta property=\"og:url\" content=\"https:\/\/pirilana.com\/ca\/comandes-seguiment-i-lliurament\/\" \/>\n<meta property=\"og:site_name\" content=\"Pirilana\" \/>\n<meta property=\"article:modified_time\" content=\"2023-05-25T09:29:36+00:00\" \/>\n<meta name=\"twitter:label1\" content=\"Temps estimat de lectura\" \/>\n\t<meta name=\"twitter:data1\" content=\"2 minutes\" \/>\n<script type=\"application\/ld+json\" class=\"yoast-schema-graph\">{\"@context\":\"https:\/\/schema.org\",\"@graph\":[{\"@type\":\"WebPage\",\"@id\":\"https:\/\/pirilana.com\/ca\/comandes-seguiment-i-lliurament\/\",\"url\":\"https:\/\/pirilana.com\/ca\/comandes-seguiment-i-lliurament\/\",\"name\":\"Comandes, seguiment i lliurament - Pirilana\",\"isPartOf\":{\"@id\":\"https:\/\/pirilana.com\/ca\/#website\"},\"datePublished\":\"2018-06-08T11:11:12+00:00\",\"dateModified\":\"2023-05-25T09:29:36+00:00\",\"breadcrumb\":{\"@id\":\"https:\/\/pirilana.com\/ca\/comandes-seguiment-i-lliurament\/#breadcrumb\"},\"inLanguage\":\"ca\",\"potentialAction\":[{\"@type\":\"ReadAction\",\"target\":[\"https:\/\/pirilana.com\/ca\/comandes-seguiment-i-lliurament\/\"]}]},{\"@type\":\"BreadcrumbList\",\"@id\":\"https:\/\/pirilana.com\/ca\/comandes-seguiment-i-lliurament\/#breadcrumb\",\"itemListElement\":[{\"@type\":\"ListItem\",\"position\":1,\"name\":\"Inici\",\"item\":\"https:\/\/pirilana.com\/ca\/\"},{\"@type\":\"ListItem\",\"position\":2,\"name\":\"Comandes, seguiment i lliurament\"}]},{\"@type\":\"WebSite\",\"@id\":\"https:\/\/pirilana.com\/ca\/#website\",\"url\":\"https:\/\/pirilana.com\/ca\/\",\"name\":\"Pirilana\",\"description\":\"La lana de tus sue\u00f1os - Edredones de lana hechos en Espa\u00f1a con materiales naturales que se adaptan a la temperatura de tu cuerpo.\",\"potentialAction\":[{\"@type\":\"SearchAction\",\"target\":{\"@type\":\"EntryPoint\",\"urlTemplate\":\"https:\/\/pirilana.com\/ca\/?s={search_term_string}\"},\"query-input\":{\"@type\":\"PropertyValueSpecification\",\"valueRequired\":true,\"valueName\":\"search_term_string\"}}],\"inLanguage\":\"ca\"}]}<\/script>\n<!-- \/ Yoast SEO plugin. -->","yoast_head_json":{"title":"Comandes, seguiment i lliurament - Pirilana","robots":{"index":"index","follow":"follow","max-snippet":"max-snippet:-1","max-image-preview":"max-image-preview:large","max-video-preview":"max-video-preview:-1"},"canonical":"https:\/\/pirilana.com\/ca\/comandes-seguiment-i-lliurament\/","og_locale":"ca_ES","og_type":"article","og_title":"Comandes, seguiment i lliurament - Pirilana","og_description":"&nbsp; Comandes, seguiment i lliurament &nbsp; Demani el seu Edredon, Coixi o qualsevol producte de la nostra botiga de una forma senzilla, rapida i segura, l&#8217;hi lliurarem a casa seva&nbsp;en molt poc temps! &nbsp; Com fer la seva comanda a Pirilana: &nbsp; Seleccioneu el o els productes desitjats Feu clic en afegir a la cistella &hellip;","og_url":"https:\/\/pirilana.com\/ca\/comandes-seguiment-i-lliurament\/","og_site_name":"Pirilana","article_modified_time":"2023-05-25T09:29:36+00:00","twitter_misc":{"Temps estimat de lectura":"2 minutes"},"schema":{"@context":"https:\/\/schema.org","@graph":[{"@type":"WebPage","@id":"https:\/\/pirilana.com\/ca\/comandes-seguiment-i-lliurament\/","url":"https:\/\/pirilana.com\/ca\/comandes-seguiment-i-lliurament\/","name":"Comandes, seguiment i lliurament - Pirilana","isPartOf":{"@id":"https:\/\/pirilana.com\/ca\/#website"},"datePublished":"2018-06-08T11:11:12+00:00","dateModified":"2023-05-25T09:29:36+00:00","breadcrumb":{"@id":"https:\/\/pirilana.com\/ca\/comandes-seguiment-i-lliurament\/#breadcrumb"},"inLanguage":"ca","potentialAction":[{"@type":"ReadAction","target":["https:\/\/pirilana.com\/ca\/comandes-seguiment-i-lliurament\/"]}]},{"@type":"BreadcrumbList","@id":"https:\/\/pirilana.com\/ca\/comandes-seguiment-i-lliurament\/#breadcrumb","itemListElement":[{"@type":"ListItem","position":1,"name":"Inici","item":"https:\/\/pirilana.com\/ca\/"},{"@type":"ListItem","position":2,"name":"Comandes, seguiment i lliurament"}]},{"@type":"WebSite","@id":"https:\/\/pirilana.com\/ca\/#website","url":"https:\/\/pirilana.com\/ca\/","name":"Pirilana","description":"La lana de tus sue\u00f1os - Edredones de lana hechos en Espa\u00f1a con materiales naturales que se adaptan a la temperatura de tu cuerpo.","potentialAction":[{"@type":"SearchAction","target":{"@type":"EntryPoint","urlTemplate":"https:\/\/pirilana.com\/ca\/?s={search_term_string}"},"query-input":{"@type":"PropertyValueSpecification","valueRequired":true,"valueName":"search_term_string"}}],"inLanguage":"ca"}]}},"_links":{"self":[{"href":"https:\/\/pirilana.com\/ca\/wp-json\/wp\/v2\/pages\/5529","targetHints":{"allow":["GET"]}}],"collection":[{"href":"https:\/\/pirilana.com\/ca\/wp-json\/wp\/v2\/pages"}],"about":[{"href":"https:\/\/pirilana.com\/ca\/wp-json\/wp\/v2\/types\/page"}],"author":[{"embeddable":true,"href":"https:\/\/pirilana.com\/ca\/wp-json\/wp\/v2\/users\/9"}],"replies":[{"embeddable":true,"href":"https:\/\/pirilana.com\/ca\/wp-json\/wp\/v2\/comments?post=5529"}],"version-history":[{"count":0,"href":"https:\/\/pirilana.com\/ca\/wp-json\/wp\/v2\/pages\/5529\/revisions"}],"wp:attachment":[{"href":"https:\/\/pirilana.com\/ca\/wp-json\/wp\/v2\/media?parent=5529"}],"curies":[{"name":"wp","href":"https:\/\/api.w.org\/{rel}","templated":true}]}}