{"id":5064,"date":"2018-05-31T11:20:40","date_gmt":"2018-05-31T09:20:40","guid":{"rendered":"https:\/\/pirilana.com\/preguntes-frequents\/"},"modified":"2023-05-25T11:48:50","modified_gmt":"2023-05-25T09:48:50","slug":"preguntes-frequents","status":"publish","type":"page","link":"https:\/\/pirilana.com\/ca\/preguntes-frequents\/","title":{"rendered":"Preguntes freq\u00fcents"},"content":{"rendered":"<h1 style=\"text-align: center;\">Preguntes freq\u00fcents<\/h1>\n<h3>Quin es l&#8217;edred\u00f3 adequat per a mi ?<\/h3>\n<p>Depenent de la teva temperatura corporal, la temperatura de la teva habitaci\u00f3 i les teves prefer\u00e8ncies personals; pots triar entre diferents gruixos.<\/p>\n<p>Per exemple : Si ets fredolic; necessites un edred\u00f3 diferent al d&#8217;alg\u00fa que transpira molt.<\/p>\n<p>Tamb\u00e9 pots triar entre un edred\u00f3 simple o doble de major o menor gruix. Pots combinar-los com tu prefereixis ja que el requeriment de calor difereix en cada persona.<\/p>\n<p>Els edredons es divideixen en funci\u00f3 del seu gruix (calor):<\/p>\n<ul>\n<li>De 600 gr \/ m\u00b2 de gruix:<\/li>\n<\/ul>\n<p>Aquests s\u00f3n els edredons m\u00e9s c\u00e0lids i especialment adequats per a dormitoris freds o si ets sensible al fred.<\/p>\n<ul>\n<li>De 400 gr \/ m\u00b2 de gruix:<\/li>\n<\/ul>\n<p>S\u00f3n els edredons d&#8217;entretemps i s\u00f3n utilitzats per la majoria de la gent durant la primavera i la tardor.<\/p>\n<ul>\n<li>De 200 gr \/ m\u00b2 de gruix:<\/li>\n<\/ul>\n<p>Els edredons s\u00f3n adequats per un calor moderat al dormitori i \u00e9s un edred\u00f3 ideal per hiverns moderats i estius no massa calorosos.<\/p>\n<h3>Per quina temporada es adequat el meu edred\u00f3?<\/h3>\n<p>Hi ha edredons per a diferents estacions, pots triar entre un edred\u00f3 d&#8217;hivern, un edred\u00f3 d&#8217;estiu o un de 4 estacions.<\/p>\n<ul>\n<li>L&#8217;edred\u00f3 4 estacions \u00e9s el favorit dels consumidors, es compon d&#8217;un gruix de 200gr per a l&#8217;estiu i un 400gr per entretemps. Aquests dos edredons es poden unir per aconseguir un gruix extra per hivern de 600gr.<\/li>\n<li>L&#8217;edred\u00f3 d&#8217;estiu (200gr) \u00e9s lleuger, ideal per a \u00e0rees on refresca a la nit i es necessita alguna cosa m\u00e9s que un llen\u00e7ol.<\/li>\n<li>L&#8217;edred\u00f3 d&#8217;entretemps (400gr) \u00e9s massa calenta per als mesos d&#8217;estiu, per\u00f2 indicat per a les zones amb hiverns freds.<\/li>\n<\/ul>\n<h3>COM PUC ESCOLLIR LA MIDA CORRECTA?<\/h3>\n<p>Aquesta elecci\u00f3 tamb\u00e9 dep\u00e8n de les teves prefer\u00e8ncies i la teva constituci\u00f3.<\/p>\n<p>Si tu i la seva parella teniu prefer\u00e8ncies diferents referents a la temperatura; per descomptat podeu utilitzar el nostre Sistema Dual (veure al web).<\/p>\n<p>Si preferiu un sol edred\u00f3; aquests serien les mides:<\/p>\n<ul>\n<li>Per un llit individual de 90\/110 cm l&#8217;edred\u00f3 seria de 150 cm d&#8217;ample.<\/li>\n<li>Per un llit doble de 150\/180 cm l&#8217;edred\u00f3 seria de 240 cm d&#8217;ample.<\/li>\n<\/ul>\n<p>L&#8217;edred\u00f3 sol caure lleugerament pels costats del llit; per aix\u00f2 recomanem que mantingui un marge addicional de 40 a 60 cm pel que fa a l&#8217;ample del llit.<\/p>\n<p>El llarg de l&#8217;edred\u00f3 varia en funci\u00f3 del llit, el m\u00e9s normal es 220 cm<\/p>\n<p>Si necessites una mesura especial ens ho pots sol\u00b7licitar a <a href=\"mailto:hola@pirilana.com\">hola@pirilana.com<\/a> i t&#8217;atendrem amb molt de gust.<\/p>\n<h3>QU\u00c8 EDRED\u00d3 NECESSITO SI S\u00d3C FREDOLIC O MOLT CALOR\u00d3S?<\/h3>\n<p>Aquesta pregunta no va sobre edredons, sin\u00f3 sobre tu com a persona. Dorms com la mitjana de la gent? Ets fredolic o m\u00e9s aviat calor\u00f3s?<\/p>\n<p><strong>La majoria de les persones<\/strong> a l&#8217;estiu dormen c\u00f2modament sota un edred\u00f3 fi o un llen\u00e7ol. A l&#8217;hivern, aquestes persones sovint dormen sota un edred\u00f3 c\u00e0lid. Si ets d&#8217;aquest grup de gent, podem recomanar-te un edred\u00f3 per a tot l&#8217;any (200 o 400gr), per\u00f2 tamb\u00e9 disposem de l&#8217;edred\u00f3 quatre estacions (200gr + 400gr).<\/p>\n<p>A les <strong>persones fredoliques<\/strong> els agrada fer servir pijames i mitjons gruixuts. Per a elles recomanem un edred\u00f3 per a tot l&#8217;any (400gr) o directament un edred\u00f3 de quatre estacions (200gr + 400gr).<\/p>\n<p>Una <strong>persona calorosa<\/strong> sovint t\u00e9 sensaci\u00f3 de calor; i fins i tot sua amb facilitat. Aquest tipus de persones sol dormir fins i tot sense edred\u00f3; o al menys busca una habitaci\u00f3 fresca amb roba de llit fresca. Un edred\u00f3 d&#8217;estiu \u00e9s la prefer\u00e8ncia de molts dorments calorosos fins i tot a l&#8217;hivern (200gr).<\/p>\n<h3>Si pateixo al\u00b7l\u00e8rgies, La llana \u00e9s una bona opci\u00f3?<\/h3>\n<p>La llana \u00e9s antial\u00b7l\u00e8rgica per naturalesa. No se li aplica cap tractament qu\u00edmic per aix\u00f2; a l&#8217;contrari del que passa amb altres tipus d&#8217;edredons sint\u00e8tics, i hi ha molta gent que t\u00e9 una h\u00edpers sensibilitat a aquests elements; fins i tot sense saber-ho.<\/p>\n<p>En general, les al\u00b7l\u00e8rgies estan influenciades per l&#8217;\u00e0car de la pols dom\u00e8stica, el qual causa s\u00edmptomes en les vies respirat\u00f2ries. La llana repel\u00b7leix els \u00e0cars; ja que \u00e9s un ambient inh\u00f2spit per a ells.<\/p>\n<p>D&#8217;altra banda; hi ha una al\u00b7l\u00e8rgia a la lanolina, que \u00e9s un component de la llana natural; encara que \u00e9s molt poc habitual.<\/p>\n<p>La nostra llana de merino t\u00e9 el certificat <strong>OEKO TEX 100-Standar<\/strong>, que garanteix que est lliure de qualsevol tractament qu\u00edmic durant tot el proc\u00e9s. Justament per les persones h\u00edper sensibles als qu\u00edmics, amb \u00e8czemes, pells at\u00f2piques, asma i al\u00b7l\u00e8rgies, tenen en la llana al seu millor aliat.<\/p>\n<h3>Com s&#8217;ha de rentar un edred\u00f3?<\/h3>\n<p>No es recomana rentar el producte de llana a la rentadora. La llana s&#8217;autoneteja per si mateixa; aix\u00ed que millor si no se li fa cap tractament. No atrau la pols perqu\u00e8 no hi ha c\u00e0rrega est\u00e0tica i repel\u00b7leix els bacteris i els fongs. Si sorgeix la necessitat i prefereix rentar la seva edred\u00f3; el pot portar a rentar en sec, sempre especificant que el producte \u00e9s 100% llana merino.<\/p>\n<h3>Hi ha algun altre consell de manteniment respecte al meu edred\u00f3?<\/h3>\n<p>Conv\u00e9 ventilar regularment l&#8217;edred\u00f3 i, si no ho est\u00e0 fent servir, pot guardar-lo en la funda, amb la nostra bosseta de lavanda, en un lloc fosc i fresc.<\/p>\n<h3>Els edredons de llana son molt pesats?<\/h3>\n<p>La llana de merino \u00e9s una llana molt fina; i per tant molt lleugera. A m\u00e9s la nostra llana \u00e9s cardada; amb ella obtenim una napa suau a el tacte i molt lleugera. Realment et sorprendr\u00e0.<\/p>\n<h3>ELS VOSTRES EDREDONS TENEN GARANTIA?<\/h3>\n<p>Si, els nostres edredons tenen una garantia de 2 anys. Per saber quins termes en concret cobreix la nostra garantia, si us plau llegiu atentament els nostres termes i condicions.<\/p>\n<h3>ELS EDREDONS DE LLANA FAN OLOR DE OVELLA?<\/h3>\n<p>La llana d&#8217;ovella t\u00e9 una olor caracter\u00edstica a causa de la lanolina que recobreix les seves fibres. La nostra llana ha estat rentada amb detergents naturals per eliminar aquest olor caracter\u00edstica d&#8217;altres productes de llana. En qualsevol cas; si \u00e9s molt sensible a les olors, a el passar uns dies qualsevol olor desapareixer\u00e0; a l&#8217;igual que quan vam estrenar una pe\u00e7a de roba.<\/p>\n<h3>PUC FER LA MEVA COMANDA PER TEL\u00c8FON?<\/h3>\n<p>\u00c9s clar que s\u00ed, pots contactar amb el nostre servei d&#8217;atenci\u00f3 el client durant els dies laborables de dilluns a divendres entre les <strong>9:00 i les 19:00<\/strong> al n\u00famero de tel\u00e8fon <strong>609.708.000<\/strong> . A m\u00e9s, sempre pots enviar-nos un Whatsapp o un correu electr\u00f2nic a <a href=\"mailto:hola@pirilana.com\"><strong>hola@pirilana.com<\/strong><\/a><\/p>\n<h3>\u00c9S POSSIBLE CANVIAR L&#8217;ADRE\u00c7A DE LLIURAMENT O LES DIMENSIONS SI LA COMANDA JA S&#8217;HA CURSAT?<\/h3>\n<p>En la majoria dels casos s\u00ed, per\u00f2 aix\u00f2 dep\u00e8n de la seva comanda espec\u00edfica. Li aconsellem que sempre contacteu amb el nostre departament d&#8217;atenci\u00f3 a client tan aviat com sigui possible, quant s\u00e0piga que s&#8217;ha de canviar alguna cosa en la seva comanda. Depenent del seu estat, podrem ajustar la seva comanda i adre\u00e7a de lliurament.<\/p>\n<p>Si la comanda ja ha estat expedit, evidentment no podem variar el seu contingut i haurem de tractar-lo com una devoluci\u00f3.<\/p>\n<h3>PUC CANCEL\u00b7LAR LA MEVA COMANDA?<\/h3>\n<p>Si encara no ha rebut la comanda, sempre \u00e9s possible cancel\u00b7lar-lo. Despr\u00e9s del lliurament de la seva compra, t\u00e9 <strong>30 dies<\/strong> per retornar la seva comanda.<\/p>\n<p>Vols tornar un producte?<\/p>\n<p>Envieu un correu electrnic a <a href=\"mailto:hola@pirilana.com\">hola@pirilana.com<\/a> amb el motiu i \/ o foto de qualsevol dany que tingui el producte rebut. Els productes personalitzats no es poden tornar a no ser que hi hagi una causa justificada de dany o deteriorament a l&#8217;rebre-ho. Li recomanem que llegeixi els nostres termes i condicions acuradament per obtenir m\u00e9s informaci\u00f3.<\/p>\n","protected":false},"excerpt":{"rendered":"<p>Preguntes freq\u00fcents Quin es l&#8217;edred\u00f3 adequat per a mi ? Depenent de la teva temperatura corporal, la temperatura de la teva habitaci\u00f3 i les teves prefer\u00e8ncies personals; pots triar entre diferents gruixos. Per exemple : Si ets fredolic; necessites un edred\u00f3 diferent al d&#8217;alg\u00fa que transpira molt. Tamb\u00e9 pots triar entre un edred\u00f3 simple o &hellip;<\/p>\n","protected":false},"author":9,"featured_media":0,"parent":0,"menu_order":0,"comment_status":"closed","ping_status":"closed","template":"","meta":{"_joinchat":[],"footnotes":""},"class_list":["post-5064","page","type-page","status-publish","hentry"],"yoast_head":"<!-- This site is optimized with the Yoast SEO plugin v27.0 - https:\/\/yoast.com\/product\/yoast-seo-wordpress\/ -->\n<title>Preguntes freq\u00fcents - Pirilana<\/title>\n<meta name=\"robots\" content=\"index, follow, max-snippet:-1, max-image-preview:large, max-video-preview:-1\" \/>\n<link rel=\"canonical\" href=\"https:\/\/pirilana.com\/ca\/preguntes-frequents\/\" \/>\n<meta property=\"og:locale\" content=\"ca_ES\" \/>\n<meta property=\"og:type\" content=\"article\" \/>\n<meta property=\"og:title\" content=\"Preguntes freq\u00fcents - Pirilana\" \/>\n<meta property=\"og:description\" content=\"Preguntes freq\u00fcents Quin es l&#8217;edred\u00f3 adequat per a mi ? Depenent de la teva temperatura corporal, la temperatura de la teva habitaci\u00f3 i les teves prefer\u00e8ncies personals; pots triar entre diferents gruixos. Per exemple : Si ets fredolic; necessites un edred\u00f3 diferent al d&#8217;alg\u00fa que transpira molt. Tamb\u00e9 pots triar entre un edred\u00f3 simple o &hellip;\" \/>\n<meta property=\"og:url\" content=\"https:\/\/pirilana.com\/ca\/preguntes-frequents\/\" \/>\n<meta property=\"og:site_name\" content=\"Pirilana\" \/>\n<meta property=\"article:modified_time\" content=\"2023-05-25T09:48:50+00:00\" \/>\n<meta name=\"twitter:label1\" content=\"Temps estimat de lectura\" \/>\n\t<meta name=\"twitter:data1\" content=\"6 minutes\" \/>\n<script type=\"application\/ld+json\" class=\"yoast-schema-graph\">{\"@context\":\"https:\/\/schema.org\",\"@graph\":[{\"@type\":\"WebPage\",\"@id\":\"https:\/\/pirilana.com\/ca\/preguntes-frequents\/\",\"url\":\"https:\/\/pirilana.com\/ca\/preguntes-frequents\/\",\"name\":\"Preguntes freq\u00fcents - Pirilana\",\"isPartOf\":{\"@id\":\"https:\/\/pirilana.com\/ca\/#website\"},\"datePublished\":\"2018-05-31T09:20:40+00:00\",\"dateModified\":\"2023-05-25T09:48:50+00:00\",\"breadcrumb\":{\"@id\":\"https:\/\/pirilana.com\/ca\/preguntes-frequents\/#breadcrumb\"},\"inLanguage\":\"ca\",\"potentialAction\":[{\"@type\":\"ReadAction\",\"target\":[\"https:\/\/pirilana.com\/ca\/preguntes-frequents\/\"]}]},{\"@type\":\"BreadcrumbList\",\"@id\":\"https:\/\/pirilana.com\/ca\/preguntes-frequents\/#breadcrumb\",\"itemListElement\":[{\"@type\":\"ListItem\",\"position\":1,\"name\":\"Inici\",\"item\":\"https:\/\/pirilana.com\/ca\/\"},{\"@type\":\"ListItem\",\"position\":2,\"name\":\"Preguntes freq\u00fcents\"}]},{\"@type\":\"WebSite\",\"@id\":\"https:\/\/pirilana.com\/ca\/#website\",\"url\":\"https:\/\/pirilana.com\/ca\/\",\"name\":\"Pirilana\",\"description\":\"La lana de tus sue\u00f1os - Edredones de lana hechos en Espa\u00f1a con materiales naturales que se adaptan a la temperatura de tu cuerpo.\",\"potentialAction\":[{\"@type\":\"SearchAction\",\"target\":{\"@type\":\"EntryPoint\",\"urlTemplate\":\"https:\/\/pirilana.com\/ca\/?s={search_term_string}\"},\"query-input\":{\"@type\":\"PropertyValueSpecification\",\"valueRequired\":true,\"valueName\":\"search_term_string\"}}],\"inLanguage\":\"ca\"}]}<\/script>\n<!-- \/ Yoast SEO plugin. -->","yoast_head_json":{"title":"Preguntes freq\u00fcents - Pirilana","robots":{"index":"index","follow":"follow","max-snippet":"max-snippet:-1","max-image-preview":"max-image-preview:large","max-video-preview":"max-video-preview:-1"},"canonical":"https:\/\/pirilana.com\/ca\/preguntes-frequents\/","og_locale":"ca_ES","og_type":"article","og_title":"Preguntes freq\u00fcents - Pirilana","og_description":"Preguntes freq\u00fcents Quin es l&#8217;edred\u00f3 adequat per a mi ? Depenent de la teva temperatura corporal, la temperatura de la teva habitaci\u00f3 i les teves prefer\u00e8ncies personals; pots triar entre diferents gruixos. Per exemple : Si ets fredolic; necessites un edred\u00f3 diferent al d&#8217;alg\u00fa que transpira molt. Tamb\u00e9 pots triar entre un edred\u00f3 simple o &hellip;","og_url":"https:\/\/pirilana.com\/ca\/preguntes-frequents\/","og_site_name":"Pirilana","article_modified_time":"2023-05-25T09:48:50+00:00","twitter_misc":{"Temps estimat de lectura":"6 minutes"},"schema":{"@context":"https:\/\/schema.org","@graph":[{"@type":"WebPage","@id":"https:\/\/pirilana.com\/ca\/preguntes-frequents\/","url":"https:\/\/pirilana.com\/ca\/preguntes-frequents\/","name":"Preguntes freq\u00fcents - Pirilana","isPartOf":{"@id":"https:\/\/pirilana.com\/ca\/#website"},"datePublished":"2018-05-31T09:20:40+00:00","dateModified":"2023-05-25T09:48:50+00:00","breadcrumb":{"@id":"https:\/\/pirilana.com\/ca\/preguntes-frequents\/#breadcrumb"},"inLanguage":"ca","potentialAction":[{"@type":"ReadAction","target":["https:\/\/pirilana.com\/ca\/preguntes-frequents\/"]}]},{"@type":"BreadcrumbList","@id":"https:\/\/pirilana.com\/ca\/preguntes-frequents\/#breadcrumb","itemListElement":[{"@type":"ListItem","position":1,"name":"Inici","item":"https:\/\/pirilana.com\/ca\/"},{"@type":"ListItem","position":2,"name":"Preguntes freq\u00fcents"}]},{"@type":"WebSite","@id":"https:\/\/pirilana.com\/ca\/#website","url":"https:\/\/pirilana.com\/ca\/","name":"Pirilana","description":"La lana de tus sue\u00f1os - Edredones de lana hechos en Espa\u00f1a con materiales naturales que se adaptan a la temperatura de tu cuerpo.","potentialAction":[{"@type":"SearchAction","target":{"@type":"EntryPoint","urlTemplate":"https:\/\/pirilana.com\/ca\/?s={search_term_string}"},"query-input":{"@type":"PropertyValueSpecification","valueRequired":true,"valueName":"search_term_string"}}],"inLanguage":"ca"}]}},"_links":{"self":[{"href":"https:\/\/pirilana.com\/ca\/wp-json\/wp\/v2\/pages\/5064","targetHints":{"allow":["GET"]}}],"collection":[{"href":"https:\/\/pirilana.com\/ca\/wp-json\/wp\/v2\/pages"}],"about":[{"href":"https:\/\/pirilana.com\/ca\/wp-json\/wp\/v2\/types\/page"}],"author":[{"embeddable":true,"href":"https:\/\/pirilana.com\/ca\/wp-json\/wp\/v2\/users\/9"}],"replies":[{"embeddable":true,"href":"https:\/\/pirilana.com\/ca\/wp-json\/wp\/v2\/comments?post=5064"}],"version-history":[{"count":0,"href":"https:\/\/pirilana.com\/ca\/wp-json\/wp\/v2\/pages\/5064\/revisions"}],"wp:attachment":[{"href":"https:\/\/pirilana.com\/ca\/wp-json\/wp\/v2\/media?parent=5064"}],"curies":[{"name":"wp","href":"https:\/\/api.w.org\/{rel}","templated":true}]}}