{"id":14041,"date":"2023-05-26T19:15:13","date_gmt":"2023-05-26T17:15:13","guid":{"rendered":"https:\/\/pirilana.com\/politica-de-privadesa\/"},"modified":"2023-05-26T19:38:28","modified_gmt":"2023-05-26T17:38:28","slug":"politica-de-privadesa","status":"publish","type":"page","link":"https:\/\/pirilana.com\/ca\/politica-de-privadesa\/","title":{"rendered":"Pol\u00edtica de privadesa"},"content":{"rendered":"\t\t<div data-elementor-type=\"wp-page\" data-elementor-id=\"14041\" class=\"elementor elementor-14041 elementor-14032\">\n\t\t\t\t\t\t<section class=\"elementor-section elementor-top-section elementor-element elementor-element-1808076 elementor-section-boxed elementor-section-height-default elementor-section-height-default\" data-id=\"1808076\" data-element_type=\"section\" data-e-type=\"section\">\n\t\t\t\t\t\t<div class=\"elementor-container elementor-column-gap-default\">\n\t\t\t\t\t<div class=\"elementor-column elementor-col-100 elementor-top-column elementor-element elementor-element-4d9631d\" data-id=\"4d9631d\" data-element_type=\"column\" data-e-type=\"column\">\n\t\t\t<div class=\"elementor-widget-wrap elementor-element-populated\">\n\t\t\t\t\t\t<div class=\"elementor-element elementor-element-f0f2781 elementor-widget elementor-widget-text-editor\" data-id=\"f0f2781\" data-element_type=\"widget\" data-e-type=\"widget\" data-widget_type=\"text-editor.default\">\n\t\t\t\t<div class=\"elementor-widget-container\">\n\t\t\t\t\t\t\t\t\t<h2>Pol\u00edtica de privadesa<\/h2>\n<p>Aquesta Pol\u00edtica de privadesa descriu les pol\u00edtiques de PIRILANA, Carrer Bruguera 130, Barcelona 08370, Espanya, correu electr\u00f2nic: hola@pirilana.com, tel\u00e8fon: +34609708000 sobre la recollida, l&#8217;\u00fas i la divulgaci\u00f3 de la vostra informaci\u00f3 que recopilem quan utilitzeu el nostre lloc web (pirilana). .com). (el servei&#8221;). En accedir o utilitzar el Servei, esteu consentint la recollida, l&#8217;\u00fas i la divulgaci\u00f3 de la vostra informaci\u00f3 d&#8217;acord amb aquesta Pol\u00edtica de privadesa. Si no accepteu el mateix, si us plau, no accediu ni utilitzeu el Servei.<\/p>\n<p>Podem modificar aquesta Pol\u00edtica de privadesa en qualsevol moment sense cap av\u00eds previ i publicarem la Pol\u00edtica de privadesa revisada al Servei. La Pol\u00edtica revisada entrar\u00e0 en vigor 180 dies a partir del moment en qu\u00e8 la Pol\u00edtica revisada es publica al Servei i el vostre acc\u00e9s o \u00fas continuat del Servei despr\u00e9s d&#8217;aquest moment suposar\u00e0 la vostra acceptaci\u00f3 de la Pol\u00edtica de privadesa revisada. Per tant, us recomanem que reviseu aquesta p\u00e0gina peri\u00f2dicament.<\/p>\n<h3>INFORMACI\u00d3 QUE RECOLLIM<\/h3>\n<p>Recollirem i processarem la seg\u00fcent informaci\u00f3 personal sobre vost\u00e8:<\/p>\n<ul>\n<li>Nom<\/li>\n<li>Correu electr\u00f2nic<\/li>\n<li>M\u00f2bil<\/li>\n<li>adre\u00e7a<\/li>\n<li>Informaci\u00f3 de pagament<\/li>\n<\/ul>\n<h3>COM FEM SERVIR LA VOSTRA INFORMACI\u00d3:<\/h3>\n<p>Utilitzarem la informaci\u00f3 que recopilem sobre vost\u00e8 amb les finalitats seg\u00fcents:<\/p>\n<ul>\n<li>M\u00e0rqueting\/Promoci\u00f3<\/li>\n<li>Creaci\u00f3 d&#8217;un compte d&#8217;usuari<\/li>\n<li>Testimonis<\/li>\n<li>Recollida de comentaris dels clients<\/li>\n<li>Processament de pagament<\/li>\n<li>Suport<\/li>\n<li>Publicitat dirigida<\/li>\n<li>Gestionar la comanda dels clients<\/li>\n<li>Protecci\u00f3 del lloc<\/li>\n<li>Comentaris d&#8217;usuari a usuari<\/li>\n<\/ul>\n<p>Si volem utilitzar la vostra informaci\u00f3 per a qualsevol altre prop\u00f2sit, us demanarem el consentiment i utilitzarem la vostra informaci\u00f3 nom\u00e9s en rebre el vostre consentiment i, despr\u00e9s, nom\u00e9s per a les finalitats per a les quals atorguem el consentiment, tret que ens demani el contrari. Llei.<\/p>\n<h3>CONSERVACI\u00d3 DE LA VOSTRA INFORMACI\u00d3:<\/h3>\n<p>Conservarem la vostra informaci\u00f3 personal amb nosaltres durant 90 dies a 2 anys despr\u00e9s que els usuaris finalitzin els seus comptes o durant el temps que la necessitem per complir amb les finalitats per a les quals es va recopilar, tal com es detalla en aquesta Pol\u00edtica de privadesa. \u00c9s possible que h\u00e0gim de conservar certa informaci\u00f3 durant per\u00edodes m\u00e9s llargs, com ara el manteniment de registres\/informes d&#8217;acord amb la legislaci\u00f3 aplicable o per altres motius leg\u00edtims, com ara l&#8217;aplicaci\u00f3 dels drets legals, la prevenci\u00f3 del frau, etc. Informaci\u00f3 an\u00f2nima residual i informaci\u00f3 agregada, cap dels quals us identifica. (directament o indirectament), es poden emmagatzemar indefinidament.<\/p>\n<h3>ELS TEUS DRETS:<\/h3>\n<p>Depenent de la llei que s&#8217;apliqui, \u00e9s possible que tingueu dret a accedir i rectificar o esborrar les vostres dades personals o rebre una c\u00f2pia de les vostres dades personals, restringir o oposar-vos al tractament actiu de les vostres dades, demaneu-nos que compartim (portatge) les vostres dades personals. informaci\u00f3 a una altra entitat, retirar qualsevol consentiment que ens vau proporcionar per processar les vostres dades, el dret a presentar una queixa davant una autoritat legal i altres drets que puguin ser rellevants segons les lleis aplicables. Per exercir aquests drets, pots escriure&#8217;ns a hola@pirilana.com. Respondrem a la seva sol\u00b7licitud d&#8217;acord amb la legislaci\u00f3 aplicable.<\/p>\n<p>Pots desactivar les comunicacions de m\u00e0rqueting directe o l&#8217;elaboraci\u00f3 de perfils que realitzem amb finalitats de m\u00e0rqueting escrivint-nos a hola@pirilana.com.<\/p>\n<p>Tingueu en compte que si no ens permet recollir o processar la informaci\u00f3 personal requerida o retirar el consentiment per tractar-la amb les finalitats requerides, \u00e9s possible que no pugueu accedir o utilitzar els serveis per als quals es va demanar la vostra informaci\u00f3.<\/p>\n<h3>GALETES ETC<\/h3>\n<p>Per obtenir m\u00e9s informaci\u00f3 sobre com les fem servir i les vostres opcions en relaci\u00f3 amb aquestes tecnologies de seguiment, consulteu la nostra Pol\u00edtica de galetes.<\/p>\n<h3>SEGURETAT:<\/h3>\n<p>La seguretat de la vostra informaci\u00f3 \u00e9s important per a nosaltres i utilitzarem mesures de seguretat raonables per evitar la p\u00e8rdua, el mal \u00fas o l&#8217;alteraci\u00f3 no autoritzada de la vostra informaci\u00f3 sota el nostre control. No obstant aix\u00f2, donats els riscos inherents, no podem garantir la seguretat absoluta i, en conseq\u00fc\u00e8ncia, no podem garantir ni garantir la seguretat de cap informaci\u00f3 que ens transmeteu i ho feu sota el vostre propi risc.<\/p>\n<h3>RECLAMACI\u00d3 \/ DELEGAT DE PROTECCI\u00d3 DE DADES:<\/h3>\n<p>Si tens qualsevol consulta o dubte sobre el tractament de la teva informaci\u00f3 disponible amb nosaltres, pots enviar un correu electr\u00f2nic al nostre responsable de reclamacions a PIRILANA, carrer Bruguera 130, correu electr\u00f2nic: hola@pirilana.com. Atendrem les vostres inquietuds d&#8217;acord amb la legislaci\u00f3 aplicable.<\/p>\n\t\t\t\t\t\t\t\t<\/div>\n\t\t\t\t<\/div>\n\t\t\t\t\t<\/div>\n\t\t<\/div>\n\t\t\t\t\t<\/div>\n\t\t<\/section>\n\t\t\t\t<\/div>\n\t\t","protected":false},"excerpt":{"rendered":"<p>Pol\u00edtica de privadesa Aquesta Pol\u00edtica de privadesa descriu les pol\u00edtiques de PIRILANA, Carrer Bruguera 130, Barcelona 08370, Espanya, correu electr\u00f2nic: hola@pirilana.com, tel\u00e8fon: +34609708000 sobre la recollida, l&#8217;\u00fas i la divulgaci\u00f3 de la vostra informaci\u00f3 que recopilem quan utilitzeu el nostre lloc web (pirilana). .com). (el servei&#8221;). En accedir o utilitzar el Servei, esteu consentint la &hellip;<\/p>\n","protected":false},"author":1,"featured_media":0,"parent":0,"menu_order":0,"comment_status":"closed","ping_status":"closed","template":"","meta":{"_joinchat":[],"footnotes":""},"class_list":["post-14041","page","type-page","status-publish","hentry"],"yoast_head":"<!-- This site is optimized with the Yoast SEO plugin v27.0 - https:\/\/yoast.com\/product\/yoast-seo-wordpress\/ -->\n<title>Pol\u00edtica de privadesa - Pirilana<\/title>\n<meta name=\"robots\" content=\"index, follow, max-snippet:-1, max-image-preview:large, max-video-preview:-1\" \/>\n<link rel=\"canonical\" href=\"https:\/\/pirilana.com\/ca\/politica-de-privadesa\/\" \/>\n<meta property=\"og:locale\" content=\"ca_ES\" \/>\n<meta property=\"og:type\" content=\"article\" \/>\n<meta property=\"og:title\" content=\"Pol\u00edtica de privadesa - Pirilana\" \/>\n<meta property=\"og:description\" content=\"Pol\u00edtica de privadesa Aquesta Pol\u00edtica de privadesa descriu les pol\u00edtiques de PIRILANA, Carrer Bruguera 130, Barcelona 08370, Espanya, correu electr\u00f2nic: hola@pirilana.com, tel\u00e8fon: +34609708000 sobre la recollida, l&#8217;\u00fas i la divulgaci\u00f3 de la vostra informaci\u00f3 que recopilem quan utilitzeu el nostre lloc web (pirilana). .com). (el servei&#8221;). En accedir o utilitzar el Servei, esteu consentint la &hellip;\" \/>\n<meta property=\"og:url\" content=\"https:\/\/pirilana.com\/ca\/politica-de-privadesa\/\" \/>\n<meta property=\"og:site_name\" content=\"Pirilana\" \/>\n<meta property=\"article:modified_time\" content=\"2023-05-26T17:38:28+00:00\" \/>\n<meta name=\"twitter:label1\" content=\"Temps estimat de lectura\" \/>\n\t<meta name=\"twitter:data1\" content=\"4 minutes\" \/>\n<script type=\"application\/ld+json\" class=\"yoast-schema-graph\">{\"@context\":\"https:\/\/schema.org\",\"@graph\":[{\"@type\":\"WebPage\",\"@id\":\"https:\/\/pirilana.com\/ca\/politica-de-privadesa\/\",\"url\":\"https:\/\/pirilana.com\/ca\/politica-de-privadesa\/\",\"name\":\"Pol\u00edtica de privadesa - Pirilana\",\"isPartOf\":{\"@id\":\"https:\/\/pirilana.com\/ca\/#website\"},\"datePublished\":\"2023-05-26T17:15:13+00:00\",\"dateModified\":\"2023-05-26T17:38:28+00:00\",\"breadcrumb\":{\"@id\":\"https:\/\/pirilana.com\/ca\/politica-de-privadesa\/#breadcrumb\"},\"inLanguage\":\"ca\",\"potentialAction\":[{\"@type\":\"ReadAction\",\"target\":[\"https:\/\/pirilana.com\/ca\/politica-de-privadesa\/\"]}]},{\"@type\":\"BreadcrumbList\",\"@id\":\"https:\/\/pirilana.com\/ca\/politica-de-privadesa\/#breadcrumb\",\"itemListElement\":[{\"@type\":\"ListItem\",\"position\":1,\"name\":\"Inici\",\"item\":\"https:\/\/pirilana.com\/ca\/\"},{\"@type\":\"ListItem\",\"position\":2,\"name\":\"Pol\u00edtica de privadesa\"}]},{\"@type\":\"WebSite\",\"@id\":\"https:\/\/pirilana.com\/ca\/#website\",\"url\":\"https:\/\/pirilana.com\/ca\/\",\"name\":\"Pirilana\",\"description\":\"La lana de tus sue\u00f1os - Edredones de lana hechos en Espa\u00f1a con materiales naturales que se adaptan a la temperatura de tu cuerpo.\",\"potentialAction\":[{\"@type\":\"SearchAction\",\"target\":{\"@type\":\"EntryPoint\",\"urlTemplate\":\"https:\/\/pirilana.com\/ca\/?s={search_term_string}\"},\"query-input\":{\"@type\":\"PropertyValueSpecification\",\"valueRequired\":true,\"valueName\":\"search_term_string\"}}],\"inLanguage\":\"ca\"}]}<\/script>\n<!-- \/ Yoast SEO plugin. -->","yoast_head_json":{"title":"Pol\u00edtica de privadesa - Pirilana","robots":{"index":"index","follow":"follow","max-snippet":"max-snippet:-1","max-image-preview":"max-image-preview:large","max-video-preview":"max-video-preview:-1"},"canonical":"https:\/\/pirilana.com\/ca\/politica-de-privadesa\/","og_locale":"ca_ES","og_type":"article","og_title":"Pol\u00edtica de privadesa - Pirilana","og_description":"Pol\u00edtica de privadesa Aquesta Pol\u00edtica de privadesa descriu les pol\u00edtiques de PIRILANA, Carrer Bruguera 130, Barcelona 08370, Espanya, correu electr\u00f2nic: hola@pirilana.com, tel\u00e8fon: +34609708000 sobre la recollida, l&#8217;\u00fas i la divulgaci\u00f3 de la vostra informaci\u00f3 que recopilem quan utilitzeu el nostre lloc web (pirilana). .com). (el servei&#8221;). En accedir o utilitzar el Servei, esteu consentint la &hellip;","og_url":"https:\/\/pirilana.com\/ca\/politica-de-privadesa\/","og_site_name":"Pirilana","article_modified_time":"2023-05-26T17:38:28+00:00","twitter_misc":{"Temps estimat de lectura":"4 minutes"},"schema":{"@context":"https:\/\/schema.org","@graph":[{"@type":"WebPage","@id":"https:\/\/pirilana.com\/ca\/politica-de-privadesa\/","url":"https:\/\/pirilana.com\/ca\/politica-de-privadesa\/","name":"Pol\u00edtica de privadesa - Pirilana","isPartOf":{"@id":"https:\/\/pirilana.com\/ca\/#website"},"datePublished":"2023-05-26T17:15:13+00:00","dateModified":"2023-05-26T17:38:28+00:00","breadcrumb":{"@id":"https:\/\/pirilana.com\/ca\/politica-de-privadesa\/#breadcrumb"},"inLanguage":"ca","potentialAction":[{"@type":"ReadAction","target":["https:\/\/pirilana.com\/ca\/politica-de-privadesa\/"]}]},{"@type":"BreadcrumbList","@id":"https:\/\/pirilana.com\/ca\/politica-de-privadesa\/#breadcrumb","itemListElement":[{"@type":"ListItem","position":1,"name":"Inici","item":"https:\/\/pirilana.com\/ca\/"},{"@type":"ListItem","position":2,"name":"Pol\u00edtica de privadesa"}]},{"@type":"WebSite","@id":"https:\/\/pirilana.com\/ca\/#website","url":"https:\/\/pirilana.com\/ca\/","name":"Pirilana","description":"La lana de tus sue\u00f1os - Edredones de lana hechos en Espa\u00f1a con materiales naturales que se adaptan a la temperatura de tu cuerpo.","potentialAction":[{"@type":"SearchAction","target":{"@type":"EntryPoint","urlTemplate":"https:\/\/pirilana.com\/ca\/?s={search_term_string}"},"query-input":{"@type":"PropertyValueSpecification","valueRequired":true,"valueName":"search_term_string"}}],"inLanguage":"ca"}]}},"_links":{"self":[{"href":"https:\/\/pirilana.com\/ca\/wp-json\/wp\/v2\/pages\/14041","targetHints":{"allow":["GET"]}}],"collection":[{"href":"https:\/\/pirilana.com\/ca\/wp-json\/wp\/v2\/pages"}],"about":[{"href":"https:\/\/pirilana.com\/ca\/wp-json\/wp\/v2\/types\/page"}],"author":[{"embeddable":true,"href":"https:\/\/pirilana.com\/ca\/wp-json\/wp\/v2\/users\/1"}],"replies":[{"embeddable":true,"href":"https:\/\/pirilana.com\/ca\/wp-json\/wp\/v2\/comments?post=14041"}],"version-history":[{"count":0,"href":"https:\/\/pirilana.com\/ca\/wp-json\/wp\/v2\/pages\/14041\/revisions"}],"wp:attachment":[{"href":"https:\/\/pirilana.com\/ca\/wp-json\/wp\/v2\/media?parent=14041"}],"curies":[{"name":"wp","href":"https:\/\/api.w.org\/{rel}","templated":true}]}}